{"id":45298,"date":"2023-09-18T01:15:14","date_gmt":"2023-09-17T17:15:14","guid":{"rendered":"https:\/\/gretasexylingerie.com\/?post_type=product&#038;p=45298"},"modified":"2023-09-18T01:16:54","modified_gmt":"2023-09-17T17:16:54","slug":"tukku-elegantti-lapinakyva-mesh-sukkanauhasetti-seksikkaalla-tupsulla","status":"publish","type":"product","link":"https:\/\/gretasexylingerie.com\/fi\/products\/wholesale-elegant-see-through-mesh-garter-bra-set-with-sexy-tasse\/","title":{"rendered":"Tukkukaupan tyylik\u00e4s l\u00e4pin\u00e4kyv\u00e4 mesh sukkanauhasetti seksikk\u00e4\u00e4ll\u00e4 tasseella"},"content":{"rendered":"<ol class=\"wp-block-list\">\n<li>New Style Sexy Tassel Garter alusvaatteiden kolmiosainen settimme on k\u00e4sintehty huolella takaamaan huippuluokan tuotteen kokoelmaasi. Hienot tupsuyksityiskohdat lis\u00e4\u00e4v\u00e4t hienostuneisuutta ja tunnelmaa, joka erottaa t\u00e4m\u00e4n kokonaisuuden muista.<\/li>\n\n\n\n<li>T\u00e4m\u00e4 elegantti, l\u00e4pin\u00e4kyv\u00e4 mesh sukkanauha-alushoususarja seksikk\u00e4\u00e4ll\u00e4 tupsulla on kaunis ja mukava! Verkkomateriaali tarjoaa herkk\u00e4\u00e4 mukavuutta ihoa vasten ja hienostuneita tupsuyksityiskohtia, jotka lis\u00e4\u00e4v\u00e4t uuden tason hienostuneisuutta, t\u00e4ydellinen niille, jotka etsiv\u00e4t ihanteellista yhdistelm\u00e4\u00e4 muodin ja mukavuuden v\u00e4lill\u00e4!<\/li>\n\n\n\n<li>Fashion-Forward seksik\u00e4s alushousujen sukkanauhasetti tupsuyksityiskohtien kanssa on esimerkki hienosta k\u00e4sity\u00f6st\u00e4. T\u00e4m\u00e4 kolmiosainen setti, jossa on l\u00e4pin\u00e4kyvi\u00e4 verkko- ja tupsuyksityiskohtia, tekee vaikutuksen kaikista alusvaatteista.<\/li>\n<\/ol>\n\n\n\n<p>Liity eleganssin ja vieh\u00e4tyksen maailmaan New Style Sexy Tassel Garter -alushousujen kolmiosaisella setill\u00e4. Ei vain vanhoja alusvaatteita; t\u00e4m\u00e4 tyylilause antaa rohkean lausunnon! \u00c4l\u00e4 missaa t\u00e4t\u00e4 upeaa tuotetta \u2013 ota yhteytt\u00e4 ja tilaa tai tiedustele \u2013 m\u00e4\u00e4ritell\u00e4\u00e4n yhdess\u00e4 alusvaatteiden muoti uudelleen!<\/p>\n\n\n\n<figure class=\"wp-block-table is-style-stripes\"><table class=\"has-fixed-layout\"><tbody><tr><td>Sivustokaavio (CM)<\/td><td><\/td><td><\/td><td><\/td><td><\/td><\/tr><tr><td>Koko<\/td><td>Pituus<\/td><td>Alempi rintakeh\u00e4<\/td><td>Vy\u00f6t\u00e4r\u00f6<\/td><td>Vy\u00f6t\u00e4r\u00f6nauha<\/td><\/tr><tr><td>S<\/td><td>16<\/td><td>61-88<\/td><td>67-96<\/td><td>60-92<\/td><\/tr><tr><td>M<\/td><td>17<\/td><td>65-92<\/td><td>71-100<\/td><td>60-92<\/td><\/tr><tr><td>L<\/td><td>18<\/td><td>69-96<\/td><td>75-104<\/td><td>60-92<\/td><\/tr><tr><td>Sivustokaavio (TUUMA)<\/td><td><\/td><td><\/td><td><\/td><td><\/td><\/tr><tr><td>Koko<\/td><td>Pituus<\/td><td>Alempi rintakeh\u00e4<\/td><td>Vy\u00f6t\u00e4r\u00f6<\/td><td>Vy\u00f6t\u00e4r\u00f6nauha<\/td><\/tr><tr><td>S<\/td><td>6.3<\/td><td>24.02-34.65<\/td><td>26.38-37.80<\/td><td>23.62-36.22<\/td><\/tr><tr><td>M<\/td><td>6.69<\/td><td>25.59-36.22<\/td><td>27.95-39.37<\/td><td>23.62-36.22<\/td><\/tr><tr><td>L<\/td><td>7.09<\/td><td>27.17-37.80<\/td><td>29.53-40.94<\/td><td>23.62-36.22<\/td><\/tr><\/tbody><\/table><\/figure>","protected":false},"excerpt":{"rendered":"<p>Houkuttelevan l\u00e4pin\u00e4kyv\u00e4n verkkosuunnittelunsa ansiosta t\u00e4m\u00e4 setti l\u00f6yt\u00e4\u00e4 ihanteellisen tasapainon vieh\u00e4tyksen ja eleganssin v\u00e4lill\u00e4 \u2013 olennainen osa jokaisessa modernissa alusvaatemallistossa. Tupsujen yksityiskohdat lis\u00e4\u00e4v\u00e4t sek\u00e4 hienostuneisuutta ett\u00e4 leikkisi\u00e4 elementtej\u00e4, jotka varmasti lumoavat.<\/p>","protected":false},"featured_media":45311,"template":"","meta":[],"product_brand":[],"product_cat":[368,367,375,376],"product_tag":[446,864,865,531],"class_list":{"0":"post-45298","1":"product","2":"type-product","3":"status-publish","4":"has-post-thumbnail","6":"product_cat-bra-panty-set","7":"product_cat-sexy-lingerie","8":"product_cat-whoelsale-sheer-bra-and-panty-sets","9":"product_cat-wholesale-ultra-sexy-bra-panty-set","10":"product_tag-wholesale-sexy-see-through-lingerie","11":"product_tag-sexy-petite-lingerie","12":"product_tag-sexy-skimpy-lingerie","13":"product_tag-tassel-lingerie","14":"pa_color-black","15":"pa_size-wholesale-large-size-women-sexy-lingerie","16":"pa_size-wholesale-medium-size-women-sexy-lingerie","17":"pa_size-wholesale-small-size-sexy-lingerie","19":"first","20":"instock","21":"taxable","22":"shipping-taxable","23":"purchasable","24":"product-type-variable"},"tiered_pricing_type":"fixed","tiered_pricing_fixed_rules":[],"tiered_pricing_product_settings":{"layout":"default","base_unit_name":{"singular":null,"plural":null},"default_variation":{}},"tiered_pricing_minimum_quantity":null,"tiered_pricing_roles_data":[],"tiered_pricing_percentage_rules":[],"tiered_pricing_maximum_quantity":null,"tiered_pricing_quantity_step":null,"_links":{"self":[{"href":"https:\/\/gretasexylingerie.com\/fi\/wp-json\/wp\/v2\/product\/45298","targetHints":{"allow":["GET"]}}],"collection":[{"href":"https:\/\/gretasexylingerie.com\/fi\/wp-json\/wp\/v2\/product"}],"about":[{"href":"https:\/\/gretasexylingerie.com\/fi\/wp-json\/wp\/v2\/types\/product"}],"wp:featuredmedia":[{"embeddable":true,"href":"https:\/\/gretasexylingerie.com\/fi\/wp-json\/wp\/v2\/media\/45311"}],"wp:attachment":[{"href":"https:\/\/gretasexylingerie.com\/fi\/wp-json\/wp\/v2\/media?parent=45298"}],"wp:term":[{"taxonomy":"product_brand","embeddable":true,"href":"https:\/\/gretasexylingerie.com\/fi\/wp-json\/wp\/v2\/product_brand?post=45298"},{"taxonomy":"product_cat","embeddable":true,"href":"https:\/\/gretasexylingerie.com\/fi\/wp-json\/wp\/v2\/product_cat?post=45298"},{"taxonomy":"product_tag","embeddable":true,"href":"https:\/\/gretasexylingerie.com\/fi\/wp-json\/wp\/v2\/product_tag?post=45298"}],"curies":[{"name":"wp","href":"https:\/\/api.w.org\/{rel}","templated":true}]}}