{"id":45281,"date":"2023-09-18T00:28:07","date_gmt":"2023-09-17T16:28:07","guid":{"rendered":"https:\/\/gretasexylingerie.com\/?post_type=product&#038;p=45281"},"modified":"2023-09-18T00:30:17","modified_gmt":"2023-09-17T16:30:17","slug":"tukku-lapinakyva-mesh-halterneck-seksikas-body","status":"publish","type":"product","link":"https:\/\/gretasexylingerie.com\/fi\/products\/wholesale-see-through-mesh-halterneck-sexy-bodysuit\/","title":{"rendered":"Tukkumyynti l\u00e4pin\u00e4kyv\u00e4 mesh halterneck seksik\u00e4s body"},"content":{"rendered":"<ol class=\"wp-block-list\">\n<li>Sexy Halterneckin l\u00e4pin\u00e4kyv\u00e4 verkkopukumme on huolellisesti suunniteltu tuomaan esiin sen t\u00e4yden potentiaalin ja luomaan upean tuotteen kokoelmaasi. Sen erottuva halterneck-muotoilu esittelee jokaisen kappaleen laatua ja huolellisuutta.<\/li>\n\n\n\n<li>T\u00e4m\u00e4 tyylik\u00e4s halterneck-bodysuit seksikk\u00e4\u00e4st\u00e4 l\u00e4pin\u00e4kyv\u00e4st\u00e4 meshist\u00e4 on sek\u00e4 muodikas ett\u00e4 mukava! Herkk\u00e4 verkko tarjoaa kevyen kosketuksen ihoa vasten, kun taas sen halterneck lis\u00e4\u00e4 hienostuneisuutta, ihanteellinen niille, jotka etsiv\u00e4t t\u00e4ydellist\u00e4 tyylin ja mukavuuden yhdistelm\u00e4\u00e4.<\/li>\n\n\n\n<li>Fashion-Forward Sexy Lingerie Bodypukumme Halterneck Designilla on osoitus hienosta k\u00e4sity\u00f6st\u00e4. L\u00e4pin\u00e4kyv\u00e4 verkko lis\u00e4\u00e4 huomiota her\u00e4tt\u00e4v\u00e4n elementin, mik\u00e4 takaa, ett\u00e4 t\u00e4m\u00e4 kappale erottuu kaikissa alusvaatteissa.<\/li>\n<\/ol>\n\n\n\n<p>Tutustu eleganssin ja vieh\u00e4tysvoiman maailmaan l\u00e4pin\u00e4kyv\u00e4n mesh Halterneck seksik\u00e4s bodypukumme avulla, ei vain alusvaatteita; t\u00e4m\u00e4 teos antaa ilmauksen tyylist\u00e4 ja hienostuneisuudesta! \u00c4l\u00e4 missaa; ota meihin yhteytt\u00e4 nyt tehd\u00e4ksesi tilauksesi tai jos sinulla on kysytt\u00e4v\u00e4\u00e4! Yhdess\u00e4 voimme mullistaa alusvaatumuodin!<\/p>\n\n\n\n<figure class=\"wp-block-table is-style-stripes\"><table class=\"has-fixed-layout\"><tbody><tr><td>Sivustokaavio (CM)<\/td><td><\/td><td><\/td><td><\/td><\/tr><tr><td>Koko<\/td><td>Pituus<\/td><td>Vy\u00f6t\u00e4r\u00f6<\/td><td>Alempi rintakeh\u00e4<\/td><\/tr><tr><td>S<\/td><td>50<\/td><td>56<\/td><td>59-88<\/td><\/tr><tr><td>M<\/td><td>51<\/td><td>60<\/td><td>63-92<\/td><\/tr><tr><td>L<\/td><td>52<\/td><td>64<\/td><td>67-96<\/td><\/tr><tr><td>Sivustokaavio (TUUMA)<\/td><td><\/td><td><\/td><td><\/td><\/tr><tr><td>Koko<\/td><td>Pituus<\/td><td>Vy\u00f6t\u00e4r\u00f6<\/td><td>Alempi rintakeh\u00e4<\/td><\/tr><tr><td>S<\/td><td>19.69<\/td><td>22.05<\/td><td>23.23-34.65<\/td><\/tr><tr><td>M<\/td><td>20.08<\/td><td>23.62<\/td><td>24.80-36.22<\/td><\/tr><tr><td>L<\/td><td>20.47<\/td><td>25.2<\/td><td>26.38-37.80<\/td><\/tr><\/tbody><\/table><\/figure>","protected":false},"excerpt":{"rendered":"<p>Lis\u00e4\u00e4 modernia glamouria mihin tahansa alusvaatekaappiin Fashion-Forward Sexy Lingerie Body -puvullamme, jossa on halterneck Design, jossa on tyyli\u00e4, mukavuutta ja houkuttelevaa all-in-one! Se erottuu varmasti joukosta mink\u00e4 tahansa kokoelman joukosta.<\/p>","protected":false},"featured_media":45291,"template":"","meta":[],"product_brand":[],"product_cat":[370,367,373],"product_tag":[448,446,447,504],"class_list":{"0":"post-45281","1":"product","2":"type-product","3":"status-publish","4":"has-post-thumbnail","6":"product_cat-bodysuit","7":"product_cat-sexy-lingerie","8":"product_cat-wholesale-sexy-mesh-bodysuit","9":"product_tag-wholesale-elegant-sexy-lingerie","10":"product_tag-wholesale-sexy-see-through-lingerie","11":"product_tag-wholesale-strappy-sexy-lingerie","12":"product_tag-ultra-sexy","13":"pa_color-black","14":"pa_size-wholesale-large-size-women-sexy-lingerie","15":"pa_size-wholesale-medium-size-women-sexy-lingerie","16":"pa_size-wholesale-small-size-sexy-lingerie","18":"first","19":"instock","20":"taxable","21":"shipping-taxable","22":"purchasable","23":"product-type-variable"},"tiered_pricing_type":"fixed","tiered_pricing_fixed_rules":[],"tiered_pricing_product_settings":{"layout":"default","base_unit_name":{"singular":null,"plural":null},"default_variation":{}},"tiered_pricing_minimum_quantity":null,"tiered_pricing_roles_data":[],"tiered_pricing_percentage_rules":[],"tiered_pricing_maximum_quantity":null,"tiered_pricing_quantity_step":null,"_links":{"self":[{"href":"https:\/\/gretasexylingerie.com\/fi\/wp-json\/wp\/v2\/product\/45281","targetHints":{"allow":["GET"]}}],"collection":[{"href":"https:\/\/gretasexylingerie.com\/fi\/wp-json\/wp\/v2\/product"}],"about":[{"href":"https:\/\/gretasexylingerie.com\/fi\/wp-json\/wp\/v2\/types\/product"}],"wp:featuredmedia":[{"embeddable":true,"href":"https:\/\/gretasexylingerie.com\/fi\/wp-json\/wp\/v2\/media\/45291"}],"wp:attachment":[{"href":"https:\/\/gretasexylingerie.com\/fi\/wp-json\/wp\/v2\/media?parent=45281"}],"wp:term":[{"taxonomy":"product_brand","embeddable":true,"href":"https:\/\/gretasexylingerie.com\/fi\/wp-json\/wp\/v2\/product_brand?post=45281"},{"taxonomy":"product_cat","embeddable":true,"href":"https:\/\/gretasexylingerie.com\/fi\/wp-json\/wp\/v2\/product_cat?post=45281"},{"taxonomy":"product_tag","embeddable":true,"href":"https:\/\/gretasexylingerie.com\/fi\/wp-json\/wp\/v2\/product_tag?post=45281"}],"curies":[{"name":"wp","href":"https:\/\/api.w.org\/{rel}","templated":true}]}}