{"id":45262,"date":"2023-09-18T00:03:43","date_gmt":"2023-09-17T16:03:43","guid":{"rendered":"https:\/\/gretasexylingerie.com\/?post_type=product&#038;p=45262"},"modified":"2023-09-18T00:07:18","modified_gmt":"2023-09-17T16:07:18","slug":"tukku-ristihihnat-push-up-rintaliivit-alusasusetti-metallirenkailla","status":"publish","type":"product","link":"https:\/\/gretasexylingerie.com\/fi\/products\/wholesale-cross-straps-push-up-bra-lingerie-set-with-metal-rings\/","title":{"rendered":"Tukkumyynti Cross Straps Push-Up-rintaliivit alusvaatteita, joissa metallirenkaat"},"content":{"rendered":"<ol class=\"wp-block-list\">\n<li>Cross Straps Push-Up -rintaliivien alusvaatesarjamme on suunniteltu \u00e4\u00e4rimm\u00e4isen tarkasti yksityiskohtiin, mik\u00e4 takaa huippuluokan tuotteen kokoelmaasi. Ainutlaatuiset metallirenkaat ja sukkanauha osoittavat jokaisen kappaleen laatua ja omistautumista.<\/li>\n\n\n\n<li>Sexy Lingerie kolmiosainen setti sukkanauhalla ja metallirenkailla on tyylik\u00e4s ja mukava. Ristihihnat tarjoavat herk\u00e4n kosketuksen ihoa vasten, kun taas push-up-rintaliivit lis\u00e4\u00e4v\u00e4t tukikerroksen. T\u00e4ydellinen niille, jotka etsiv\u00e4t tyylin ja mukavuuden yhdistelm\u00e4\u00e4.<\/li>\n\n\n\n<li>Tyylik\u00e4s Push-Up-rintaliivit alusvaatesarjamme ristikk\u00e4isill\u00e4 hihnoilla ja sukkanauhalla on osoitus hienosta k\u00e4sity\u00f6st\u00e4. Metalliset renkaat lis\u00e4\u00e4v\u00e4t ripauksen ter\u00e4vyytt\u00e4 ja varmistavat, ett\u00e4 t\u00e4m\u00e4 kolmiosainen setti erottuu joukosta kaikissa alusvaatteissa.<\/li>\n<\/ol>\n\n\n\n<p>Astu eleganssiin ja vieh\u00e4tysvoimaan Cross Straps Push-Up -rintaliivien alusasusetill\u00e4, jota koristavat metallirenkaat. T\u00e4m\u00e4 ei ole vain alusvaatteita; se on ilmaus tyylist\u00e4 ja hienostuneisuudesta. \u00c4l\u00e4 missaa t\u00e4t\u00e4 premium-kappaletta. Ota yhteytt\u00e4 jo t\u00e4n\u00e4\u00e4n tehd\u00e4ksesi tilauksesi tai jos sinulla on kysytt\u00e4v\u00e4\u00e4. M\u00e4\u00e4ritell\u00e4\u00e4n yhdess\u00e4 alusvaatteiden muoti uudelleen!<\/p>\n\n\n\n<figure class=\"wp-block-table is-style-stripes\"><table class=\"has-fixed-layout\"><tbody><tr><td>Sivustokaavio (CM)<\/td><td><\/td><td><\/td><td><\/td><td><\/td><\/tr><tr><td>Koko<\/td><td>Pituus<\/td><td>Alempi rintakeh\u00e4<\/td><td>Vy\u00f6t\u00e4r\u00f6<\/td><td>Vy\u00f6t\u00e4r\u00f6nauha<\/td><\/tr><tr><td>S<\/td><td>15<\/td><td>64-88<\/td><td>62-92<\/td><td>62-96<\/td><\/tr><tr><td>M<\/td><td>16<\/td><td>68-92<\/td><td>66-96<\/td><td>66-100<\/td><\/tr><tr><td>L<\/td><td>17<\/td><td>74-96<\/td><td>70-100<\/td><td>70-104<\/td><\/tr><tr><td>Sivustokaavio (TUUMA)<\/td><td><\/td><td><\/td><td><\/td><td><\/td><\/tr><tr><td>Koko<\/td><td>Pituus<\/td><td>Alempi rintakeh\u00e4<\/td><td>Vy\u00f6t\u00e4r\u00f6<\/td><td>Vy\u00f6t\u00e4r\u00f6nauha<\/td><\/tr><tr><td>S<\/td><td>5.91<\/td><td>25.20-34.65<\/td><td>24.41-36.22<\/td><td>24.41-37.80<\/td><\/tr><tr><td>M<\/td><td>6.3<\/td><td>26.77-36.22<\/td><td>25.98-37.80<\/td><td>25.98-39.37<\/td><\/tr><tr><td>L<\/td><td>6.69<\/td><td>29.13-37.80<\/td><td>27.56-39.37<\/td><td>27.56-40.94<\/td><\/tr><\/tbody><\/table><\/figure>","protected":false},"excerpt":{"rendered":"<p>Tarjoa alusvaatteiden parasta tyylikk\u00e4ill\u00e4 Push-Up-rintaliivit alusvaatesarjallamme, jossa on ristikk\u00e4iset olkaimet ja sukkanauha. T\u00e4m\u00e4 kolmiosainen setti on t\u00e4ydellinen sekoitus tyyli\u00e4, mukavuutta ja vieh\u00e4tyst\u00e4, ja se on suunniteltu erottumaan joukosta miss\u00e4 tahansa alusvaatemallistossa.<\/p>","protected":false},"featured_media":45272,"template":"","meta":[],"product_brand":[],"product_cat":[368,367,375],"product_tag":[868,448,541,518,864,504],"class_list":{"0":"post-45262","1":"product","2":"type-product","3":"status-publish","4":"has-post-thumbnail","6":"product_cat-bra-panty-set","7":"product_cat-sexy-lingerie","8":"product_cat-whoelsale-sheer-bra-and-panty-sets","9":"product_tag-4-piece-lingerie-set","10":"product_tag-wholesale-elegant-sexy-lingerie","11":"product_tag-fishnet-lingerie","12":"product_tag-mesh-lingerie","13":"product_tag-sexy-petite-lingerie","14":"product_tag-ultra-sexy","15":"pa_color-black","16":"pa_size-wholesale-large-size-women-sexy-lingerie","17":"pa_size-wholesale-medium-size-women-sexy-lingerie","18":"pa_size-wholesale-small-size-sexy-lingerie","20":"first","21":"instock","22":"taxable","23":"shipping-taxable","24":"purchasable","25":"product-type-variable"},"tiered_pricing_type":"fixed","tiered_pricing_fixed_rules":[],"tiered_pricing_product_settings":{"layout":"default","base_unit_name":{"singular":null,"plural":null},"default_variation":{}},"tiered_pricing_minimum_quantity":null,"tiered_pricing_roles_data":[],"tiered_pricing_percentage_rules":[],"tiered_pricing_maximum_quantity":null,"tiered_pricing_quantity_step":null,"_links":{"self":[{"href":"https:\/\/gretasexylingerie.com\/fi\/wp-json\/wp\/v2\/product\/45262","targetHints":{"allow":["GET"]}}],"collection":[{"href":"https:\/\/gretasexylingerie.com\/fi\/wp-json\/wp\/v2\/product"}],"about":[{"href":"https:\/\/gretasexylingerie.com\/fi\/wp-json\/wp\/v2\/types\/product"}],"wp:featuredmedia":[{"embeddable":true,"href":"https:\/\/gretasexylingerie.com\/fi\/wp-json\/wp\/v2\/media\/45272"}],"wp:attachment":[{"href":"https:\/\/gretasexylingerie.com\/fi\/wp-json\/wp\/v2\/media?parent=45262"}],"wp:term":[{"taxonomy":"product_brand","embeddable":true,"href":"https:\/\/gretasexylingerie.com\/fi\/wp-json\/wp\/v2\/product_brand?post=45262"},{"taxonomy":"product_cat","embeddable":true,"href":"https:\/\/gretasexylingerie.com\/fi\/wp-json\/wp\/v2\/product_cat?post=45262"},{"taxonomy":"product_tag","embeddable":true,"href":"https:\/\/gretasexylingerie.com\/fi\/wp-json\/wp\/v2\/product_tag?post=45262"}],"curies":[{"name":"wp","href":"https:\/\/api.w.org\/{rel}","templated":true}]}}