{"id":45225,"date":"2023-09-17T22:18:21","date_gmt":"2023-09-17T14:18:21","guid":{"rendered":"https:\/\/gretasexylingerie.com\/?post_type=product&#038;p=45225"},"modified":"2023-09-17T22:20:00","modified_gmt":"2023-09-17T14:20:00","slug":"tukku-tyylikas-neliosainen-alusasusetti-lantiota-peittavalla-hameella","status":"publish","type":"product","link":"https:\/\/gretasexylingerie.com\/fi\/products\/wholesale-elegant-four-piece-lingerie-set-with-hip-covering-skirt\/","title":{"rendered":"Tukkukaupan tyylik\u00e4s neliosainen alusasusetti lantiota peitt\u00e4v\u00e4ll\u00e4 hameella"},"content":{"rendered":"<ol class=\"wp-block-list\">\n<li>Cross Straps Sexy Bran -neliosaiset rintaliivit on valmistettu huolella ja huolella tarjotaksemme huippuluokan tuotteita kokoelmaasi. Jokaisessa kappaleessa on ainutlaatuinen ristikk\u00e4inen olkahihna ja lantiota peitt\u00e4v\u00e4 hame, mik\u00e4 osoittaa laatumme ja sitoutumisemme.<\/li>\n\n\n\n<li>Elegantti neliosainen alusvaatesarja yhdist\u00e4\u00e4 tyylin ja mukavuuden yhdeksi saumattomaksi kokonaisuudeksi. Herk\u00e4t ristikk\u00e4iset olkaimet ihoa vasten takaavat herk\u00e4n kosketuksen, kun taas lantiota peitt\u00e4v\u00e4 hame lis\u00e4\u00e4 hienostuneisuutta molempia etsiville. Upea asu niille, jotka nauttivat sek\u00e4 tyylist\u00e4 ett\u00e4 mukavuudesta alusvaatteissaan.<\/li>\n\n\n\n<li>Sexy rintaliivit, joissa on ristikk\u00e4iset olkaimet ja hame, esittelee hienoa ammattitaitoa. T\u00e4m\u00e4 neliosainen setti erottuu kaikista alusvaatemallistoista, sill\u00e4 siin\u00e4 on erottuva ristikk\u00e4inen hihna.<\/li>\n<\/ol>\n\n\n\n<p>Tuo eleganssia ja vieh\u00e4tyst\u00e4 el\u00e4m\u00e4\u00e4si Cross Straps Sexy -rintaliivit, neliosainen setti, jossa on lantiota peitt\u00e4v\u00e4 hame. \u00c4l\u00e4 missaa t\u00e4t\u00e4 upeaa tuotetta \u2013 ota meihin yhteytt\u00e4 jo t\u00e4n\u00e4\u00e4n ja tee tilauksesi tai kysy lis\u00e4\u00e4 \u2013 m\u00e4\u00e4ritell\u00e4\u00e4n alusvaatteiden muoti yhdess\u00e4!<\/p>\n\n\n\n<figure class=\"wp-block-table is-style-stripes\"><table class=\"has-fixed-layout\"><tbody><tr><td>Sivustokaavio (CM)<\/td><td><\/td><td><\/td><td><\/td><td><\/td><\/tr><tr><td>Koko<\/td><td>Pituus<\/td><td>Alempi rintakeh\u00e4<\/td><td>Vy\u00f6t\u00e4r\u00f6<\/td><td>Vy\u00f6t\u00e4r\u00f6nauha<\/td><\/tr><tr><td>S<\/td><td>13<\/td><td>67-88<\/td><td>64-96<\/td><td>60-92<\/td><\/tr><tr><td>M<\/td><td>14<\/td><td>71-92<\/td><td>68-1007<\/td><td>64-96<\/td><\/tr><tr><td>L<\/td><td>15<\/td><td>75-96<\/td><td>72-104<\/td><td>68-100<\/td><\/tr><tr><td>Sivustokaavio (TUUMA)<\/td><td><\/td><td><\/td><td><\/td><td><\/td><\/tr><tr><td>Koko<\/td><td>Pituus<\/td><td>Alempi rintakeh\u00e4<\/td><td>Vy\u00f6t\u00e4r\u00f6<\/td><td>Vy\u00f6t\u00e4r\u00f6nauha<\/td><\/tr><tr><td>S<\/td><td>5.12<\/td><td>26.38-34.65<\/td><td>25.20-37.80<\/td><td>23.62-36.22<\/td><\/tr><tr><td>M<\/td><td>5.51<\/td><td>27.95-36.22<\/td><td>26.77-396.85<\/td><td>25.20-37.80<\/td><\/tr><tr><td>L<\/td><td>5.91<\/td><td>29.53-37.80<\/td><td>28.35-40.94<\/td><td>26.77-39.37<\/td><\/tr><\/tbody><\/table><\/figure>","protected":false},"excerpt":{"rendered":"<p>Luo \u00e4\u00e4rimm\u00e4ist\u00e4 alusvaatteita tyylikk\u00e4ill\u00e4 seksikk\u00e4ill\u00e4 rintaliivitetill\u00e4mme, joissa on ristikk\u00e4iset olkaimet ja hame. T\u00e4m\u00e4 neliosainen setti, joka on suunniteltu tarjoamaan mukavuutta, tyyli\u00e4 ja vieh\u00e4tyst\u00e4 yht\u00e4 paljon, erottuu joukosta miss\u00e4 tahansa alusvaatemallistossa.<\/p>","protected":false},"featured_media":45238,"template":"","meta":[],"product_brand":[],"product_cat":[368,367,375],"product_tag":[868,964,448,447,972],"class_list":{"0":"post-45225","1":"product","2":"type-product","3":"status-publish","4":"has-post-thumbnail","6":"product_cat-bra-panty-set","7":"product_cat-sexy-lingerie","8":"product_cat-whoelsale-sheer-bra-and-panty-sets","9":"product_tag-4-piece-lingerie-set","10":"product_tag-christmas-lingerie","11":"product_tag-wholesale-elegant-sexy-lingerie","12":"product_tag-wholesale-strappy-sexy-lingerie","13":"product_tag-valentines-day-lingerie","14":"pa_color-red-women-sexy-lingerie","15":"pa_size-wholesale-large-size-women-sexy-lingerie","16":"pa_size-wholesale-medium-size-women-sexy-lingerie","17":"pa_size-wholesale-small-size-sexy-lingerie","19":"first","20":"instock","21":"taxable","22":"shipping-taxable","23":"purchasable","24":"product-type-variable"},"tiered_pricing_type":"fixed","tiered_pricing_fixed_rules":[],"tiered_pricing_product_settings":{"layout":"default","base_unit_name":{"singular":null,"plural":null},"default_variation":{}},"tiered_pricing_minimum_quantity":null,"tiered_pricing_roles_data":[],"tiered_pricing_percentage_rules":[],"tiered_pricing_maximum_quantity":null,"tiered_pricing_quantity_step":null,"_links":{"self":[{"href":"https:\/\/gretasexylingerie.com\/fi\/wp-json\/wp\/v2\/product\/45225","targetHints":{"allow":["GET"]}}],"collection":[{"href":"https:\/\/gretasexylingerie.com\/fi\/wp-json\/wp\/v2\/product"}],"about":[{"href":"https:\/\/gretasexylingerie.com\/fi\/wp-json\/wp\/v2\/types\/product"}],"wp:featuredmedia":[{"embeddable":true,"href":"https:\/\/gretasexylingerie.com\/fi\/wp-json\/wp\/v2\/media\/45238"}],"wp:attachment":[{"href":"https:\/\/gretasexylingerie.com\/fi\/wp-json\/wp\/v2\/media?parent=45225"}],"wp:term":[{"taxonomy":"product_brand","embeddable":true,"href":"https:\/\/gretasexylingerie.com\/fi\/wp-json\/wp\/v2\/product_brand?post=45225"},{"taxonomy":"product_cat","embeddable":true,"href":"https:\/\/gretasexylingerie.com\/fi\/wp-json\/wp\/v2\/product_cat?post=45225"},{"taxonomy":"product_tag","embeddable":true,"href":"https:\/\/gretasexylingerie.com\/fi\/wp-json\/wp\/v2\/product_tag?post=45225"}],"curies":[{"name":"wp","href":"https:\/\/api.w.org\/{rel}","templated":true}]}}