{"id":45179,"date":"2023-09-16T00:39:07","date_gmt":"2023-09-15T16:39:07","guid":{"rendered":"https:\/\/gretasexylingerie.com\/?post_type=product&#038;p=45179"},"modified":"2023-10-22T22:52:41","modified_gmt":"2023-10-22T14:52:41","slug":"tukku-uuden-tyylin-seksikkaita-naisten-alusvaatteita-joissa-on-kukkakirjonta","status":"publish","type":"product","link":"https:\/\/gretasexylingerie.com\/fi\/products\/wholesale-new-style-sexy-lingerie-womens-set-with-floral-embroidery\/","title":{"rendered":"Uuden tyylin seksikk\u00e4iden alusvaatteiden tukkukauppa, jossa on kukkakirjonta"},"content":{"rendered":"<ol class=\"wp-block-list\">\n<li>Naisten New Style Sexy Lingerie -settimme on valmistettu huolella k\u00e4sin kiinnitt\u00e4en horjumatonta huomiota yksityiskohtiin, ja tuloksena on upea tuote kokoelmaasi, jossa on vahva k\u00e4sity\u00f6taito ja kukkakirjonta, joka esittelee t\u00e4m\u00e4n setin jokaisen kappaleen laatua ja omistautumista.<\/li>\n\n\n\n<li>Sexy Fashion Lingerie Set Patchwork Strapsilla yhdist\u00e4\u00e4 tyylin ja mukavuuden t\u00e4ydellisesti tarjoten pehme\u00e4\u00e4 pitsi\u00e4 ihoa vasten, kun taas monimutkainen kirjonta lis\u00e4\u00e4 hienostuneisuutta. T\u00e4ydellinen niille, jotka etsiv\u00e4t sek\u00e4 eleganssia ett\u00e4 mukavuutta yhdess\u00e4.<\/li>\n\n\n\n<li>Tyylik\u00e4s kirjailtu alusvaatesarjamme seksikk\u00e4ill\u00e4 pitsill\u00e4 ja tilkkuhihnoilla on esimerkki poikkeuksellisesta ammattitaitosta. Patchwork-olkaimet lis\u00e4\u00e4v\u00e4t erottuvan reunan, mik\u00e4 takaa, ett\u00e4 t\u00e4m\u00e4 kappale erottuu kaikissa alusvaatteissa.<\/li>\n<\/ol>\n\n\n\n<p>Sukella eleganssiin ja vieh\u00e4tysvoimaan uuden tyylin seksikk\u00e4ill\u00e4 naisten alusasusetill\u00e4mme, jossa on kukkakirjonta. \u00c4l\u00e4 missaa t\u00e4t\u00e4 premium-kappaletta; Ota yhteytt\u00e4 nyt tehd\u00e4ksesi tilauksesi tai jos sinulla on kysytt\u00e4v\u00e4\u00e4 \u2013 m\u00e4\u00e4ritell\u00e4\u00e4n yhdess\u00e4 alusvaatteiden muoti uudelleen!<\/p>\n\n\n\n<figure class=\"wp-block-table is-style-stripes\"><table class=\"has-fixed-layout\"><tbody><tr><td>Sivustokaavio (CM)<\/td><td><\/td><td><\/td><td><\/td><td><\/td><\/tr><tr><td>Koko<\/td><td>Pituus<\/td><td>Alempi rintakeh\u00e4<\/td><td>Vy\u00f6t\u00e4r\u00f6<\/td><td>Vy\u00f6t\u00e4r\u00f6nauha<\/td><\/tr><tr><td>S<\/td><td>14<\/td><td>66-92<\/td><td>70-96<\/td><td>64-90<\/td><\/tr><tr><td>M<\/td><td>15<\/td><td>70-96<\/td><td>74-100<\/td><td>68-94<\/td><\/tr><tr><td>L<\/td><td>16<\/td><td>74-100<\/td><td>78-104<\/td><td>72-98<\/td><\/tr><tr><td>Sivustokaavio (TUUMA)<\/td><td><\/td><td><\/td><td><\/td><td><\/td><\/tr><tr><td>Koko<\/td><td>Pituus<\/td><td>Alempi rintakeh\u00e4<\/td><td>Vy\u00f6t\u00e4r\u00f6<\/td><td>Vy\u00f6t\u00e4r\u00f6nauha<\/td><\/tr><tr><td>S<\/td><td>5.51<\/td><td>25.98-36.22<\/td><td>27.56-37.80<\/td><td>25.20-35.43<\/td><\/tr><tr><td>M<\/td><td>5.91<\/td><td>27.56-37.80<\/td><td>29.13-39.37<\/td><td>26.77-37.01<\/td><\/tr><tr><td>L<\/td><td>6.3<\/td><td>29.13-39.37<\/td><td>30.71-40.94<\/td><td>28.35-38.58<\/td><\/tr><\/tbody><\/table><\/figure>","protected":false},"excerpt":{"rendered":"<p>Tervetuloa New Style Sexy Lingerie -naisten alusasusettiimme, joka on valmistettu huolellisesti k\u00e4sin raskaasti k\u00e4sity\u00f6n\u00e4 ja jossa on kukkakirjonta lumoavan ja kiehtovan ilmeen luomiseksi \u2013 ihanteellinen asiakkaille, jotka etsiv\u00e4t viimeisint\u00e4 alusvaatumuodista! T\u00e4m\u00e4 sarja lupaa hienostuneisuutta ja kiehtovaa ulkon\u00e4k\u00f6\u00e4; mik\u00e4 tekee t\u00e4st\u00e4 erinomaisen lis\u00e4yksen alusvaatekaappiisi!<\/p>\n<p>https:\/\/youtu.be\/iB6wQcDs-qg<\/p>","protected":false},"featured_media":45195,"template":"","meta":[],"product_brand":[],"product_cat":[368,367,375],"product_tag":[868,870,446,453,865],"class_list":{"0":"post-45179","1":"product","2":"type-product","3":"status-publish","4":"has-post-thumbnail","6":"product_cat-bra-panty-set","7":"product_cat-sexy-lingerie","8":"product_cat-whoelsale-sheer-bra-and-panty-sets","9":"product_tag-4-piece-lingerie-set","10":"product_tag-floral-lingerie","11":"product_tag-wholesale-sexy-see-through-lingerie","12":"product_tag-wholesale-sexy-naughty-lingerie","13":"product_tag-sexy-skimpy-lingerie","14":"pa_color-light-purple","15":"pa_size-wholesale-large-size-women-sexy-lingerie","16":"pa_size-wholesale-medium-size-women-sexy-lingerie","17":"pa_size-wholesale-small-size-sexy-lingerie","19":"first","20":"instock","21":"taxable","22":"shipping-taxable","23":"purchasable","24":"product-type-variable"},"tiered_pricing_type":"fixed","tiered_pricing_fixed_rules":[],"tiered_pricing_product_settings":{"layout":"default","base_unit_name":{"singular":null,"plural":null},"default_variation":{}},"tiered_pricing_minimum_quantity":null,"tiered_pricing_roles_data":[],"tiered_pricing_percentage_rules":[],"tiered_pricing_maximum_quantity":null,"tiered_pricing_quantity_step":null,"_links":{"self":[{"href":"https:\/\/gretasexylingerie.com\/fi\/wp-json\/wp\/v2\/product\/45179","targetHints":{"allow":["GET"]}}],"collection":[{"href":"https:\/\/gretasexylingerie.com\/fi\/wp-json\/wp\/v2\/product"}],"about":[{"href":"https:\/\/gretasexylingerie.com\/fi\/wp-json\/wp\/v2\/types\/product"}],"wp:featuredmedia":[{"embeddable":true,"href":"https:\/\/gretasexylingerie.com\/fi\/wp-json\/wp\/v2\/media\/45195"}],"wp:attachment":[{"href":"https:\/\/gretasexylingerie.com\/fi\/wp-json\/wp\/v2\/media?parent=45179"}],"wp:term":[{"taxonomy":"product_brand","embeddable":true,"href":"https:\/\/gretasexylingerie.com\/fi\/wp-json\/wp\/v2\/product_brand?post=45179"},{"taxonomy":"product_cat","embeddable":true,"href":"https:\/\/gretasexylingerie.com\/fi\/wp-json\/wp\/v2\/product_cat?post=45179"},{"taxonomy":"product_tag","embeddable":true,"href":"https:\/\/gretasexylingerie.com\/fi\/wp-json\/wp\/v2\/product_tag?post=45179"}],"curies":[{"name":"wp","href":"https:\/\/api.w.org\/{rel}","templated":true}]}}