{"id":45078,"date":"2023-09-13T01:45:52","date_gmt":"2023-09-12T17:45:52","guid":{"rendered":"https:\/\/gretasexylingerie.com\/?post_type=product&#038;p=45078"},"modified":"2023-10-22T23:14:09","modified_gmt":"2023-10-22T15:14:09","slug":"aistillinen-ontot-rintaliivit-alusasusarja-vaaleanpunaisena","status":"publish","type":"product","link":"https:\/\/gretasexylingerie.com\/fi\/products\/sensual-hollow-bra-lingerie-set-in-light-pink\/","title":{"rendered":"Sensual Hollow Bra Lingerie Set vaaleanpunainen"},"content":{"rendered":"<p data-spm-anchor-id=\"a2g0o.detail.0.i22.6e3ardRsrdRssd\">1. Sensual Hollow -rintaliivit, vaaleanpunainen, on suunniteltu viimeisimm\u00e4t muotitrendit ajatellen. Ontot rintaliivit lis\u00e4\u00e4v\u00e4t ripaus rohkeutta, kun taas eroottinen pukusuunnittelu takaa vastustamattoman ilmeen. T\u00e4m\u00e4 setti on varmasti hitti asiakkaidesi keskuudessa.<\/p>\n<p data-spm-anchor-id=\"a2g0o.detail.0.i22.6e3ardRsrdRssd\">2. Erotic Costume Halter Lingerie Set hollow Bra Designilla on tyylik\u00e4s ja mukava. Riimukaula lis\u00e4\u00e4 ripauksen eleganssia, kun taas alaston naisen muotoilu ilman sensuuria tarjoaa mukautetun istuvuuden. T\u00e4m\u00e4 setti on t\u00e4ydellinen asiakkaille, jotka etsiv\u00e4t tyyli\u00e4 ja mukavuutta alusvaatteissaan.<\/p>\n<p data-spm-anchor-id=\"a2g0o.detail.0.i22.6e3ardRsrdRssd\">3. H\u00e4mm\u00e4stytt\u00e4v\u00e4 vaaleanpunainen Sensual alusvaatteemme riimukaulalla on ainutlaatuinen muotoilu ja korkea laatu. Ontot rintaliivit lis\u00e4\u00e4v\u00e4t ripauksen hienostuneisuutta, kun taas riimukaula takaa ylellisen tunteen. T\u00e4m\u00e4 setti erottuu varmasti kaikista alusvaatemallistoista.<\/p>\n<p data-spm-anchor-id=\"a2g0o.detail.0.i22.6e3ardRsrdRssd\">Syleile rohkeutta ja kaunista vaaleanpunaisen Sensual Hollow -rintaliivien alusasusetill\u00e4mme, jossa on eroottinen pukusuunnittelu ja riimukaula. T\u00e4m\u00e4 sarja ei ole vain tuote; se on tyylinilmaus, josta asiakkaasi pit\u00e4v\u00e4t. \u00c4l\u00e4 odota. Ota meihin yhteytt\u00e4 t\u00e4n\u00e4\u00e4n tehd\u00e4ksesi tilauksesi tai esitt\u00e4\u00e4ksesi kysymyksi\u00e4. M\u00e4\u00e4ritell\u00e4\u00e4n yhdess\u00e4 alusvaatteiden muoti uudelleen!<\/p>","protected":false},"excerpt":{"rendered":"<p>Pysy alusvaatteiden trendin edell\u00e4 Erotic Costume Halter Lingerie Setill\u00e4, jossa on Hollow Bra Design. T\u00e4ss\u00e4 setiss\u00e4 yhdistyv\u00e4t alaston naisen design ilman sensuuria ja riimukaulan eleganssia. Hienolla k\u00e4sity\u00f6n\u00e4 valmistettu se on upea lis\u00e4 mihin tahansa alusvaatemallistoon.<\/p>\n<p>https:\/\/youtu.be\/JYrEBlCpHrs<\/p>","protected":false},"featured_media":45065,"template":"","meta":[],"product_brand":[],"product_cat":[368,367,376],"product_tag":[],"class_list":{"0":"post-45078","1":"product","2":"type-product","3":"status-publish","4":"has-post-thumbnail","6":"product_cat-bra-panty-set","7":"product_cat-sexy-lingerie","8":"product_cat-wholesale-ultra-sexy-bra-panty-set","10":"first","11":"instock","12":"taxable","13":"shipping-taxable","14":"purchasable","15":"product-type-variable"},"tiered_pricing_type":"fixed","tiered_pricing_fixed_rules":[],"tiered_pricing_product_settings":{"layout":"default","base_unit_name":{"singular":null,"plural":null},"default_variation":{}},"tiered_pricing_minimum_quantity":null,"tiered_pricing_roles_data":[],"tiered_pricing_percentage_rules":[],"tiered_pricing_maximum_quantity":null,"tiered_pricing_quantity_step":null,"_links":{"self":[{"href":"https:\/\/gretasexylingerie.com\/fi\/wp-json\/wp\/v2\/product\/45078","targetHints":{"allow":["GET"]}}],"collection":[{"href":"https:\/\/gretasexylingerie.com\/fi\/wp-json\/wp\/v2\/product"}],"about":[{"href":"https:\/\/gretasexylingerie.com\/fi\/wp-json\/wp\/v2\/types\/product"}],"wp:featuredmedia":[{"embeddable":true,"href":"https:\/\/gretasexylingerie.com\/fi\/wp-json\/wp\/v2\/media\/45065"}],"wp:attachment":[{"href":"https:\/\/gretasexylingerie.com\/fi\/wp-json\/wp\/v2\/media?parent=45078"}],"wp:term":[{"taxonomy":"product_brand","embeddable":true,"href":"https:\/\/gretasexylingerie.com\/fi\/wp-json\/wp\/v2\/product_brand?post=45078"},{"taxonomy":"product_cat","embeddable":true,"href":"https:\/\/gretasexylingerie.com\/fi\/wp-json\/wp\/v2\/product_cat?post=45078"},{"taxonomy":"product_tag","embeddable":true,"href":"https:\/\/gretasexylingerie.com\/fi\/wp-json\/wp\/v2\/product_tag?post=45078"}],"curies":[{"name":"wp","href":"https:\/\/api.w.org\/{rel}","templated":true}]}}