{"id":44169,"date":"2023-08-06T23:42:35","date_gmt":"2023-08-06T15:42:35","guid":{"rendered":"https:\/\/gretasexylingerie.com\/?post_type=product&#038;p=44169"},"modified":"2023-10-22T22:42:09","modified_gmt":"2023-10-22T14:42:09","slug":"upeat-jouluiset-rintaliivit-joissa-rusetti-ja-levea-vyo","status":"publish","type":"product","link":"https:\/\/gretasexylingerie.com\/fi\/products\/stunning-christmas-cutout-bra-set-with-bow-and-wide-belt\/","title":{"rendered":"Upea Christmas Cutout-rintaliivisetti rusetilla ja leve\u00e4ll\u00e4 vy\u00f6ll\u00e4"},"content":{"rendered":"<ol class=\"wp-block-list\">\n<li>Christmas Special Cutout -rintaliivit, joissa on valjaat alusvaatteita ja leve\u00e4 vy\u00f6, on suunniteltu juhlavaan tunnelmaan. Rusetilla koristellut rintaliivit tuovat lomatunnelmaa, kun taas avoimet lantiot takaavat vastustamattoman ilmeen. T\u00e4m\u00e4 setti on taatusti hitti jouluostoksillasi.<\/li>\n\n\n\n<li>Festive Harness -alusasusetti, jossa on rusettikoristeiset rintaliivit ja avoimet lantiot, on tyylik\u00e4s ja mukava. Leve\u00e4 vy\u00f6 lis\u00e4\u00e4 ripauksen eleganssia, kun taas leikkausmalli tarjoaa mukautetun istuvuuden. T\u00e4m\u00e4 setti on t\u00e4ydellinen asiakkaille, jotka etsiv\u00e4t tyyli\u00e4 ja mukavuutta loma-alusvaatteista.<\/li>\n\n\n\n<li>Christmas Cutout -rintaliivit, joissa on rusetti ja leve\u00e4 vy\u00f6, on muotoilultaan ainutlaatuinen ja laadukas. Valjaat alusvaatteet lis\u00e4\u00e4v\u00e4t ripauksen s\u00e4vytt\u00e4mist\u00e4, kun taas avoimet lantio takaavat ylellisen tunteen. T\u00e4m\u00e4 setti erottuu varmasti kaikista loma-alusvaatteista.<\/li>\n<\/ol>\n\n\n\n<p>Ymm\u00e4rr\u00e4 juhlan tunnelmaa Christmas Cutout -rintaliivitetill\u00e4mme, jossa on valjaat alusvaatteet, rusetit ja avoimet lantiot. T\u00e4m\u00e4 sarja ei ole vain tuote; se on ilmaus lomatyylist\u00e4 ja vieh\u00e4tt\u00e4vyydest\u00e4, jota asiakkaasi rakastavat. \u00c4l\u00e4 odota. Ota meihin yhteytt\u00e4 t\u00e4n\u00e4\u00e4n tehd\u00e4ksesi tilauksesi tai esitt\u00e4\u00e4ksesi kysymyksi\u00e4. Tehd\u00e4\u00e4n t\u00e4st\u00e4 lomakaudesta unohtumaton yhdess\u00e4!<\/p>\n\n\n\n<figure class=\"wp-block-table is-style-stripes\"><table class=\"has-fixed-layout\"><tbody><tr><td>Sivustokaavio (CM)<\/td><td><\/td><td><\/td><td><\/td><td><\/td><\/tr><tr><td>Koko<\/td><td>Pituus<\/td><td>Alempi rintakeh\u00e4<\/td><td>Vy\u00f6t\u00e4r\u00f6<\/td><td>Vy\u00f6t\u00e4r\u00f6nauha<\/td><\/tr><tr><td>S<\/td><td>13<\/td><td>67<\/td><td>70<\/td><td>66<\/td><\/tr><tr><td>M<\/td><td>14<\/td><td>71<\/td><td>74<\/td><td>70<\/td><\/tr><tr><td>L<\/td><td>15<\/td><td>75<\/td><td>78<\/td><td>74<\/td><\/tr><tr><td>XL<\/td><td>16<\/td><td>79<\/td><td>82<\/td><td>78<\/td><\/tr><tr><td>Sivustokaavio (TUUMA)<\/td><td><\/td><td><\/td><td><\/td><td><\/td><\/tr><tr><td>Koko<\/td><td>Pituus<\/td><td>Alempi rintakeh\u00e4<\/td><td>Vy\u00f6t\u00e4r\u00f6<\/td><td>Vy\u00f6t\u00e4r\u00f6nauha<\/td><\/tr><tr><td>S<\/td><td>5.12<\/td><td>26.38<\/td><td>27.56<\/td><td>25.98<\/td><\/tr><tr><td>M<\/td><td>5.51<\/td><td>27.95<\/td><td>29.13<\/td><td>27.56<\/td><\/tr><tr><td>L<\/td><td>5.91<\/td><td>29.53<\/td><td>30.71<\/td><td>29.13<\/td><\/tr><tr><td>XL<\/td><td>6.3<\/td><td>31.1<\/td><td>32.28<\/td><td>30.71<\/td><\/tr><\/tbody><\/table><\/figure>","protected":false},"excerpt":{"rendered":"<p>Juhlista juhlakautta joulun erityisill\u00e4 Cutout-rintaliivit, joissa on valjaat alusvaatteet ja leve\u00e4 vy\u00f6. T\u00e4ss\u00e4 setiss\u00e4 on rusetilla ja avoimilla lantiolla koristellut rintaliivit, jotka tarjoavat rohkean ja houkuttelevan ilmeen. T\u00e4ydellinen asiakkaille, jotka etsiv\u00e4t viimeisint\u00e4 loma-alusvaatteita.<\/p>\n<p>https:\/\/youtu.be\/-3RI9oD6jm8<\/p>","protected":false},"featured_media":44182,"template":"","meta":[],"product_brand":[],"product_cat":[368,380,367,376],"product_tag":[507,512,964,453,447,504],"class_list":{"0":"post-44169","1":"product","2":"type-product","3":"status-publish","4":"has-post-thumbnail","6":"product_cat-bra-panty-set","7":"product_cat-wholesale-harness-bra-and-panty-set","8":"product_cat-sexy-lingerie","9":"product_cat-wholesale-ultra-sexy-bra-panty-set","10":"product_tag-three-pcs-set","11":"product_tag-bow-lingerie","12":"product_tag-christmas-lingerie","13":"product_tag-wholesale-sexy-naughty-lingerie","14":"product_tag-wholesale-strappy-sexy-lingerie","15":"product_tag-ultra-sexy","16":"pa_color-red-women-sexy-lingerie","17":"pa_size-wholesale-large-size-women-sexy-lingerie","18":"pa_size-wholesale-medium-size-women-sexy-lingerie","19":"pa_size-wholesale-small-size-sexy-lingerie","20":"pa_size-wholesale-extra-large-sexy-lingerie","22":"first","23":"instock","24":"taxable","25":"shipping-taxable","26":"purchasable","27":"product-type-variable"},"tiered_pricing_type":"fixed","tiered_pricing_fixed_rules":[],"tiered_pricing_product_settings":{"layout":"default","base_unit_name":{"singular":null,"plural":null},"default_variation":{}},"tiered_pricing_minimum_quantity":null,"tiered_pricing_roles_data":{"default_wholesaler":{"product_id":44169,"role":"default_wholesaler","pricing_type":"flat","regular_price":null,"sale_price":null,"discount":null,"discount_type":"sale_price","tiered_pricing_type":"fixed","percentage_rules":[],"fixed_rules":{"2":"8.89","30":"7.59","500":"6.69"},"minimum":null},"dropshippinger":{"product_id":44169,"role":"dropshippinger","pricing_type":"flat","regular_price":null,"sale_price":null,"discount":null,"discount_type":"sale_price","tiered_pricing_type":"fixed","percentage_rules":[],"fixed_rules":{"1":"10.69","5":"8.89","30":"6.69"},"minimum":null}},"tiered_pricing_percentage_rules":[],"tiered_pricing_maximum_quantity":null,"tiered_pricing_quantity_step":null,"_links":{"self":[{"href":"https:\/\/gretasexylingerie.com\/fi\/wp-json\/wp\/v2\/product\/44169","targetHints":{"allow":["GET"]}}],"collection":[{"href":"https:\/\/gretasexylingerie.com\/fi\/wp-json\/wp\/v2\/product"}],"about":[{"href":"https:\/\/gretasexylingerie.com\/fi\/wp-json\/wp\/v2\/types\/product"}],"wp:featuredmedia":[{"embeddable":true,"href":"https:\/\/gretasexylingerie.com\/fi\/wp-json\/wp\/v2\/media\/44182"}],"wp:attachment":[{"href":"https:\/\/gretasexylingerie.com\/fi\/wp-json\/wp\/v2\/media?parent=44169"}],"wp:term":[{"taxonomy":"product_brand","embeddable":true,"href":"https:\/\/gretasexylingerie.com\/fi\/wp-json\/wp\/v2\/product_brand?post=44169"},{"taxonomy":"product_cat","embeddable":true,"href":"https:\/\/gretasexylingerie.com\/fi\/wp-json\/wp\/v2\/product_cat?post=44169"},{"taxonomy":"product_tag","embeddable":true,"href":"https:\/\/gretasexylingerie.com\/fi\/wp-json\/wp\/v2\/product_tag?post=44169"}],"curies":[{"name":"wp","href":"https:\/\/api.w.org\/{rel}","templated":true}]}}