{"id":44149,"date":"2023-08-06T22:34:05","date_gmt":"2023-08-06T14:34:05","guid":{"rendered":"https:\/\/gretasexylingerie.com\/?post_type=product&#038;p=44149"},"modified":"2023-10-22T22:49:42","modified_gmt":"2023-10-22T14:49:42","slug":"mustat-pitsiset-rintaliivit-jossa-crossover-riimukaula","status":"publish","type":"product","link":"https:\/\/gretasexylingerie.com\/fi\/products\/black-lace-bra-set-with-crossover-halter-neck\/","title":{"rendered":"Musta pitsinen rintaliivisarja, jossa Crossover Halter Neck"},"content":{"rendered":"<ol class=\"wp-block-list\">\n<li>Musta pitsirintaliivit ja Crossover Halter Neck on suunniteltu viimeisimm\u00e4t muotitrendit ajatellen. Leikkausrintaliivit lis\u00e4\u00e4v\u00e4t rohkeutta, ja l\u00e4pikuultavat pitsihousut takaavat vastustamattoman ilmeen. T\u00e4m\u00e4 setti on varmasti hitti asiakkaidesi keskuudessa.<\/li>\n\n\n\n<li>Cutout Bran kolmiosainen setti l\u00e4pin\u00e4kyvill\u00e4 pitsihousuilla on tyylik\u00e4s ja mukava. Crossover-riimukaula lis\u00e4\u00e4 ripauksen eleganssia, kun taas musta pitsi tarjoaa mukautetun istuvuuden. T\u00e4m\u00e4 setti on t\u00e4ydellinen asiakkaille, jotka etsiv\u00e4t tyyli\u00e4 ja mukavuutta alusvaatteissaan.<\/li>\n\n\n\n<li>Mustat pitsirintaliivit, pikkuhousut ja sukkanauhasettimme, jossa on Crossover Halter Neck, ovat muotoilultaan ainutlaatuisia ja laadukkaita. Leikatut rintaliivit lis\u00e4\u00e4v\u00e4t ripauksen s\u00e4rm\u00e4yst\u00e4, kun taas l\u00e4pin\u00e4kyv\u00e4 pitsi takaa ylellisen tunteen. T\u00e4m\u00e4 setti erottuu varmasti kaikista alusvaatemallistoista.<\/li>\n<\/ol>\n\n\n\n<p>Syleile rohkeutta ja kaunista Black Lace Bran Setill\u00e4mme, jossa on riste\u00e4v\u00e4 kaula-aukko, leikatut rintaliivit ja l\u00e4pin\u00e4kyv\u00e4t pitsihousut. T\u00e4m\u00e4 sarja ei ole vain tuote; se on tyylinilmaus, josta asiakkaasi pit\u00e4v\u00e4t. \u00c4l\u00e4 odota. Ota meihin yhteytt\u00e4 t\u00e4n\u00e4\u00e4n tehd\u00e4ksesi tilauksesi tai esitt\u00e4\u00e4ksesi kysymyksi\u00e4. M\u00e4\u00e4ritell\u00e4\u00e4n yhdess\u00e4 alusvaatteiden muoti uudelleen!<\/p>\n\n\n\n<figure class=\"wp-block-table\"><table class=\"has-fixed-layout\"><tbody><tr><td>Sivustokaavio (CM)<\/td><td><\/td><td><\/td><td><\/td><td><\/td><\/tr><tr><td>Koko<\/td><td>Pituus<\/td><td>Alempi rintakeh\u00e4<\/td><td>Vy\u00f6t\u00e4r\u00f6<\/td><td>Vy\u00f6t\u00e4r\u00f6nauha<\/td><\/tr><tr><td>S<\/td><td>11.5<\/td><td>66<\/td><td>68<\/td><td>64<\/td><\/tr><tr><td>M<\/td><td>12<\/td><td>70<\/td><td>72<\/td><td>68<\/td><\/tr><tr><td>L<\/td><td>12.5<\/td><td>74<\/td><td>76<\/td><td>72<\/td><\/tr><tr><td>Sivustokaavio (TUUMA)<\/td><td><\/td><td><\/td><td><\/td><td><\/td><\/tr><tr><td>Koko<\/td><td>Pituus<\/td><td>Alempi rintakeh\u00e4<\/td><td>Vy\u00f6t\u00e4r\u00f6<\/td><td>Vy\u00f6t\u00e4r\u00f6nauha<\/td><\/tr><tr><td>S<\/td><td>4.53<\/td><td>25.98<\/td><td>26.77<\/td><td>25.2<\/td><\/tr><tr><td>M<\/td><td>4.72<\/td><td>27.56<\/td><td>28.35<\/td><td>26.77<\/td><\/tr><tr><td>L<\/td><td>4.92<\/td><td>29.13<\/td><td>29.92<\/td><td>28.35<\/td><\/tr><\/tbody><\/table><\/figure>","protected":false},"excerpt":{"rendered":"<p>Tarjoa asiakkaillesi parasta alusvaatteiden muodissa Black Lace -rintaliivit, -housut ja sukkanauhasettimme, jossa on Crossover Halter Neck. T\u00e4m\u00e4 setti tarjoaa t\u00e4ydellisen sekoituksen tyyli\u00e4, mukavuutta ja vieh\u00e4tyst\u00e4, ja se on suunniteltu erottumaan kaikista alusvaatemallistoista.<\/p>\n<p>https:\/\/youtu.be\/4EJlKBIFv4k<\/p>","protected":false},"featured_media":44161,"template":"","meta":[],"product_brand":[],"product_cat":[368,369,367,375],"product_tag":[868,870,875,533,865],"class_list":{"0":"post-44149","1":"product","2":"type-product","3":"status-publish","4":"has-post-thumbnail","6":"product_cat-bra-panty-set","7":"product_cat-wholesale-lace-bra-and-panty-sets","8":"product_cat-sexy-lingerie","9":"product_cat-whoelsale-sheer-bra-and-panty-sets","10":"product_tag-4-piece-lingerie-set","11":"product_tag-floral-lingerie","12":"product_tag-lace-sexy-lingerie","13":"product_tag-sexy-cupless-lingerie","14":"product_tag-sexy-skimpy-lingerie","15":"pa_color-black","16":"pa_size-wholesale-large-size-women-sexy-lingerie","17":"pa_size-wholesale-medium-size-women-sexy-lingerie","18":"pa_size-wholesale-small-size-sexy-lingerie","20":"first","21":"instock","22":"taxable","23":"shipping-taxable","24":"purchasable","25":"product-type-variable"},"tiered_pricing_type":"fixed","tiered_pricing_fixed_rules":[],"tiered_pricing_product_settings":{"layout":"default","base_unit_name":{"singular":null,"plural":null},"default_variation":{}},"tiered_pricing_minimum_quantity":null,"tiered_pricing_roles_data":{"default_wholesaler":{"product_id":44149,"role":"default_wholesaler","pricing_type":"flat","regular_price":null,"sale_price":null,"discount":null,"discount_type":"sale_price","tiered_pricing_type":"fixed","percentage_rules":[],"fixed_rules":{"2":"9.39","30":"8.09","500":"7.09"},"minimum":null},"dropshippinger":{"product_id":44149,"role":"dropshippinger","pricing_type":"flat","regular_price":null,"sale_price":null,"discount":null,"discount_type":"sale_price","tiered_pricing_type":"fixed","percentage_rules":[],"fixed_rules":{"1":"11.29","5":"9.39","30":"7.09"},"minimum":null}},"tiered_pricing_percentage_rules":[],"tiered_pricing_maximum_quantity":null,"tiered_pricing_quantity_step":null,"_links":{"self":[{"href":"https:\/\/gretasexylingerie.com\/fi\/wp-json\/wp\/v2\/product\/44149","targetHints":{"allow":["GET"]}}],"collection":[{"href":"https:\/\/gretasexylingerie.com\/fi\/wp-json\/wp\/v2\/product"}],"about":[{"href":"https:\/\/gretasexylingerie.com\/fi\/wp-json\/wp\/v2\/types\/product"}],"wp:featuredmedia":[{"embeddable":true,"href":"https:\/\/gretasexylingerie.com\/fi\/wp-json\/wp\/v2\/media\/44161"}],"wp:attachment":[{"href":"https:\/\/gretasexylingerie.com\/fi\/wp-json\/wp\/v2\/media?parent=44149"}],"wp:term":[{"taxonomy":"product_brand","embeddable":true,"href":"https:\/\/gretasexylingerie.com\/fi\/wp-json\/wp\/v2\/product_brand?post=44149"},{"taxonomy":"product_cat","embeddable":true,"href":"https:\/\/gretasexylingerie.com\/fi\/wp-json\/wp\/v2\/product_cat?post=44149"},{"taxonomy":"product_tag","embeddable":true,"href":"https:\/\/gretasexylingerie.com\/fi\/wp-json\/wp\/v2\/product_tag?post=44149"}],"curies":[{"name":"wp","href":"https:\/\/api.w.org\/{rel}","templated":true}]}}