{"id":44111,"date":"2023-08-05T01:20:52","date_gmt":"2023-08-04T17:20:52","guid":{"rendered":"https:\/\/gretasexylingerie.com\/?post_type=product&#038;p=44111"},"modified":"2023-10-22T22:48:29","modified_gmt":"2023-10-22T14:48:29","slug":"tyylikas-valkoinen-bustier-setti-lapinakyvilla-mesh-tukkuvaatteilla","status":"publish","type":"product","link":"https:\/\/gretasexylingerie.com\/fi\/products\/elegant-white-bustier-set-with-sheer-mesh-wholesale-lingerie\/","title":{"rendered":"Tyylik\u00e4s valkoinen bustier-setti l\u00e4pin\u00e4kyv\u00e4ll\u00e4 meshill\u00e4 \u2013 tukkualusvaatteita"},"content":{"rendered":"<ol class=\"wp-block-list\">\n<li>White Sheer Mesh Bustier -settimme, jossa on sininen brodeerattu kukka, on suunniteltu viimeisimm\u00e4t muotitrendit ajatellen. L\u00e4pin\u00e4kyv\u00e4 verkko lis\u00e4\u00e4 ripauksen eleganssia, kun taas sininen kirjailtu kukka varmistaa ainutlaatuisen ja hienostuneen ilmeen. T\u00e4m\u00e4 setti on varmasti hitti asiakkaidesi keskuudessa.<\/li>\n\n\n\n<li>Elegantti White Bustier Set Sheer Meshill\u00e4 ja sinisell\u00e4 brodeeratulla kukalla on tyylik\u00e4s ja mukava. L\u00e4pin\u00e4kyv\u00e4 verkko lis\u00e4\u00e4 ripauksen houkuttelevuutta, kun taas sininen kirjailtu yksityiskohta tarjoaa mukautetun istuvuuden. T\u00e4m\u00e4 setti on t\u00e4ydellinen asiakkaille, jotka etsiv\u00e4t tyyli\u00e4 ja mukavuutta alusvaatteissaan.<\/li>\n\n\n\n<li>White Sheer Mesh Bustier -sarjamme sinisill\u00e4 brodeeratuilla yksityiskohdilla on ainutlaatuinen muotoilu ja korkea laatu. Sininen brodeerattu kukka lis\u00e4\u00e4 ripauksen ylellisyytt\u00e4, kun taas valkoinen l\u00e4pin\u00e4kyv\u00e4 verkko varmistaa kiehtovan kuvan alla olevasta. T\u00e4m\u00e4 setti erottuu varmasti kaikista alusvaatemallistoista.<\/li>\n<\/ol>\n\n\n\n<p>Ymm\u00e4rr\u00e4 eleganssia ja hienostuneisuutta White Sheer Mesh Bustier -sarjamme avulla, jossa on sininen kirjailtu kukka. T\u00e4m\u00e4 sarja ei ole vain tuote; se on tyylinilmaus, josta asiakkaasi pit\u00e4v\u00e4t. \u00c4l\u00e4 odota. Ota meihin yhteytt\u00e4 t\u00e4n\u00e4\u00e4n tehd\u00e4ksesi tilauksesi tai esitt\u00e4\u00e4ksesi kysymyksi\u00e4. M\u00e4\u00e4ritell\u00e4\u00e4n yhdess\u00e4 alusvaatteiden muoti uudelleen!<\/p>\n\n\n\n<figure class=\"wp-block-table is-style-stripes\"><table class=\"has-fixed-layout\"><tbody><tr><td>Sivustokaavio (CM)<\/td><td><\/td><td><\/td><td><\/td><td><\/td><\/tr><tr><td>Koko<\/td><td>Pituus<\/td><td>Alempi rintakeh\u00e4<\/td><td>Vy\u00f6t\u00e4r\u00f6<\/td><td>Vy\u00f6t\u00e4r\u00f6nauha<\/td><\/tr><tr><td>S<\/td><td>11.5<\/td><td>66<\/td><td>68<\/td><td>64<\/td><\/tr><tr><td>M<\/td><td>12<\/td><td>70<\/td><td>72<\/td><td>68<\/td><\/tr><tr><td>L<\/td><td>12.5<\/td><td>74<\/td><td>76<\/td><td>72<\/td><\/tr><tr><td>Sivustokaavio (TUUMA)<\/td><td><\/td><td><\/td><td><\/td><td><\/td><\/tr><tr><td>Koko<\/td><td>Pituus<\/td><td>Alempi rintakeh\u00e4<\/td><td>Vy\u00f6t\u00e4r\u00f6<\/td><td>Vy\u00f6t\u00e4r\u00f6nauha<\/td><\/tr><tr><td>S<\/td><td>4.53<\/td><td>25.98<\/td><td>26.77<\/td><td>25.2<\/td><\/tr><tr><td>M<\/td><td>4.72<\/td><td>27.56<\/td><td>28.35<\/td><td>26.77<\/td><\/tr><tr><td>L<\/td><td>4.92<\/td><td>29.13<\/td><td>29.92<\/td><td>28.35<\/td><\/tr><\/tbody><\/table><\/figure>","protected":false},"excerpt":{"rendered":"<p>Pysy alusvaatteiden trendin edell\u00e4 elegantilla White Bustier -setill\u00e4, jossa on l\u00e4pin\u00e4kyv\u00e4 verkko ja sininen brodeerattu kukka. Hienolla k\u00e4sity\u00f6n\u00e4 valmistettu se on upea lis\u00e4 mihin tahansa alusvaatemallistoon, jossa yhdistyy vieh\u00e4tys ja eleganssi.<\/p>\n<p>https:\/\/youtu.be\/28wQgypGpzI<\/p>","protected":false},"featured_media":44128,"template":"","meta":[],"product_brand":[],"product_cat":[387,390,386,367],"product_tag":[454,870,518,880,504],"class_list":{"0":"post-44111","1":"product","2":"type-product","3":"status-publish","4":"has-post-thumbnail","6":"product_cat-wholesale-bustier-bra-set","7":"product_cat-wholesale-mesh-bustier","8":"product_cat-sexy-bustiers","9":"product_cat-sexy-lingerie","10":"product_tag-wholesale-sexy-embroidered-lingerie","11":"product_tag-floral-lingerie","12":"product_tag-mesh-lingerie","13":"product_tag-sexy-2-piece-lingerie","14":"product_tag-ultra-sexy","15":"pa_color-white","16":"pa_size-wholesale-large-size-women-sexy-lingerie","17":"pa_size-wholesale-medium-size-women-sexy-lingerie","18":"pa_size-wholesale-small-size-sexy-lingerie","20":"first","21":"instock","22":"taxable","23":"shipping-taxable","24":"purchasable","25":"product-type-variable"},"tiered_pricing_type":"fixed","tiered_pricing_fixed_rules":[],"tiered_pricing_product_settings":{"layout":"default","base_unit_name":{"singular":null,"plural":null},"default_variation":{}},"tiered_pricing_minimum_quantity":null,"tiered_pricing_roles_data":{"default_wholesaler":{"product_id":44111,"role":"default_wholesaler","pricing_type":"flat","regular_price":null,"sale_price":null,"discount":null,"discount_type":"sale_price","tiered_pricing_type":"fixed","percentage_rules":[],"fixed_rules":{"2":"10.49","30":"8.99","500":"7.89"},"minimum":null},"dropshippinger":{"product_id":44111,"role":"dropshippinger","pricing_type":"flat","regular_price":null,"sale_price":null,"discount":null,"discount_type":"sale_price","tiered_pricing_type":"fixed","percentage_rules":[],"fixed_rules":{"1":"12.49","5":"10.49","30":"7.89"},"minimum":null}},"tiered_pricing_percentage_rules":[],"tiered_pricing_maximum_quantity":null,"tiered_pricing_quantity_step":null,"_links":{"self":[{"href":"https:\/\/gretasexylingerie.com\/fi\/wp-json\/wp\/v2\/product\/44111","targetHints":{"allow":["GET"]}}],"collection":[{"href":"https:\/\/gretasexylingerie.com\/fi\/wp-json\/wp\/v2\/product"}],"about":[{"href":"https:\/\/gretasexylingerie.com\/fi\/wp-json\/wp\/v2\/types\/product"}],"wp:featuredmedia":[{"embeddable":true,"href":"https:\/\/gretasexylingerie.com\/fi\/wp-json\/wp\/v2\/media\/44128"}],"wp:attachment":[{"href":"https:\/\/gretasexylingerie.com\/fi\/wp-json\/wp\/v2\/media?parent=44111"}],"wp:term":[{"taxonomy":"product_brand","embeddable":true,"href":"https:\/\/gretasexylingerie.com\/fi\/wp-json\/wp\/v2\/product_brand?post=44111"},{"taxonomy":"product_cat","embeddable":true,"href":"https:\/\/gretasexylingerie.com\/fi\/wp-json\/wp\/v2\/product_cat?post=44111"},{"taxonomy":"product_tag","embeddable":true,"href":"https:\/\/gretasexylingerie.com\/fi\/wp-json\/wp\/v2\/product_tag?post=44111"}],"curies":[{"name":"wp","href":"https:\/\/api.w.org\/{rel}","templated":true}]}}