{"id":44071,"date":"2023-08-04T23:25:21","date_gmt":"2023-08-04T15:25:21","guid":{"rendered":"https:\/\/gretasexylingerie.com\/?post_type=product&#038;p=44071"},"modified":"2023-10-22T22:52:02","modified_gmt":"2023-10-22T14:52:02","slug":"seksikas-lapinakyva-kolmiosainen-alushoususarja-jossa-on-irrotettava-etuosa","status":"publish","type":"product","link":"https:\/\/gretasexylingerie.com\/fi\/products\/sexy-transparent-three-piece-underwear-set-with-front-detachable\/","title":{"rendered":"Seksik\u00e4s l\u00e4pin\u00e4kyv\u00e4 kolmiosainen alusasusetti, jossa on irrotettava etuosa"},"content":{"rendered":"<ol class=\"wp-block-list\">\n<li>Vaaleanpunainen purppura kolmiosainen alusasusettimme kirjailtuilla pitsill\u00e4 on suunniteltu viimeisimm\u00e4t muotitrendit ajatellen. Edess\u00e4 irrotettavat rintaliivit lis\u00e4\u00e4v\u00e4t ripauksen toimivuutta, ja seksik\u00e4s l\u00e4pin\u00e4kyv\u00e4 muotoilu takaa vastustamattoman ilmeen. T\u00e4m\u00e4 setti on varmasti hitti asiakkaidesi keskuudessa.<\/li>\n\n\n\n<li>Seksik\u00e4s l\u00e4pin\u00e4kyv\u00e4 kolmiosainen alusasusetti, jossa on irrotettavat rintaliivit edess\u00e4, on tyylik\u00e4s ja mukava. Brodeerattu pitsi lis\u00e4\u00e4 ripauksen eleganssia, kun taas vaaleanpunainen-violetti v\u00e4ri tarjoaa mukautetun istuvuuden. T\u00e4m\u00e4 setti on t\u00e4ydellinen asiakkaille, jotka etsiv\u00e4t tyyli\u00e4 ja mukavuutta alusvaatteissaan.<\/li>\n\n\n\n<li>Vaaleanpunainen purppura kolmiosainen alusvaatteet settimme seksikk\u00e4\u00e4ll\u00e4 l\u00e4pin\u00e4kyv\u00e4ll\u00e4 muotoilulla on ainutlaatuinen ja laadukas. Edess\u00e4 irrotettavat rintaliivit lis\u00e4\u00e4v\u00e4t k\u00e4ytt\u00f6mukavuutta, kun taas kirjailtu pitsi takaa ylellisen tunteen. T\u00e4m\u00e4 setti erottuu varmasti kaikista alusvaatemallistoista.<\/li>\n<\/ol>\n\n\n\n<p>Ymm\u00e4rr\u00e4 eleganssia ja vieh\u00e4tysvoimaa Pink Purple -kolmiosaisella alusvaatteet setill\u00e4mme, jossa on kirjailtu pitsi, irrotettavat rintaliivit ja seksik\u00e4s l\u00e4pin\u00e4kyv\u00e4 muotoilu. T\u00e4m\u00e4 sarja ei ole vain tuote; se on tyylinilmaus, josta asiakkaasi pit\u00e4v\u00e4t. \u00c4l\u00e4 odota; ota meihin yhteytt\u00e4 t\u00e4n\u00e4\u00e4n tehd\u00e4ksesi tilauksesi tai esitt\u00e4\u00e4ksesi kysymyksi\u00e4. M\u00e4\u00e4ritell\u00e4\u00e4n yhdess\u00e4 alusvaatteiden muoti uudelleen!<\/p>\n\n\n\n<figure class=\"wp-block-table is-style-stripes\"><table class=\"has-fixed-layout\"><tbody><tr><td>Sivustokaavio (CM)<\/td><td><\/td><td><\/td><td><\/td><td><\/td><\/tr><tr><td>Koko<\/td><td>Pituus<\/td><td>Alempi rintakeh\u00e4<\/td><td>Vy\u00f6t\u00e4r\u00f6<\/td><td>Vy\u00f6t\u00e4r\u00f6nauha<\/td><\/tr><tr><td>S<\/td><td>13<\/td><td>64<\/td><td>72<\/td><td>62<\/td><\/tr><tr><td>M<\/td><td>14<\/td><td>68<\/td><td>76<\/td><td>64<\/td><\/tr><tr><td>L<\/td><td>15<\/td><td>72<\/td><td>80<\/td><td>68<\/td><\/tr><tr><td>Sivustokaavio (TUUMA)<\/td><td><\/td><td><\/td><td><\/td><td><\/td><\/tr><tr><td>Koko<\/td><td>Pituus<\/td><td>Alempi rintakeh\u00e4<\/td><td>Vy\u00f6t\u00e4r\u00f6<\/td><td>Vy\u00f6t\u00e4r\u00f6nauha<\/td><\/tr><tr><td>S<\/td><td>5.12<\/td><td>25.2<\/td><td>28.35<\/td><td>24.41<\/td><\/tr><tr><td>M<\/td><td>5.51<\/td><td>26.77<\/td><td>29.92<\/td><td>25.2<\/td><\/tr><tr><td>L<\/td><td>5.91<\/td><td>28.35<\/td><td>31.5<\/td><td>26.77<\/td><\/tr><\/tbody><\/table><\/figure>","protected":false},"excerpt":{"rendered":"<p>Pysy alusvaatteiden trendin edell\u00e4 seksikk\u00e4\u00e4ll\u00e4 l\u00e4pin\u00e4kyv\u00e4ll\u00e4 kolmiosaisella alusvaatteet setill\u00e4, jossa on irrotettavat rintaliivit. T\u00e4ss\u00e4 setiss\u00e4 yhdistyy vaaleanpunaisen violetin v\u00e4rin vieh\u00e4tys ja kirjailtujen pitsien eleganssi. Hienolla k\u00e4sity\u00f6n\u00e4 valmistettu se on upea lis\u00e4 mihin tahansa alusvaatemallistoon.<\/p>\n<p>https:\/\/youtu.be\/TI-1vrz42go<\/p>","protected":false},"featured_media":44089,"template":"","meta":[],"product_brand":[],"product_cat":[368,369,367,375],"product_tag":[507,452,448,446,863],"class_list":{"0":"post-44071","1":"product","2":"type-product","3":"status-publish","4":"has-post-thumbnail","6":"product_cat-bra-panty-set","7":"product_cat-wholesale-lace-bra-and-panty-sets","8":"product_cat-sexy-lingerie","9":"product_cat-whoelsale-sheer-bra-and-panty-sets","10":"product_tag-three-pcs-set","11":"product_tag-wholesale-boudoir-lingerie","12":"product_tag-wholesale-elegant-sexy-lingerie","13":"product_tag-wholesale-sexy-see-through-lingerie","14":"product_tag-sexy-thong-lingerie","15":"pa_color-light-purple","16":"pa_size-wholesale-large-size-women-sexy-lingerie","17":"pa_size-wholesale-medium-size-women-sexy-lingerie","18":"pa_size-wholesale-small-size-sexy-lingerie","20":"first","21":"instock","22":"taxable","23":"shipping-taxable","24":"purchasable","25":"product-type-variable"},"tiered_pricing_type":"fixed","tiered_pricing_fixed_rules":[],"tiered_pricing_product_settings":{"layout":"default","base_unit_name":{"singular":null,"plural":null},"default_variation":{}},"tiered_pricing_minimum_quantity":null,"tiered_pricing_roles_data":{"default_wholesaler":{"product_id":44071,"role":"default_wholesaler","pricing_type":"flat","regular_price":null,"sale_price":null,"discount":null,"discount_type":"sale_price","tiered_pricing_type":"fixed","percentage_rules":[],"fixed_rules":{"2":"9.38","30":"8.09","500":"7.09"},"minimum":null},"dropshippinger":{"product_id":44071,"role":"dropshippinger","pricing_type":"flat","regular_price":null,"sale_price":null,"discount":null,"discount_type":"sale_price","tiered_pricing_type":"fixed","percentage_rules":[],"fixed_rules":{"1":"11.29","5":"9.39","30":"7.09"},"minimum":null}},"tiered_pricing_percentage_rules":[],"tiered_pricing_maximum_quantity":null,"tiered_pricing_quantity_step":null,"_links":{"self":[{"href":"https:\/\/gretasexylingerie.com\/fi\/wp-json\/wp\/v2\/product\/44071","targetHints":{"allow":["GET"]}}],"collection":[{"href":"https:\/\/gretasexylingerie.com\/fi\/wp-json\/wp\/v2\/product"}],"about":[{"href":"https:\/\/gretasexylingerie.com\/fi\/wp-json\/wp\/v2\/types\/product"}],"wp:featuredmedia":[{"embeddable":true,"href":"https:\/\/gretasexylingerie.com\/fi\/wp-json\/wp\/v2\/media\/44089"}],"wp:attachment":[{"href":"https:\/\/gretasexylingerie.com\/fi\/wp-json\/wp\/v2\/media?parent=44071"}],"wp:term":[{"taxonomy":"product_brand","embeddable":true,"href":"https:\/\/gretasexylingerie.com\/fi\/wp-json\/wp\/v2\/product_brand?post=44071"},{"taxonomy":"product_cat","embeddable":true,"href":"https:\/\/gretasexylingerie.com\/fi\/wp-json\/wp\/v2\/product_cat?post=44071"},{"taxonomy":"product_tag","embeddable":true,"href":"https:\/\/gretasexylingerie.com\/fi\/wp-json\/wp\/v2\/product_tag?post=44071"}],"curies":[{"name":"wp","href":"https:\/\/api.w.org\/{rel}","templated":true}]}}