{"id":44010,"date":"2023-08-04T01:17:48","date_gmt":"2023-08-03T17:17:48","guid":{"rendered":"https:\/\/gretasexylingerie.com\/?post_type=product&#038;p=44010"},"modified":"2023-10-13T22:11:33","modified_gmt":"2023-10-13T14:11:33","slug":"lapinakyva-mesh-seksikas-alusvaatteet-rintaliivit-setti-kirjailtuja-kukkia","status":"publish","type":"product","link":"https:\/\/gretasexylingerie.com\/fi\/products\/sheer-mesh-sexy-lingerie-bra-set-with-embroidered-flowers\/","title":{"rendered":"Sheer Mesh Sexy Lingerie Bra Set kirjailtuja kukkia"},"content":{"rendered":"<ol class=\"wp-block-list\">\n<li>Sheer Mesh Sexy Lingerie Lingerie -rintaliivisarjamme brodeeratuilla kukilla on suunniteltu viimeisimm\u00e4t muotitrendit ajatellen. Vaalean violetti v\u00e4ri lis\u00e4\u00e4 ripauksen naisellisuutta, kun taas eritt\u00e4in leve\u00e4t pitsihihnat varmistavat t\u00e4ydellisen istuvuuden. T\u00e4m\u00e4 setti on varmasti hitti asiakkaidesi keskuudessa.<\/li>\n\n\n\n<li>Vaaleanvioletti seksik\u00e4s alushousurintaliivit, pikkuhousut ja sukkanauhasetti, joissa on eritt\u00e4in leve\u00e4t pitsihihnat, ei ole vain tyylik\u00e4s, vaan my\u00f6s mukava. L\u00e4pin\u00e4kyv\u00e4 verkko lis\u00e4\u00e4 ripauksen eleganssia, kun taas brodeeratut kukat tarjoavat mukautetun istuvuuden. T\u00e4m\u00e4 setti on t\u00e4ydellinen asiakkaille, jotka etsiv\u00e4t sek\u00e4 tyyli\u00e4 ett\u00e4 mukavuutta alusvaatteistaan.<\/li>\n\n\n\n<li>Sexy Lingerie Bra Set, jossa on l\u00e4pin\u00e4kyv\u00e4 verkko ja kirjailtuja kukkia, on ainutlaatuinen muotoilu ja korkea laatu. Erikoisleve\u00e4t pitsihihnat lis\u00e4\u00e4v\u00e4t ripauksen s\u00e4rm\u00e4yst\u00e4, kun taas vaalean violetti v\u00e4ri takaa kiehtovan kuvan alla olevasta. T\u00e4m\u00e4 setti erottuu varmasti kaikista alusvaatemallistoista.<\/li>\n<\/ol>\n\n\n\n<p>P\u00e4\u00e4st\u00e4 rohkea ja kaunis valloilleen Sexy Lingerie Bra Setill\u00e4, jossa on l\u00e4pikuultavaa verkkoa, kirjailtuja kukkia, vaalean violetti v\u00e4ri ja eritt\u00e4in leve\u00e4t pitsiolkaimet. T\u00e4m\u00e4 sarja ei ole vain tuote. Se on tyylin ja vieh\u00e4tyksen ilmaisu, josta asiakkaasi pit\u00e4v\u00e4t. \u00c4l\u00e4 odota. Ota meihin yhteytt\u00e4 t\u00e4n\u00e4\u00e4n tehd\u00e4ksesi tilauksesi tai esitt\u00e4\u00e4ksesi kysymyksi\u00e4. M\u00e4\u00e4ritell\u00e4\u00e4n yhdess\u00e4 alusvaatteiden muoti uudelleen!<\/p>\n\n\n\n<figure class=\"wp-block-embed is-type-video is-provider-youtube wp-block-embed-youtube wp-embed-aspect-16-9 wp-has-aspect-ratio\"><div class=\"wp-block-embed__wrapper\">\n<div class=\"video-container\"><iframe title=\"Sheer Mesh Sexy Lingerie Bra Set kirjailtuja kukkia\" width=\"1170\" height=\"658\" src=\"https:\/\/www.youtube.com\/embed\/XXgWyqtXPq4?feature=oembed\" frameborder=\"0\" allow=\"accelerometer; autoplay; clipboard-write; encrypted-media; gyroscope; picture-in-picture; web-share\" allowfullscreen><\/iframe><\/div>\n<\/div><\/figure>\n\n\n\n<figure class=\"wp-block-table is-style-stripes\"><table class=\"has-fixed-layout\"><tbody><tr><td>Sivustokaavio (CM)<\/td><td><\/td><td><\/td><td><\/td><td><\/td><\/tr><tr><td>Koko<\/td><td>Pituus<\/td><td>Alempi rintakeh\u00e4<\/td><td>Vy\u00f6t\u00e4r\u00f6<\/td><td>Vy\u00f6t\u00e4r\u00f6nauha<\/td><\/tr><tr><td>S<\/td><td>20<\/td><td>66-86<\/td><td>72-96<\/td><td>64-86<\/td><\/tr><tr><td>M<\/td><td>21<\/td><td>70-90<\/td><td>76-100<\/td><td>68-90<\/td><\/tr><tr><td>L<\/td><td>22<\/td><td>74-94<\/td><td>80-104<\/td><td>72-94<\/td><\/tr><tr><td>XL<\/td><td>23<\/td><td>78-98<\/td><td>84-108<\/td><td>76-98<\/td><\/tr><tr><td>Sivustokaavio (TUUMA)<\/td><td><\/td><td><\/td><td><\/td><td><\/td><\/tr><tr><td>Koko<\/td><td>Pituus<\/td><td>Alempi rintakeh\u00e4<\/td><td>Vy\u00f6t\u00e4r\u00f6<\/td><td>Vy\u00f6t\u00e4r\u00f6nauha<\/td><\/tr><tr><td>S<\/td><td>7.87<\/td><td>25.98-33.86<\/td><td>28.35-37.80<\/td><td>25.20-33.86<\/td><\/tr><tr><td>M<\/td><td>8.27<\/td><td>27.56-35.43<\/td><td>29.92-39.37<\/td><td>26.77-35.43<\/td><\/tr><tr><td>L<\/td><td>8.66<\/td><td>29.13-37.01<\/td><td>31.50-40.94<\/td><td>28.35-37.01<\/td><\/tr><tr><td>XL<\/td><td>9.06<\/td><td>30.71-38.58<\/td><td>33.07-42.52<\/td><td>29.92-38.58<\/td><\/tr><\/tbody><\/table><\/figure>\n\n\n\n<p><\/p>","protected":false},"excerpt":{"rendered":"<p>Pysy alusvaatteiden trendin k\u00e4rjess\u00e4 k\u00e4ytt\u00e4m\u00e4ll\u00e4 vaalean violetteja seksikk\u00e4it\u00e4 alushousu-, pikkuhousu- ja sukkanauhasettej\u00e4, joissa on eritt\u00e4in leve\u00e4t pitsiolkaimet. T\u00e4ss\u00e4 setiss\u00e4 yhdistyy l\u00e4pin\u00e4kyv\u00e4n verkon vieh\u00e4tys ja kirjailtujen kukkien eleganssi. Hienolla k\u00e4sity\u00f6n\u00e4 valmistettu se on upea lis\u00e4 mihin tahansa alusvaatemallistoon.<\/p>","protected":false},"featured_media":44026,"template":"","meta":[],"product_brand":[],"product_cat":[368,367,375],"product_tag":[507,448,454,532,518,864],"class_list":{"0":"post-44010","1":"product","2":"type-product","3":"status-publish","4":"has-post-thumbnail","6":"product_cat-bra-panty-set","7":"product_cat-sexy-lingerie","8":"product_cat-whoelsale-sheer-bra-and-panty-sets","9":"product_tag-three-pcs-set","10":"product_tag-wholesale-elegant-sexy-lingerie","11":"product_tag-wholesale-sexy-embroidered-lingerie","12":"product_tag-lingerie-suspender-set","13":"product_tag-mesh-lingerie","14":"product_tag-sexy-petite-lingerie","15":"pa_color-light-purple","16":"pa_size-wholesale-large-size-women-sexy-lingerie","17":"pa_size-wholesale-medium-size-women-sexy-lingerie","18":"pa_size-wholesale-small-size-sexy-lingerie","19":"pa_size-wholesale-extra-large-sexy-lingerie","21":"first","22":"instock","23":"taxable","24":"shipping-taxable","25":"purchasable","26":"product-type-variable"},"tiered_pricing_type":"fixed","tiered_pricing_fixed_rules":[],"tiered_pricing_product_settings":{"layout":"default","base_unit_name":{"singular":null,"plural":null},"default_variation":null},"tiered_pricing_minimum_quantity":null,"tiered_pricing_roles_data":{"default_wholesaler":{"product_id":44010,"role":"default_wholesaler","pricing_type":"flat","regular_price":null,"sale_price":null,"discount":null,"discount_type":"sale_price","tiered_pricing_type":"fixed","percentage_rules":[],"fixed_rules":{"2":"10.19","30":"8.79","500":"7.69"},"minimum":null},"dropshippinger":{"product_id":44010,"role":"dropshippinger","pricing_type":"flat","regular_price":null,"sale_price":12.19,"discount":null,"discount_type":"sale_price","tiered_pricing_type":"fixed","percentage_rules":[],"fixed_rules":{"1":"12.19","5":"10.19","30":"7.69"},"minimum":null}},"tiered_pricing_percentage_rules":[],"tiered_pricing_maximum_quantity":null,"tiered_pricing_quantity_step":null,"_links":{"self":[{"href":"https:\/\/gretasexylingerie.com\/fi\/wp-json\/wp\/v2\/product\/44010","targetHints":{"allow":["GET"]}}],"collection":[{"href":"https:\/\/gretasexylingerie.com\/fi\/wp-json\/wp\/v2\/product"}],"about":[{"href":"https:\/\/gretasexylingerie.com\/fi\/wp-json\/wp\/v2\/types\/product"}],"wp:featuredmedia":[{"embeddable":true,"href":"https:\/\/gretasexylingerie.com\/fi\/wp-json\/wp\/v2\/media\/44026"}],"wp:attachment":[{"href":"https:\/\/gretasexylingerie.com\/fi\/wp-json\/wp\/v2\/media?parent=44010"}],"wp:term":[{"taxonomy":"product_brand","embeddable":true,"href":"https:\/\/gretasexylingerie.com\/fi\/wp-json\/wp\/v2\/product_brand?post=44010"},{"taxonomy":"product_cat","embeddable":true,"href":"https:\/\/gretasexylingerie.com\/fi\/wp-json\/wp\/v2\/product_cat?post=44010"},{"taxonomy":"product_tag","embeddable":true,"href":"https:\/\/gretasexylingerie.com\/fi\/wp-json\/wp\/v2\/product_tag?post=44010"}],"curies":[{"name":"wp","href":"https:\/\/api.w.org\/{rel}","templated":true}]}}