{"id":43893,"date":"2023-07-31T22:36:16","date_gmt":"2023-07-31T14:36:16","guid":{"rendered":"https:\/\/gretasexylingerie.com\/?post_type=product&#038;p=43893"},"modified":"2023-10-22T23:03:26","modified_gmt":"2023-10-22T15:03:26","slug":"tyylikkaat-mustat-rintaliivit-ja-pikkuhousut-joissa-on-rinnassa-leikkaus","status":"publish","type":"product","link":"https:\/\/gretasexylingerie.com\/fi\/products\/elegant-black-bra-and-panties-set-with-chest-cutout\/","title":{"rendered":"Tyylik\u00e4s musta rintaliivit ja pikkuhousut -setti, jossa on rintaleikkaus \u2013 ihanteellinen B2B-alusvaatekauppiaille"},"content":{"rendered":"<ol class=\"wp-block-list\">\n<li>Mustat rintaliivit ja pikkuhousut, joissa on rintaleikkaus, on suunniteltu viimeisimm\u00e4t muotitrendit ajatellen. Kaksinkertainen leve\u00e4 vy\u00f6 lis\u00e4\u00e4 ripaus rohkeutta, kun taas s\u00e4\u00e4dett\u00e4v\u00e4t riimuhihnat varmistavat t\u00e4ydellisen istuvuuden. T\u00e4m\u00e4 setti on varmasti hitti asiakkaidesi keskuudessa.<\/li>\n\n\n\n<li>Musta rintaliivisarja, jossa on kaksinkertainen leve\u00e4 vy\u00f6 ja s\u00e4\u00e4dett\u00e4v\u00e4t riimuhihnat, on tyylik\u00e4s ja mukava. Strassikiviriipuskoriste lis\u00e4\u00e4 ripauksen eleganssia, kun taas rinnassa oleva leikkaus tarjoaa kiehtovan kuvan alla olevasta. T\u00e4m\u00e4 setti on t\u00e4ydellinen asiakkaille, jotka etsiv\u00e4t tyyli\u00e4 ja mukavuutta alusvaatteissaan.<\/li>\n\n\n\n<li>Mustat pitsiset rintaliivit ja pikkuhousut, joissa on tekojalokiviriipuskoristelu, on muotoilultaan ainutlaatuinen ja laadukas. Rintaleikkaus ja kaksinkertainen leve\u00e4 vy\u00f6 lis\u00e4\u00e4v\u00e4t ripauksen ter\u00e4vyytt\u00e4, kun taas s\u00e4\u00e4dett\u00e4v\u00e4t riimuhihnat varmistavat t\u00e4ydellisen istuvuuden. T\u00e4m\u00e4 setti erottuu varmasti kaikista alusvaatemallistoista.<\/li>\n<\/ol>\n\n\n\n<p>P\u00e4\u00e4st\u00e4 rohkea ja kaunis valloilleen mustalla rintaliivisarjallamme, jossa on rintaleikkaus, kaksinkertainen leve\u00e4 vy\u00f6, s\u00e4\u00e4dett\u00e4v\u00e4t riimuhihnat ja tekojalokiviriipuskoriste. T\u00e4m\u00e4 sarja ei ole vain tuote. Se on tyylin ja vieh\u00e4tyksen ilmaisu, josta asiakkaasi pit\u00e4v\u00e4t. \u00c4l\u00e4 odota. Ota meihin yhteytt\u00e4 t\u00e4n\u00e4\u00e4n tehd\u00e4ksesi tilauksesi tai esitt\u00e4\u00e4ksesi kysymyksi\u00e4. M\u00e4\u00e4ritell\u00e4\u00e4n yhdess\u00e4 alusvaatteiden muoti uudelleen!<\/p>\n\n\n\n<figure class=\"wp-block-table is-style-stripes\"><table class=\"has-fixed-layout\"><tbody><tr><td colspan=\"5\">Sivustokaavio (CM)<\/td><\/tr><tr><td>Koko<\/td><td>Pituus<\/td><td>Alempi rintakeh\u00e4<\/td><td>Vy\u00f6t\u00e4r\u00f6<\/td><td>Vy\u00f6t\u00e4r\u00f6nauha<\/td><\/tr><tr><td>S<\/td><td>11<\/td><td>64-86<\/td><td>65<\/td><td>64-90<\/td><\/tr><tr><td>M<\/td><td>12<\/td><td>68-90<\/td><td>69<\/td><td>68-94<\/td><\/tr><tr><td>L<\/td><td>13<\/td><td>72-94<\/td><td>73<\/td><td>72-98<\/td><\/tr><tr><td colspan=\"5\">Sivustokaavio (TUUMA)<\/td><\/tr><tr><td>Koko<\/td><td>Pituus<\/td><td>Alempi rintakeh\u00e4<\/td><td>Vy\u00f6t\u00e4r\u00f6<\/td><td>Vy\u00f6t\u00e4r\u00f6nauha<\/td><\/tr><tr><td>S<\/td><td>4.33<\/td><td>25.20-33.86<\/td><td>25.59<\/td><td>25.20-35.43<\/td><\/tr><tr><td>M<\/td><td>4.72<\/td><td>26.77-35.43<\/td><td>27.17<\/td><td>26.77-37.01<\/td><\/tr><tr><td>L<\/td><td>5.12<\/td><td>28.35-37.01<\/td><td>28.74<\/td><td>28.35-38.58<\/td><\/tr><\/tbody><\/table><\/figure>","protected":false},"excerpt":{"rendered":"<p>Pysy alusvaatteiden trendin edell\u00e4 mustalla rintaliivisarjallamme, jossa on kaksinkertainen leve\u00e4 vy\u00f6 ja s\u00e4\u00e4dett\u00e4v\u00e4t riimuhihnat. T\u00e4ss\u00e4 setiss\u00e4 yhdistyv\u00e4t rintakeh\u00e4leikkauksen vieh\u00e4tys ja tekojalokiviriipuskoristeen eleganssi. Hienolla k\u00e4sity\u00f6n\u00e4 valmistettu se on upea lis\u00e4 mihin tahansa alusvaatemallistoon.<\/p>\n<p>https:\/\/youtu.be\/ZFmegpKdHCQ<\/p>","protected":false},"featured_media":43902,"template":"","meta":[],"product_brand":[],"product_cat":[368,367,375],"product_tag":[868,861,448,518,446,863],"class_list":{"0":"post-43893","1":"product","2":"type-product","3":"status-publish","4":"has-post-thumbnail","6":"product_cat-bra-panty-set","7":"product_cat-sexy-lingerie","8":"product_cat-whoelsale-sheer-bra-and-panty-sets","9":"product_tag-4-piece-lingerie-set","10":"product_tag-brunette-lingerie","11":"product_tag-wholesale-elegant-sexy-lingerie","12":"product_tag-mesh-lingerie","13":"product_tag-wholesale-sexy-see-through-lingerie","14":"product_tag-sexy-thong-lingerie","15":"pa_color-black","16":"pa_size-wholesale-large-size-women-sexy-lingerie","17":"pa_size-wholesale-medium-size-women-sexy-lingerie","18":"pa_size-wholesale-small-size-sexy-lingerie","20":"first","21":"instock","22":"taxable","23":"shipping-taxable","24":"purchasable","25":"product-type-variable"},"tiered_pricing_type":"fixed","tiered_pricing_fixed_rules":[],"tiered_pricing_product_settings":{"layout":"default","base_unit_name":{"singular":null,"plural":null},"default_variation":{}},"tiered_pricing_minimum_quantity":null,"tiered_pricing_roles_data":{"default_wholesaler":{"product_id":43893,"role":"default_wholesaler","pricing_type":"flat","regular_price":null,"sale_price":null,"discount":null,"discount_type":"sale_price","tiered_pricing_type":"fixed","percentage_rules":[],"fixed_rules":{"2":"10.49","30":"8.99","500":"7.89"},"minimum":null},"dropshippinger":{"product_id":43893,"role":"dropshippinger","pricing_type":"flat","regular_price":null,"sale_price":null,"discount":null,"discount_type":"sale_price","tiered_pricing_type":"fixed","percentage_rules":[],"fixed_rules":{"1":"12.49","5":"10.49","30":"7.89"},"minimum":null}},"tiered_pricing_percentage_rules":[],"tiered_pricing_maximum_quantity":null,"tiered_pricing_quantity_step":null,"_links":{"self":[{"href":"https:\/\/gretasexylingerie.com\/fi\/wp-json\/wp\/v2\/product\/43893","targetHints":{"allow":["GET"]}}],"collection":[{"href":"https:\/\/gretasexylingerie.com\/fi\/wp-json\/wp\/v2\/product"}],"about":[{"href":"https:\/\/gretasexylingerie.com\/fi\/wp-json\/wp\/v2\/types\/product"}],"wp:featuredmedia":[{"embeddable":true,"href":"https:\/\/gretasexylingerie.com\/fi\/wp-json\/wp\/v2\/media\/43902"}],"wp:attachment":[{"href":"https:\/\/gretasexylingerie.com\/fi\/wp-json\/wp\/v2\/media?parent=43893"}],"wp:term":[{"taxonomy":"product_brand","embeddable":true,"href":"https:\/\/gretasexylingerie.com\/fi\/wp-json\/wp\/v2\/product_brand?post=43893"},{"taxonomy":"product_cat","embeddable":true,"href":"https:\/\/gretasexylingerie.com\/fi\/wp-json\/wp\/v2\/product_cat?post=43893"},{"taxonomy":"product_tag","embeddable":true,"href":"https:\/\/gretasexylingerie.com\/fi\/wp-json\/wp\/v2\/product_tag?post=43893"}],"curies":[{"name":"wp","href":"https:\/\/api.w.org\/{rel}","templated":true}]}}