{"id":43872,"date":"2023-07-31T00:48:29","date_gmt":"2023-07-30T16:48:29","guid":{"rendered":"https:\/\/gretasexylingerie.com\/?post_type=product&#038;p=43872"},"modified":"2023-10-22T22:41:37","modified_gmt":"2023-10-22T14:41:37","slug":"lapinakyva-seksikas-body-rintaliivit-ja-pikkuhousut","status":"publish","type":"product","link":"https:\/\/gretasexylingerie.com\/fi\/products\/see-through-sexy-bodysuit-with-bra-and-panty\/","title":{"rendered":"L\u00e4pin\u00e4kyv\u00e4 Comfort Sexy Bodysuit, jossa rintaliivit ja pikkuhousut \u2013 tukkualusvaatteita"},"content":{"rendered":"<ol class=\"wp-block-list\">\n<li>Fashion Mesh Sexy -haalari on suunniteltu viimeisimm\u00e4t muotitrendit ajatellen. Ylim\u00e4\u00e4r\u00e4iset valjaat rintaliivit lis\u00e4\u00e4v\u00e4t ripaus rohkeutta, kun taas l\u00e4pin\u00e4kyv\u00e4 mukavuus tarjoaa kiehtovan kuvan alla olevasta. T\u00e4m\u00e4 haalari on varmasti suosittu asiakkaidesi keskuudessa.<\/li>\n\n\n\n<li>See-Through Comfort Sexy Jumpsuit Extra Harness -rintaliivit ja -housut ovat tyylik\u00e4s ja mukava. Muotiverkko lis\u00e4\u00e4 ripauksen eleganssia, kun taas ylim\u00e4\u00e4r\u00e4inen valjaatyyli takaa t\u00e4ydellisen istuvuuden. T\u00e4m\u00e4 haalari on ihanteellinen asiakkaille, jotka etsiv\u00e4t tyyli\u00e4 ja mukavuutta alusvaatteissaan.<\/li>\n\n\n\n<li>Fashion Mesh Sexy -haalari Extra Harness -tyylill\u00e4 on ainutlaatuinen muotoilu ja korkea laatu. L\u00e4pin\u00e4kyv\u00e4 mukavuus on pehme\u00e4\u00e4 ja mukavaa, kun taas ylim\u00e4\u00e4r\u00e4inen valjaatyyli lis\u00e4\u00e4 ripauksen ter\u00e4vyytt\u00e4. T\u00e4m\u00e4 haalari erottuu taatusti kaikissa alusvaatteissa.<\/li>\n<\/ol>\n\n\n\n<p>P\u00e4\u00e4st\u00e4 rohkea ja kaunis valloilleen Fashion Mesh Sexy -haalaripukullamme, jossa on l\u00e4pin\u00e4kyv\u00e4 mukavuus, ylim\u00e4\u00e4r\u00e4iset valjaat rintaliivit ja pikkuhousut. T\u00e4m\u00e4 haalari ei ole vain tuote, se on tyylin ja vieh\u00e4tyksen ilmaisu, jota asiakkaasi rakastavat. \u00c4l\u00e4 odota. Ota meihin yhteytt\u00e4 t\u00e4n\u00e4\u00e4n tehd\u00e4ksesi tilauksesi tai esitt\u00e4\u00e4ksesi kysymyksi\u00e4. M\u00e4\u00e4ritell\u00e4\u00e4n yhdess\u00e4 alusvaatteiden muoti uudelleen!<\/p>\n\n\n\n<figure class=\"wp-block-table is-style-stripes\"><table class=\"has-fixed-layout\"><tbody><tr><td>Sivustokaavio (CM)<\/td><td><\/td><td><\/td><\/tr><tr><td>Koko<\/td><td>Pituus<\/td><td>Vy\u00f6t\u00e4r\u00f6<\/td><\/tr><tr><td>S<\/td><td>52<\/td><td>72<\/td><\/tr><tr><td>M<\/td><td>54<\/td><td>76<\/td><\/tr><tr><td>L<\/td><td>56<\/td><td>80<\/td><\/tr><tr><td>Sivustokaavio (TUUMA)<\/td><td><\/td><td><\/td><\/tr><tr><td>Koko<\/td><td>Pituus<\/td><td>Vy\u00f6t\u00e4r\u00f6<\/td><\/tr><tr><td>S<\/td><td>20.47<\/td><td>28.35<\/td><\/tr><tr><td>M<\/td><td>21.26<\/td><td>29.92<\/td><\/tr><tr><td>L<\/td><td>22.05<\/td><td>31.5<\/td><\/tr><\/tbody><\/table><\/figure>","protected":false},"excerpt":{"rendered":"<p>Pysy alusvaatteiden trendin edell\u00e4 l\u00e4pin\u00e4kyv\u00e4ll\u00e4 Comfort Sexy -haalaripukulla, jossa on Extra Harness -rintaliivit ja -housut. T\u00e4ss\u00e4 haalaripukussa yhdistyv\u00e4t muodin meshin vieh\u00e4tys ja lis\u00e4valjaatyylin eleganssi. Valmistettu l\u00e4pin\u00e4kyv\u00e4ll\u00e4 mukavuudella, se on upea lis\u00e4 mihin tahansa alusvaatemallistoon.<\/p>\n<p>https:\/\/youtu.be\/LkH8BtpM3fo<\/p>","protected":false},"featured_media":43882,"template":"","meta":[],"product_brand":[],"product_cat":[370,367,373],"product_tag":[446,453,865,447,504],"class_list":{"0":"post-43872","1":"product","2":"type-product","3":"status-publish","4":"has-post-thumbnail","6":"product_cat-bodysuit","7":"product_cat-sexy-lingerie","8":"product_cat-wholesale-sexy-mesh-bodysuit","9":"product_tag-wholesale-sexy-see-through-lingerie","10":"product_tag-wholesale-sexy-naughty-lingerie","11":"product_tag-sexy-skimpy-lingerie","12":"product_tag-wholesale-strappy-sexy-lingerie","13":"product_tag-ultra-sexy","14":"pa_color-black","15":"pa_size-wholesale-large-size-women-sexy-lingerie","16":"pa_size-wholesale-medium-size-women-sexy-lingerie","17":"pa_size-wholesale-small-size-sexy-lingerie","19":"first","20":"instock","21":"taxable","22":"shipping-taxable","23":"purchasable","24":"product-type-variable"},"tiered_pricing_type":"fixed","tiered_pricing_fixed_rules":[],"tiered_pricing_product_settings":{"layout":"default","base_unit_name":{"singular":null,"plural":null},"default_variation":{}},"tiered_pricing_minimum_quantity":null,"tiered_pricing_roles_data":{"default_wholesaler":{"product_id":43872,"role":"default_wholesaler","pricing_type":"flat","regular_price":null,"sale_price":null,"discount":null,"discount_type":"sale_price","tiered_pricing_type":"fixed","percentage_rules":[],"fixed_rules":{"2":"11.39","5":"10.19","30":"9.29"},"minimum":null},"dropshippinger":{"product_id":43872,"role":"dropshippinger","pricing_type":"flat","regular_price":null,"sale_price":12.99,"discount":null,"discount_type":"sale_price","tiered_pricing_type":"fixed","percentage_rules":[],"fixed_rules":{"1":"12.99","5":"11.39","30":"9.29"},"minimum":null}},"tiered_pricing_percentage_rules":[],"tiered_pricing_maximum_quantity":null,"tiered_pricing_quantity_step":null,"_links":{"self":[{"href":"https:\/\/gretasexylingerie.com\/fi\/wp-json\/wp\/v2\/product\/43872","targetHints":{"allow":["GET"]}}],"collection":[{"href":"https:\/\/gretasexylingerie.com\/fi\/wp-json\/wp\/v2\/product"}],"about":[{"href":"https:\/\/gretasexylingerie.com\/fi\/wp-json\/wp\/v2\/types\/product"}],"wp:featuredmedia":[{"embeddable":true,"href":"https:\/\/gretasexylingerie.com\/fi\/wp-json\/wp\/v2\/media\/43882"}],"wp:attachment":[{"href":"https:\/\/gretasexylingerie.com\/fi\/wp-json\/wp\/v2\/media?parent=43872"}],"wp:term":[{"taxonomy":"product_brand","embeddable":true,"href":"https:\/\/gretasexylingerie.com\/fi\/wp-json\/wp\/v2\/product_brand?post=43872"},{"taxonomy":"product_cat","embeddable":true,"href":"https:\/\/gretasexylingerie.com\/fi\/wp-json\/wp\/v2\/product_cat?post=43872"},{"taxonomy":"product_tag","embeddable":true,"href":"https:\/\/gretasexylingerie.com\/fi\/wp-json\/wp\/v2\/product_tag?post=43872"}],"curies":[{"name":"wp","href":"https:\/\/api.w.org\/{rel}","templated":true}]}}