{"id":43852,"date":"2023-07-30T23:16:25","date_gmt":"2023-07-30T15:16:25","guid":{"rendered":"https:\/\/gretasexylingerie.com\/?post_type=product&#038;p=43852"},"modified":"2024-04-04T16:10:24","modified_gmt":"2024-04-04T08:10:24","slug":"tyylikas-ketju-kaula-kasiraudat-seksikas-haalari-jossa-avoin-selka","status":"publish","type":"product","link":"https:\/\/gretasexylingerie.com\/fi\/products\/chic-chain-neck-handcuffs-sexy-jumpsuit-with-open-back\/","title":{"rendered":"Tukku Chic Chain Neck K\u00e4siraudat Seksik\u00e4s haalari avoimella selk\u00e4puolella"},"content":{"rendered":"<ol class=\"wp-block-list\">\n<li>Verkko- ja PU-nahasta ommeltu seksik\u00e4s haalari on suunniteltu viimeisimm\u00e4t muotitrendit ajatellen. Ketjukaulan k\u00e4siraudat lis\u00e4\u00e4v\u00e4t ripauksen rohkeutta, kun taas avoin selk\u00e4 tarjoaa kiehtovan kuvan alla olevasta. T\u00e4m\u00e4 haalari on varmasti suosittu asiakkaidesi keskuudessa.<\/li>\n\n\n\n<li>Chain Neck Handcuffs Sexy Jumpsuit, jossa on avoin selk\u00e4, on tyylik\u00e4s ja mukava. PU-nahkaompeleet lis\u00e4\u00e4v\u00e4t ripauksen eleganssia, kun taas avoin selk\u00e4 takaa t\u00e4ydellisen istuvuuden. T\u00e4m\u00e4 haalari on ihanteellinen asiakkaille, jotka etsiv\u00e4t tyyli\u00e4 ja mukavuutta alusvaatteissaan.<\/li>\n\n\n\n<li>No Hips Sexy -haalari, jossa on PU-nahkaommel, on muotoilultaan ainutlaatuinen ja laadukas. Verkkomateriaali on pehme\u00e4\u00e4 ja mukavaa, kun taas ketjunkaulan k\u00e4siraudat lis\u00e4\u00e4v\u00e4t ripauksen s\u00e4rm\u00e4yst\u00e4. T\u00e4m\u00e4 haalari erottuu taatusti kaikissa alusvaatteissa.<\/li>\n<\/ol>\n\n\n\n<p>P\u00e4\u00e4st\u00e4 rohkea ja kaunis valloille seksikk\u00e4\u00e4ll\u00e4 haalaripukullamme, jossa on verkkomateriaalia, PU-nahkaompeleita, ketjukaula-k\u00e4siraudat, avoin selk\u00e4 ja ilman lantiota. T\u00e4m\u00e4 haalari ei ole vain tuote, se on tyylin ja vieh\u00e4tyksen ilmaisu, jota asiakkaasi rakastavat. \u00c4l\u00e4 odota. Ota meihin yhteytt\u00e4 t\u00e4n\u00e4\u00e4n tehd\u00e4ksesi tilauksesi tai esitt\u00e4\u00e4ksesi kysymyksi\u00e4. M\u00e4\u00e4ritell\u00e4\u00e4n yhdess\u00e4 alusvaatteiden muoti uudelleen!<\/p>\n\n\n\n<figure class=\"wp-block-table is-style-stripes\"><table class=\"has-fixed-layout\"><tbody><tr><td>Sivustokaavio (CM)<\/td><td><\/td><td><\/td><\/tr><tr><td>Koko<\/td><td>Pituus<\/td><td>Vy\u00f6t\u00e4r\u00f6<\/td><\/tr><tr><td>S<\/td><td>63<\/td><td>64<\/td><\/tr><tr><td>M<\/td><td>65<\/td><td>68<\/td><\/tr><tr><td>L<\/td><td>67<\/td><td>72<\/td><\/tr><tr><td>Sivustokaavio (TUUMA)<\/td><td><\/td><td><\/td><\/tr><tr><td>Koko<\/td><td>Pituus<\/td><td>Vy\u00f6t\u00e4r\u00f6<\/td><\/tr><tr><td>S<\/td><td>24.8<\/td><td>25.2<\/td><\/tr><tr><td>M<\/td><td>25.59<\/td><td>26.77<\/td><\/tr><tr><td>L<\/td><td>26.38<\/td><td>28.35<\/td><\/tr><\/tbody><\/table><\/figure>","protected":false},"excerpt":{"rendered":"<p>Mesh- ja PU-nahasta ommeltu seksik\u00e4s haalari on jokaisen alusvaatteen j\u00e4lleenmyyj\u00e4n pakollinen hankinta. T\u00e4ss\u00e4 haalaressa on ketjukaula-k\u00e4siraudat, avoin selk\u00e4 ja ei lantiota, mik\u00e4 tarjoaa rohkean ja houkuttelevan ilmeen. T\u00e4ydellinen asiakkaille, jotka etsiv\u00e4t viimeisint\u00e4 alusvaattamuotia.<\/p>\n<p>https:\/\/youtu.be\/_nl52FSTb44<\/p>","protected":false},"featured_media":43862,"template":"","meta":[],"product_brand":[],"product_cat":[370,367,373],"product_tag":[541,524,446,449,453,866,504],"class_list":{"0":"post-43852","1":"product","2":"type-product","3":"status-publish","4":"has-post-thumbnail","6":"product_cat-bodysuit","7":"product_cat-sexy-lingerie","8":"product_cat-wholesale-sexy-mesh-bodysuit","9":"product_tag-fishnet-lingerie","10":"product_tag-metal-lingerie","11":"product_tag-wholesale-sexy-see-through-lingerie","12":"product_tag-wholesale-sexy-crotchless-lingerie","13":"product_tag-wholesale-sexy-naughty-lingerie","14":"product_tag-sexy-romper-lingerie","15":"product_tag-ultra-sexy","16":"pa_color-black","17":"pa_size-wholesale-large-size-women-sexy-lingerie","18":"pa_size-wholesale-medium-size-women-sexy-lingerie","19":"pa_size-wholesale-small-size-sexy-lingerie","21":"first","22":"instock","23":"taxable","24":"shipping-taxable","25":"purchasable","26":"product-type-variable"},"tiered_pricing_type":"fixed","tiered_pricing_fixed_rules":[],"tiered_pricing_product_settings":{"layout":"table","base_unit_name":{"singular":null,"plural":null},"default_variation":{}},"tiered_pricing_minimum_quantity":null,"tiered_pricing_roles_data":{"default_wholesaler":{"product_id":43852,"role":"default_wholesaler","pricing_type":"flat","regular_price":null,"sale_price":null,"discount":null,"discount_type":"sale_price","tiered_pricing_type":"fixed","percentage_rules":[],"fixed_rules":{"2":"10.39","30":"9.19","500":"8.29"},"minimum":null},"dropshippinger":{"product_id":43852,"role":"dropshippinger","pricing_type":"flat","regular_price":null,"sale_price":11.99,"discount":null,"discount_type":"sale_price","tiered_pricing_type":"fixed","percentage_rules":[],"fixed_rules":{"1":"11.99","5":"10.39","30":"8.29"},"minimum":null}},"tiered_pricing_percentage_rules":[],"tiered_pricing_maximum_quantity":null,"tiered_pricing_quantity_step":null,"_links":{"self":[{"href":"https:\/\/gretasexylingerie.com\/fi\/wp-json\/wp\/v2\/product\/43852","targetHints":{"allow":["GET"]}}],"collection":[{"href":"https:\/\/gretasexylingerie.com\/fi\/wp-json\/wp\/v2\/product"}],"about":[{"href":"https:\/\/gretasexylingerie.com\/fi\/wp-json\/wp\/v2\/types\/product"}],"wp:featuredmedia":[{"embeddable":true,"href":"https:\/\/gretasexylingerie.com\/fi\/wp-json\/wp\/v2\/media\/43862"}],"wp:attachment":[{"href":"https:\/\/gretasexylingerie.com\/fi\/wp-json\/wp\/v2\/media?parent=43852"}],"wp:term":[{"taxonomy":"product_brand","embeddable":true,"href":"https:\/\/gretasexylingerie.com\/fi\/wp-json\/wp\/v2\/product_brand?post=43852"},{"taxonomy":"product_cat","embeddable":true,"href":"https:\/\/gretasexylingerie.com\/fi\/wp-json\/wp\/v2\/product_cat?post=43852"},{"taxonomy":"product_tag","embeddable":true,"href":"https:\/\/gretasexylingerie.com\/fi\/wp-json\/wp\/v2\/product_tag?post=43852"}],"curies":[{"name":"wp","href":"https:\/\/api.w.org\/{rel}","templated":true}]}}