{"id":43530,"date":"2023-07-13T00:29:02","date_gmt":"2023-07-12T16:29:02","guid":{"rendered":"https:\/\/gretasexylingerie.com\/?post_type=product&#038;p=43530"},"modified":"2024-01-17T22:42:08","modified_gmt":"2024-01-17T14:42:08","slug":"lapinakyvat-pilkulliset-verkkorintaliivit-ja-pikkuhousut-joissa-crossover-kuppi","status":"publish","type":"product","link":"https:\/\/gretasexylingerie.com\/fi\/products\/sheer-speckled-mesh-bra-and-panty-set-with-crossover-cup\/","title":{"rendered":"L\u00e4pin\u00e4kyv\u00e4t t\u00e4pl\u00e4t mesh-rintaliivit ja -housut, joissa on Crossover Cup"},"content":{"rendered":"<p>T\u00e4plik\u00e4s verkko: T\u00e4m\u00e4n setin l\u00e4pin\u00e4kyv\u00e4 pilkullinen verkkorakenne tuo ainutlaatuisen ja \u00e4rtyis\u00e4n esteettisen vaikutelman, joka tarjoaa kevyen peiton ja pysyy vaivattoman tyylikk\u00e4\u00e4n\u00e4.<\/p>\n\n\n\n<p>Crossover Cups: Innovatiivinen crossover-kuppimuotoilu lis\u00e4\u00e4 modernia k\u00e4\u00e4nnett\u00e4 perinteisiin alusvaatesarjoihin ja tarjoaa tukevan ja imartelevan siluetin.<\/p>\n\n\n\n<p>Metal Ring Accent: Silm\u00e4\u00e4npist\u00e4v\u00e4 metallirengas edess\u00e4 tuo aavistuksen tyylik\u00e4st\u00e4 hienostuneisuutta ja erottaa n\u00e4m\u00e4 rintaliivit ja pikkuhousut sarjasta vakiomalleista.<\/p>\n\n\n\n<p>Mukavuus ja tyyli: Kevyell\u00e4 verkkokankaalla ja innovatiivisella muotoilullaan t\u00e4m\u00e4 setti l\u00f6yt\u00e4\u00e4 t\u00e4ydellisen tasapainon mukavuuden ja tyylin v\u00e4lill\u00e4.<\/p>\n\n\n\n<p>Monipuolinen vetovoima: Tyylik\u00e4s ja trendik\u00e4s muotoilu tekee t\u00e4st\u00e4 setist\u00e4 monipuolisen valinnan, joka voidaan muotoilla kaikkiin tilaisuuksiin, joten se on pakollinen lis\u00e4 jokaiseen vaatekaappiin.<\/p>\n\n\n\n<p>Yhteenvetona voidaan todeta, ett\u00e4 Sheer Speckled Mesh -rintaliivit ja -housut, joissa on crossover-kupit ja metallirengas, on paikka, jossa mukavuus kohtaa nykyajan. T\u00e4m\u00e4 ilmaisukappale varmistaa, ett\u00e4 tunnet olosi itsevarmaksi ja tyylikk\u00e4\u00e4ksi aina. Korosta alusvaatemallistoasi t\u00e4ll\u00e4 valloittavalla setill\u00e4.<\/p>\n\n\n\n<figure class=\"wp-block-table is-style-stripes\"><table class=\"has-fixed-layout\"><tbody><tr><td colspan=\"5\">Sivustokaavio (CM)<\/td><\/tr><tr><td>Koko<\/td><td>Pituus<\/td><td>Alempi rintakeh\u00e4<\/td><td>Vy\u00f6t\u00e4r\u00f6<\/td><td>Housujen pituus<\/td><\/tr><tr><td>S<\/td><td>12.5<\/td><td>63<\/td><td>64<\/td><td>21.5<\/td><\/tr><tr><td>M<\/td><td>13.5<\/td><td>67<\/td><td>68<\/td><td>22.5<\/td><\/tr><tr><td>L<\/td><td>14.5<\/td><td>71<\/td><td>72<\/td><td>23.5<\/td><\/tr><tr><td>XL<\/td><td>15.5<\/td><td>75<\/td><td>76<\/td><td>24.5<\/td><\/tr><tr><td colspan=\"5\">Sivustokaavio (TUUMA)<\/td><\/tr><tr><td>Koko<\/td><td>Pituus<\/td><td>Alempi rintakeh\u00e4<\/td><td>Vy\u00f6t\u00e4r\u00f6<\/td><td>Housujen pituus<\/td><\/tr><tr><td>S<\/td><td>4.92<\/td><td>24.8<\/td><td>25.2<\/td><td>8.46<\/td><\/tr><tr><td>M<\/td><td>5.31<\/td><td>26.38<\/td><td>26.77<\/td><td>8.86<\/td><\/tr><tr><td>L<\/td><td>5.71<\/td><td>27.95<\/td><td>28.35<\/td><td>9.25<\/td><\/tr><tr><td>XL<\/td><td>6.1<\/td><td>29.53<\/td><td>29.92<\/td><td>9.65<\/td><\/tr><\/tbody><\/table><\/figure>","protected":false},"excerpt":{"rendered":"<p>Koe mukavuuden ja tyylin yhdistelm\u00e4 Sheer Speckled Mesh -rintaliivit ja pikkuhousut -settimme kanssa. Crossover-kupit ja metallirengaskorostus antavat elegantin ja nykyaikaisen vaikutelman t\u00e4h\u00e4n klassiseen alusvaatteisiin.<\/p>","protected":false},"featured_media":43540,"template":"","meta":[],"product_brand":[],"product_cat":[368,367,375],"product_tag":[452,518,973,446,864],"class_list":{"0":"post-43530","1":"product","2":"type-product","3":"status-publish","4":"has-post-thumbnail","6":"product_cat-bra-panty-set","7":"product_cat-sexy-lingerie","8":"product_cat-whoelsale-sheer-bra-and-panty-sets","9":"product_tag-wholesale-boudoir-lingerie","10":"product_tag-mesh-lingerie","11":"product_tag-oem","12":"product_tag-wholesale-sexy-see-through-lingerie","13":"product_tag-sexy-petite-lingerie","14":"pa_color-black","15":"pa_size-wholesale-large-size-women-sexy-lingerie","16":"pa_size-wholesale-medium-size-women-sexy-lingerie","17":"pa_size-wholesale-small-size-sexy-lingerie","18":"pa_size-wholesale-extra-large-sexy-lingerie","20":"first","21":"outofstock","22":"taxable","23":"shipping-taxable","24":"purchasable","25":"product-type-variable"},"tiered_pricing_type":"fixed","tiered_pricing_fixed_rules":[],"tiered_pricing_product_settings":{"layout":"default","base_unit_name":{"singular":null,"plural":null},"default_variation":null},"tiered_pricing_minimum_quantity":null,"tiered_pricing_roles_data":{"default_wholesaler":{"product_id":43530,"role":"default_wholesaler","pricing_type":"flat","regular_price":null,"sale_price":null,"discount":null,"discount_type":"sale_price","tiered_pricing_type":"fixed","percentage_rules":[],"fixed_rules":{"2":"9.39","30":"8.09","500":"7.09"},"minimum":null},"dropshippinger":{"product_id":43530,"role":"dropshippinger","pricing_type":"flat","regular_price":null,"sale_price":null,"discount":null,"discount_type":"sale_price","tiered_pricing_type":"fixed","percentage_rules":[],"fixed_rules":{"1":"11.29","5":"9.39","30":"7.09"},"minimum":null}},"tiered_pricing_percentage_rules":[],"tiered_pricing_maximum_quantity":null,"tiered_pricing_quantity_step":null,"_links":{"self":[{"href":"https:\/\/gretasexylingerie.com\/fi\/wp-json\/wp\/v2\/product\/43530","targetHints":{"allow":["GET"]}}],"collection":[{"href":"https:\/\/gretasexylingerie.com\/fi\/wp-json\/wp\/v2\/product"}],"about":[{"href":"https:\/\/gretasexylingerie.com\/fi\/wp-json\/wp\/v2\/types\/product"}],"wp:featuredmedia":[{"embeddable":true,"href":"https:\/\/gretasexylingerie.com\/fi\/wp-json\/wp\/v2\/media\/43540"}],"wp:attachment":[{"href":"https:\/\/gretasexylingerie.com\/fi\/wp-json\/wp\/v2\/media?parent=43530"}],"wp:term":[{"taxonomy":"product_brand","embeddable":true,"href":"https:\/\/gretasexylingerie.com\/fi\/wp-json\/wp\/v2\/product_brand?post=43530"},{"taxonomy":"product_cat","embeddable":true,"href":"https:\/\/gretasexylingerie.com\/fi\/wp-json\/wp\/v2\/product_cat?post=43530"},{"taxonomy":"product_tag","embeddable":true,"href":"https:\/\/gretasexylingerie.com\/fi\/wp-json\/wp\/v2\/product_tag?post=43530"}],"curies":[{"name":"wp","href":"https:\/\/api.w.org\/{rel}","templated":true}]}}