{"id":43505,"date":"2023-07-12T23:10:59","date_gmt":"2023-07-12T15:10:59","guid":{"rendered":"https:\/\/gretasexylingerie.com\/?post_type=product&#038;p=43505"},"modified":"2024-04-04T14:44:53","modified_gmt":"2024-04-04T06:44:53","slug":"kukkakirjailtu-rintaliivit-sukkanauhasetti-katkaisukupin-kanssa","status":"publish","type":"product","link":"https:\/\/gretasexylingerie.com\/fi\/products\/floral-embroidered-bra-garter-set-with-cutout-cup\/","title":{"rendered":"Tukkukaupan kukkakirjailtu rintaliivit ja sukkanauhasetti, jossa on leikkauskuppi"},"content":{"rendered":"<ol class=\"wp-block-list\">\n<li>Kukkakirjonta: Monimutkainen kukkakirjonta nostaa klassiset rintaliivit taideteokseksi lis\u00e4\u00e4m\u00e4ll\u00e4 naisellisen ja hienon kosketuksen, joka erottaa ne tavallisesta.<\/li>\n\n\n\n<li>T\u00e4plik\u00e4s verkko: T\u00e4plik\u00e4s mesh-kangas lis\u00e4\u00e4 leikkis\u00e4\u00e4 ja trendik\u00e4st\u00e4 k\u00e4\u00e4nnett\u00e4, joka tarjoaa selke\u00e4n peiton ja lis\u00e4\u00e4 tekstuuria yleiseen muotoiluun.<\/li>\n\n\n\n<li>Cutout Cups: Houkuttelevat cutout kupit tarjoavat provosoivaa kurkistusta ja korostavat figuuria korostaen naisellista muotoa hienostuneella.<\/li>\n\n\n\n<li>Sukkanauhasetti: T\u00e4m\u00e4 rintaliivisetti lis\u00e4\u00e4 vieh\u00e4tysvoimaansa, ja se sis\u00e4lt\u00e4\u00e4 yhteensopivan sukkanauhan. Sukkanauha s\u00e4ilytt\u00e4\u00e4 kokonaisuuden visuaalisen harmonian ja lis\u00e4\u00e4 ripaus seksikkyytt\u00e4.<\/li>\n\n\n\n<li>Monipuolinen vetovoima: Ainutlaatuisen trendikk\u00e4iden ja klassisten elementtien yhdistelm\u00e4ns\u00e4 ansiosta t\u00e4m\u00e4 rintaliivisetti sopii erinomaisesti erikoistilaisuuksiin ja p\u00e4ivitt\u00e4iseen k\u00e4ytt\u00f6\u00f6n.<\/li>\n<\/ol>\n\n\n\n<p>Yhteenvetona voidaan todeta, ett\u00e4 kukkakirjailtu rintaliivit ja sukkanauhasettimme, joissa on pilkullinen verkko ja leikkauskupit, on kauneuden ja mukavuuden liitto. T\u00e4m\u00e4 upea kokonaisuus on korvaamaton lis\u00e4 mihin tahansa alusvaatemallistoon. Tee jokaisesta hetkest\u00e4 t\u00e4rke\u00e4 t\u00e4ll\u00e4 lumoavalla setill\u00e4.<\/p>\n\n\n\n<figure class=\"wp-block-table is-style-stripes\"><table class=\"has-fixed-layout\"><tbody><tr><td colspan=\"5\">Sivustokaavio (CM)<\/td><\/tr><tr><td>Koko<\/td><td>Pituus<\/td><td>Alempi rintakeh\u00e4<\/td><td>Vy\u00f6t\u00e4r\u00f6<\/td><td>Housujen pituus<\/td><\/tr><tr><td>S<\/td><td>13,5<\/td><td>68<\/td><td>72<\/td><td>23.5<\/td><\/tr><tr><td>M<\/td><td>14,5<\/td><td>72<\/td><td>76<\/td><td>24.5<\/td><\/tr><tr><td>L<\/td><td>15,5<\/td><td>76<\/td><td>80<\/td><td>25.5<\/td><\/tr><tr><td>XL<\/td><td>16.5<\/td><td>80<\/td><td>84<\/td><td>26.5<\/td><\/tr><tr><td colspan=\"5\">Sivustokaavio (TUUMA)<\/td><\/tr><tr><td>Koko<\/td><td>Pituus<\/td><td>Alempi rintakeh\u00e4<\/td><td>Vy\u00f6t\u00e4r\u00f6<\/td><td>Housujen pituus<\/td><\/tr><tr><td>S<\/td><td>5.31<\/td><td>26.38<\/td><td>24.8<\/td><td>8.66<\/td><\/tr><tr><td>M<\/td><td>5.71<\/td><td>27.95<\/td><td>26.38<\/td><td>9.06<\/td><\/tr><tr><td>L<\/td><td>6.1<\/td><td>29.53<\/td><td>27.95<\/td><td>9.45<\/td><\/tr><tr><td>XL<\/td><td>6.5<\/td><td>31.1<\/td><td>29.53<\/td><td>9.84<\/td><\/tr><\/tbody><\/table><\/figure>","protected":false},"excerpt":{"rendered":"<p>Tutustu houkuttelevaan taiteeseen kukkakirjontarintaliivit ja sukkanauhasettimme avulla. T\u00e4m\u00e4n setin pilkullinen verkko ja leikkauskupit tarjoavat sekoituksen mukavuutta ja modernia charmia.<\/p>","protected":false},"featured_media":43529,"template":"","meta":[],"product_brand":[],"product_cat":[368,367,375],"product_tag":[868,452,448,446],"class_list":{"0":"post-43505","1":"product","2":"type-product","3":"status-publish","4":"has-post-thumbnail","6":"product_cat-bra-panty-set","7":"product_cat-sexy-lingerie","8":"product_cat-whoelsale-sheer-bra-and-panty-sets","9":"product_tag-4-piece-lingerie-set","10":"product_tag-wholesale-boudoir-lingerie","11":"product_tag-wholesale-elegant-sexy-lingerie","12":"product_tag-wholesale-sexy-see-through-lingerie","13":"pa_color-black","14":"pa_size-wholesale-large-size-women-sexy-lingerie","15":"pa_size-wholesale-medium-size-women-sexy-lingerie","16":"pa_size-wholesale-small-size-sexy-lingerie","17":"pa_size-wholesale-extra-large-sexy-lingerie","19":"first","20":"instock","21":"taxable","22":"shipping-taxable","23":"purchasable","24":"product-type-variable"},"tiered_pricing_type":"fixed","tiered_pricing_fixed_rules":[],"tiered_pricing_product_settings":{"layout":"table","base_unit_name":{"singular":null,"plural":null},"default_variation":null},"tiered_pricing_minimum_quantity":null,"tiered_pricing_roles_data":{"default_wholesaler":{"product_id":43505,"role":"default_wholesaler","pricing_type":"flat","regular_price":null,"sale_price":null,"discount":null,"discount_type":"sale_price","tiered_pricing_type":"fixed","percentage_rules":[],"fixed_rules":{"2":"9.39","30":"8.09","500":"7.09"},"minimum":null},"dropshippinger":{"product_id":43505,"role":"dropshippinger","pricing_type":"flat","regular_price":null,"sale_price":11.29,"discount":null,"discount_type":"sale_price","tiered_pricing_type":"fixed","percentage_rules":[],"fixed_rules":{"1":"11.29","5":"9.39","30":"7.09"},"minimum":null}},"tiered_pricing_percentage_rules":[],"tiered_pricing_maximum_quantity":null,"tiered_pricing_quantity_step":null,"_links":{"self":[{"href":"https:\/\/gretasexylingerie.com\/fi\/wp-json\/wp\/v2\/product\/43505","targetHints":{"allow":["GET"]}}],"collection":[{"href":"https:\/\/gretasexylingerie.com\/fi\/wp-json\/wp\/v2\/product"}],"about":[{"href":"https:\/\/gretasexylingerie.com\/fi\/wp-json\/wp\/v2\/types\/product"}],"wp:featuredmedia":[{"embeddable":true,"href":"https:\/\/gretasexylingerie.com\/fi\/wp-json\/wp\/v2\/media\/43529"}],"wp:attachment":[{"href":"https:\/\/gretasexylingerie.com\/fi\/wp-json\/wp\/v2\/media?parent=43505"}],"wp:term":[{"taxonomy":"product_brand","embeddable":true,"href":"https:\/\/gretasexylingerie.com\/fi\/wp-json\/wp\/v2\/product_brand?post=43505"},{"taxonomy":"product_cat","embeddable":true,"href":"https:\/\/gretasexylingerie.com\/fi\/wp-json\/wp\/v2\/product_cat?post=43505"},{"taxonomy":"product_tag","embeddable":true,"href":"https:\/\/gretasexylingerie.com\/fi\/wp-json\/wp\/v2\/product_tag?post=43505"}],"curies":[{"name":"wp","href":"https:\/\/api.w.org\/{rel}","templated":true}]}}