{"id":43492,"date":"2023-07-12T22:44:25","date_gmt":"2023-07-12T14:44:25","guid":{"rendered":"https:\/\/gretasexylingerie.com\/?post_type=product&#038;p=43492"},"modified":"2023-12-09T20:55:02","modified_gmt":"2023-12-09T12:55:02","slug":"lapinakyva-pilkullinen-verkkorintaliivisarja-jossa-on-katkaisukuppi","status":"publish","type":"product","link":"https:\/\/gretasexylingerie.com\/fi\/products\/sheer-speckled-mesh-bra-set-with-cutout-cup\/","title":{"rendered":"L\u00e4pin\u00e4kyv\u00e4 mesh-rintaliivisetti Cutout Cupilla"},"content":{"rendered":"<ol class=\"wp-block-list\">\n<li>L\u00e4pin\u00e4kyv\u00e4 t\u00e4plik\u00e4s verkko: Silkkaa pilkullinen verkko antaa odottamattoman modernin kosketuksen t\u00e4lle rintaliivisetille, joka antaa v\u00e4l\u00e4hdyksi\u00e4 ihosta ja tekee siit\u00e4 provosoivan mutta tyylikk\u00e4\u00e4n.<\/li>\n\n\n\n<li>Leikkaavat kupit: Rohkeat leikatut kupit lis\u00e4\u00e4v\u00e4t flirttailevaa kosketusta s\u00e4ilytt\u00e4en samalla yleisen hienostuneisuuden. Ne luovat visuaalisesti miellytt\u00e4v\u00e4n kontrastin l\u00e4pin\u00e4kyv\u00e4n verkon kanssa, mik\u00e4 lis\u00e4\u00e4 vaatteen kiehtovuutta.<\/li>\n\n\n\n<li>Metal Ring Link-Belt: Innovatiivinen kosketus, metallirengaslinkkivy\u00f6 lis\u00e4\u00e4 tyylikk\u00e4\u00e4n ja s\u00e4rm\u00e4isen ulottuvuuden rintaliivisettiin. Se tarjoaa lis\u00e4tyyli\u00e4 ja varmistaa turvallisen, s\u00e4\u00e4dett\u00e4v\u00e4n istuvuuden.<\/li>\n\n\n\n<li>Mukavuus ja tyyli: T\u00e4m\u00e4 rintaliivisetti on suunniteltu \u00e4\u00e4rimm\u00e4ist\u00e4 mukavuutta varten, eik\u00e4 se tingit\u00e4 tyyli\u00e4. Ainutlaatuinen muotoilu tekee siit\u00e4 ilmeisen kappaleen kaikissa alusvaatteissa.<\/li>\n\n\n\n<li>Monipuolisuus: Olitpa pukeutumassa erityiseen tilaisuuteen tai haluat tuntea olosi ylelliseksi jokap\u00e4iv\u00e4isess\u00e4 asussasi, t\u00e4m\u00e4 rintaliivisetti on monipuolinen valinta. Sen tyylik\u00e4s muotoilu ja mukavat materiaalit tekev\u00e4t siit\u00e4 sopivan kaikkiin tilanteisiin.<\/li>\n<\/ol>\n\n\n\n<p>Yhteenvetona voidaan todeta, ett\u00e4 l\u00e4pin\u00e4kyv\u00e4 mesh-rintaliivisarja, jossa on leikatut kupit ja metallirengaslinkkivy\u00f6, edustaa ylellisyytt\u00e4, mukavuutta ja tyyli\u00e4. T\u00e4m\u00e4 hienostunut kappale tuo varmasti ainutlaatuisen silauksen alusvaatekokoelmaasi. Koe t\u00e4ydellinen sekoitus houkuttelevuutta ja mukavuutta t\u00e4ll\u00e4 erottuvalla setill\u00e4.<\/p>\n\n\n\n<figure class=\"wp-block-table is-style-stripes\"><table class=\"has-fixed-layout\"><tbody><tr><td colspan=\"5\">Sivustokaavio (CM)<\/td><\/tr><tr><td>Koko<\/td><td>Pituus<\/td><td>Alempi rintakeh\u00e4<\/td><td>Vy\u00f6t\u00e4r\u00f6<\/td><td>Housujen pituus<\/td><\/tr><tr><td>S<\/td><td>11.5<\/td><td>68<\/td><td>72<\/td><td>23.5<\/td><\/tr><tr><td>M<\/td><td>12.5<\/td><td>72<\/td><td>76<\/td><td>24.5<\/td><\/tr><tr><td>L<\/td><td>13.5<\/td><td>76<\/td><td>80<\/td><td>25.5<\/td><\/tr><tr><td>XL<\/td><td>14.5<\/td><td>80<\/td><td>84<\/td><td>26.5<\/td><\/tr><tr><td colspan=\"5\">Sivustokaavio (TUUMA)<\/td><\/tr><tr><td>Koko<\/td><td>Pituus<\/td><td>Alempi rintakeh\u00e4<\/td><td>Vy\u00f6t\u00e4r\u00f6<\/td><td>Housujen pituus<\/td><\/tr><tr><td>S<\/td><td>4.53<\/td><td>26.77<\/td><td>28.35<\/td><td>9.25<\/td><\/tr><tr><td>M<\/td><td>4.92<\/td><td>28.35<\/td><td>29.92<\/td><td>9.65<\/td><\/tr><tr><td>L<\/td><td>5.31<\/td><td>29.92<\/td><td>31.5<\/td><td>10.04<\/td><\/tr><tr><td><\/td><td>5.71<\/td><td>31.5<\/td><td>33.07<\/td><td>10.43<\/td><\/tr><\/tbody><\/table><\/figure>","protected":false},"excerpt":{"rendered":"<p>Koe ripaus modernia vieh\u00e4tyst\u00e4 Sheer Speckled Mesh -rintaliivisetill\u00e4mme. T\u00e4ss\u00e4 setiss\u00e4 yhdistyv\u00e4t mukavuus ja hienostuneisuus yhdess\u00e4 tyylikk\u00e4\u00e4ss\u00e4 paketissa, jossa on leikatut kupit ja metallinen rengaslinkkivy\u00f6.<\/p>","protected":false},"featured_media":43504,"template":"","meta":[],"product_brand":[],"product_cat":[368,367,375],"product_tag":[507,518,973,446],"class_list":{"0":"post-43492","1":"product","2":"type-product","3":"status-publish","4":"has-post-thumbnail","6":"product_cat-bra-panty-set","7":"product_cat-sexy-lingerie","8":"product_cat-whoelsale-sheer-bra-and-panty-sets","9":"product_tag-three-pcs-set","10":"product_tag-mesh-lingerie","11":"product_tag-oem","12":"product_tag-wholesale-sexy-see-through-lingerie","13":"pa_color-black","14":"pa_size-wholesale-large-size-women-sexy-lingerie","15":"pa_size-wholesale-medium-size-women-sexy-lingerie","16":"pa_size-wholesale-small-size-sexy-lingerie","17":"pa_size-wholesale-extra-large-sexy-lingerie","19":"first","20":"outofstock","21":"taxable","22":"shipping-taxable","23":"purchasable","24":"product-type-variable"},"tiered_pricing_type":"fixed","tiered_pricing_fixed_rules":[],"tiered_pricing_product_settings":{"layout":"default","base_unit_name":{"singular":null,"plural":null},"default_variation":{}},"tiered_pricing_minimum_quantity":null,"tiered_pricing_roles_data":{"default_wholesaler":{"product_id":43492,"role":"default_wholesaler","pricing_type":"flat","regular_price":null,"sale_price":null,"discount":null,"discount_type":"sale_price","tiered_pricing_type":"fixed","percentage_rules":[],"fixed_rules":{"2":"13.89","30":"9.39","500":"8.09"},"minimum":null},"dropshippinger":{"product_id":43492,"role":"dropshippinger","pricing_type":"flat","regular_price":null,"sale_price":11.29,"discount":null,"discount_type":"sale_price","tiered_pricing_type":"fixed","percentage_rules":[],"fixed_rules":{"1":"11.29","5":"9.39","30":"7.09"},"minimum":null}},"tiered_pricing_percentage_rules":[],"tiered_pricing_maximum_quantity":null,"tiered_pricing_quantity_step":null,"_links":{"self":[{"href":"https:\/\/gretasexylingerie.com\/fi\/wp-json\/wp\/v2\/product\/43492","targetHints":{"allow":["GET"]}}],"collection":[{"href":"https:\/\/gretasexylingerie.com\/fi\/wp-json\/wp\/v2\/product"}],"about":[{"href":"https:\/\/gretasexylingerie.com\/fi\/wp-json\/wp\/v2\/types\/product"}],"wp:featuredmedia":[{"embeddable":true,"href":"https:\/\/gretasexylingerie.com\/fi\/wp-json\/wp\/v2\/media\/43504"}],"wp:attachment":[{"href":"https:\/\/gretasexylingerie.com\/fi\/wp-json\/wp\/v2\/media?parent=43492"}],"wp:term":[{"taxonomy":"product_brand","embeddable":true,"href":"https:\/\/gretasexylingerie.com\/fi\/wp-json\/wp\/v2\/product_brand?post=43492"},{"taxonomy":"product_cat","embeddable":true,"href":"https:\/\/gretasexylingerie.com\/fi\/wp-json\/wp\/v2\/product_cat?post=43492"},{"taxonomy":"product_tag","embeddable":true,"href":"https:\/\/gretasexylingerie.com\/fi\/wp-json\/wp\/v2\/product_tag?post=43492"}],"curies":[{"name":"wp","href":"https:\/\/api.w.org\/{rel}","templated":true}]}}