{"id":43449,"date":"2023-07-07T23:16:53","date_gmt":"2023-07-07T15:16:53","guid":{"rendered":"https:\/\/gretasexylingerie.com\/?post_type=product&#038;p=43449"},"modified":"2024-04-04T14:40:19","modified_gmt":"2024-04-04T06:40:19","slug":"lapinakyva-mesh-beige-rintaliivisarja-jossa-kirjailtuja-yksityiskohtia","status":"publish","type":"product","link":"https:\/\/gretasexylingerie.com\/fi\/products\/sheer-mesh-beige-bra-set-of-3-with-embroidered-detailing\/","title":{"rendered":"L\u00e4pin\u00e4kyv\u00e4 mesh beige rintaliivisarja, jossa on kirjailtuja yksityiskohtia"},"content":{"rendered":"<ol class=\"wp-block-list\">\n<li>Ensiluokkainen materiaali: T\u00e4m\u00e4 rintaliivisarja on valmistettu korkealaatuisesta verkkokankaasta, mik\u00e4 takaa mukavuuden ja kest\u00e4vyyden. Sen hengitt\u00e4vyys lis\u00e4\u00e4 sen vetovoimaa, mik\u00e4 saa sinut tuntemaan olosi raikkaaksi ja mukavaksi koko p\u00e4iv\u00e4n.<\/li>\n\n\n\n<li>Brodeeratut yksityiskohdat: Monimutkaiset brodeeratut langat, jotka on kudottu l\u00e4pin\u00e4kyv\u00e4\u00e4n verkkoon, lis\u00e4\u00e4v\u00e4t eleganssia ja hienostuneisuutta. N\u00e4m\u00e4 monimutkaiset yksityiskohdat erottavat n\u00e4m\u00e4 rintaliivit muista, tehden niist\u00e4 kauniin lis\u00e4yksen alusvaatekokoelmaasi.<\/li>\n\n\n\n<li>Kolmen sarja: T\u00e4m\u00e4 tuote tarjoaa kolmen rintaliivin sarjan, joten se varmistaa vaatekaappisi monipuolisuuden ja joustavuuden. Voit kiert\u00e4\u00e4 rintaliivien v\u00e4lill\u00e4 tai pit\u00e4\u00e4 varaosat valmiina tarvittaessa, mik\u00e4 lis\u00e4\u00e4 k\u00e4ytt\u00f6mukavuutta ja varmistaa, ett\u00e4 olet aina valmis.<\/li>\n\n\n\n<li>Luonnollinen s\u00e4vy: rintaliivisarjan beige v\u00e4ri sulautuu saumattomasti mink\u00e4 tahansa vaatteen alle. Neutraali s\u00e4vy on erinomainen valinta huomaamattomaan aluskerrokseen, eik\u00e4 se h\u00e4iritse valitsemaasi asun v\u00e4ripalettia.<\/li>\n\n\n\n<li>Universal Appeal: T\u00e4m\u00e4 setti sopii monenlaisiin mieltymyksiin yhdist\u00e4m\u00e4ll\u00e4 k\u00e4yt\u00e4nn\u00f6llisyyden kauniiseen estetiikkaan. T\u00e4m\u00e4 rintaliivisetti tarjoaa jotain, jota jokainen nainen voi arvostaa tyylist\u00e4 riippumatta.<\/li>\n<\/ol>\n\n\n\n<p>Yhteenvetona voidaan todeta, ett\u00e4 Sheer Mesh Beige Bra Set of 3 on monipuolinen, tyylik\u00e4s ja k\u00e4yt\u00e4nn\u00f6llinen lis\u00e4 alusvaatekokoelmaasi. Miellytt\u00e4v\u00e4n materiaalinsa, kauniisti kirjailtujen yksityiskohtiensa ja monipuolisen v\u00e4rins\u00e4 ansiosta se lupaa olla alusvaatesetti, jota tavoitat kerta toisensa j\u00e4lkeen. P\u00e4ivit\u00e4 alusvaatelaatikkosi t\u00e4ll\u00e4 kauniilla setill\u00e4 jo t\u00e4n\u00e4\u00e4n.<\/p>\n\n\n\n<figure class=\"wp-block-table is-style-stripes\"><table class=\"has-fixed-layout\"><tbody><tr><td colspan=\"5\">Sivustokaavio (CM)<\/td><\/tr><tr><td>Koko<\/td><td>Alempi rintakeh\u00e4<\/td><td>Pituus<\/td><td>Vy\u00f6t\u00e4r\u00f6linja<\/td><td>Housujen pituus<\/td><\/tr><tr><td>S<\/td><td>65<\/td><td>14<\/td><td>70<\/td><td>23<\/td><\/tr><tr><td>M<\/td><td>69<\/td><td>15<\/td><td>74<\/td><td>24<\/td><\/tr><tr><td>L<\/td><td>73<\/td><td>16<\/td><td>78<\/td><td>25<\/td><\/tr><tr><td>Sivustokaavio (TUUMA)<\/td><td><\/td><td><\/td><td><\/td><td><\/td><\/tr><tr><td>Koko<\/td><td>Alempi rintakeh\u00e4<\/td><td>Pituus<\/td><td>Vy\u00f6t\u00e4r\u00f6linja<\/td><td>Housujen pituus<\/td><\/tr><tr><td>S<\/td><td>25.59<\/td><td>5.51<\/td><td>27.56<\/td><td>9.06<\/td><\/tr><tr><td>M<\/td><td>27.17<\/td><td>5.91<\/td><td>29.13<\/td><td>9.45<\/td><\/tr><tr><td>L<\/td><td>28.74<\/td><td>6.3<\/td><td>30.71<\/td><td>9.84<\/td><\/tr><\/tbody><\/table><\/figure>","protected":false},"excerpt":{"rendered":"<p>Koristele itsesi beige-rintaliivisetill\u00e4mme, joissa on 3. T\u00e4m\u00e4 setti on valmistettu l\u00e4pin\u00e4kyv\u00e4st\u00e4 verkosta ja herk\u00e4sti brodeerattu, ja se huokuu naisellista vieh\u00e4tysvoimaa ja tarjoaa monipuolisuuden mukavuutta.<\/p>\n<p>https:\/\/youtu.be\/SfXjPUJLHS4<\/p>","protected":false},"featured_media":43465,"template":"","meta":[],"product_brand":[],"product_cat":[368,367,375],"product_tag":[507,861,448,454,518,446],"class_list":{"0":"post-43449","1":"product","2":"type-product","3":"status-publish","4":"has-post-thumbnail","6":"product_cat-bra-panty-set","7":"product_cat-sexy-lingerie","8":"product_cat-whoelsale-sheer-bra-and-panty-sets","9":"product_tag-three-pcs-set","10":"product_tag-brunette-lingerie","11":"product_tag-wholesale-elegant-sexy-lingerie","12":"product_tag-wholesale-sexy-embroidered-lingerie","13":"product_tag-mesh-lingerie","14":"product_tag-wholesale-sexy-see-through-lingerie","15":"pa_color-bisque-women-sexy-lingerie","16":"pa_size-wholesale-large-size-women-sexy-lingerie","17":"pa_size-wholesale-medium-size-women-sexy-lingerie","18":"pa_size-wholesale-small-size-sexy-lingerie","20":"first","21":"instock","22":"taxable","23":"shipping-taxable","24":"purchasable","25":"product-type-variable"},"tiered_pricing_type":"fixed","tiered_pricing_fixed_rules":[],"tiered_pricing_product_settings":{"layout":"table","base_unit_name":{"singular":null,"plural":null},"default_variation":{}},"tiered_pricing_minimum_quantity":null,"tiered_pricing_roles_data":{"default_wholesaler":{"product_id":43449,"role":"default_wholesaler","pricing_type":"flat","regular_price":null,"sale_price":null,"discount":null,"discount_type":"sale_price","tiered_pricing_type":"fixed","percentage_rules":[],"fixed_rules":{"2":"11.89","30":"10.59","500":"9.69"},"minimum":null},"dropshippinger":{"product_id":43449,"role":"dropshippinger","pricing_type":"flat","regular_price":null,"sale_price":null,"discount":null,"discount_type":"sale_price","tiered_pricing_type":"fixed","percentage_rules":[],"fixed_rules":{"1":"13.69","5":"11.89","30":"9.69"},"minimum":null}},"tiered_pricing_percentage_rules":[],"tiered_pricing_maximum_quantity":null,"tiered_pricing_quantity_step":null,"_links":{"self":[{"href":"https:\/\/gretasexylingerie.com\/fi\/wp-json\/wp\/v2\/product\/43449","targetHints":{"allow":["GET"]}}],"collection":[{"href":"https:\/\/gretasexylingerie.com\/fi\/wp-json\/wp\/v2\/product"}],"about":[{"href":"https:\/\/gretasexylingerie.com\/fi\/wp-json\/wp\/v2\/types\/product"}],"wp:featuredmedia":[{"embeddable":true,"href":"https:\/\/gretasexylingerie.com\/fi\/wp-json\/wp\/v2\/media\/43465"}],"wp:attachment":[{"href":"https:\/\/gretasexylingerie.com\/fi\/wp-json\/wp\/v2\/media?parent=43449"}],"wp:term":[{"taxonomy":"product_brand","embeddable":true,"href":"https:\/\/gretasexylingerie.com\/fi\/wp-json\/wp\/v2\/product_brand?post=43449"},{"taxonomy":"product_cat","embeddable":true,"href":"https:\/\/gretasexylingerie.com\/fi\/wp-json\/wp\/v2\/product_cat?post=43449"},{"taxonomy":"product_tag","embeddable":true,"href":"https:\/\/gretasexylingerie.com\/fi\/wp-json\/wp\/v2\/product_tag?post=43449"}],"curies":[{"name":"wp","href":"https:\/\/api.w.org\/{rel}","templated":true}]}}