{"id":43213,"date":"2023-07-01T00:32:57","date_gmt":"2023-06-30T16:32:57","guid":{"rendered":"https:\/\/gretasexylingerie.com\/?post_type=product&#038;p=43213"},"modified":"2023-10-22T23:20:51","modified_gmt":"2023-10-22T15:20:51","slug":"brodeerattu-silkkaa-verkkoa-oleva-body-jossa-avoin-selka","status":"publish","type":"product","link":"https:\/\/gretasexylingerie.com\/fi\/products\/embroidered-sheer-mesh-bodysuit-with-open-back\/","title":{"rendered":"Brodeerattu l\u00e4pin\u00e4kyv\u00e4 verkkobody, jossa avoin selk\u00e4"},"content":{"rendered":"<ol class=\"wp-block-list\">\n<li>Hieno kirjonta: T\u00e4m\u00e4 body on koristeltu monimutkaisilla brodeerauksilla, jotka lis\u00e4\u00e4v\u00e4t sen esteettist\u00e4 vetovoimaa. Huolellisesti ommeltu se lis\u00e4\u00e4 taiteellisen elementin yleiseen suunnitteluun ja tarjoaa ainutlaatuisen tekstuurisen ulottuvuuden.<\/li>\n\n\n\n<li>T\u00e4plik\u00e4s verkkokangas: T\u00e4m\u00e4 body on valmistettu t\u00e4plisest\u00e4 verkkokankaasta, ja siin\u00e4 yhdistyv\u00e4t ainutlaatuisesti l\u00e4pin\u00e4kyvyys ja kuviointi. Kevyt ja hengitt\u00e4v\u00e4, se takaa optimaalisen mukavuuden tinkim\u00e4tt\u00e4 tyylist\u00e4.<\/li>\n\n\n\n<li>Avoin rinta ja selk\u00e4: Rohkea avoin rinta- ja selk\u00e4muotoilu lis\u00e4\u00e4 provosoivaa reunaa t\u00e4h\u00e4n bodypukuun. T\u00e4m\u00e4 rohkea ominaisuus parantaa vaatteen yleist\u00e4 aistillisuutta ja tasapainottaa t\u00e4ydellisesti eleganssia ja vieh\u00e4tyst\u00e4.<\/li>\n\n\n\n<li>Sheer Delight: T\u00e4m\u00e4n bodyn pelkk\u00e4 koostumus tarjoaa houkuttelevan kurkistuksen alla olevaan ja lis\u00e4\u00e4 leikkis\u00e4n mutta tyylikk\u00e4\u00e4n kosketuksen intiimivaatekokoelmaasi.<\/li>\n\n\n\n<li>Erilaisia v\u00e4rej\u00e4 ja kokoja: T\u00e4m\u00e4 body on r\u00e4\u00e4t\u00e4l\u00f6ity vastaamaan tyyli\u00e4si ja istuvuuttasi, ja sit\u00e4 on 10 v\u00e4riss\u00e4 ja nelj\u00e4ss\u00e4 koossa. Valitse persoonallisuuttasi ja vartalotyyppi\u00e4si parhaiten edustava malli, joka varmistaa, ett\u00e4 tunnet olosi mukavaksi ja itsevarmaksi.<\/li>\n<\/ol>\n\n\n\n<p>Yhteenvetona voidaan todeta, ett\u00e4 Brodeerattu Sheer Mesh Bodysuit tarjoaa vastustamattoman sekoituksen mukavuutta, tyyli\u00e4 ja aistillisuutta. Sen eri v\u00e4ri- ja kokovaihtoehdot houkuttelevat kaikkia, jotka haluavat kohottaa intiimivaatekokoelmaansa. Omista se jo t\u00e4n\u00e4\u00e4n ja juhli naisellista vieh\u00e4tyst\u00e4si hienostuneella ripauksella.<\/p>\n\n\n\n<figure class=\"wp-block-table is-style-stripes\"><table class=\"has-fixed-layout\"><tbody><tr><td>Sivustokaavio (CM)<\/td><td><\/td><td><\/td><td><\/td><\/tr><tr><td>Koko<\/td><td>Alempi rintakeh\u00e4<\/td><td>Pituus<\/td><td>Vy\u00f6t\u00e4r\u00f6<\/td><\/tr><tr><td>S<\/td><td>68<\/td><td>54<\/td><td>64<\/td><\/tr><tr><td>M<\/td><td>72<\/td><td>56<\/td><td>68<\/td><\/tr><tr><td>L<\/td><td>76<\/td><td>68<\/td><td>72<\/td><\/tr><tr><td>XL<\/td><td>80<\/td><td>60<\/td><td>76<\/td><\/tr><tr><td>Sivustokaavio (TUUMA)<\/td><td><\/td><td><\/td><td><\/td><\/tr><tr><td>Koko<\/td><td>Pituus<\/td><td>Yl\u00e4rinta<\/td><td>Alempi rintakeh\u00e4<\/td><\/tr><tr><td>S<\/td><td>26.77<\/td><td>21.26<\/td><td>25.2<\/td><\/tr><tr><td>M<\/td><td>28.35<\/td><td>22.05<\/td><td>26.77<\/td><\/tr><tr><td>L<\/td><td>29.92<\/td><td>26.77<\/td><td>28.35<\/td><\/tr><tr><td>XL<\/td><td>31.5<\/td><td>23.62<\/td><td>29.92<\/td><\/tr><\/tbody><\/table><\/figure>","protected":false},"excerpt":{"rendered":"<p>Hemmottele hienostuneisuutta ja vieh\u00e4tyst\u00e4 brodeeratulla l\u00e4pin\u00e4kyv\u00e4ll\u00e4 verkkopuvullamme. T\u00e4m\u00e4 body, jossa on avoin rinta- ja selk\u00e4 sek\u00e4 pilkullinen verkkokangas, korostaa vartaloasi naisellisella eleganssilla.<\/p>\n<p>https:\/\/youtu.be\/nwujgMHYYSk<\/p>","protected":false},"featured_media":43308,"template":"","meta":[],"product_brand":[],"product_cat":[370,367,373],"product_tag":[521,448,454,518,446],"class_list":{"0":"post-43213","1":"product","2":"type-product","3":"status-publish","4":"has-post-thumbnail","6":"product_cat-bodysuit","7":"product_cat-sexy-lingerie","8":"product_cat-wholesale-sexy-mesh-bodysuit","9":"product_tag-deep-v-lingerie","10":"product_tag-wholesale-elegant-sexy-lingerie","11":"product_tag-wholesale-sexy-embroidered-lingerie","12":"product_tag-mesh-lingerie","13":"product_tag-wholesale-sexy-see-through-lingerie","14":"pa_color-black","15":"pa_color-blue-women-sexy-lingerie","16":"pa_color-green-yellow-women-sexy-lingerie","17":"pa_color-hot-pink-women-sexy-lingerie","18":"pa_color-pink-women-sexy-lingerie","19":"pa_color-purple-women-sexy-lingerie","20":"pa_color-red-women-sexy-lingerie","21":"pa_color-sea-green-women-sexy-lingerie","22":"pa_color-white","23":"pa_color-yellow","24":"pa_size-wholesale-large-size-women-sexy-lingerie","25":"pa_size-wholesale-medium-size-women-sexy-lingerie","26":"pa_size-wholesale-small-size-sexy-lingerie","27":"pa_size-wholesale-extra-large-sexy-lingerie","29":"first","30":"instock","31":"taxable","32":"shipping-taxable","33":"purchasable","34":"product-type-variable"},"tiered_pricing_type":"fixed","tiered_pricing_fixed_rules":[],"tiered_pricing_product_settings":{"layout":"default","base_unit_name":{"singular":null,"plural":null},"default_variation":{}},"tiered_pricing_minimum_quantity":null,"tiered_pricing_roles_data":{"default_wholesaler":{"product_id":43213,"role":"default_wholesaler","pricing_type":"flat","regular_price":null,"sale_price":null,"discount":null,"discount_type":"sale_price","tiered_pricing_type":"fixed","percentage_rules":[],"fixed_rules":{"2":"9.39","30":"8.19","500":"7.29"},"minimum":null},"dropshippinger":{"product_id":43213,"role":"dropshippinger","pricing_type":"flat","regular_price":null,"sale_price":null,"discount":null,"discount_type":"sale_price","tiered_pricing_type":"fixed","percentage_rules":[],"fixed_rules":{"1":"10.99","5":"9.39","30":"7.29"},"minimum":null}},"tiered_pricing_percentage_rules":[],"tiered_pricing_maximum_quantity":null,"tiered_pricing_quantity_step":null,"_links":{"self":[{"href":"https:\/\/gretasexylingerie.com\/fi\/wp-json\/wp\/v2\/product\/43213","targetHints":{"allow":["GET"]}}],"collection":[{"href":"https:\/\/gretasexylingerie.com\/fi\/wp-json\/wp\/v2\/product"}],"about":[{"href":"https:\/\/gretasexylingerie.com\/fi\/wp-json\/wp\/v2\/types\/product"}],"wp:featuredmedia":[{"embeddable":true,"href":"https:\/\/gretasexylingerie.com\/fi\/wp-json\/wp\/v2\/media\/43308"}],"wp:attachment":[{"href":"https:\/\/gretasexylingerie.com\/fi\/wp-json\/wp\/v2\/media?parent=43213"}],"wp:term":[{"taxonomy":"product_brand","embeddable":true,"href":"https:\/\/gretasexylingerie.com\/fi\/wp-json\/wp\/v2\/product_brand?post=43213"},{"taxonomy":"product_cat","embeddable":true,"href":"https:\/\/gretasexylingerie.com\/fi\/wp-json\/wp\/v2\/product_cat?post=43213"},{"taxonomy":"product_tag","embeddable":true,"href":"https:\/\/gretasexylingerie.com\/fi\/wp-json\/wp\/v2\/product_tag?post=43213"}],"curies":[{"name":"wp","href":"https:\/\/api.w.org\/{rel}","templated":true}]}}