{"id":43146,"date":"2023-06-30T22:21:23","date_gmt":"2023-06-30T14:21:23","guid":{"rendered":"https:\/\/gretasexylingerie.com\/?post_type=product&#038;p=43146"},"modified":"2024-04-04T14:37:58","modified_gmt":"2024-04-04T06:37:58","slug":"upea-monivarinen-rintaliivien-pikkuhoususetti-ripsilla-ja-pitsilla","status":"publish","type":"product","link":"https:\/\/gretasexylingerie.com\/fi\/products\/gorgeous-multi-color-bra-panty-set-with-lashes-and-lace\/","title":{"rendered":"Tukkukaupan upea moniv\u00e4rinen rintaliivihousut, jossa on ripset ja pitsi"},"content":{"rendered":"<ol class=\"wp-block-list\">\n<li>Hieno pitsiyksityiskohta: T\u00e4m\u00e4 rintaliivit housut-setti huokuu ajatonta vetovoimaa monimutkaisilla pitsiyksityiskohtien kanssa. Jokainen ommel on suunniteltu tarkasti luomaan visuaalisesti upea kuvio, joka lis\u00e4\u00e4 ylellisyytt\u00e4 ja hienostuneisuutta. T\u00e4m\u00e4 upea muotoilu on ylellisyyden ja eleganssin ruumiillistuma.<\/li>\n\n\n\n<li>Chic Lashes: T\u00e4m\u00e4n setin vieh\u00e4tysvoimaa lis\u00e4\u00e4v\u00e4t herk\u00e4t ripset, jotka tuovat ainutlaatuisen tekstuurisen ulottuvuuden. Ne lis\u00e4\u00e4v\u00e4t ripauksen leikkis\u00e4\u00e4 flirttailua, joka sulautuu saumattomasti pitsin hienostuneisuuteen tehden t\u00e4st\u00e4 setist\u00e4 t\u00e4ydellisen yhdistelm\u00e4n tyyli\u00e4 ja oikeita mielikuvia.<\/li>\n\n\n\n<li>Moniv\u00e4riset vaihtoehdot: V\u00e4rien monipuolisuuden avulla voit ilmaista tyyli\u00e4si. T\u00e4m\u00e4 setti on saatavana useissa v\u00e4rivaihtoehdoissa mielialaasi ja persoonallisuutesi mukaan. Halusitpa sitten klassista mustaa, aistillista punaista tai eloisia s\u00e4vyj\u00e4, meill\u00e4 on vaihtoehto jokaiseen mieltymykseen.<\/li>\n\n\n\n<li>T\u00e4ydellinen istuvuus: Prioriteettimme on varmistaa, ett\u00e4 tunnet olosi yht\u00e4 upealta kuin n\u00e4yt\u00e4t. T\u00e4m\u00e4 Bra Panty -setti on suunniteltu istumaan mukavasti ja parantamaan luonnollista siluettiasi. Koe t\u00e4ydellinen yhdistelm\u00e4 mukavuutta ja tyyli\u00e4 t\u00e4ll\u00e4 setill\u00e4.<\/li>\n\n\n\n<li>Soveltuu erikoistilaisuuksiin: T\u00e4m\u00e4 upea rintaliivihoususarja on suunniteltu tekem\u00e4\u00e4n erityisist\u00e4 tilaisuuksista mieleenpainuvampia. Se on t\u00e4ydellinen hetkiin, jolloin haluat tuntea olosi poikkeukselliseksi ja itsevarmaksi.<\/li>\n<\/ol>\n\n\n\n<p>Lopuksi totean, ett\u00e4 upea moniv\u00e4rinen rintaliivihoususarja ripsill\u00e4 ja pitsill\u00e4 ei ole vain alusvaatesetti \u2013 se on eleganssin, tyylin ja yksil\u00f6llisyyden juhla. Sen kaunis muotoilu ja mukava istuvuus tekev\u00e4t siit\u00e4 v\u00e4ltt\u00e4m\u00e4tt\u00f6m\u00e4n lis\u00e4yksen kokoelmaasi.<\/p>\n\n\n\n<figure class=\"wp-block-table is-style-stripes\"><table class=\"has-fixed-layout\"><tbody><tr><td colspan=\"5\">Sivustokaavio (CM)<\/td><td><\/td><\/tr><tr><td>Koko<\/td><td>Alempi rintakeh\u00e4<\/td><td>Pituus<\/td><td>Vy\u00f6t\u00e4r\u00f6linja<\/td><td>Housujen pituus<\/td><td>Vy\u00f6t\u00e4r\u00f6nauha<\/td><\/tr><tr><td>S<\/td><td>66<\/td><td>20.5<\/td><td>64<\/td><td>20<\/td><td>60<\/td><\/tr><tr><td>M<\/td><td>70<\/td><td>21.5<\/td><td>68<\/td><td>21<\/td><td>64<\/td><\/tr><tr><td>L<\/td><td>62<\/td><td>22.5<\/td><td>72<\/td><td>22<\/td><td>68<\/td><\/tr><tr><td>Sivustokaavio (TUUMA)<\/td><td><\/td><td><\/td><td><\/td><td><\/td><td><\/td><\/tr><tr><td>Koko<\/td><td>Alempi rintakeh\u00e4<\/td><td>Pituus<\/td><td>Vy\u00f6t\u00e4r\u00f6linja<\/td><td>Housujen pituus<\/td><td>Vy\u00f6t\u00e4r\u00f6nauha<\/td><\/tr><tr><td>S<\/td><td>25.98<\/td><td>8.07<\/td><td>25.2<\/td><td>7.87<\/td><td>23.62<\/td><\/tr><tr><td>M<\/td><td>27.56<\/td><td>8.46<\/td><td>26.77<\/td><td>8.27<\/td><td>25.2<\/td><\/tr><tr><td>L<\/td><td>24.41<\/td><td>8.86<\/td><td>28.35<\/td><td>8.66<\/td><td>26.77<\/td><\/tr><\/tbody><\/table><\/figure>","protected":false},"excerpt":{"rendered":"<p>Koe eleganssia ja tyyli\u00e4 upealla moniv\u00e4risell\u00e4 rintaliivihoususarjallamme. T\u00e4m\u00e4 setti on koristeltu herkk\u00e4ill\u00e4 ripsill\u00e4 ja monimutkaisilla pitsill\u00e4, ja se on suunniteltu saamaan sinut tuntemaan olosi ja n\u00e4ytt\u00e4m\u00e4\u00e4n sensaatiomaalta.<\/p>\n<p><iframe title=\"Upea moniv\u00e4rinen rintaliivihousut, jossa on ripset ja pitsi\" src=\"https:\/\/www.youtube.com\/embed\/5zNwIBsI-Qk\" width=\"840\" height=\"630\" frameborder=\"0\" allowfullscreen=\"allowfullscreen\"><\/iframe><\/p>","protected":false},"featured_media":43190,"template":"","meta":[],"product_brand":[],"product_cat":[368,369],"product_tag":[868,448,454,522,516,446,447],"class_list":{"0":"post-43146","1":"product","2":"type-product","3":"status-publish","4":"has-post-thumbnail","6":"product_cat-bra-panty-set","7":"product_cat-wholesale-lace-bra-and-panty-sets","8":"product_tag-4-piece-lingerie-set","9":"product_tag-wholesale-elegant-sexy-lingerie","10":"product_tag-wholesale-sexy-embroidered-lingerie","11":"product_tag-eyelash-lingerie","12":"product_tag-lace-lingerie","13":"product_tag-wholesale-sexy-see-through-lingerie","14":"product_tag-wholesale-strappy-sexy-lingerie","15":"pa_color-black","16":"pa_color-blue-women-sexy-lingerie","17":"pa_color-fire-brick-women-sexy-lingerie","18":"pa_color-green","19":"pa_color-hot-pink-women-sexy-lingerie","20":"pa_color-purple-women-sexy-lingerie","21":"pa_color-red-women-sexy-lingerie","22":"pa_color-white","23":"pa_size-wholesale-large-size-women-sexy-lingerie","24":"pa_size-wholesale-medium-size-women-sexy-lingerie","25":"pa_size-wholesale-small-size-sexy-lingerie","27":"first","28":"instock","29":"taxable","30":"shipping-taxable","31":"purchasable","32":"product-type-variable"},"tiered_pricing_type":"fixed","tiered_pricing_fixed_rules":[],"tiered_pricing_product_settings":{"layout":"table","base_unit_name":{"singular":null,"plural":null},"default_variation":{}},"tiered_pricing_minimum_quantity":null,"tiered_pricing_roles_data":{"default_wholesaler":{"product_id":43146,"role":"default_wholesaler","pricing_type":"flat","regular_price":null,"sale_price":null,"discount":null,"discount_type":"sale_price","tiered_pricing_type":"fixed","percentage_rules":[],"fixed_rules":{"2":"10.89","30":"9.59","500":"8.69"},"minimum":null},"dropshippinger":{"product_id":43146,"role":"dropshippinger","pricing_type":"flat","regular_price":null,"sale_price":null,"discount":null,"discount_type":"sale_price","tiered_pricing_type":"fixed","percentage_rules":[],"fixed_rules":{"1":"12.69","5":"10.89","30":"8.69"},"minimum":null}},"tiered_pricing_percentage_rules":[],"tiered_pricing_maximum_quantity":null,"tiered_pricing_quantity_step":null,"_links":{"self":[{"href":"https:\/\/gretasexylingerie.com\/fi\/wp-json\/wp\/v2\/product\/43146","targetHints":{"allow":["GET"]}}],"collection":[{"href":"https:\/\/gretasexylingerie.com\/fi\/wp-json\/wp\/v2\/product"}],"about":[{"href":"https:\/\/gretasexylingerie.com\/fi\/wp-json\/wp\/v2\/types\/product"}],"wp:featuredmedia":[{"embeddable":true,"href":"https:\/\/gretasexylingerie.com\/fi\/wp-json\/wp\/v2\/media\/43190"}],"wp:attachment":[{"href":"https:\/\/gretasexylingerie.com\/fi\/wp-json\/wp\/v2\/media?parent=43146"}],"wp:term":[{"taxonomy":"product_brand","embeddable":true,"href":"https:\/\/gretasexylingerie.com\/fi\/wp-json\/wp\/v2\/product_brand?post=43146"},{"taxonomy":"product_cat","embeddable":true,"href":"https:\/\/gretasexylingerie.com\/fi\/wp-json\/wp\/v2\/product_cat?post=43146"},{"taxonomy":"product_tag","embeddable":true,"href":"https:\/\/gretasexylingerie.com\/fi\/wp-json\/wp\/v2\/product_tag?post=43146"}],"curies":[{"name":"wp","href":"https:\/\/api.w.org\/{rel}","templated":true}]}}