{"id":43076,"date":"2023-06-28T23:23:58","date_gmt":"2023-06-28T15:23:58","guid":{"rendered":"https:\/\/gretasexylingerie.com\/?post_type=product&#038;p=43076"},"modified":"2024-01-17T22:36:09","modified_gmt":"2024-01-17T14:36:09","slug":"kukkainen-pitsinen-rintaliivisarja-pitsiroyheloreunuksella","status":"publish","type":"product","link":"https:\/\/gretasexylingerie.com\/fi\/products\/floral-lace-bra-set-with-lace-ruffle-trim\/","title":{"rendered":"Tukkukaupan kukka-pitsirintaliivit ja pitsir\u00f6yhel\u00f6verhoilu"},"content":{"rendered":"<ol class=\"wp-block-list\">\n<li>Monimutkainen kukkapitsi: Suunniteltu kiinnitt\u00e4en huomiota yksityiskohtiin, rintaliivisarjamme kukkainen pitsi tarjoaa enemm\u00e4n kuin houkuttelevan. Se ilment\u00e4\u00e4 naisellisen auran, joka on sek\u00e4 tyylik\u00e4s ett\u00e4 moderni. Jokainen ommel ja kukkakuvio lis\u00e4\u00e4v\u00e4t yksityiskohtien ja hienostuneisuuden rikkaan ilmeen, jolloin tuloksena on alusvaatteet, joka n\u00e4ytt\u00e4\u00e4 yht\u00e4 kauniilta l\u00e4helt\u00e4 katsottuna kuin kaukaa katsottuna.<\/li>\n\n\n\n<li>Silmiinpist\u00e4v\u00e4 kontrastimuotoilu: Leikkis\u00e4 kontrasti luonnollisesta ihon s\u00e4vyst\u00e4 ja eloisasta limesta, rintaliivisarjamme uhmaa tavanomaista. T\u00e4m\u00e4 silmiinpist\u00e4v\u00e4 v\u00e4rimaailma erottaa sinut joukosta tarjoten v\u00e4ri\u00e4, joka pysyy tyylikk\u00e4\u00e4n\u00e4 ja ainutlaatuisena. Haluatpa sitten h\u00e4ik\u00e4ist\u00e4\u00e4 tai yksinkertaisesti ilmaista persoonallisuuttasi, t\u00e4m\u00e4n sarjan eloisa kontrasti antaa sinun tehd\u00e4 molemmat<\/li>\n\n\n\n<li>L\u00e4pin\u00e4kyv\u00e4 vetovoima: Liivisarjamme eiv\u00e4t ole vain l\u00e4pin\u00e4kyvi\u00e4 \u2013 se on tarkoituksellinen suunnitteluvalinta, jonka tarkoituksena on kiehtoa. L\u00e4pin\u00e4kyvyys tasapainottaa paljastamista ja peitt\u00e4mist\u00e4 ja luo mysteerin ilmaa, joka j\u00e4tt\u00e4\u00e4 tilaa mielikuvitukselle. Se on provosoiva mutta tyylik\u00e4s lis\u00e4, joka tekee jokaisesta tavallisesta p\u00e4iv\u00e4st\u00e4 tilaisuuden.<\/li>\n\n\n\n<li>Tyylik\u00e4s leve\u00e4 vy\u00f6: Leve\u00e4 vy\u00f6, jota koristaa pitsir\u00f6yhel\u00f6reunus, on t\u00e4m\u00e4n setin t\u00e4rkein ominaisuus. Vy\u00f6 tukee ja korostaa vy\u00f6t\u00e4r\u00f6linjaasi ja lis\u00e4\u00e4 ripauksen ylellisyytt\u00e4 asuisi. T\u00e4m\u00e4 ainutlaatuinen yksityiskohta t\u00e4ydent\u00e4\u00e4 l\u00e4pin\u00e4kyv\u00e4\u00e4 kangasta ja v\u00e4rikontrastia, yhdist\u00e4\u00e4 kokonaisuuden ja parantaa siluettiasi.<\/li>\n\n\n\n<li>Monipuolinen ja mukava: rintaliivisarjamme mukavuus ja monipuolisuus ovat vertaansa vailla. Sen muotoilu mahdollistaa sen, ett\u00e4 se sopii useisiin eri vartalon muotoihin ja kokoihin, mik\u00e4 varmistaa t\u00e4ydellisen istuvuuden joka kerta. K\u00e4yt\u00e4tp\u00e4 sit\u00e4 erityist\u00e4 tilaisuutta varten tai haluat tuntea olosi upeaksi, t\u00e4m\u00e4 setti asettaa mukavuuden etusijalle tyylist\u00e4 tinkim\u00e4tt\u00e4.<\/li>\n\n\n\n<li>T\u00e4ydellinen erityistilaisuuksiin: Ainutlaatuisten ominaisuuksiensa ja hienostuneen tyylins\u00e4 ansiosta t\u00e4m\u00e4 rintaliivisetti on ihanteellinen unohtumattomiin hetkiin. Vietitp\u00e4 sitten vuosip\u00e4iv\u00e4\u00e4, henkil\u00f6kohtaista voittoa tai haluat vain hemmotella itse\u00e4si, t\u00e4m\u00e4 rintaliivisetti lis\u00e4\u00e4 ripaus ylellisyytt\u00e4 erityiseen p\u00e4iv\u00e4\u00e4si.<\/li>\n<\/ol>\n\n\n\n<p>Yhteenvetona voidaan todeta, ett\u00e4 kukka-pitsirintaliivit, joissa on kontrasti leve\u00e4 vy\u00f6 ja pitsir\u00f6yhel\u00f6verhoilu, on osoitus tyylist\u00e4, mukavuudesta ja yksil\u00f6llisyydest\u00e4. Sen ainutlaatuiset design-elementit ja keskittyminen mukavuuteen tekev\u00e4t siit\u00e4 monipuolisen, olennaisen lis\u00e4yksen alusvaatekokoelmaasi.<\/p>\n\n\n\n<figure class=\"wp-block-table is-style-stripes\"><table class=\"has-fixed-layout\"><tbody><tr><td colspan=\"5\">Sivustokaavio (CM)<\/td><\/tr><tr><td>Koko<\/td><td>Pituus<\/td><td>Yl\u00e4rinta<\/td><td>Alempi rintakeh\u00e4<\/td><td>Vy\u00f6t\u00e4r\u00f6linja<\/td><\/tr><tr><td>S<\/td><td>20<\/td><td>70-80<\/td><td>64-96<\/td><td>68<\/td><\/tr><tr><td>M<\/td><td>21<\/td><td>74-92<\/td><td>68-100<\/td><td>72<\/td><\/tr><tr><td>L<\/td><td>22<\/td><td>78-96<\/td><td>72-104<\/td><td>76<\/td><\/tr><tr><td colspan=\"5\">Sivustokaavio (TUUMA)<\/td><\/tr><tr><td>Koko<\/td><td>Pituus<\/td><td>Yl\u00e4rinta<\/td><td>Alempi rintakeh\u00e4<\/td><td>vy\u00f6t\u00e4r\u00f6linja<\/td><\/tr><tr><td>S<\/td><td>7.87<\/td><td>27.56-31.50<\/td><td>25.20-37.80<\/td><td>26.77<\/td><\/tr><tr><td>M<\/td><td>8.27<\/td><td>29.13-36.22<\/td><td>26.77-39.37<\/td><td>28.35<\/td><\/tr><tr><td>L<\/td><td>8.66<\/td><td>30.71-37.80<\/td><td>28.35-40.94<\/td><td>29.92<\/td><\/tr><\/tbody><\/table><\/figure>","protected":false},"excerpt":{"rendered":"<p>Ymm\u00e4rr\u00e4 kukkapitsirintaliivisettimme tyylik\u00e4s vieh\u00e4tys. T\u00e4ss\u00e4 setiss\u00e4 on l\u00e4pin\u00e4kyv\u00e4 pitsisuunnittelu, silmiinpist\u00e4v\u00e4 ihon s\u00e4vy ja lime-kontrasti. Se sis\u00e4lt\u00e4\u00e4 leve\u00e4n vy\u00f6n, jossa on pitsir\u00f6yhel\u00f6verhoilu, joka lis\u00e4\u00e4 hienostuneisuutta.<\/p>","protected":false},"featured_media":43094,"template":"","meta":[],"product_brand":[],"product_cat":[368,369,367],"product_tag":[448,522,516,510,446,864,863],"class_list":{"0":"post-43076","1":"product","2":"type-product","3":"status-publish","4":"has-post-thumbnail","6":"product_cat-bra-panty-set","7":"product_cat-wholesale-lace-bra-and-panty-sets","8":"product_cat-sexy-lingerie","9":"product_tag-wholesale-elegant-sexy-lingerie","10":"product_tag-eyelash-lingerie","11":"product_tag-lace-lingerie","12":"product_tag-ruffles-lingerie","13":"product_tag-wholesale-sexy-see-through-lingerie","14":"product_tag-sexy-petite-lingerie","15":"product_tag-sexy-thong-lingerie","16":"pa_color-hot-pink-women-sexy-lingerie","17":"pa_color-lime-women-sexy-lingerie","18":"pa_size-wholesale-large-size-women-sexy-lingerie","19":"pa_size-wholesale-medium-size-women-sexy-lingerie","20":"pa_size-wholesale-small-size-sexy-lingerie","22":"first","23":"instock","24":"taxable","25":"shipping-taxable","26":"purchasable","27":"product-type-variable"},"tiered_pricing_type":"fixed","tiered_pricing_fixed_rules":[],"tiered_pricing_product_settings":{"layout":"default","base_unit_name":{"singular":null,"plural":null},"default_variation":null},"tiered_pricing_minimum_quantity":null,"tiered_pricing_roles_data":{"default_wholesaler":{"product_id":43076,"role":"default_wholesaler","pricing_type":"flat","regular_price":null,"sale_price":null,"discount":null,"discount_type":"sale_price","tiered_pricing_type":"fixed","percentage_rules":[],"fixed_rules":{"2":"9.89","30":"8.59","500":"7.69"},"minimum":null},"dropshippinger":{"product_id":43076,"role":"dropshippinger","pricing_type":"flat","regular_price":null,"sale_price":null,"discount":null,"discount_type":"sale_price","tiered_pricing_type":"fixed","percentage_rules":[],"fixed_rules":{"1":"11.69","5":"9.89","30":"7.69"},"minimum":null}},"tiered_pricing_percentage_rules":[],"tiered_pricing_maximum_quantity":null,"tiered_pricing_quantity_step":null,"_links":{"self":[{"href":"https:\/\/gretasexylingerie.com\/fi\/wp-json\/wp\/v2\/product\/43076","targetHints":{"allow":["GET"]}}],"collection":[{"href":"https:\/\/gretasexylingerie.com\/fi\/wp-json\/wp\/v2\/product"}],"about":[{"href":"https:\/\/gretasexylingerie.com\/fi\/wp-json\/wp\/v2\/types\/product"}],"wp:featuredmedia":[{"embeddable":true,"href":"https:\/\/gretasexylingerie.com\/fi\/wp-json\/wp\/v2\/media\/43094"}],"wp:attachment":[{"href":"https:\/\/gretasexylingerie.com\/fi\/wp-json\/wp\/v2\/media?parent=43076"}],"wp:term":[{"taxonomy":"product_brand","embeddable":true,"href":"https:\/\/gretasexylingerie.com\/fi\/wp-json\/wp\/v2\/product_brand?post=43076"},{"taxonomy":"product_cat","embeddable":true,"href":"https:\/\/gretasexylingerie.com\/fi\/wp-json\/wp\/v2\/product_cat?post=43076"},{"taxonomy":"product_tag","embeddable":true,"href":"https:\/\/gretasexylingerie.com\/fi\/wp-json\/wp\/v2\/product_tag?post=43076"}],"curies":[{"name":"wp","href":"https:\/\/api.w.org\/{rel}","templated":true}]}}