{"id":42975,"date":"2023-06-26T23:08:22","date_gmt":"2023-06-26T15:08:22","guid":{"rendered":"https:\/\/gretasexylingerie.com\/?post_type=product&#038;p=42975"},"modified":"2023-12-09T19:25:13","modified_gmt":"2023-12-09T11:25:13","slug":"lapinakyvat-siniset-pitsiset-rintaliivit-joissa-kullanvariset-olkaimet","status":"publish","type":"product","link":"https:\/\/gretasexylingerie.com\/fi\/products\/sheer-blue-lace-bra-set-with-gold-braided-straps\/","title":{"rendered":"Tukkumyynti l\u00e4pin\u00e4kyv\u00e4 sininen pitsinen rintaliivisetti kultaisilla punotuilla olkaimill\u00e4"},"content":{"rendered":"<ol class=\"wp-block-list\">\n<li>Ylellinen muotoilu: L\u00e4pin\u00e4kyv\u00e4 pitsi yhdistettyn\u00e4 punottuihin kultahihnoihin huokuu ylellist\u00e4 tunnelmaa, mik\u00e4 tekee t\u00e4st\u00e4 setist\u00e4 ihastuttavan lis\u00e4yksen alusvaatekokoelmaasi.<\/li>\n\n\n\n<li>Kiehtova v\u00e4ri: T\u00e4m\u00e4n setin houkutteleva sininen s\u00e4vy lis\u00e4\u00e4 hienostuneisuutta ja vieh\u00e4tysvoimaa yleiseen suunnitteluun.<\/li>\n\n\n\n<li>Ainutlaatuiset kolmikerroksiset nauhat: Innovatiivinen kolmikerroksinen vy\u00f6t\u00e4r\u00f6nauha ei ole vain tyylik\u00e4s, vaan my\u00f6s varmistaa mukavan ja tiukan istuvuuden.<\/li>\n\n\n\n<li>Sexy Leg Ring: Mukana oleva jalkarengas kohottaa setin aistillisuutta ja lupaa ainutlaatuisen ja rohkean alusvaatekokemuksen.<\/li>\n\n\n\n<li>T\u00e4ydellinen erityistilaisuuksiin: ensiluokkaisten ominaisuuksiensa ja yksityiskohtiin kiinnittymisen ansiosta t\u00e4m\u00e4 setti on ihanteellinen valinta ikimuistoisten hetkien luomiseen.<\/li>\n<\/ol>\n\n\n\n<p>Yhteenvetona voidaan todeta, ett\u00e4 Sheer Blue Lace -rintaliivisettimme, jossa on kullanv\u00e4riset olkaimet ja kolmikerroksiset nauhat, on t\u00e4ydellinen yhdistelm\u00e4 eleganssia, mukavuutta ja tyyli\u00e4. Sen erottuva elementti ja ylellinen muotoilu tekev\u00e4t siit\u00e4 ihanteellisen valinnan niille, jotka haluavat parantaa alusvaatepeli\u00e4\u00e4n.<\/p>\n\n\n\n<figure class=\"wp-block-table is-style-stripes\"><table class=\"has-fixed-layout\"><tbody><tr><td colspan=\"5\">Sivustokaavio (CM)<\/td><\/tr><tr><td>Koko<\/td><td>Pituus<\/td><td>Yl\u00e4rinta<\/td><td>Alempi rintakeh\u00e4<\/td><td>Vy\u00f6t\u00e4r\u00f6linja<\/td><\/tr><tr><td>S<\/td><td>21<\/td><td>68-88<\/td><td>67-88<\/td><td>68-96<\/td><\/tr><tr><td>M<\/td><td>22<\/td><td>72-92<\/td><td>71-92<\/td><td>72-100<\/td><\/tr><tr><td>L<\/td><td>23<\/td><td>76-96<\/td><td>75-96<\/td><td>76-104<\/td><\/tr><tr><td colspan=\"5\">Sivustokaavio (TUUMA)<\/td><\/tr><tr><td>Koko<\/td><td>Pituus<\/td><td>Yl\u00e4rinta<\/td><td>Alempi rintakeh\u00e4<\/td><td>vy\u00f6t\u00e4r\u00f6linja<\/td><\/tr><tr><td>S<\/td><td>8.27<\/td><td>26.77-34.65<\/td><td>26.38-34.65<\/td><td>26.77-37.80<\/td><\/tr><tr><td>M<\/td><td>8.66<\/td><td>28.35-36.22<\/td><td>27.95-36.22<\/td><td>28.35-39.37<\/td><\/tr><tr><td>L<\/td><td>9.06<\/td><td>29.92-37.80<\/td><td>29.53-37.80<\/td><td>29.92-40.94<\/td><\/tr><\/tbody><\/table><\/figure>","protected":false},"excerpt":{"rendered":"<p>L\u00f6yd\u00e4 t\u00e4ydellinen sekoitus eleganssia ja tyyli\u00e4 Sheer Blue Lace Bran Setill\u00e4mme. T\u00e4m\u00e4 setti, jossa on kullanv\u00e4riset punotut olkaimet, kolmikerroksinen vy\u00f6t\u00e4r\u00f6nauha ja jalkarengas, m\u00e4\u00e4rittelee alusvaatteiden ylellisyyden uudelleen.<\/p>","protected":false},"featured_media":42985,"template":"","meta":[],"product_brand":[],"product_cat":[368,369,367],"product_tag":[507,516,973,446,453,864,865],"class_list":{"0":"post-42975","1":"product","2":"type-product","3":"status-publish","4":"has-post-thumbnail","6":"product_cat-bra-panty-set","7":"product_cat-wholesale-lace-bra-and-panty-sets","8":"product_cat-sexy-lingerie","9":"product_tag-three-pcs-set","10":"product_tag-lace-lingerie","11":"product_tag-oem","12":"product_tag-wholesale-sexy-see-through-lingerie","13":"product_tag-wholesale-sexy-naughty-lingerie","14":"product_tag-sexy-petite-lingerie","15":"product_tag-sexy-skimpy-lingerie","16":"pa_color-light-blue-women-sexy-lingerie","17":"pa_size-wholesale-large-size-women-sexy-lingerie","18":"pa_size-wholesale-medium-size-women-sexy-lingerie","19":"pa_size-wholesale-small-size-sexy-lingerie","21":"first","22":"outofstock","23":"taxable","24":"shipping-taxable","25":"purchasable","26":"product-type-variable"},"tiered_pricing_type":"fixed","tiered_pricing_fixed_rules":[],"tiered_pricing_product_settings":{"layout":"default","base_unit_name":{"singular":null,"plural":null},"default_variation":null},"tiered_pricing_minimum_quantity":null,"tiered_pricing_roles_data":{"default_wholesaler":{"product_id":42975,"role":"default_wholesaler","pricing_type":"flat","regular_price":null,"sale_price":null,"discount":null,"discount_type":"sale_price","tiered_pricing_type":"fixed","percentage_rules":[],"fixed_rules":{"2":"9.99","30":"8.49","500":"7.49"},"minimum":null},"dropshippinger":{"product_id":42975,"role":"dropshippinger","pricing_type":"flat","regular_price":null,"sale_price":null,"discount":null,"discount_type":"sale_price","tiered_pricing_type":"fixed","percentage_rules":[],"fixed_rules":{"1":"11.89","5":"9.99","30":"8.49"},"minimum":null}},"tiered_pricing_percentage_rules":[],"tiered_pricing_maximum_quantity":null,"tiered_pricing_quantity_step":null,"_links":{"self":[{"href":"https:\/\/gretasexylingerie.com\/fi\/wp-json\/wp\/v2\/product\/42975","targetHints":{"allow":["GET"]}}],"collection":[{"href":"https:\/\/gretasexylingerie.com\/fi\/wp-json\/wp\/v2\/product"}],"about":[{"href":"https:\/\/gretasexylingerie.com\/fi\/wp-json\/wp\/v2\/types\/product"}],"wp:featuredmedia":[{"embeddable":true,"href":"https:\/\/gretasexylingerie.com\/fi\/wp-json\/wp\/v2\/media\/42985"}],"wp:attachment":[{"href":"https:\/\/gretasexylingerie.com\/fi\/wp-json\/wp\/v2\/media?parent=42975"}],"wp:term":[{"taxonomy":"product_brand","embeddable":true,"href":"https:\/\/gretasexylingerie.com\/fi\/wp-json\/wp\/v2\/product_brand?post=42975"},{"taxonomy":"product_cat","embeddable":true,"href":"https:\/\/gretasexylingerie.com\/fi\/wp-json\/wp\/v2\/product_cat?post=42975"},{"taxonomy":"product_tag","embeddable":true,"href":"https:\/\/gretasexylingerie.com\/fi\/wp-json\/wp\/v2\/product_tag?post=42975"}],"curies":[{"name":"wp","href":"https:\/\/api.w.org\/{rel}","templated":true}]}}