{"id":42940,"date":"2023-06-26T21:55:33","date_gmt":"2023-06-26T13:55:33","guid":{"rendered":"https:\/\/gretasexylingerie.com\/?post_type=product&#038;p=42940"},"modified":"2023-09-05T20:56:27","modified_gmt":"2023-09-05T12:56:27","slug":"yksiolkainen-verkkobody-jossa-pitkat-hihat","status":"publish","type":"product","link":"https:\/\/gretasexylingerie.com\/fi\/products\/one-shoulder-mesh-bodysuit-with-long-sleeve\/","title":{"rendered":"One-Shoulder Mesh Bodysuit pitk\u00e4hihainen"},"content":{"rendered":"<ol class=\"wp-block-list\">\n<li>Nykyaikainen tyyli: Yhden olkap\u00e4\u00e4n muotoilu tuo perinteiseen body-pukuun modernin s\u00e4vyn ja tarjoaa ainutlaatuisen esteettisen vetovoiman.<\/li>\n\n\n\n<li>Viettelev\u00e4 l\u00e4pin\u00e4kyvyys: L\u00e4pin\u00e4kyv\u00e4 verkkomateriaali luo houkuttelevan reunan ja tarjoaa oikeanlaista kiusaa.<\/li>\n\n\n\n<li>Yksi pitk\u00e4hihainen: Yksi pitk\u00e4hihainen lis\u00e4\u00e4 ripauksen eleganssia ja tekee t\u00e4st\u00e4 bodysta monipuolisen sis\u00e4- ja ulkok\u00e4ytt\u00f6\u00f6n.<\/li>\n\n\n\n<li>Seksik\u00e4s stringimuotoilu: Strongin haaran muotoilu lis\u00e4\u00e4 bodiin pirist\u00e4v\u00e4n elementin varmistaen, ett\u00e4 n\u00e4yt\u00e4t ja tunnet olosi vastustamattomalta.<\/li>\n\n\n\n<li>T\u00e4ydellinen useisiin tilaisuuksiin: Olipa kyse yksityisest\u00e4 jutusta tai illasta, t\u00e4m\u00e4 seksik\u00e4s body sopii sinulle.<\/li>\n<\/ol>\n\n\n\n<p>Yhteenvetona totean, ett\u00e4 One-Shoulder Mesh -bodypukumme pitk\u00e4hihaisella ja stringisuunnittelulla on t\u00e4ydellinen sekoitus nykyaikaista tyyli\u00e4 ja klassista viettely\u00e4. Sen ainutlaatuiset ominaisuudet ja monipuolisuus tekev\u00e4t siit\u00e4 vastustamattoman valinnan erilaisiin tilaisuuksiin.<\/p>\n\n\n\n<figure class=\"wp-block-table is-style-stripes\"><table class=\"has-fixed-layout\"><tbody><tr><td colspan=\"5\">Sivustokaavio (CM)<\/td><\/tr><tr><td>Koko<\/td><td>Pituus<\/td><td>Yl\u00e4rinta<\/td><td>Alempi rintakeh\u00e4<\/td><td>Vy\u00f6t\u00e4r\u00f6linja<\/td><\/tr><tr><td>S<\/td><td>65<\/td><td>62-88<\/td><td>60-88<\/td><td>60-96<\/td><\/tr><tr><td>M<\/td><td>66<\/td><td>66-92<\/td><td>64-92<\/td><td>64-100<\/td><\/tr><tr><td>L<\/td><td>67<\/td><td>70-96<\/td><td>68-96<\/td><td>68-104<\/td><\/tr><tr><td colspan=\"5\">Sivustokaavio (TUUMA)<\/td><\/tr><tr><td>Koko<\/td><td>Pituus<\/td><td>Yl\u00e4rinta<\/td><td>Alempi rintakeh\u00e4<\/td><td>vy\u00f6t\u00e4r\u00f6linja<\/td><\/tr><tr><td>S<\/td><td>25.59<\/td><td>24.41-34.65<\/td><td>23.62-34.65<\/td><td>23.62-37.80<\/td><\/tr><tr><td>M<\/td><td>25.98<\/td><td>25.98-36.22<\/td><td>25.20-36.22<\/td><td>25.20-39.37<\/td><\/tr><tr><td>L<\/td><td>26.38<\/td><td>27.56-37.80<\/td><td>26.77-37.80<\/td><td>26.77-40.94<\/td><\/tr><\/tbody><\/table><\/figure>","protected":false},"excerpt":{"rendered":"<p>One-Shoulder Mesh Body -pukumme saa modernin k\u00e4\u00e4nteen klassisiin alusvaatteisiin. T\u00e4m\u00e4 l\u00e4pin\u00e4kyv\u00e4 kappale, jonka toisella puolella on pitk\u00e4t hihat ja seksik\u00e4s remmileikkaus, tarjoaa ainutlaatuisen sekoituksen viettely\u00e4 ja hienostuneisuutta.<\/p>","protected":false},"featured_media":42949,"template":"","meta":[],"product_brand":[],"product_cat":[370,367,372,373],"product_tag":[452,518,446,864,863],"class_list":{"0":"post-42940","1":"product","2":"type-product","3":"status-publish","4":"has-post-thumbnail","6":"product_cat-bodysuit","7":"product_cat-sexy-lingerie","8":"product_cat-wholesale-sexy-long-sleeve-bodysuit","9":"product_cat-wholesale-sexy-mesh-bodysuit","10":"product_tag-wholesale-boudoir-lingerie","11":"product_tag-mesh-lingerie","12":"product_tag-wholesale-sexy-see-through-lingerie","13":"product_tag-sexy-petite-lingerie","14":"product_tag-sexy-thong-lingerie","15":"pa_color-black","16":"pa_size-wholesale-large-size-women-sexy-lingerie","17":"pa_size-wholesale-medium-size-women-sexy-lingerie","18":"pa_size-wholesale-small-size-sexy-lingerie","20":"first","21":"instock","22":"taxable","23":"shipping-taxable","24":"purchasable","25":"product-type-variable"},"tiered_pricing_type":"fixed","tiered_pricing_fixed_rules":[],"tiered_pricing_product_settings":{"layout":"default","base_unit_name":{"singular":null,"plural":null},"default_variation":null},"tiered_pricing_minimum_quantity":null,"tiered_pricing_roles_data":{"default_wholesaler":{"product_id":42940,"role":"default_wholesaler","pricing_type":"flat","regular_price":null,"sale_price":null,"discount":null,"discount_type":"sale_price","tiered_pricing_type":"fixed","percentage_rules":[],"fixed_rules":{"2":"8.39","30":"7.19","500":"6.29"},"minimum":null},"dropshippinger":{"product_id":42940,"role":"dropshippinger","pricing_type":"flat","regular_price":null,"sale_price":null,"discount":null,"discount_type":"sale_price","tiered_pricing_type":"fixed","percentage_rules":[],"fixed_rules":{"1":"9.99","5":"8.35","30":"7.19"},"minimum":null}},"tiered_pricing_percentage_rules":[],"tiered_pricing_maximum_quantity":null,"tiered_pricing_quantity_step":null,"_links":{"self":[{"href":"https:\/\/gretasexylingerie.com\/fi\/wp-json\/wp\/v2\/product\/42940","targetHints":{"allow":["GET"]}}],"collection":[{"href":"https:\/\/gretasexylingerie.com\/fi\/wp-json\/wp\/v2\/product"}],"about":[{"href":"https:\/\/gretasexylingerie.com\/fi\/wp-json\/wp\/v2\/types\/product"}],"wp:featuredmedia":[{"embeddable":true,"href":"https:\/\/gretasexylingerie.com\/fi\/wp-json\/wp\/v2\/media\/42949"}],"wp:attachment":[{"href":"https:\/\/gretasexylingerie.com\/fi\/wp-json\/wp\/v2\/media?parent=42940"}],"wp:term":[{"taxonomy":"product_brand","embeddable":true,"href":"https:\/\/gretasexylingerie.com\/fi\/wp-json\/wp\/v2\/product_brand?post=42940"},{"taxonomy":"product_cat","embeddable":true,"href":"https:\/\/gretasexylingerie.com\/fi\/wp-json\/wp\/v2\/product_cat?post=42940"},{"taxonomy":"product_tag","embeddable":true,"href":"https:\/\/gretasexylingerie.com\/fi\/wp-json\/wp\/v2\/product_tag?post=42940"}],"curies":[{"name":"wp","href":"https:\/\/api.w.org\/{rel}","templated":true}]}}