{"id":42873,"date":"2023-06-25T22:47:54","date_gmt":"2023-06-25T14:47:54","guid":{"rendered":"https:\/\/gretasexylingerie.com\/?post_type=product&#038;p=42873"},"modified":"2023-09-05T20:56:05","modified_gmt":"2023-09-05T12:56:05","slug":"kontrastivarinen-lapinakyva-pitsikolmio-royheloilla-sukkanauhalla","status":"publish","type":"product","link":"https:\/\/gretasexylingerie.com\/fi\/products\/contrasting-sheer-lace-trio-with-ruffled-garters\/","title":{"rendered":"Kontrastiv\u00e4rinen Sheer Lace Trio r\u00f6yhel\u00f6ill\u00e4 sukkanauhat"},"content":{"rendered":"<ol class=\"wp-block-list\">\n<li>Leikkis\u00e4sti rohkea: Leikkauksen rintakuvan ja kontrastiv\u00e4ripaletin ansiosta t\u00e4m\u00e4 setti ei ole heikkohermoisille. Se on rohkeille, rohkeille, niille, jotka omistavat tyylins\u00e4.<\/li>\n\n\n\n<li>Taiteellisuus yksityiskohdissa: Muista silkkaa kirjailtu malli \u2013 osoitus k\u00e4sity\u00f6st\u00e4, jota t\u00e4m\u00e4n kauniin setin luomisessa k\u00e4ytet\u00e4\u00e4n.<\/li>\n\n\n\n<li>Tyyli ja mukavuus: Lihavoitu ei tarkoita ep\u00e4mukavaa. R\u00f6yhel\u00f6iset sukkanauhamme eiv\u00e4t ole vain tyylist\u00e4 kiinni. ne varmistavat my\u00f6s mukavan istuvuuden.<\/li>\n\n\n\n<li>Aseta trendi: T\u00e4m\u00e4 rintaliivisetti ei vain seuraa trendej\u00e4 \u2013 se asettaa ne. Ainutlaatuinen malliyhdistelm\u00e4 sopii t\u00e4ydellisesti nykyisten alusvaatteiden trendeihin.<\/li>\n\n\n\n<li>Sinun Go-To Set: Olipa kyseess\u00e4 erityinen tilaisuus tai vain siksi, ett\u00e4 t\u00e4m\u00e4 rintaliivisetti on t\u00e4ydellinen valintasi, kun haluat tuntea olosi leikkis\u00e4ksi ja flirttailevaksi.<\/li>\n<\/ol>\n\n\n\n<p>Lopuksi totean, ett\u00e4 &quot;Flirty Trio&quot; -sarjamme on rohkeiden valintojen tekemist\u00e4, ainutlaatuisen tyylisi hyv\u00e4ksymist\u00e4 ja hauskanpitoa. Se ei ole vain muodikas lis\u00e4 mihin tahansa alusvaatemallistoon, vaan se lupaa my\u00f6s ly\u00f6m\u00e4t\u00f6nt\u00e4 mukavuutta, joten voit tuntea olosi upeaksi koko p\u00e4iv\u00e4n.<\/p>\n\n\n\n<figure class=\"wp-block-table is-style-stripes\"><table class=\"has-fixed-layout\"><tbody><tr><td colspan=\"5\">Sivustokaavio (CM)<\/td><\/tr><tr><td>Koko<\/td><td>Pituus<\/td><td>Yl\u00e4rinta<\/td><td>Alempi rintakeh\u00e4<\/td><td>Vy\u00f6t\u00e4r\u00f6linja<\/td><\/tr><tr><td>S<\/td><td>21<\/td><td>68-88<\/td><td>64-88<\/td><td>64-96<\/td><\/tr><tr><td>M<\/td><td>22<\/td><td>72-92<\/td><td>68-92<\/td><td>68-100<\/td><\/tr><tr><td>L<\/td><td>23<\/td><td>76-96<\/td><td>72-96<\/td><td>72-104<\/td><\/tr><tr><td colspan=\"5\">Sivustokaavio (TUUMA)<\/td><\/tr><tr><td>Koko<\/td><td>Pituus<\/td><td>Yl\u00e4rinta<\/td><td>Alempi rintakeh\u00e4<\/td><td>vy\u00f6t\u00e4r\u00f6linja<\/td><\/tr><tr><td>S<\/td><td>9.45<\/td><td>29.13-34.65<\/td><td>26.77-34.65<\/td><td>25.59-36.22<\/td><\/tr><tr><td>M<\/td><td>9.84<\/td><td>30.71-36.22<\/td><td>28.35-36.22<\/td><td>27.17-37.80<\/td><\/tr><tr><td>L<\/td><td>10.24<\/td><td>32.28-37.80<\/td><td>29.92-37.80<\/td><td>28.74-39.37<\/td><\/tr><\/tbody><\/table><\/figure>","protected":false},"excerpt":{"rendered":"<p>Valmistaudu varastamaan show &quot;Flirty Trio&quot; -setill\u00e4mme! T\u00e4m\u00e4 kolmen rintaliivin kokonaisuus tarjoaa leikkis\u00e4n sekoituksen l\u00e4pin\u00e4kyv\u00e4\u00e4 pitsi\u00e4, kiusaavaa rintakuvaa ja r\u00f6yhelteisi\u00e4 sukkanauhaa. Mustan ja oranssin kuvion silmiinpist\u00e4v\u00e4 kontrasti huutaa draamaa ja hauskaa.<\/p>","protected":false},"featured_media":42883,"template":"","meta":[],"product_brand":[],"product_cat":[368,367,376],"product_tag":[507,448,516,518,453,864,504],"class_list":{"0":"post-42873","1":"product","2":"type-product","3":"status-publish","4":"has-post-thumbnail","6":"product_cat-bra-panty-set","7":"product_cat-sexy-lingerie","8":"product_cat-wholesale-ultra-sexy-bra-panty-set","9":"product_tag-three-pcs-set","10":"product_tag-wholesale-elegant-sexy-lingerie","11":"product_tag-lace-lingerie","12":"product_tag-mesh-lingerie","13":"product_tag-wholesale-sexy-naughty-lingerie","14":"product_tag-sexy-petite-lingerie","15":"product_tag-ultra-sexy","16":"pa_color-orange","17":"pa_size-wholesale-large-size-women-sexy-lingerie","18":"pa_size-wholesale-medium-size-women-sexy-lingerie","19":"pa_size-wholesale-small-size-sexy-lingerie","21":"first","22":"instock","23":"taxable","24":"shipping-taxable","25":"purchasable","26":"product-type-variable"},"tiered_pricing_type":"fixed","tiered_pricing_fixed_rules":[],"tiered_pricing_product_settings":{"layout":"default","base_unit_name":{"singular":null,"plural":null},"default_variation":null},"tiered_pricing_minimum_quantity":null,"tiered_pricing_roles_data":{"default_wholesaler":{"product_id":42873,"role":"default_wholesaler","pricing_type":"flat","regular_price":null,"sale_price":null,"discount":null,"discount_type":"sale_price","tiered_pricing_type":"fixed","percentage_rules":[],"fixed_rules":{"2":"11.79","30":"10.09","500":"8.79"},"minimum":null},"dropshippinger":{"product_id":42873,"role":"dropshippinger","pricing_type":"flat","regular_price":null,"sale_price":null,"discount":null,"discount_type":"sale_price","tiered_pricing_type":"fixed","percentage_rules":[],"fixed_rules":{"1":"14.09","5":"11.79","30":"10.09"},"minimum":null}},"tiered_pricing_percentage_rules":[],"tiered_pricing_maximum_quantity":null,"tiered_pricing_quantity_step":null,"_links":{"self":[{"href":"https:\/\/gretasexylingerie.com\/fi\/wp-json\/wp\/v2\/product\/42873","targetHints":{"allow":["GET"]}}],"collection":[{"href":"https:\/\/gretasexylingerie.com\/fi\/wp-json\/wp\/v2\/product"}],"about":[{"href":"https:\/\/gretasexylingerie.com\/fi\/wp-json\/wp\/v2\/types\/product"}],"wp:featuredmedia":[{"embeddable":true,"href":"https:\/\/gretasexylingerie.com\/fi\/wp-json\/wp\/v2\/media\/42883"}],"wp:attachment":[{"href":"https:\/\/gretasexylingerie.com\/fi\/wp-json\/wp\/v2\/media?parent=42873"}],"wp:term":[{"taxonomy":"product_brand","embeddable":true,"href":"https:\/\/gretasexylingerie.com\/fi\/wp-json\/wp\/v2\/product_brand?post=42873"},{"taxonomy":"product_cat","embeddable":true,"href":"https:\/\/gretasexylingerie.com\/fi\/wp-json\/wp\/v2\/product_cat?post=42873"},{"taxonomy":"product_tag","embeddable":true,"href":"https:\/\/gretasexylingerie.com\/fi\/wp-json\/wp\/v2\/product_tag?post=42873"}],"curies":[{"name":"wp","href":"https:\/\/api.w.org\/{rel}","templated":true}]}}