{"id":42850,"date":"2023-06-24T22:49:41","date_gmt":"2023-06-24T14:49:41","guid":{"rendered":"https:\/\/gretasexylingerie.com\/?post_type=product&#038;p=42850"},"modified":"2024-01-17T22:25:09","modified_gmt":"2024-01-17T14:25:09","slug":"3-osainen-metallinen-punk-yksivarinen-rintaliivisarja","status":"publish","type":"product","link":"https:\/\/gretasexylingerie.com\/fi\/products\/3-piece-metallic-punk-solid-color-bra-thong-set\/","title":{"rendered":"3-osainen metallinen punk yksiv\u00e4rinen rintaliivit ja stringit"},"content":{"rendered":"<ol class=\"wp-block-list\">\n<li>Vaikuttava muotoilu: Metallisen punk-tyylins\u00e4 ansiosta t\u00e4m\u00e4 setti tarjoaa rohkean lookin, joka sopii t\u00e4ydellisesti yksil\u00f6llisyyden ja ilmeen omaksuville.<\/li>\n\n\n\n<li>Ep\u00e4tavallinen estetiikka: Yksiv\u00e4rinen muotoilu lis\u00e4\u00e4 rohkean yksinkertaisuuden elementin, mik\u00e4 parantaa metallisen punk-estetiikkaa.<\/li>\n\n\n\n<li>Trend-Conscious: T\u00e4m\u00e4 setti sopii t\u00e4ydellisesti nykyaikaisten alusvaatteiden trendeihin ja vetoaa muodin edell\u00e4k\u00e4vij\u00f6ihin.<\/li>\n\n\n\n<li>Mukavuus kohtaa tyylin: Silmiinpist\u00e4v\u00e4st\u00e4 estetiikasta huolimatta setti lupaa mukavan istuvuuden harkitun suunnittelunsa ja laadukkaiden materiaaliensa ansiosta.<\/li>\n\n\n\n<li>Rohkeat yksityiskohdat: Laadukas ammattitaito, joka n\u00e4kyy jokaisessa yksityiskohdassa, korostaa rohkeaa metallista punk-muotoilua.<\/li>\n<\/ol>\n\n\n\n<p>Yhteenvetona voidaan todeta, ett\u00e4 3-osainen Metallic Punk Solid Color -rintaliivit &amp; stringit erottuu edukseen ainutlaatuisella yhdistelm\u00e4ll\u00e4\u00e4n rohkeaa muotoilua, mukavuutta ja huolellisia yksityiskohtia. Sen erikoisominaisuudet ja yhteensopivuus nykyisten tyylitrendien kanssa tekev\u00e4t siit\u00e4 pirte\u00e4n mutta tyylikk\u00e4\u00e4n lis\u00e4yksen kaikkiin alusvaatteisiin.<\/p>\n\n\n\n<figure class=\"wp-block-table is-style-stripes\"><table class=\"has-fixed-layout\"><tbody><tr><td colspan=\"5\">Sivustokaavio (CM)<\/td><\/tr><tr><td>Koko<\/td><td>Pituus<\/td><td>Yl\u00e4rinta<\/td><td>Alempi rintakeh\u00e4<\/td><td>Vy\u00f6t\u00e4r\u00f6linja<\/td><\/tr><tr><td>S<\/td><td>24<\/td><td>74-88<\/td><td>68-88<\/td><td>65-92<\/td><\/tr><tr><td>M<\/td><td>25<\/td><td>78-92<\/td><td>72-92<\/td><td>69-96<\/td><\/tr><tr><td>L<\/td><td>26<\/td><td>82-96<\/td><td>76-96<\/td><td>73-100<\/td><\/tr><tr><td colspan=\"5\">Sivustokaavio (TUUMA)<\/td><\/tr><tr><td>Koko<\/td><td>Pituus<\/td><td>Yl\u00e4rinta<\/td><td>Alempi rintakeh\u00e4<\/td><td>vy\u00f6t\u00e4r\u00f6linja<\/td><\/tr><tr><td>S<\/td><td>9.45<\/td><td>29.13-34.65<\/td><td>26.77-34.65<\/td><td>25.59-36.22<\/td><\/tr><tr><td>M<\/td><td>9.84<\/td><td>30.71-36.22<\/td><td>28.35-36.22<\/td><td>27.17-37.80<\/td><\/tr><tr><td>L<\/td><td>10.24<\/td><td>32.28-37.80<\/td><td>29.92-37.80<\/td><td>28.74-39.37<\/td><\/tr><\/tbody><\/table><\/figure>","protected":false},"excerpt":{"rendered":"<p>P\u00e4\u00e4st\u00e4 rohkea puolesi valloilleen 3-osaisella metallisella punk-rintaliivit &amp; stringit -sarjallamme. T\u00e4m\u00e4 silmiinpist\u00e4v\u00e4 setti yhdist\u00e4\u00e4 vaivattomasti s\u00e4rm\u00e4isen estetiikan ja erinomaisen mukavuuden, joten se on unohtumaton lis\u00e4 alusvaatekokoelmaasi.<\/p>\n<p>https:\/\/youtu.be\/5hwR5D_BGj8<\/p>","protected":false},"featured_media":42861,"template":"","meta":[],"product_brand":[],"product_cat":[368,367,375],"product_tag":[505,448,524,867],"class_list":{"0":"post-42850","1":"product","2":"type-product","3":"status-publish","4":"has-post-thumbnail","6":"product_cat-bra-panty-set","7":"product_cat-sexy-lingerie","8":"product_cat-whoelsale-sheer-bra-and-panty-sets","9":"product_tag-5-piece-lingerie-set","10":"product_tag-wholesale-elegant-sexy-lingerie","11":"product_tag-metal-lingerie","12":"product_tag-sexy-push-up-lingerie","13":"pa_color-black","14":"pa_color-red-women-sexy-lingerie","15":"pa_size-wholesale-large-size-women-sexy-lingerie","16":"pa_size-wholesale-medium-size-women-sexy-lingerie","17":"pa_size-wholesale-small-size-sexy-lingerie","19":"first","20":"instock","21":"taxable","22":"shipping-taxable","23":"purchasable","24":"product-type-variable"},"tiered_pricing_type":"fixed","tiered_pricing_fixed_rules":[],"tiered_pricing_product_settings":{"layout":"default","base_unit_name":{"singular":null,"plural":null},"default_variation":{}},"tiered_pricing_minimum_quantity":null,"tiered_pricing_roles_data":{"default_wholesaler":{"product_id":42850,"role":"default_wholesaler","pricing_type":"flat","regular_price":null,"sale_price":null,"discount":null,"discount_type":"sale_price","tiered_pricing_type":"fixed","percentage_rules":[],"fixed_rules":{"2":"11.49","30":"9.89","500":"8.59"},"minimum":null},"dropshippinger":{"product_id":42850,"role":"dropshippinger","pricing_type":"flat","regular_price":null,"sale_price":null,"discount":null,"discount_type":"sale_price","tiered_pricing_type":"fixed","percentage_rules":[],"fixed_rules":{"1":"13.79","5":"11.49","30":"9.89"},"minimum":null}},"tiered_pricing_percentage_rules":[],"tiered_pricing_maximum_quantity":null,"tiered_pricing_quantity_step":null,"_links":{"self":[{"href":"https:\/\/gretasexylingerie.com\/fi\/wp-json\/wp\/v2\/product\/42850","targetHints":{"allow":["GET"]}}],"collection":[{"href":"https:\/\/gretasexylingerie.com\/fi\/wp-json\/wp\/v2\/product"}],"about":[{"href":"https:\/\/gretasexylingerie.com\/fi\/wp-json\/wp\/v2\/types\/product"}],"wp:featuredmedia":[{"embeddable":true,"href":"https:\/\/gretasexylingerie.com\/fi\/wp-json\/wp\/v2\/media\/42861"}],"wp:attachment":[{"href":"https:\/\/gretasexylingerie.com\/fi\/wp-json\/wp\/v2\/media?parent=42850"}],"wp:term":[{"taxonomy":"product_brand","embeddable":true,"href":"https:\/\/gretasexylingerie.com\/fi\/wp-json\/wp\/v2\/product_brand?post=42850"},{"taxonomy":"product_cat","embeddable":true,"href":"https:\/\/gretasexylingerie.com\/fi\/wp-json\/wp\/v2\/product_cat?post=42850"},{"taxonomy":"product_tag","embeddable":true,"href":"https:\/\/gretasexylingerie.com\/fi\/wp-json\/wp\/v2\/product_tag?post=42850"}],"curies":[{"name":"wp","href":"https:\/\/api.w.org\/{rel}","templated":true}]}}