{"id":42727,"date":"2023-06-22T21:41:45","date_gmt":"2023-06-22T13:41:45","guid":{"rendered":"https:\/\/gretasexylingerie.com\/?post_type=product&#038;p=42727"},"modified":"2023-12-09T19:14:20","modified_gmt":"2023-12-09T11:14:20","slug":"upeat-rintaliivit-pikkuhousut-strassit","status":"publish","type":"product","link":"https:\/\/gretasexylingerie.com\/fi\/products\/gorgeous-bra-panty-set-with-rhinestones\/","title":{"rendered":"Upea rintaliivit ja pikkuhousut, joissa strassit"},"content":{"rendered":"<ol class=\"wp-block-list\">\n<li>Ylellinen muotoilu: Kukkakirjonta herk\u00e4ll\u00e4 tyllill\u00e4 tarjoaa elegantin esteettisen, t\u00e4ydellisen niille, jotka etsiv\u00e4t tasokkaita alusvaatteita.<\/li>\n\n\n\n<li>Ainutlaatuisia ominaisuuksia: tekojalokivinastat tuovat sarjaan h\u00e4ik\u00e4isev\u00e4n elementin, joka lis\u00e4\u00e4 ylim\u00e4\u00e4r\u00e4ist\u00e4 glamua.<\/li>\n\n\n\n<li>Trend-Aligned: Suunnittelu on linjassa t\u00e4m\u00e4nhetkisten alusvaatteiden trendien kanssa, joten se on tyylitietoisille v\u00e4ltt\u00e4m\u00e4t\u00f6n.<\/li>\n\n\n\n<li>Mukavuus ja istuvuus: Ylellisest\u00e4 muotoilustaan huolimatta setti takaa mukavan istuvuuden pehme\u00e4n tyllikankaan ansiosta.<\/li>\n\n\n\n<li>Tyylikk\u00e4\u00e4t yksityiskohdat: Monimutkaiset kirjailut ja kimaltelevat strassit osoittavat sarjan korkealaatuista k\u00e4sity\u00f6taitoa ja huomiota yksityiskohtiin.<\/li>\n<\/ol>\n\n\n\n<p>Lopuksi totean, ett\u00e4 upea Tylli-rintaliivit ja -housut, joissa on kukkakirjonta ja strassit, tarjoavat harmonisen sekoituksen ylellisyytt\u00e4, mukavuutta ja huolellisia yksityiskohtia. Sen ainutlaatuiset ominaisuudet ja trendien mukainen tyyli tekev\u00e4t siit\u00e4 erottuvan lis\u00e4yksen mihin tahansa alusvaatemallistoon.<\/p>\n\n\n\n<p><\/p>\n\n\n\n<figure class=\"wp-block-table is-style-stripes\"><table class=\"has-fixed-layout\"><tbody><tr><td colspan=\"5\">Sivustokaavio (CM)<\/td><\/tr><tr><td>Koko<\/td><td>Pituus<\/td><td>Alempi rintakeh\u00e4<\/td><td>Vy\u00f6t\u00e4r\u00f6linja<\/td><td>Vy\u00f6t\u00e4r\u00f6nauha<\/td><\/tr><tr><td>S<\/td><td>23.5<\/td><td>67-88<\/td><td>68-92<\/td><td>64-92<\/td><\/tr><tr><td>M<\/td><td>24.5<\/td><td>68-96<\/td><td>72-92<\/td><td>68-96<\/td><\/tr><tr><td>L<\/td><td>25.5<\/td><td>72-100<\/td><td>76-100<\/td><td>72-100<\/td><\/tr><tr><td colspan=\"5\">Sivustokaavio (TUUMA)<\/td><\/tr><tr><td>Koko<\/td><td>Pituus<\/td><td>Alempi rintakeh\u00e4<\/td><td>Alempi rintakeh\u00e4<\/td><td>vy\u00f6t\u00e4r\u00f6linja<\/td><\/tr><tr><td>S<\/td><td>9.25<\/td><td>26.38-34.65<\/td><td>26.77-36.22<\/td><td>25.20-36.22<\/td><\/tr><tr><td>M<\/td><td>9.65<\/td><td>26.77-37.80<\/td><td>28.35-36.22<\/td><td>26.77-37.80<\/td><\/tr><tr><td>L<\/td><td>10.04<\/td><td>28.35-39.37<\/td><td>29.92-39.37<\/td><td>28.35-39.37<\/td><\/tr><\/tbody><\/table><\/figure>","protected":false},"excerpt":{"rendered":"<p>Hemmottele ylellisyytt\u00e4 upealla tyllirinta- ja pikkuhoususarjallamme, joka on koristeltu kukkakirjonnalla ja t\u00e4ynn\u00e4 kimaltelevia strassit. T\u00e4m\u00e4 setti harmonisoi monimutkaiset yksityiskohdat ja mukavan kulumisen luoden alusvaatteen, joka on yht\u00e4 tyylik\u00e4s kuin mukavakin.<\/p>","protected":false},"featured_media":42736,"template":"","meta":[],"product_brand":[],"product_cat":[368,367,375],"product_tag":[507,448,454,518,973,525,864],"class_list":{"0":"post-42727","1":"product","2":"type-product","3":"status-publish","4":"has-post-thumbnail","6":"product_cat-bra-panty-set","7":"product_cat-sexy-lingerie","8":"product_cat-whoelsale-sheer-bra-and-panty-sets","9":"product_tag-three-pcs-set","10":"product_tag-wholesale-elegant-sexy-lingerie","11":"product_tag-wholesale-sexy-embroidered-lingerie","12":"product_tag-mesh-lingerie","13":"product_tag-oem","14":"product_tag-rhinestone-lingerie","15":"product_tag-sexy-petite-lingerie","16":"pa_color-black","17":"pa_size-wholesale-large-size-women-sexy-lingerie","18":"pa_size-wholesale-medium-size-women-sexy-lingerie","19":"pa_size-wholesale-small-size-sexy-lingerie","21":"first","22":"outofstock","23":"taxable","24":"shipping-taxable","25":"purchasable","26":"product-type-variable"},"tiered_pricing_type":"fixed","tiered_pricing_fixed_rules":[],"tiered_pricing_product_settings":{"layout":"default","base_unit_name":{"singular":null,"plural":null},"default_variation":{}},"tiered_pricing_minimum_quantity":null,"tiered_pricing_roles_data":{"default_wholesaler":{"product_id":42727,"role":"default_wholesaler","pricing_type":"flat","regular_price":null,"sale_price":null,"discount":null,"discount_type":"sale_price","tiered_pricing_type":"fixed","percentage_rules":[],"fixed_rules":{"2":"9.69","30":"8.29","500":"7.29"},"minimum":null},"dropshippinger":{"product_id":42727,"role":"dropshippinger","pricing_type":"flat","regular_price":null,"sale_price":null,"discount":null,"discount_type":"sale_price","tiered_pricing_type":"fixed","percentage_rules":[],"fixed_rules":{"1":"11.59","5":"9.69","30":"8.29"},"minimum":null}},"tiered_pricing_percentage_rules":[],"tiered_pricing_maximum_quantity":null,"tiered_pricing_quantity_step":null,"_links":{"self":[{"href":"https:\/\/gretasexylingerie.com\/fi\/wp-json\/wp\/v2\/product\/42727","targetHints":{"allow":["GET"]}}],"collection":[{"href":"https:\/\/gretasexylingerie.com\/fi\/wp-json\/wp\/v2\/product"}],"about":[{"href":"https:\/\/gretasexylingerie.com\/fi\/wp-json\/wp\/v2\/types\/product"}],"wp:featuredmedia":[{"embeddable":true,"href":"https:\/\/gretasexylingerie.com\/fi\/wp-json\/wp\/v2\/media\/42736"}],"wp:attachment":[{"href":"https:\/\/gretasexylingerie.com\/fi\/wp-json\/wp\/v2\/media?parent=42727"}],"wp:term":[{"taxonomy":"product_brand","embeddable":true,"href":"https:\/\/gretasexylingerie.com\/fi\/wp-json\/wp\/v2\/product_brand?post=42727"},{"taxonomy":"product_cat","embeddable":true,"href":"https:\/\/gretasexylingerie.com\/fi\/wp-json\/wp\/v2\/product_cat?post=42727"},{"taxonomy":"product_tag","embeddable":true,"href":"https:\/\/gretasexylingerie.com\/fi\/wp-json\/wp\/v2\/product_tag?post=42727"}],"curies":[{"name":"wp","href":"https:\/\/api.w.org\/{rel}","templated":true}]}}