{"id":42613,"date":"2023-06-21T23:58:04","date_gmt":"2023-06-21T15:58:04","guid":{"rendered":"https:\/\/gretasexylingerie.com\/?post_type=product&#038;p=42613"},"modified":"2023-09-05T20:55:01","modified_gmt":"2023-09-05T12:55:01","slug":"seksikas-lapinakyva-pitsirintaliivit-jossa-royhelo-sukkanauha","status":"publish","type":"product","link":"https:\/\/gretasexylingerie.com\/fi\/products\/sexy-sheer-lace-bra-set-with-ruffled-garter\/","title":{"rendered":"Sexy Sheer Lace -rintaliivit ja r\u00f6yhel\u00f6inen sukkanauha"},"content":{"rendered":"<ol class=\"wp-block-list\">\n<li>Provokatiivinen muotoilu: L\u00e4pin\u00e4kyv\u00e4 pitsikirjonta tarjoaa vakuuttavan estetiikan niille, jotka etsiv\u00e4t rohkeita alusvaatteita.<\/li>\n\n\n\n<li>Ainutlaatuiset ominaisuudet: Metalliset ketjut ja r\u00f6yhel\u00f6t sukkanauhat tuovat sarjaan rohkeita elementtej\u00e4 varmistaen, ett\u00e4 se erottuu muotoilultaan ja houkuttelevuudestaan.<\/li>\n\n\n\n<li>Trend-Aligned: Suunnittelu noudattaa t\u00e4m\u00e4nhetkisi\u00e4 alusasutrendej\u00e4 ja houkuttelee muotia eteenp\u00e4in.<\/li>\n\n\n\n<li>Mukavuus ja istuvuus: Rohkeista yksityiskohdista huolimatta setti takaa mukavan istuvuuden herk\u00e4n pitsikankaan ansiosta.<\/li>\n\n\n\n<li>Rohkeat yksityiskohdat: Metalliset ketjut ja r\u00f6yhel\u00f6t sukkanauhat lis\u00e4\u00e4v\u00e4t rohkeutta niille, jotka haluavat ilmaista rohkeaa tyyli\u00e4\u00e4n.<\/li>\n<\/ol>\n\n\n\n<p>Yhteenvetona voidaan todeta, ett\u00e4 Sexy Sheer Lace Bra Set metalliketjuilla ja r\u00f6yhel\u00f6ill\u00e4 sukkanauhat tarjoavat vakuuttavan sekoituksen rohkeaa muotoilua, mukavuutta ja huolellisia yksityiskohtia. Sen ainutlaatuiset ominaisuudet ja trendisuuntainen muotoilu tekev\u00e4t siit\u00e4 erottuvan lis\u00e4yksen mihin tahansa alusvaatemallistoon.<\/p>\n\n\n\n<figure class=\"wp-block-table is-style-stripes\"><table class=\"has-fixed-layout\"><tbody><tr><td colspan=\"5\">Sivustokaavio (CM)<\/td><\/tr><tr><td>Koko<\/td><td>Pituus<\/td><td>Yl\u00e4rinta<\/td><td>Vy\u00f6t\u00e4r\u00f6nauha<\/td><td>Vy\u00f6t\u00e4r\u00f6linja<\/td><\/tr><tr><td>S<\/td><td>22<\/td><td>70-88<\/td><td>64-92<\/td><td>68-96<\/td><\/tr><tr><td>M<\/td><td>23<\/td><td>74-92<\/td><td>68-96<\/td><td>72-100<\/td><\/tr><tr><td>L<\/td><td>24<\/td><td>78-96<\/td><td>72-100<\/td><td>76-104<\/td><\/tr><tr><td colspan=\"5\">Sivustokaavio (TUUMA)<\/td><\/tr><tr><td>Koko<\/td><td>Pituus<\/td><td>Yl\u00e4rinta<\/td><td>Alempi rintakeh\u00e4<\/td><td>vy\u00f6t\u00e4r\u00f6linja<\/td><\/tr><tr><td>S<\/td><td>8.46<\/td><td>27.56-34.65<\/td><td>25.20-36.22<\/td><td>26.77-37.80<\/td><\/tr><tr><td>M<\/td><td>8.86<\/td><td>29.13-36.22<\/td><td>26.77-37.80<\/td><td>28.35-39.37<\/td><\/tr><tr><td>L<\/td><td>9.25<\/td><td>30.71-37.80<\/td><td>28.35-39.37<\/td><td>29.92-40.94<\/td><\/tr><\/tbody><\/table><\/figure>","protected":false},"excerpt":{"rendered":"<p>Uppoudu rohkeaan vieh\u00e4tykseen Sexy Sheer Lace -rintaliivitetill\u00e4mme, jossa on metalliketjut ja r\u00f6yhelteiset sukkanauhat. T\u00e4m\u00e4 rohkea setti esittelee monimutkaista pitsikirjontaa l\u00e4pin\u00e4kyv\u00e4ll\u00e4 kankaalla, mik\u00e4 tarjoaa tasapainon provosoivien yksityiskohtien ja ylivertaisen mukavuuden v\u00e4lill\u00e4. T\u00e4m\u00e4 alusvaatekappale on yht\u00e4 houkutteleva kuin erottuvakin.<\/p>","protected":false},"featured_media":42630,"template":"","meta":[],"product_brand":[],"product_cat":[368,367,375],"product_tag":[507,875,451,510,446,864],"class_list":{"0":"post-42613","1":"product","2":"type-product","3":"status-publish","4":"has-post-thumbnail","6":"product_cat-bra-panty-set","7":"product_cat-sexy-lingerie","8":"product_cat-whoelsale-sheer-bra-and-panty-sets","9":"product_tag-three-pcs-set","10":"product_tag-lace-sexy-lingerie","11":"product_tag-wholesale-revealing-lingerie","12":"product_tag-ruffles-lingerie","13":"product_tag-wholesale-sexy-see-through-lingerie","14":"product_tag-sexy-petite-lingerie","15":"pa_color-black","16":"pa_color-red-women-sexy-lingerie","17":"pa_color-white","18":"pa_size-wholesale-large-size-women-sexy-lingerie","19":"pa_size-wholesale-medium-size-women-sexy-lingerie","20":"pa_size-wholesale-small-size-sexy-lingerie","22":"first","23":"instock","24":"taxable","25":"shipping-taxable","26":"purchasable","27":"product-type-variable"},"tiered_pricing_type":"fixed","tiered_pricing_fixed_rules":[],"tiered_pricing_product_settings":{"layout":"default","base_unit_name":{"singular":null,"plural":null},"default_variation":null},"tiered_pricing_minimum_quantity":null,"tiered_pricing_roles_data":{"default_wholesaler":{"product_id":42613,"role":"default_wholesaler","pricing_type":"flat","regular_price":null,"sale_price":null,"discount":null,"discount_type":"sale_price","tiered_pricing_type":"fixed","percentage_rules":[],"fixed_rules":{"2":"10.99","30":"9.39","500":"8.29"},"minimum":null},"dropshippinger":{"product_id":42613,"role":"dropshippinger","pricing_type":"flat","regular_price":null,"sale_price":null,"discount":null,"discount_type":"sale_price","tiered_pricing_type":"fixed","percentage_rules":[],"fixed_rules":{"1":"13.19","5":"10.99","30":"9.39"},"minimum":null}},"tiered_pricing_percentage_rules":[],"tiered_pricing_maximum_quantity":null,"tiered_pricing_quantity_step":null,"_links":{"self":[{"href":"https:\/\/gretasexylingerie.com\/fi\/wp-json\/wp\/v2\/product\/42613","targetHints":{"allow":["GET"]}}],"collection":[{"href":"https:\/\/gretasexylingerie.com\/fi\/wp-json\/wp\/v2\/product"}],"about":[{"href":"https:\/\/gretasexylingerie.com\/fi\/wp-json\/wp\/v2\/types\/product"}],"wp:featuredmedia":[{"embeddable":true,"href":"https:\/\/gretasexylingerie.com\/fi\/wp-json\/wp\/v2\/media\/42630"}],"wp:attachment":[{"href":"https:\/\/gretasexylingerie.com\/fi\/wp-json\/wp\/v2\/media?parent=42613"}],"wp:term":[{"taxonomy":"product_brand","embeddable":true,"href":"https:\/\/gretasexylingerie.com\/fi\/wp-json\/wp\/v2\/product_brand?post=42613"},{"taxonomy":"product_cat","embeddable":true,"href":"https:\/\/gretasexylingerie.com\/fi\/wp-json\/wp\/v2\/product_cat?post=42613"},{"taxonomy":"product_tag","embeddable":true,"href":"https:\/\/gretasexylingerie.com\/fi\/wp-json\/wp\/v2\/product_tag?post=42613"}],"curies":[{"name":"wp","href":"https:\/\/api.w.org\/{rel}","templated":true}]}}