{"id":42568,"date":"2023-06-20T23:10:18","date_gmt":"2023-06-20T15:10:18","guid":{"rendered":"https:\/\/gretasexylingerie.com\/?post_type=product&#038;p=42568"},"modified":"2023-12-09T17:51:18","modified_gmt":"2023-12-09T09:51:18","slug":"siniset-rintaliivit-pikkuhousut-joissa-kirjailtuja-kukkia","status":"publish","type":"product","link":"https:\/\/gretasexylingerie.com\/fi\/products\/blue-bra-panty-set-with-embroidered-flowers\/","title":{"rendered":"Siniset rintaliivit ja pikkuhousut, joissa kirjailtuja kukkia"},"content":{"rendered":"<ol class=\"wp-block-list\">\n<li>Tyylik\u00e4s muotoilu: Brodeeratut kukat sinisell\u00e4 kankaalla tarjoavat hienostuneen estetiikan, t\u00e4ydellinen niille, jotka etsiv\u00e4t hienostuneita alusvaatteita.<\/li>\n\n\n\n<li>Ainutlaatuisia ominaisuuksia: Brodeeratut kukat tuovat sarjaan ainutlaatuisen ja visuaalisesti houkuttelevan elementin.<\/li>\n\n\n\n<li>Trend-Aligned: Suunnittelu on linjassa nykyisten alusvaatteiden trendien kanssa, joten se on muotitietoisille v\u00e4ltt\u00e4m\u00e4t\u00f6n.<\/li>\n\n\n\n<li>Mukavuus ja istuvuus: Ilmavasta tyllista valmistettu setti takaa tiukan ja mukavan istuvuuden, mukautuu eri vartalotyypeihin.<\/li>\n\n\n\n<li>Herkk\u00e4\u00e4 k\u00e4sity\u00f6taitoa: Monimutkainen kirjonta ja pehme\u00e4 tyllimateriaali esittelev\u00e4t sarjan luomiseen liittyv\u00e4\u00e4 korkealaatuista ammattitaitoa.<\/li>\n<\/ol>\n\n\n\n<p>Yhteenvetona voidaan todeta, ett\u00e4 Blue Bra &amp; Panty Set brodeeratuilla kukilla on tyylik\u00e4s sekoitus muotoilua, mukavuutta ja ammattitaitoa. Sen ainutlaatuiset ominaisuudet ja trendien mukainen tyyli tekev\u00e4t siit\u00e4 hienostuneen mutta mukavan lis\u00e4yksen mihin tahansa alusvaatemallistoon.<\/p>\n\n\n\n<figure class=\"wp-block-table is-style-stripes\"><table class=\"has-fixed-layout\"><tbody><tr><td colspan=\"5\">Sivustokaavio (CM)<\/td><\/tr><tr><td>Koko<\/td><td>Pituus<\/td><td>Yl\u00e4rinta<\/td><td>Vy\u00f6t\u00e4r\u00f6nauha<\/td><td>Vy\u00f6t\u00e4r\u00f6linja<\/td><\/tr><tr><td>S<\/td><td>22<\/td><td>71-88<\/td><td>64-92<\/td><td>70-92<\/td><\/tr><tr><td>M<\/td><td>23<\/td><td>75-92<\/td><td>68-96<\/td><td>74-96<\/td><\/tr><tr><td>L<\/td><td>24<\/td><td>79-96<\/td><td>72-100<\/td><td>78-100<\/td><\/tr><tr><td colspan=\"5\">Sivustokaavio (TUUMA)<\/td><\/tr><tr><td>Koko<\/td><td>Pituus<\/td><td>Yl\u00e4rinta<\/td><td>Alempi rintakeh\u00e4<\/td><td>vy\u00f6t\u00e4r\u00f6linja<\/td><\/tr><tr><td>S<\/td><td>8.66<\/td><td>27.95-34.65<\/td><td>25.20-36.22<\/td><td>27.56-36.22<\/td><\/tr><tr><td>M<\/td><td>9.06<\/td><td>29.53-36.22<\/td><td>26.77-37.80<\/td><td>29.13-37.80<\/td><\/tr><tr><td>L<\/td><td>9.45<\/td><td>31.10-37.80<\/td><td>28.35-39.37<\/td><td>30.71-39.37<\/td><\/tr><\/tbody><\/table><\/figure>","protected":false},"excerpt":{"rendered":"<p>L\u00f6yd\u00e4 herkk\u00e4\u00e4 eleganssia Blue Bra &amp; Panty Setill\u00e4mme, joka on koristeltu brodeeratuilla kukilla ilmavalla tyllill\u00e4. T\u00e4m\u00e4 setti kiteytt\u00e4\u00e4 kauneuden yksinkertaisuuteen ja tarjoaa tasapainon monimutkaisten yksityiskohtien ja mukavan kulumisen v\u00e4lill\u00e4. Se on alusvaatteet, joka on yht\u00e4 pehme\u00e4 kosketukseen kuin se miellytt\u00e4\u00e4 silm\u00e4\u00e4.<\/p>\n<p>https:\/\/youtu.be\/BUFMRxyxQ-U<\/p>","protected":false},"featured_media":42578,"template":"","meta":[],"product_brand":[],"product_cat":[368,367,375],"product_tag":[507,448,454,870,532,518,973,446],"class_list":{"0":"post-42568","1":"product","2":"type-product","3":"status-publish","4":"has-post-thumbnail","6":"product_cat-bra-panty-set","7":"product_cat-sexy-lingerie","8":"product_cat-whoelsale-sheer-bra-and-panty-sets","9":"product_tag-three-pcs-set","10":"product_tag-wholesale-elegant-sexy-lingerie","11":"product_tag-wholesale-sexy-embroidered-lingerie","12":"product_tag-floral-lingerie","13":"product_tag-lingerie-suspender-set","14":"product_tag-mesh-lingerie","15":"product_tag-oem","16":"product_tag-wholesale-sexy-see-through-lingerie","17":"pa_color-blue-women-sexy-lingerie","18":"pa_size-wholesale-large-size-women-sexy-lingerie","19":"pa_size-wholesale-medium-size-women-sexy-lingerie","20":"pa_size-wholesale-small-size-sexy-lingerie","22":"first","23":"outofstock","24":"taxable","25":"shipping-taxable","26":"purchasable","27":"product-type-variable"},"tiered_pricing_type":"fixed","tiered_pricing_fixed_rules":[],"tiered_pricing_product_settings":{"layout":"default","base_unit_name":{"singular":null,"plural":null},"default_variation":{}},"tiered_pricing_minimum_quantity":null,"tiered_pricing_roles_data":{"default_wholesaler":{"product_id":42568,"role":"default_wholesaler","pricing_type":"flat","regular_price":null,"sale_price":null,"discount":null,"discount_type":"sale_price","tiered_pricing_type":"fixed","percentage_rules":[],"fixed_rules":{"2":"9.69","30":"8.29","500":"7.29"},"minimum":null},"dropshippinger":{"product_id":42568,"role":"dropshippinger","pricing_type":"flat","regular_price":null,"sale_price":null,"discount":null,"discount_type":"sale_price","tiered_pricing_type":"fixed","percentage_rules":[],"fixed_rules":{"1":"11.59","5":"9.69","30":"8.29"},"minimum":null}},"tiered_pricing_percentage_rules":[],"tiered_pricing_maximum_quantity":null,"tiered_pricing_quantity_step":null,"_links":{"self":[{"href":"https:\/\/gretasexylingerie.com\/fi\/wp-json\/wp\/v2\/product\/42568","targetHints":{"allow":["GET"]}}],"collection":[{"href":"https:\/\/gretasexylingerie.com\/fi\/wp-json\/wp\/v2\/product"}],"about":[{"href":"https:\/\/gretasexylingerie.com\/fi\/wp-json\/wp\/v2\/types\/product"}],"wp:featuredmedia":[{"embeddable":true,"href":"https:\/\/gretasexylingerie.com\/fi\/wp-json\/wp\/v2\/media\/42578"}],"wp:attachment":[{"href":"https:\/\/gretasexylingerie.com\/fi\/wp-json\/wp\/v2\/media?parent=42568"}],"wp:term":[{"taxonomy":"product_brand","embeddable":true,"href":"https:\/\/gretasexylingerie.com\/fi\/wp-json\/wp\/v2\/product_brand?post=42568"},{"taxonomy":"product_cat","embeddable":true,"href":"https:\/\/gretasexylingerie.com\/fi\/wp-json\/wp\/v2\/product_cat?post=42568"},{"taxonomy":"product_tag","embeddable":true,"href":"https:\/\/gretasexylingerie.com\/fi\/wp-json\/wp\/v2\/product_tag?post=42568"}],"curies":[{"name":"wp","href":"https:\/\/api.w.org\/{rel}","templated":true}]}}