{"id":42301,"date":"2023-06-16T20:30:40","date_gmt":"2023-06-16T12:30:40","guid":{"rendered":"https:\/\/gretasexylingerie.com\/?post_type=product&#038;p=42301"},"modified":"2024-04-04T13:07:16","modified_gmt":"2024-04-04T05:07:16","slug":"lapinakyva-verkkorintaliivit-ja-pikkuhousut","status":"publish","type":"product","link":"https:\/\/gretasexylingerie.com\/fi\/products\/see-through-mesh-bra-and-panty-set\/","title":{"rendered":"L\u00e4pin\u00e4kyv\u00e4 mesh-rintaliivit ja -housut"},"content":{"rendered":"<ol class=\"wp-block-list\">\n<li>Rohkea muotoilu: L\u00e4pin\u00e4kyv\u00e4 verkko- ja nauhoitusominaisuudet tarjoavat rohkean estetiikan, joka sopii t\u00e4ydellisesti provosoivia alusvaatteita etsiville.<\/li>\n\n\n\n<li>Trend-Aligned: Suunnittelu pysyy ajan tasalla nykyaikaisten alusvaatteiden trendien kanssa ja houkuttelee muotia eteenp\u00e4in.<\/li>\n\n\n\n<li>Ainutlaatuiset ominaisuudet: Nauhasuunnittelu tuo sarjaan ainutlaatuisen elementin, mik\u00e4 varmistaa, ett\u00e4 se erottuu joukosta tahansa.<\/li>\n\n\n\n<li>Houkutteleva vetovoima: Pelkk\u00e4 muotoilu vahvistaa setin vieh\u00e4tyst\u00e4 ja lis\u00e4\u00e4 viettelev\u00e4n elementin.<\/li>\n\n\n\n<li>Mukavuus ja istuvuus: Huolimatta rohkeasta suunnittelusta, setti takaa mukavan istuvuuden korkealaatuisten materiaalien ja hyvin suunniteltujen ominaisuuksiensa ansiosta.<\/li>\n<\/ol>\n\n\n\n<p>Yhteenvetona voidaan todeta, ett\u00e4 l\u00e4pin\u00e4kyv\u00e4 verkkorintaliivit ja pikkuhousut Sexy Lace-Up Designilla on houkutteleva sekoitus rohkeaa muotoilua ja mukavuutta. Sen ainutlaatuiset ominaisuudet ja trendien mukainen tyyli tekev\u00e4t siit\u00e4 provosoivan lis\u00e4yksen kaikkiin alusvaatemallistoon ja lupaavat rohkean ja hienostuneen ilmeen.<\/p>\n\n\n\n<figure class=\"wp-block-table is-style-stripes\"><table class=\"has-fixed-layout\"><tbody><tr><td colspan=\"5\">Sivustokaavio (CM)<\/td><\/tr><tr><td>Koko<\/td><td>Pituus<\/td><td>Yl\u00e4rinta<\/td><td>Alempi rintakeh\u00e4<\/td><td>vy\u00f6t\u00e4r\u00f6linja<\/td><\/tr><tr><td>S<\/td><td>22<\/td><td>68-88<\/td><td>66-88<\/td><td>68-96<\/td><\/tr><tr><td>M<\/td><td>23<\/td><td>72-92<\/td><td>62-92<\/td><td>72-100<\/td><\/tr><tr><td>L<\/td><td>24<\/td><td>76-96<\/td><td>74-96<\/td><td>76-104<\/td><\/tr><tr><td colspan=\"5\">Sivustokaavio (TUUMA)<\/td><\/tr><tr><td>Koko<\/td><td>Pituus<\/td><td>Yl\u00e4rinta<\/td><td>Alempi rintakeh\u00e4<\/td><td>vy\u00f6t\u00e4r\u00f6linja<\/td><\/tr><tr><td>S<\/td><td>8.66<\/td><td>26.77-34.65<\/td><td>25.98-34.65<\/td><td>26.77-37.80<\/td><\/tr><tr><td>M<\/td><td>9.06<\/td><td>28.35-36.22<\/td><td>24.41-36.22<\/td><td>28.35-39.37<\/td><\/tr><tr><td>L<\/td><td>9.45<\/td><td>29.92-37.80<\/td><td>29.13-37.80<\/td><td>29.92-40.94<\/td><\/tr><\/tbody><\/table><\/figure>","protected":false},"excerpt":{"rendered":"<p>Paljasta l\u00e4pin\u00e4kyv\u00e4n mesh-rintaliivit ja pikkuhousut -settimme viettely, jossa on seksik\u00e4s nauhakuvio. T\u00e4m\u00e4 houkutteleva kokonaisuus, joka on valmistettu l\u00e4pin\u00e4kyv\u00e4st\u00e4 verkosta, tarjoaa tasapainon rohkean vetovoiman ja eleganssin v\u00e4lill\u00e4. Nauhoitusyksityiskohta lis\u00e4\u00e4 seikkailunhalua ja luo alusvaatteen, joka on yht\u00e4 provosoiva kuin hienostunut.<\/p>","protected":false},"featured_media":42313,"template":"","meta":[],"product_brand":[],"product_cat":[368,367,375,376],"product_tag":[507,448,518,446,447,504],"class_list":{"0":"post-42301","1":"product","2":"type-product","3":"status-publish","4":"has-post-thumbnail","6":"product_cat-bra-panty-set","7":"product_cat-sexy-lingerie","8":"product_cat-whoelsale-sheer-bra-and-panty-sets","9":"product_cat-wholesale-ultra-sexy-bra-panty-set","10":"product_tag-three-pcs-set","11":"product_tag-wholesale-elegant-sexy-lingerie","12":"product_tag-mesh-lingerie","13":"product_tag-wholesale-sexy-see-through-lingerie","14":"product_tag-wholesale-strappy-sexy-lingerie","15":"product_tag-ultra-sexy","16":"pa_color-black","17":"pa_color-red-women-sexy-lingerie","18":"pa_size-wholesale-large-size-women-sexy-lingerie","19":"pa_size-wholesale-medium-size-women-sexy-lingerie","20":"pa_size-wholesale-small-size-sexy-lingerie","22":"first","23":"instock","24":"taxable","25":"shipping-taxable","26":"purchasable","27":"product-type-variable"},"tiered_pricing_type":"fixed","tiered_pricing_fixed_rules":[],"tiered_pricing_product_settings":{"layout":"table","base_unit_name":{"singular":null,"plural":null},"default_variation":null},"tiered_pricing_minimum_quantity":null,"tiered_pricing_roles_data":{"default_wholesaler":{"product_id":42301,"role":"default_wholesaler","pricing_type":"flat","regular_price":null,"sale_price":null,"discount":null,"discount_type":"sale_price","tiered_pricing_type":"fixed","percentage_rules":[],"fixed_rules":{"2":"9.69","30":"8.29","500":"7.29"},"minimum":null},"dropshippinger":{"product_id":42301,"role":"dropshippinger","pricing_type":"flat","regular_price":null,"sale_price":null,"discount":null,"discount_type":"sale_price","tiered_pricing_type":"fixed","percentage_rules":[],"fixed_rules":{"1":"11.59","5":"9.69","30":"8.29"},"minimum":null}},"tiered_pricing_percentage_rules":[],"tiered_pricing_maximum_quantity":null,"tiered_pricing_quantity_step":null,"_links":{"self":[{"href":"https:\/\/gretasexylingerie.com\/fi\/wp-json\/wp\/v2\/product\/42301","targetHints":{"allow":["GET"]}}],"collection":[{"href":"https:\/\/gretasexylingerie.com\/fi\/wp-json\/wp\/v2\/product"}],"about":[{"href":"https:\/\/gretasexylingerie.com\/fi\/wp-json\/wp\/v2\/types\/product"}],"wp:featuredmedia":[{"embeddable":true,"href":"https:\/\/gretasexylingerie.com\/fi\/wp-json\/wp\/v2\/media\/42313"}],"wp:attachment":[{"href":"https:\/\/gretasexylingerie.com\/fi\/wp-json\/wp\/v2\/media?parent=42301"}],"wp:term":[{"taxonomy":"product_brand","embeddable":true,"href":"https:\/\/gretasexylingerie.com\/fi\/wp-json\/wp\/v2\/product_brand?post=42301"},{"taxonomy":"product_cat","embeddable":true,"href":"https:\/\/gretasexylingerie.com\/fi\/wp-json\/wp\/v2\/product_cat?post=42301"},{"taxonomy":"product_tag","embeddable":true,"href":"https:\/\/gretasexylingerie.com\/fi\/wp-json\/wp\/v2\/product_tag?post=42301"}],"curies":[{"name":"wp","href":"https:\/\/api.w.org\/{rel}","templated":true}]}}