{"id":42263,"date":"2023-06-15T23:15:55","date_gmt":"2023-06-15T15:15:55","guid":{"rendered":"https:\/\/gretasexylingerie.com\/?post_type=product&#038;p=42263"},"modified":"2024-03-12T09:55:32","modified_gmt":"2024-03-12T01:55:32","slug":"kulta-savy-kukka-brodeerattu-sheer-mesh-rintaliivit","status":"publish","type":"product","link":"https:\/\/gretasexylingerie.com\/fi\/products\/gold-tone-floral-embroidered-sheer-mesh-bra-set\/","title":{"rendered":"Kullanv\u00e4rinen kukkakirjailtu l\u00e4pin\u00e4kyv\u00e4 mesh-rintaliivisarja"},"content":{"rendered":"<ol class=\"wp-block-list\">\n<li>Tyylik\u00e4s muotoilu: Kultas\u00e4vyinen verkko ja kukkakirjonta tarjoavat ylellist\u00e4 estetiikkaa, joka on t\u00e4ydellinen niille, jotka etsiv\u00e4t tyylikk\u00e4it\u00e4 alusvaatteita.<\/li>\n\n\n\n<li>Yksityiskohtainen k\u00e4sity\u00f6taito: Monimutkainen kukkakirjonta esittelee huolellista huomiota yksityiskohtiin t\u00e4m\u00e4n setin luomisessa.<\/li>\n\n\n\n<li>Trend-Aligned: Suunnittelu harmonisoituu nykyajan muotitrendien kanssa, mik\u00e4 tekee siit\u00e4 hitin muotitietoisten keskuudessa.<\/li>\n\n\n\n<li>Houkutteleva vetovoima: Pelkk\u00e4 muotoilu lis\u00e4\u00e4 setin aistillisuutta ja lis\u00e4\u00e4 houkuttelevan elementin.<\/li>\n\n\n\n<li>Mukavuus ja istuvuus: Ylellisest\u00e4 suunnittelustaan huolimatta setti takaa mukavan istuvuuden korkealaatuisten materiaalien ja harkitun suunnittelun ansiosta.<\/li>\n<\/ol>\n\n\n\n<p>Yhteenvetona voidaan todeta, ett\u00e4 kultas\u00e4vyinen kukkakirjonta Sheer Mesh -rintaliivisarja yhdist\u00e4\u00e4 t\u00e4ydellisesti eleganssia ja mukavuutta. Sen yksityiskohtainen ammattitaito, trendien mukainen muotoilu ja houkutteleva vetovoima tekev\u00e4t siit\u00e4 erottuvan lis\u00e4yksen mihin tahansa alusvaatemallistoon ja lupaavat todella lumoavan ilmeen.<\/p>\n\n\n\n<figure class=\"wp-block-table is-style-stripes\"><table class=\"has-fixed-layout\"><tbody><tr><td colspan=\"5\">Sivustokaavio (CM)<\/td><\/tr><tr><td>Koko<\/td><td>Pituus<\/td><td>Yl\u00e4rinta<\/td><td>Alempi rintakeh\u00e4<\/td><td>vy\u00f6t\u00e4r\u00f6linja<\/td><\/tr><tr><td>S<\/td><td>21<\/td><td>68-88<\/td><td>65-88<\/td><td>68-96<\/td><\/tr><tr><td>M<\/td><td>22<\/td><td>72-92<\/td><td>69-92<\/td><td>72-100<\/td><\/tr><tr><td>L<\/td><td>23<\/td><td>79-96<\/td><td>73-96<\/td><td>76-104<\/td><\/tr><tr><td colspan=\"5\">Sivustokaavio (TUUMA)<\/td><\/tr><tr><td>Koko<\/td><td>Pituus<\/td><td>Yl\u00e4rinta<\/td><td>Alempi rintakeh\u00e4<\/td><td>vy\u00f6t\u00e4r\u00f6linja<\/td><\/tr><tr><td>S<\/td><td>8.27<\/td><td>26.77-34.65<\/td><td>25.59-34.65<\/td><td>26.77-37.80<\/td><\/tr><tr><td>M<\/td><td>8.66<\/td><td>28.35-36.22<\/td><td>27.17-36.22<\/td><td>28.35-39.37<\/td><\/tr><tr><td>L<\/td><td>9.06<\/td><td>31.10-37.80<\/td><td>28.74-37.80<\/td><td>29.92-40.94<\/td><\/tr><\/tbody><\/table><\/figure>","protected":false},"excerpt":{"rendered":"<p>Astu glamouriin kullanv\u00e4risell\u00e4 kukkakirjontaisella l\u00e4pin\u00e4kyv\u00e4ll\u00e4 mesh-rintaliivisarjallamme. T\u00e4m\u00e4 hieno kokonaisuus, joka on koristeltu monimutkaisella kukkakirjontalla, on eleganssin ruumiillistuma. Kultas\u00e4vyinen verkko ja l\u00e4pin\u00e4kyv\u00e4 muotoilu luovat houkuttelevan estetiikan, mik\u00e4 tekee alusvaatteesta, joka on yht\u00e4 kiehtova kuin hienostunut.<\/p>","protected":false},"featured_media":42273,"template":"","meta":[],"product_brand":[],"product_cat":[368,367,375],"product_tag":[448,454,870,518,973,446,864],"class_list":{"0":"post-42263","1":"product","2":"type-product","3":"status-publish","4":"has-post-thumbnail","6":"product_cat-bra-panty-set","7":"product_cat-sexy-lingerie","8":"product_cat-whoelsale-sheer-bra-and-panty-sets","9":"product_tag-wholesale-elegant-sexy-lingerie","10":"product_tag-wholesale-sexy-embroidered-lingerie","11":"product_tag-floral-lingerie","12":"product_tag-mesh-lingerie","13":"product_tag-oem","14":"product_tag-wholesale-sexy-see-through-lingerie","15":"product_tag-sexy-petite-lingerie","16":"pa_color-yellow","17":"pa_size-wholesale-large-size-women-sexy-lingerie","18":"pa_size-wholesale-medium-size-women-sexy-lingerie","19":"pa_size-wholesale-small-size-sexy-lingerie","21":"first","22":"outofstock","23":"taxable","24":"shipping-taxable","25":"purchasable","26":"product-type-variable"},"tiered_pricing_type":"fixed","tiered_pricing_fixed_rules":[],"tiered_pricing_product_settings":{"layout":"table","base_unit_name":{"singular":null,"plural":null},"default_variation":null},"tiered_pricing_minimum_quantity":null,"tiered_pricing_roles_data":{"default_wholesaler":{"product_id":42263,"role":"default_wholesaler","pricing_type":"flat","regular_price":null,"sale_price":null,"discount":null,"discount_type":"sale_price","tiered_pricing_type":"fixed","percentage_rules":[],"fixed_rules":{"2":"7.29","30":"6.29","500":"5.49"},"minimum":null},"dropshippinger":{"product_id":42263,"role":"dropshippinger","pricing_type":"flat","regular_price":null,"sale_price":null,"discount":null,"discount_type":"sale_price","tiered_pricing_type":"fixed","percentage_rules":[],"fixed_rules":{"1":"8.79","5":"7.29","30":"6.29"},"minimum":null}},"tiered_pricing_percentage_rules":[],"tiered_pricing_maximum_quantity":null,"tiered_pricing_quantity_step":null,"_links":{"self":[{"href":"https:\/\/gretasexylingerie.com\/fi\/wp-json\/wp\/v2\/product\/42263","targetHints":{"allow":["GET"]}}],"collection":[{"href":"https:\/\/gretasexylingerie.com\/fi\/wp-json\/wp\/v2\/product"}],"about":[{"href":"https:\/\/gretasexylingerie.com\/fi\/wp-json\/wp\/v2\/types\/product"}],"wp:featuredmedia":[{"embeddable":true,"href":"https:\/\/gretasexylingerie.com\/fi\/wp-json\/wp\/v2\/media\/42273"}],"wp:attachment":[{"href":"https:\/\/gretasexylingerie.com\/fi\/wp-json\/wp\/v2\/media?parent=42263"}],"wp:term":[{"taxonomy":"product_brand","embeddable":true,"href":"https:\/\/gretasexylingerie.com\/fi\/wp-json\/wp\/v2\/product_brand?post=42263"},{"taxonomy":"product_cat","embeddable":true,"href":"https:\/\/gretasexylingerie.com\/fi\/wp-json\/wp\/v2\/product_cat?post=42263"},{"taxonomy":"product_tag","embeddable":true,"href":"https:\/\/gretasexylingerie.com\/fi\/wp-json\/wp\/v2\/product_tag?post=42263"}],"curies":[{"name":"wp","href":"https:\/\/api.w.org\/{rel}","templated":true}]}}