{"id":42089,"date":"2023-06-14T21:58:48","date_gmt":"2023-06-14T13:58:48","guid":{"rendered":"https:\/\/gretasexylingerie.com\/?post_type=product&#038;p=42089"},"modified":"2024-04-04T16:42:27","modified_gmt":"2024-04-04T08:42:27","slug":"lapinakyva-mesh-leopardikuvioinen-seksikas-bustier-setti","status":"publish","type":"product","link":"https:\/\/gretasexylingerie.com\/fi\/products\/sheer-mesh-leopard-print-sexy-bustier-set\/","title":{"rendered":"Tukkumyynti l\u00e4pin\u00e4kyv\u00e4 verkkoleopardikuvio Sexy Bustier Set"},"content":{"rendered":"<ol class=\"wp-block-list\">\n<li>Rohkea muotoilu: Leopardikuvio ja l\u00e4pin\u00e4kyv\u00e4 verkko muodostavat yhdess\u00e4 mallin, joka puhuu paljon ja sopii ihanteellisesti niille, jotka haluavat tehd\u00e4 rohkean lausunnon.<\/li>\n\n\n\n<li>Kiehtova vetovoima: T\u00e4m\u00e4n rinnakkaisemman setin seksik\u00e4s luonne kiinnitt\u00e4\u00e4 varmasti huomion ja lis\u00e4\u00e4 sen houkuttelevaa vieh\u00e4tyst\u00e4.<\/li>\n\n\n\n<li>Hieno k\u00e4sity\u00f6taito: K\u00e4sity\u00f6taito loistaa t\u00e4ss\u00e4 sarjassa, joka n\u00e4kyy yksityiskohdissa ja korkealaatuisessa verkossa.<\/li>\n\n\n\n<li>Muotia eteenp\u00e4in: Leopardikuvio on linjassa muotimaailman rakkauden el\u00e4inkuvioita kohtaan, joten se on trendik\u00e4s valinta.<\/li>\n\n\n\n<li>Mukava istuvuus: Huolimatta rohkeasta suunnittelustaan, rintavampi setti takaa mukavan istuvuuden, mik\u00e4 varmistaa k\u00e4ytt\u00e4j\u00e4n tyytyv\u00e4isyyden.<\/li>\n<\/ol>\n\n\n\n<p>Yhteenvetona voidaan todeta, ett\u00e4 Sheer Mesh Leopard Print Bustier Set tarjoaa dynaamisen sekoituksen rohkeaa muotoilua ja mukavuutta. Kiehtovan vetovoimansa ja trendien mukaisen muotoilunsa ansiosta t\u00e4m\u00e4 kappale on upea lis\u00e4 mihin tahansa alusvaatemallistoon, joka lupaa ilahduttaa ja varmistaa samalla k\u00e4ytt\u00e4j\u00e4n tyytyv\u00e4isyyden.<\/p>\n\n\n\n<figure class=\"wp-block-table is-style-stripes\"><table class=\"has-fixed-layout\"><tbody><tr><td colspan=\"5\">Sivustokaavio (CM)<\/td><td><\/td><\/tr><tr><td>Koko<\/td><td>Pituus<\/td><td>Yl\u00e4rinta<\/td><td>Alempi rintakeh\u00e4<\/td><td>vy\u00f6t\u00e4r\u00f6linja<\/td><td>Pituus<\/td><\/tr><tr><td>S<\/td><td>35<\/td><td>64-88<\/td><td>61-88<\/td><td>60-92<\/td><td>20<\/td><\/tr><tr><td>M<\/td><td>36<\/td><td>68-92<\/td><td>65-92<\/td><td>64-96<\/td><td>21<\/td><\/tr><tr><td>L<\/td><td>37<\/td><td>72-96<\/td><td>69-96<\/td><td>70-100<\/td><td>22<\/td><\/tr><tr><td colspan=\"5\">Sivustokaavio (TUUMA)<\/td><td><\/td><\/tr><tr><td>Koko<\/td><td>Pituus<\/td><td>Yl\u00e4rinta<\/td><td>Alempi rintakeh\u00e4<\/td><td>vy\u00f6t\u00e4r\u00f6linja<\/td><td>Pituus<\/td><\/tr><tr><td>S<\/td><td>13.78<\/td><td>25.20-34.65<\/td><td>24.02-34.65<\/td><td>23.62-36.22<\/td><td>7.87<\/td><\/tr><tr><td>M<\/td><td>14.17<\/td><td>26.77-36.22<\/td><td>25.59-36.22<\/td><td>25.20-37.80<\/td><td>8.27<\/td><\/tr><tr><td>L<\/td><td>14.57<\/td><td>28.35-37.80<\/td><td>27.17-37.80<\/td><td>27.56-39.37<\/td><td>8.66<\/td><\/tr><\/tbody><\/table><\/figure>","protected":false},"excerpt":{"rendered":"<p>P\u00e4\u00e4st\u00e4 sis\u00e4inen viettelij\u00e4si valloilleen Sheer Mesh Leopard Print Bustier -sarjamme avulla. T\u00e4m\u00e4 kiihke\u00e4 kokonaisuus, joka kylpee eloisassa leopardikuviossa, ilment\u00e4\u00e4 rohkeaa eleganssia. Silkkaa verkkoyksityiskohta lis\u00e4\u00e4 sen houkuttelevaa vieh\u00e4tysvoimaa ja luo niittaamalla alusvaatteen ilmeen.<\/p>","protected":false},"featured_media":42097,"template":"","meta":[],"product_brand":[],"product_cat":[387,390,367],"product_tag":[507,448,518,869,865],"class_list":{"0":"post-42089","1":"product","2":"type-product","3":"status-publish","4":"has-post-thumbnail","6":"product_cat-wholesale-bustier-bra-set","7":"product_cat-wholesale-mesh-bustier","8":"product_cat-sexy-lingerie","9":"product_tag-three-pcs-set","10":"product_tag-wholesale-elegant-sexy-lingerie","11":"product_tag-mesh-lingerie","12":"product_tag-sexy-animal-print-lingerie","13":"product_tag-sexy-skimpy-lingerie","14":"pa_color-leopard","15":"pa_size-wholesale-large-size-women-sexy-lingerie","16":"pa_size-wholesale-medium-size-women-sexy-lingerie","17":"pa_size-wholesale-small-size-sexy-lingerie","19":"first","20":"instock","21":"taxable","22":"shipping-taxable","23":"purchasable","24":"product-type-variable"},"tiered_pricing_type":"fixed","tiered_pricing_fixed_rules":[],"tiered_pricing_product_settings":{"layout":"table","base_unit_name":{"singular":null,"plural":null},"default_variation":null},"tiered_pricing_minimum_quantity":null,"tiered_pricing_roles_data":{"default_wholesaler":{"product_id":42089,"role":"default_wholesaler","pricing_type":"flat","regular_price":null,"sale_price":null,"discount":null,"discount_type":"sale_price","tiered_pricing_type":"fixed","percentage_rules":[],"fixed_rules":{"2":"9.19","30":"7.89","500":"6.89"},"minimum":null},"dropshippinger":{"product_id":42089,"role":"dropshippinger","pricing_type":"flat","regular_price":null,"sale_price":null,"discount":null,"discount_type":"sale_price","tiered_pricing_type":"fixed","percentage_rules":[],"fixed_rules":{"1":"10.99","5":"9.19","30":"7.89"},"minimum":null}},"tiered_pricing_percentage_rules":[],"tiered_pricing_maximum_quantity":null,"tiered_pricing_quantity_step":null,"_links":{"self":[{"href":"https:\/\/gretasexylingerie.com\/fi\/wp-json\/wp\/v2\/product\/42089","targetHints":{"allow":["GET"]}}],"collection":[{"href":"https:\/\/gretasexylingerie.com\/fi\/wp-json\/wp\/v2\/product"}],"about":[{"href":"https:\/\/gretasexylingerie.com\/fi\/wp-json\/wp\/v2\/types\/product"}],"wp:featuredmedia":[{"embeddable":true,"href":"https:\/\/gretasexylingerie.com\/fi\/wp-json\/wp\/v2\/media\/42097"}],"wp:attachment":[{"href":"https:\/\/gretasexylingerie.com\/fi\/wp-json\/wp\/v2\/media?parent=42089"}],"wp:term":[{"taxonomy":"product_brand","embeddable":true,"href":"https:\/\/gretasexylingerie.com\/fi\/wp-json\/wp\/v2\/product_brand?post=42089"},{"taxonomy":"product_cat","embeddable":true,"href":"https:\/\/gretasexylingerie.com\/fi\/wp-json\/wp\/v2\/product_cat?post=42089"},{"taxonomy":"product_tag","embeddable":true,"href":"https:\/\/gretasexylingerie.com\/fi\/wp-json\/wp\/v2\/product_tag?post=42089"}],"curies":[{"name":"wp","href":"https:\/\/api.w.org\/{rel}","templated":true}]}}