{"id":42074,"date":"2023-06-14T21:33:45","date_gmt":"2023-06-14T13:33:45","guid":{"rendered":"https:\/\/gretasexylingerie.com\/?post_type=product&#038;p=42074"},"modified":"2024-04-04T12:31:14","modified_gmt":"2024-04-04T04:31:14","slug":"musta-verkkorintaliivit-ja-pikkuhousut-joissa-punotut-tikkaukset","status":"publish","type":"product","link":"https:\/\/gretasexylingerie.com\/fi\/products\/black-fishnet-bra-and-panty-set-with-braided-stitching\/","title":{"rendered":"Musta verkkorintaliivit ja pikkuhousut, joissa on punotut tikkaukset"},"content":{"rendered":"<ol class=\"wp-block-list\">\n<li>Rohkea muotoilu: Verkon ja onttojen yksityiskohtien yhdistelm\u00e4 tekee t\u00e4st\u00e4 setist\u00e4 rohkean valinnan, joka lis\u00e4\u00e4 j\u00e4nnityst\u00e4 jokaiseen alusvaatemallistoon.<\/li>\n\n\n\n<li>Ainutlaatuista k\u00e4sity\u00f6taitoa: Leve\u00e4t punottu ompeleet osoittavat monimutkaista huomiota yksityiskohtiin ja laatuun, joka meni t\u00e4m\u00e4n setin luomiseen.<\/li>\n\n\n\n<li>Sensual Appeal: Sen superseksik\u00e4s estetiikka sopii niille, jotka haluavat tutustua rohkeisiin ja provosoiviin alusvaatteisiin.<\/li>\n\n\n\n<li>Trend-Aligned: Suunnittelu on synkronoitu s\u00e4rm\u00e4kk\u00e4iden muotitrendien kanssa, mik\u00e4 tekee siit\u00e4 potentiaalisen yleis\u00f6n miellyttimen muodin eteenp\u00e4in vievien keskuudessa.<\/li>\n\n\n\n<li>Mukavuus ja istuvuus: Huolimatta rohkeasta suunnittelusta, mukavuudesta ei tingit\u00e4. Laadukkaat materiaalit ja ammattitaito takaavat hyv\u00e4n istuvuuden ja mukavan k\u00e4ytt\u00f6kokemuksen.<\/li>\n<\/ol>\n\n\n\n<p>Yhteenvetona voidaan todeta, ett\u00e4 Black Fishnet -rintaliivit ja pikkuhousut -setti on sensaatiomainen lis\u00e4 mihin tahansa alusvaatemallistoon. Rohkea muotoilunsa ja monimutkaisen ammattitaitonsa ansiosta se lupaa valloittaa ja varmistaa samalla tinkim\u00e4tt\u00f6m\u00e4n mukavuuden ja istuvuuden.<\/p>\n\n\n\n<figure class=\"wp-block-table is-style-stripes\"><table class=\"has-fixed-layout\"><tbody><tr><td>Sivustokaavio (CM)<\/td><td><\/td><td><\/td><td><\/td><\/tr><tr><td>Koko<\/td><td>Yl\u00e4rinta<\/td><td>Alempi rintakeh\u00e4<\/td><td>Pituus<\/td><\/tr><tr><td>S<\/td><td>66-88<\/td><td>65-88<\/td><td>52<\/td><\/tr><tr><td>M<\/td><td>70-92<\/td><td>69-92<\/td><td>53.5<\/td><\/tr><tr><td>L<\/td><td>74-96<\/td><td>73-96<\/td><td>55<\/td><\/tr><tr><td>Sivustokaavio (TUUMA)<\/td><td><\/td><td><\/td><td><\/td><\/tr><tr><td>Koko<\/td><td>Pituus<\/td><td>Yl\u00e4rinta<\/td><td>Vy\u00f6t\u00e4r\u00f6nauha<\/td><\/tr><tr><td>S<\/td><td>25.98-34.65<\/td><td>25.59-34.65<\/td><td>20.47<\/td><\/tr><tr><td>M<\/td><td>27.56-36.22<\/td><td>27.17-36.22<\/td><td>21.06<\/td><\/tr><tr><td>L<\/td><td>29.13-37.80<\/td><td>28.74-37.80<\/td><td>21.65<\/td><\/tr><\/tbody><\/table><\/figure>","protected":false},"excerpt":{"rendered":"<p>Paljasta Black Fishnet -rintaliivit ja pikkuhousut -settimme vieh\u00e4tys. T\u00e4m\u00e4 ainutlaatuinen kokonaisuus, joka on valmistettu monimutkaisilla, ontoilla, leveill\u00e4 punotuilla ompeleilla, yhdist\u00e4\u00e4 rohkean ja yksityiskohtaisen k\u00e4sity\u00f6taidon. T\u00e4m\u00e4n setin provosoiva vetovoima luo vastustamattoman, eritt\u00e4in seksikk\u00e4\u00e4n asun.<\/p>\n<p>https:\/\/youtu.be\/RQJhhFsyr8Y<\/p>","protected":false},"featured_media":42084,"template":"","meta":[],"product_brand":[],"product_cat":[368,374,367,375,376],"product_tag":[507,541,518,451,446,453,447,504],"class_list":{"0":"post-42074","1":"product","2":"type-product","3":"status-publish","4":"has-post-thumbnail","6":"product_cat-bra-panty-set","7":"product_cat-wholesale-garter-belt-set","8":"product_cat-sexy-lingerie","9":"product_cat-whoelsale-sheer-bra-and-panty-sets","10":"product_cat-wholesale-ultra-sexy-bra-panty-set","11":"product_tag-three-pcs-set","12":"product_tag-fishnet-lingerie","13":"product_tag-mesh-lingerie","14":"product_tag-wholesale-revealing-lingerie","15":"product_tag-wholesale-sexy-see-through-lingerie","16":"product_tag-wholesale-sexy-naughty-lingerie","17":"product_tag-wholesale-strappy-sexy-lingerie","18":"product_tag-ultra-sexy","19":"pa_color-black","20":"pa_size-wholesale-large-size-women-sexy-lingerie","21":"pa_size-wholesale-medium-size-women-sexy-lingerie","22":"pa_size-wholesale-small-size-sexy-lingerie","24":"first","25":"instock","26":"taxable","27":"shipping-taxable","28":"purchasable","29":"product-type-variable"},"tiered_pricing_type":"fixed","tiered_pricing_fixed_rules":[],"tiered_pricing_product_settings":{"layout":"table","base_unit_name":{"singular":null,"plural":null},"default_variation":{}},"tiered_pricing_minimum_quantity":null,"tiered_pricing_roles_data":{"default_wholesaler":{"product_id":42074,"role":"default_wholesaler","pricing_type":"flat","regular_price":null,"sale_price":null,"discount":null,"discount_type":"sale_price","tiered_pricing_type":"fixed","percentage_rules":[],"fixed_rules":{"2":"9.39","30":"8.09","500":"7.09"},"minimum":null},"dropshippinger":{"product_id":42074,"role":"dropshippinger","pricing_type":"flat","regular_price":null,"sale_price":null,"discount":null,"discount_type":"sale_price","tiered_pricing_type":"fixed","percentage_rules":[],"fixed_rules":{"1":"11.29","5":"9.39","30":"8.09"},"minimum":null}},"tiered_pricing_percentage_rules":[],"tiered_pricing_maximum_quantity":null,"tiered_pricing_quantity_step":null,"_links":{"self":[{"href":"https:\/\/gretasexylingerie.com\/fi\/wp-json\/wp\/v2\/product\/42074","targetHints":{"allow":["GET"]}}],"collection":[{"href":"https:\/\/gretasexylingerie.com\/fi\/wp-json\/wp\/v2\/product"}],"about":[{"href":"https:\/\/gretasexylingerie.com\/fi\/wp-json\/wp\/v2\/types\/product"}],"wp:featuredmedia":[{"embeddable":true,"href":"https:\/\/gretasexylingerie.com\/fi\/wp-json\/wp\/v2\/media\/42084"}],"wp:attachment":[{"href":"https:\/\/gretasexylingerie.com\/fi\/wp-json\/wp\/v2\/media?parent=42074"}],"wp:term":[{"taxonomy":"product_brand","embeddable":true,"href":"https:\/\/gretasexylingerie.com\/fi\/wp-json\/wp\/v2\/product_brand?post=42074"},{"taxonomy":"product_cat","embeddable":true,"href":"https:\/\/gretasexylingerie.com\/fi\/wp-json\/wp\/v2\/product_cat?post=42074"},{"taxonomy":"product_tag","embeddable":true,"href":"https:\/\/gretasexylingerie.com\/fi\/wp-json\/wp\/v2\/product_tag?post=42074"}],"curies":[{"name":"wp","href":"https:\/\/api.w.org\/{rel}","templated":true}]}}