{"id":42023,"date":"2023-06-13T23:02:49","date_gmt":"2023-06-13T15:02:49","guid":{"rendered":"https:\/\/gretasexylingerie.com\/?post_type=product&#038;p=42023"},"modified":"2024-04-04T00:23:53","modified_gmt":"2024-04-03T16:23:53","slug":"purppura-ripsien-pitsia-alusvaatteita-joissa-sukkanauha","status":"publish","type":"product","link":"https:\/\/gretasexylingerie.com\/fi\/products\/purple-eyelash-lace-lingerie-set-with-garter\/","title":{"rendered":"Purple Eyelash Lace Alusvaatteet setti sukkanauhalla"},"content":{"rendered":"<ol class=\"wp-block-list\">\n<li>N\u00e4ytt\u00e4v\u00e4 muotoilu: T\u00e4m\u00e4 alusvaatesarja lupaa olla erottuva lis\u00e4, jossa yhdistyv\u00e4t l\u00e4pin\u00e4kyv\u00e4 pitsi kirkkaaseen violettiin s\u00e4vyyn.<\/li>\n\n\n\n<li>Erinomaiset yksityiskohdat: Ripsien pitsiyksityiskohdat takaavat hienostuneisuuden ja lis\u00e4\u00e4v\u00e4t kokonaisuuteen hienostuneisuutta.<\/li>\n\n\n\n<li>Ainutlaatuinen kokonaisuus: Mukana oleva sukkanauha korostaa setin ainutlaatuisuutta ja houkuttelee niit\u00e4, jotka etsiv\u00e4t erottuvia alusvaatteita.<\/li>\n\n\n\n<li>Trendeihin kohdistettu: Suunnittelu vastaa nykyajan muotitrendej\u00e4, mik\u00e4 tekee siit\u00e4 mahdollisen suosikin muodikkaiden yksil\u00f6iden keskuudessa.<\/li>\n\n\n\n<li>Laatu ja mukavuus: Laadukkaat materiaalit ja ammattitaito takaavat mukavan istuvuuden ja varmistavat k\u00e4ytt\u00e4j\u00e4n tyytyv\u00e4isyyden.<\/li>\n<\/ol>\n\n\n\n<p>Purple Eyelash Lace Lingerie Set yksityiskohtainen muotoilu ja tyylik\u00e4s sukkanauha on mestariteos, joka tasapainottaa trendikkyyden laadun ja mukavuuden kanssa. T\u00e4m\u00e4 poikkeuksellinen kokonaisuus on valmis vastaamaan kaikkien alusvaatteiden yst\u00e4vien tarpeisiin ja ylitt\u00e4m\u00e4\u00e4n odotukset tarjoten sek\u00e4 visuaalista vetovoimaa ett\u00e4 k\u00e4ytt\u00e4j\u00e4n tyytyv\u00e4isyytt\u00e4.<\/p>\n\n\n\n<figure class=\"wp-block-table is-style-stripes\"><table class=\"has-fixed-layout\"><tbody><tr><td colspan=\"5\">Sivustokaavio (CM)<\/td><\/tr><tr><td>Koko<\/td><td>Rintakuva<\/td><td>Pituus<\/td><td>Vy\u00f6t\u00e4r\u00f6nauha<\/td><td>vy\u00f6t\u00e4r\u00f6linja<\/td><\/tr><tr><td>S<\/td><td>70-88<\/td><td>13<\/td><td>62<\/td><td>65<\/td><\/tr><tr><td>M<\/td><td>74-92<\/td><td>13.5<\/td><td>66<\/td><td>69<\/td><\/tr><tr><td>L<\/td><td>78-96<\/td><td>14<\/td><td>70<\/td><td>73<\/td><\/tr><tr><td colspan=\"5\">Sivustokaavio (TUUMA)<\/td><\/tr><tr><td>Koko<\/td><td>Pituus<\/td><td>Yl\u00e4rinta<\/td><td>Vy\u00f6t\u00e4r\u00f6nauha<\/td><td>vy\u00f6t\u00e4r\u00f6linja<\/td><\/tr><tr><td>S<\/td><td>27.56-34.65<\/td><td>5.12<\/td><td>24.41<\/td><td>25.59<\/td><\/tr><tr><td>M<\/td><td>29.13-36.22<\/td><td>5.31<\/td><td>25.98<\/td><td>27.17<\/td><\/tr><tr><td>L<\/td><td>30.71-37.80<\/td><td>5.51<\/td><td>27.56<\/td><td>28.74<\/td><\/tr><\/tbody><\/table><\/figure>","protected":false},"excerpt":{"rendered":"<p>Tutustu Purple Eyelash Lace Alusvaatesarjamme vieh\u00e4tykseen, jossa on tyylik\u00e4s sukkanauha. Monimutkaisista, l\u00e4pin\u00e4kyvist\u00e4 pitsist\u00e4 valmistettu setti s\u00e4teilee eleganssia ja vieh\u00e4tyst\u00e4. Upea violetti v\u00e4ri lis\u00e4\u00e4 selke\u00e4\u00e4 kosketusta ja luo ylellisen kokonaisuuden.<\/p>\n<p><iframe title=\"Purple Eyelash Lace Alusvaatteet setti sukkanauhalla\" src=\"https:\/\/www.youtube.com\/embed\/HB6cl3kIb9E\" width=\"840\" height=\"630\" frameborder=\"0\" allowfullscreen=\"allowfullscreen\"><\/iframe><\/p>","protected":false},"featured_media":42033,"template":"","meta":[],"product_brand":[],"product_cat":[368,369,367],"product_tag":[507,452,448,516,446],"class_list":{"0":"post-42023","1":"product","2":"type-product","3":"status-publish","4":"has-post-thumbnail","6":"product_cat-bra-panty-set","7":"product_cat-wholesale-lace-bra-and-panty-sets","8":"product_cat-sexy-lingerie","9":"product_tag-three-pcs-set","10":"product_tag-wholesale-boudoir-lingerie","11":"product_tag-wholesale-elegant-sexy-lingerie","12":"product_tag-lace-lingerie","13":"product_tag-wholesale-sexy-see-through-lingerie","14":"pa_color-purple-women-sexy-lingerie","15":"pa_size-wholesale-large-size-women-sexy-lingerie","16":"pa_size-wholesale-medium-size-women-sexy-lingerie","17":"pa_size-wholesale-small-size-sexy-lingerie","19":"first","20":"instock","21":"taxable","22":"shipping-taxable","23":"purchasable","24":"product-type-variable"},"tiered_pricing_type":"fixed","tiered_pricing_fixed_rules":[],"tiered_pricing_product_settings":{"layout":"table","base_unit_name":{"singular":null,"plural":null},"default_variation":{}},"tiered_pricing_minimum_quantity":null,"tiered_pricing_roles_data":{"default_wholesaler":{"product_id":42023,"role":"default_wholesaler","pricing_type":"flat","regular_price":null,"sale_price":null,"discount":null,"discount_type":"sale_price","tiered_pricing_type":"fixed","percentage_rules":[],"fixed_rules":{"2":"7.59","30":"6.49","500":"5.69"},"minimum":null},"dropshippinger":{"product_id":42023,"role":"dropshippinger","pricing_type":"flat","regular_price":null,"sale_price":null,"discount":null,"discount_type":"sale_price","tiered_pricing_type":"fixed","percentage_rules":[],"fixed_rules":{"1":"9.09","5":"7.59","30":"6.49"},"minimum":null}},"tiered_pricing_percentage_rules":[],"tiered_pricing_maximum_quantity":null,"tiered_pricing_quantity_step":null,"_links":{"self":[{"href":"https:\/\/gretasexylingerie.com\/fi\/wp-json\/wp\/v2\/product\/42023","targetHints":{"allow":["GET"]}}],"collection":[{"href":"https:\/\/gretasexylingerie.com\/fi\/wp-json\/wp\/v2\/product"}],"about":[{"href":"https:\/\/gretasexylingerie.com\/fi\/wp-json\/wp\/v2\/types\/product"}],"wp:featuredmedia":[{"embeddable":true,"href":"https:\/\/gretasexylingerie.com\/fi\/wp-json\/wp\/v2\/media\/42033"}],"wp:attachment":[{"href":"https:\/\/gretasexylingerie.com\/fi\/wp-json\/wp\/v2\/media?parent=42023"}],"wp:term":[{"taxonomy":"product_brand","embeddable":true,"href":"https:\/\/gretasexylingerie.com\/fi\/wp-json\/wp\/v2\/product_brand?post=42023"},{"taxonomy":"product_cat","embeddable":true,"href":"https:\/\/gretasexylingerie.com\/fi\/wp-json\/wp\/v2\/product_cat?post=42023"},{"taxonomy":"product_tag","embeddable":true,"href":"https:\/\/gretasexylingerie.com\/fi\/wp-json\/wp\/v2\/product_tag?post=42023"}],"curies":[{"name":"wp","href":"https:\/\/api.w.org\/{rel}","templated":true}]}}