{"id":41984,"date":"2023-06-12T23:59:02","date_gmt":"2023-06-12T15:59:02","guid":{"rendered":"https:\/\/gretasexylingerie.com\/?post_type=product&#038;p=41984"},"modified":"2023-09-05T20:52:12","modified_gmt":"2023-09-05T12:52:12","slug":"midnight-temptation-mesh-bustier-setti","status":"publish","type":"product","link":"https:\/\/gretasexylingerie.com\/fi\/products\/midnight-temptation-mesh-bustier-set\/","title":{"rendered":"Midnight Temptation Mesh Bustier -setti"},"content":{"rendered":"<ol class=\"wp-block-list\">\n<li>Sensual Elegance: Midnight Temptation Mesh Bustier -sarja huokuu aistillista eleganssia, ja siin\u00e4 yhdistyv\u00e4t herkk\u00e4 musta verkko ja provosoivat design-elementit kiehtovan vieh\u00e4tyksen luomiseksi.<\/li>\n\n\n\n<li>Enhanced Bust: Push-up rintakuva, jota korostaa lumoava ter\u00e4srengas, luo kohotetun ja parannetun siluetin, lis\u00e4\u00e4 itseluottamusta ja j\u00e4tt\u00e4\u00e4 pysyv\u00e4n vaikutuksen.<\/li>\n\n\n\n<li>Vastustamaton mukavuus: Settimme asettaa etusijalle sek\u00e4 tyylin ett\u00e4 mukavuuden, ja pehme\u00e4t materiaalit tarjoavat mukavan istuvuuden ja mahdollistavat vaivattoman k\u00e4yt\u00f6n koko p\u00e4iv\u00e4n tai y\u00f6n.<\/li>\n\n\n\n<li>Monipuolinen viettely: Intiimeist\u00e4 kohtaamisista erityisiin tilaisuuksiin, t\u00e4m\u00e4 rinte\u00e4mpi setti antaa asiakkaillesi mahdollisuuden omaksua aistillisuutensa ja ilmaista ainutlaatuista vieh\u00e4tysvoimaansa vastustamattomalla vieh\u00e4tysvoimalla.<\/li>\n\n\n\n<li>Tinkim\u00e4t\u00f6n laatu: Luotettuna toimittajana olemme ylpeit\u00e4 korkealaatuisesta toimituksestamme. Midnight Temptation Mesh Bustier -sarja esittelee poikkeuksellista ammattitaitoa ja huomiota yksityiskohtiin, mik\u00e4 varmistaa asiakastyytyv\u00e4isyyden.<\/li>\n<\/ol>\n\n\n\n<p>Hemmottele Midnight Temptation Mesh Bustier -settimme vieh\u00e4tyst\u00e4. Sensuelli eleganssi, paranneltu rintakuva, vastustamaton mukavuus, monipuolinen viettely ja tinkim\u00e4t\u00f6n laatu ilment\u00e4v\u00e4t kiehtovien alusvaatteiden olemusta. Houkuttele vaativia asiakkaita ja nosta alusvaateliiketoimintaasi t\u00e4ll\u00e4 upealla lis\u00e4yksell\u00e4 kokoelmaasi.<\/p>\n\n\n\n<figure class=\"wp-block-table is-style-stripes\"><table><tbody><tr><td>YMX-Z2979A<\/td><td><\/td><td><\/td><td><\/td><td><\/td><\/tr><tr><td colspan=\"5\">Sivustokaavio (CM)<\/td><\/tr><tr><td>Koko<\/td><td>Pituus<\/td><td>Yl\u00e4rinta<\/td><td>Alempi rintakeh\u00e4<\/td><td>Vy\u00f6t\u00e4r\u00f6<\/td><\/tr><tr><td>S<\/td><td>37<\/td><td>68-88<\/td><td>64-88<\/td><td>68-96<\/td><\/tr><tr><td>M<\/td><td>38<\/td><td>72-92<\/td><td>68-92<\/td><td>72-100<\/td><\/tr><tr><td>L<\/td><td>39<\/td><td>76-96<\/td><td>72-96<\/td><td>76-104<\/td><\/tr><tr><td colspan=\"5\">Sivustokaavio (TUUMA)<\/td><\/tr><tr><td>Koko<\/td><td>Etupituus<\/td><td>Kaula<\/td><td>Rinnan alla<\/td><td>Vy\u00f6t\u00e4r\u00f6<\/td><\/tr><tr><td>S<\/td><td>14.57<\/td><td>26.77-34.65<\/td><td>25.20-34.65<\/td><td>26.77-37.80<\/td><\/tr><tr><td>M<\/td><td>14.96<\/td><td>28.35-36.22<\/td><td>26.77-36.22<\/td><td>28.35-39.37<\/td><\/tr><tr><td>L<\/td><td>15.35<\/td><td>29.92-37.80<\/td><td>28.35-37.80<\/td><td>29.92-40.94<\/td><\/tr><\/tbody><\/table><\/figure>","protected":false},"excerpt":{"rendered":"<p>Sytyt\u00e4 halu ja valloita yleis\u00f6si Midnight Temptation Mesh Bustier -sarjallamme. T\u00e4m\u00e4 setti on valmistettu viettelev\u00e4st\u00e4 mustasta verkkokankaasta, ja siin\u00e4 on push-up-rintakuva, jota parantaa houkutteleva ter\u00e4srengas. Suunniteltu houkuttelemaan asiakkaitasi, se on t\u00e4ydellinen lis\u00e4 hienojen alusvaatteiden kokoelmaasi.<\/p>","protected":false},"featured_media":42004,"template":"","meta":[],"product_brand":[],"product_cat":[387,374,390,367],"product_tag":[861,448,880],"class_list":{"0":"post-41984","1":"product","2":"type-product","3":"status-publish","4":"has-post-thumbnail","6":"product_cat-wholesale-bustier-bra-set","7":"product_cat-wholesale-garter-belt-set","8":"product_cat-wholesale-mesh-bustier","9":"product_cat-sexy-lingerie","10":"product_tag-brunette-lingerie","11":"product_tag-wholesale-elegant-sexy-lingerie","12":"product_tag-sexy-2-piece-lingerie","13":"pa_color-black","14":"pa_color-blue-women-sexy-lingerie","15":"pa_color-orange","16":"pa_color-pink-women-sexy-lingerie","17":"pa_size-wholesale-large-size-women-sexy-lingerie","18":"pa_size-wholesale-medium-size-women-sexy-lingerie","19":"pa_size-wholesale-small-size-sexy-lingerie","21":"first","22":"instock","23":"taxable","24":"shipping-taxable","25":"purchasable","26":"product-type-variable"},"tiered_pricing_type":"fixed","tiered_pricing_fixed_rules":[],"tiered_pricing_product_settings":{"layout":"default","base_unit_name":{"singular":null,"plural":null},"default_variation":null},"tiered_pricing_minimum_quantity":null,"tiered_pricing_roles_data":{"default_wholesaler":{"product_id":41984,"role":"default_wholesaler","pricing_type":"flat","regular_price":null,"sale_price":null,"discount":null,"discount_type":"sale_price","tiered_pricing_type":"fixed","percentage_rules":[],"fixed_rules":{"2":"5.29","30":"4.49","500":"3.99"},"minimum":null},"dropshippinger":{"product_id":41984,"role":"dropshippinger","pricing_type":"flat","regular_price":null,"sale_price":null,"discount":null,"discount_type":"sale_price","tiered_pricing_type":"fixed","percentage_rules":[],"fixed_rules":{"1":"6.29","5":"5.29","30":"4.49"},"minimum":null}},"tiered_pricing_percentage_rules":[],"tiered_pricing_maximum_quantity":null,"tiered_pricing_quantity_step":null,"_links":{"self":[{"href":"https:\/\/gretasexylingerie.com\/fi\/wp-json\/wp\/v2\/product\/41984","targetHints":{"allow":["GET"]}}],"collection":[{"href":"https:\/\/gretasexylingerie.com\/fi\/wp-json\/wp\/v2\/product"}],"about":[{"href":"https:\/\/gretasexylingerie.com\/fi\/wp-json\/wp\/v2\/types\/product"}],"wp:featuredmedia":[{"embeddable":true,"href":"https:\/\/gretasexylingerie.com\/fi\/wp-json\/wp\/v2\/media\/42004"}],"wp:attachment":[{"href":"https:\/\/gretasexylingerie.com\/fi\/wp-json\/wp\/v2\/media?parent=41984"}],"wp:term":[{"taxonomy":"product_brand","embeddable":true,"href":"https:\/\/gretasexylingerie.com\/fi\/wp-json\/wp\/v2\/product_brand?post=41984"},{"taxonomy":"product_cat","embeddable":true,"href":"https:\/\/gretasexylingerie.com\/fi\/wp-json\/wp\/v2\/product_cat?post=41984"},{"taxonomy":"product_tag","embeddable":true,"href":"https:\/\/gretasexylingerie.com\/fi\/wp-json\/wp\/v2\/product_tag?post=41984"}],"curies":[{"name":"wp","href":"https:\/\/api.w.org\/{rel}","templated":true}]}}