{"id":41891,"date":"2023-06-12T22:56:10","date_gmt":"2023-06-12T14:56:10","guid":{"rendered":"https:\/\/gretasexylingerie.com\/?post_type=product&#038;p=41891"},"modified":"2024-04-03T23:15:46","modified_gmt":"2024-04-03T15:15:46","slug":"lumoava-mesh-love-bra-pikkuhoususetti-sukkanauhalla","status":"publish","type":"product","link":"https:\/\/gretasexylingerie.com\/fi\/products\/enchanting-mesh-love-bra-panty-set-with-garter\/","title":{"rendered":"Lumoava mesh Love Bra &amp; pikkuhousut -setti sukkanauhalla"},"content":{"rendered":"<ol class=\"wp-block-list\">\n<li>Seductive Mesh Delight: Verkkomateriaali kiehtoo aisteja, paljastaen juuri sen verran, ett\u00e4 se houkuttelee ja kiihottaa.<\/li>\n\n\n\n<li>Monimutkainen rakkauskirjonta: Herkk\u00e4 kirjonta, jossa on rakkauden inspiroima kuvio, lis\u00e4\u00e4 ripauksen eleganssia ja romantiikkaa, mik\u00e4 lis\u00e4\u00e4 setin yleist\u00e4 vieh\u00e4tysvoimaa.<\/li>\n\n\n\n<li>T\u00e4ydellinen istuvuus, vastustamaton itsevarmuus: Valittavana on kolme kokoa (S, M, L), joten t\u00e4m\u00e4 setti tarjoaa mukavan ja imartelevan istuvuuden, jolloin asiakkaasi voivat syleill\u00e4 vartaloaan luottavaisin mielin.<\/li>\n\n\n\n<li>Vangitseva v\u00e4rivalikoima: Valitse ajattoman mustan vieh\u00e4tys tai vaaleanpunaisen leikkis\u00e4 vieh\u00e4tys, joka tarjoaa eri tunnelmiin ja mieltymyksiin sopivia vaihtoehtoja.<\/li>\n\n\n\n<li>T\u00e4ydenn\u00e4 aistillinen look: Mukana oleva sukkanauha lis\u00e4\u00e4 ripauksen viettelev\u00e4\u00e4 hienostuneisuutta, jolloin asiakkaat voivat luoda houkuttelevan kokonaisuuden, joka huokuu luottamusta ja vieh\u00e4tyst\u00e4.<\/li>\n<\/ol>\n\n\n\n<p>Korosta alusvaatteitasi Enchanting Mesh Love -rintaliivit ja sukkanauhasettimme avulla. T\u00e4m\u00e4 setti on suunniteltu valloittamaan ja houkuttelemaan, ja se esittelee seksik\u00e4st\u00e4 verkkoa, monimutkaisia rakkauden inspiroimia brodeerauksia, t\u00e4ydellisen istuvuuden luomiseen, mukaansatempaavia v\u00e4rivaihtoehtoja ja sukkanauhan houkuttelevuutta. T\u00e4m\u00e4 vastustamaton alusasusetti antaa asiakkaillesi mahdollisuuden kokea lumoa ja avata heid\u00e4n toiveensa.<\/p>\n\n\n\n<figure class=\"wp-block-table is-style-stripes\"><table><tbody><tr><td colspan=\"5\">Sivustokaavio (CM)<\/td><td><\/td><\/tr><tr><td>Koko<\/td><td>Pituus<\/td><td>Yl\u00e4rinta<\/td><td>Alempi rintakeh\u00e4<\/td><td>Vy\u00f6t\u00e4r\u00f6nauha<\/td><td>vy\u00f6t\u00e4r\u00f6linja<\/td><\/tr><tr><td>S<\/td><td>19<\/td><td>68-88<\/td><td>64<\/td><td>65<\/td><td>66<\/td><\/tr><tr><td>M<\/td><td>20<\/td><td>72-92<\/td><td>68<\/td><td>69<\/td><td>70<\/td><\/tr><tr><td>L<\/td><td>21<\/td><td>76-96<\/td><td>72<\/td><td>73<\/td><td>74<\/td><\/tr><tr><td colspan=\"5\">Sivustokaavio (TUUMA)<\/td><td><\/td><\/tr><tr><td>Koko<\/td><td>Pituus<\/td><td>Yl\u00e4rinta<\/td><td>Alempi rintakeh\u00e4<\/td><td>Vy\u00f6t\u00e4r\u00f6nauha<\/td><td>vy\u00f6t\u00e4r\u00f6linja<\/td><\/tr><tr><td>S<\/td><td>7.48<\/td><td>26.77-34.65<\/td><td>25.2<\/td><td>25.59<\/td><td>25.98<\/td><\/tr><tr><td>M<\/td><td>7.87<\/td><td>28.35-36.22<\/td><td>26.77<\/td><td>27.17<\/td><td>27.56<\/td><\/tr><tr><td>L<\/td><td>8.27<\/td><td>29.92-37.80<\/td><td>28.35<\/td><td>28.74<\/td><td>29.13<\/td><\/tr><\/tbody><\/table><\/figure>","protected":false},"excerpt":{"rendered":"<p>Hemmottele Enchanting Mesh Love -rintaliivit ja sukkanauhasettimme vieh\u00e4tyst\u00e4. T\u00e4ss\u00e4 upeasta verkkomateriaalista valmistetussa setiss\u00e4 on monimutkainen kirjonta ja rakkauden inspiroima kuvio. T\u00e4m\u00e4 setti on suunniteltu sytytt\u00e4m\u00e4\u00e4n intohimoa ja luomaan lumoava kokemus asiakkaillesi.<\/p>\n<p>https:\/\/youtu.be\/4Vl_EAK_UIs<\/p>","protected":false},"featured_media":41910,"template":"","meta":[],"product_brand":[],"product_cat":[368,369,367,375],"product_tag":[507,861,448,454,522,516,518,865],"class_list":{"0":"post-41891","1":"product","2":"type-product","3":"status-publish","4":"has-post-thumbnail","6":"product_cat-bra-panty-set","7":"product_cat-wholesale-lace-bra-and-panty-sets","8":"product_cat-sexy-lingerie","9":"product_cat-whoelsale-sheer-bra-and-panty-sets","10":"product_tag-three-pcs-set","11":"product_tag-brunette-lingerie","12":"product_tag-wholesale-elegant-sexy-lingerie","13":"product_tag-wholesale-sexy-embroidered-lingerie","14":"product_tag-eyelash-lingerie","15":"product_tag-lace-lingerie","16":"product_tag-mesh-lingerie","17":"product_tag-sexy-skimpy-lingerie","18":"pa_color-black","19":"pa_color-pink-women-sexy-lingerie","20":"pa_color-red-women-sexy-lingerie","21":"pa_size-wholesale-large-size-women-sexy-lingerie","22":"pa_size-wholesale-medium-size-women-sexy-lingerie","23":"pa_size-wholesale-small-size-sexy-lingerie","25":"first","26":"instock","27":"taxable","28":"shipping-taxable","29":"purchasable","30":"product-type-variable"},"tiered_pricing_type":"fixed","tiered_pricing_fixed_rules":[],"tiered_pricing_product_settings":{"layout":"table","base_unit_name":{"singular":null,"plural":null},"default_variation":{}},"tiered_pricing_minimum_quantity":null,"tiered_pricing_roles_data":{"default_wholesaler":{"product_id":41891,"role":"default_wholesaler","pricing_type":"flat","regular_price":null,"sale_price":null,"discount":null,"discount_type":"sale_price","tiered_pricing_type":"fixed","percentage_rules":[],"fixed_rules":{"2":"9.39","30":"8.09","500":"7.09"},"minimum":null},"dropshippinger":{"product_id":41891,"role":"dropshippinger","pricing_type":"flat","regular_price":null,"sale_price":null,"discount":null,"discount_type":"sale_price","tiered_pricing_type":"fixed","percentage_rules":[],"fixed_rules":{"1":"11.29","5":"9.39","30":"8.09"},"minimum":null}},"tiered_pricing_percentage_rules":[],"tiered_pricing_maximum_quantity":null,"tiered_pricing_quantity_step":null,"_links":{"self":[{"href":"https:\/\/gretasexylingerie.com\/fi\/wp-json\/wp\/v2\/product\/41891","targetHints":{"allow":["GET"]}}],"collection":[{"href":"https:\/\/gretasexylingerie.com\/fi\/wp-json\/wp\/v2\/product"}],"about":[{"href":"https:\/\/gretasexylingerie.com\/fi\/wp-json\/wp\/v2\/types\/product"}],"wp:featuredmedia":[{"embeddable":true,"href":"https:\/\/gretasexylingerie.com\/fi\/wp-json\/wp\/v2\/media\/41910"}],"wp:attachment":[{"href":"https:\/\/gretasexylingerie.com\/fi\/wp-json\/wp\/v2\/media?parent=41891"}],"wp:term":[{"taxonomy":"product_brand","embeddable":true,"href":"https:\/\/gretasexylingerie.com\/fi\/wp-json\/wp\/v2\/product_brand?post=41891"},{"taxonomy":"product_cat","embeddable":true,"href":"https:\/\/gretasexylingerie.com\/fi\/wp-json\/wp\/v2\/product_cat?post=41891"},{"taxonomy":"product_tag","embeddable":true,"href":"https:\/\/gretasexylingerie.com\/fi\/wp-json\/wp\/v2\/product_tag?post=41891"}],"curies":[{"name":"wp","href":"https:\/\/api.w.org\/{rel}","templated":true}]}}