{"id":41839,"date":"2023-06-12T22:28:11","date_gmt":"2023-06-12T14:28:11","guid":{"rendered":"https:\/\/gretasexylingerie.com\/?post_type=product&#038;p=41839"},"modified":"2023-09-05T20:52:09","modified_gmt":"2023-09-05T12:52:09","slug":"sateileva-gemstone-mesh-rintaliivit-pikkuhoususetti-sukkanauhalla","status":"publish","type":"product","link":"https:\/\/gretasexylingerie.com\/fi\/products\/radiant-gemstone-mesh-bra-panty-set-with-garter\/","title":{"rendered":"Radiant Gemstone Mesh-rintaliivit ja -housut, joissa sukkanauha"},"content":{"rendered":"<ol class=\"wp-block-list\">\n<li>H\u00e4ik\u00e4isev\u00e4t jalokivikoristeet: vy\u00f6 ja olkaimet on koristeltu s\u00e4teilevill\u00e4 jalokivill\u00e4, mik\u00e4 nostaa setin uudelle tasolle ylellisyytt\u00e4 ja vieh\u00e4tyst\u00e4.<\/li>\n\n\n\n<li>Viettelev\u00e4 verkkomateriaali: L\u00e4pin\u00e4kyv\u00e4 verkko korostaa luonnollisia muotojasi luoden houkuttelevan ja houkuttelevan siluetin, joka j\u00e4tt\u00e4\u00e4 pysyv\u00e4n vaikutuksen.<\/li>\n\n\n\n<li>Monimutkainen kirjontakuvio: Monimutkainen kirjontakuvio lis\u00e4\u00e4 ripauksen taiteellisuutta ja hienostuneisuutta, esitellen hienoa k\u00e4sity\u00f6taitoa ja huomiota yksityiskohtiin.<\/li>\n\n\n\n<li>Monipuoliset v\u00e4rivaihtoehdot: Valitse joukosta kiehtovia v\u00e4rej\u00e4, mukaan lukien klassinen musta, intohimoinen punainen, houkutteleva sininen, eloisa vihre\u00e4, rohkea oranssi ja romanttinen vaaleanpunainen, joten voit vastata erilaisiin makuihin ja mieltymyksiin.<\/li>\n\n\n\n<li>T\u00e4ydellinen istuvuus jokaiselle vartalolle: Saatavana koossa S, M ja L, sarjamme on suunniteltu tarjoamaan mukava ja imarteleva istuvuus eri vartalotyypeille, mik\u00e4 takaa itsevarmuuden ja mukavuuden.<\/li>\n<\/ol>\n\n\n\n<p>Voit k\u00e4ytt\u00e4\u00e4 Radiant Gemstone Mesh -rintaliivit ja -housut, joissa on sukkanauha. T\u00e4m\u00e4 setti on suunniteltu valloittamaan ja vahvistamaan h\u00e4ik\u00e4isevi\u00e4 jalokivikoristeita, viettelev\u00e4\u00e4 verkkomateriaalia, monimutkaisia kirjontakuvioita, monipuolisia v\u00e4rivaihtoehtoja ja sopii t\u00e4ydellisesti kaikille. Ymm\u00e4rr\u00e4 sis\u00e4inen itseluottamuksesi ja vieh\u00e4tys t\u00e4ll\u00e4 upealla alusasusetill\u00e4.<\/p>\n\n\n\n<figure class=\"wp-block-table is-style-stripes\"><table><tbody><tr><td colspan=\"5\">Sivustokaavio (CM)<\/td><td><\/td><\/tr><tr><td>Koko<\/td><td>Pituus<\/td><td>Yl\u00e4rinta<\/td><td>Alempi rintakeh\u00e4<\/td><td>Vy\u00f6t\u00e4r\u00f6nauha<\/td><td>vy\u00f6t\u00e4r\u00f6linja<\/td><\/tr><tr><td>S<\/td><td>21<\/td><td>72-88<\/td><td>69-88<\/td><td>64-92<\/td><td>70-96<\/td><\/tr><tr><td>M<\/td><td>22<\/td><td>76-92<\/td><td>73-92<\/td><td>68-96<\/td><td>74-100<\/td><\/tr><tr><td>L<\/td><td>23<\/td><td>80-96<\/td><td>77-96<\/td><td>72-100<\/td><td>78-104<\/td><\/tr><tr><td colspan=\"5\">Sivustokaavio (TUUMA)<\/td><td><\/td><\/tr><tr><td>Koko<\/td><td>Pituus<\/td><td>Yl\u00e4rinta<\/td><td>Alempi rintakeh\u00e4<\/td><td>Vy\u00f6t\u00e4r\u00f6nauha<\/td><td>vy\u00f6t\u00e4r\u00f6linja<\/td><\/tr><tr><td>S<\/td><td>8.27<\/td><td>28.35-34.65<\/td><td>27.17-34.65<\/td><td>25.20-36.22<\/td><td>27.56-37.80<\/td><\/tr><tr><td>M<\/td><td>8.66<\/td><td>29.92-36.22<\/td><td>28.74-36.22<\/td><td>26.77-37.80<\/td><td>29.13-39.37<\/td><\/tr><tr><td>L<\/td><td>9.06<\/td><td>31.50-37.80<\/td><td>30.31-37.80<\/td><td>28.35-39.37<\/td><td>30.71-40.94<\/td><\/tr><\/tbody><\/table><\/figure>","protected":false},"excerpt":{"rendered":"<p>Koe eleganssia Radiant Gemstone Mesh -rintaliivit ja -housut, joissa on sukkanauha. T\u00e4ss\u00e4 kiehtovassa setiss\u00e4 on upeat jalokiviuurteet vy\u00f6ss\u00e4 ja olkahihnoissa, jotka lis\u00e4\u00e4v\u00e4t ripauksen vieh\u00e4tyst\u00e4 ja glamouria. Herkk\u00e4 verkkomateriaali ja monimutkainen kirjontakuvio luovat aistillisen ja hienostuneen ilmeen. Saatavana kolmessa koossa ja useissa upeissa v\u00e4reiss\u00e4, t\u00e4m\u00e4 setti on suunniteltu houkuttelemaan ja voimaannuttamaan.<\/p>","protected":false},"featured_media":41883,"template":"","meta":[],"product_brand":[],"product_cat":[368,369,367,375],"product_tag":[868,452,448,454,870,518,864],"class_list":{"0":"post-41839","1":"product","2":"type-product","3":"status-publish","4":"has-post-thumbnail","6":"product_cat-bra-panty-set","7":"product_cat-wholesale-lace-bra-and-panty-sets","8":"product_cat-sexy-lingerie","9":"product_cat-whoelsale-sheer-bra-and-panty-sets","10":"product_tag-4-piece-lingerie-set","11":"product_tag-wholesale-boudoir-lingerie","12":"product_tag-wholesale-elegant-sexy-lingerie","13":"product_tag-wholesale-sexy-embroidered-lingerie","14":"product_tag-floral-lingerie","15":"product_tag-mesh-lingerie","16":"product_tag-sexy-petite-lingerie","17":"pa_color-black","18":"pa_color-blue-women-sexy-lingerie","19":"pa_color-green","20":"pa_color-orange","21":"pa_color-pink-women-sexy-lingerie","22":"pa_color-red-women-sexy-lingerie","23":"pa_size-wholesale-large-size-women-sexy-lingerie","24":"pa_size-wholesale-medium-size-women-sexy-lingerie","25":"pa_size-wholesale-small-size-sexy-lingerie","27":"first","28":"instock","29":"taxable","30":"shipping-taxable","31":"purchasable","32":"product-type-variable"},"tiered_pricing_type":"fixed","tiered_pricing_fixed_rules":[],"tiered_pricing_product_settings":{"layout":"default","base_unit_name":{"singular":null,"plural":null},"default_variation":null},"tiered_pricing_minimum_quantity":null,"tiered_pricing_roles_data":{"default_wholesaler":{"product_id":41839,"role":"default_wholesaler","pricing_type":"flat","regular_price":null,"sale_price":null,"discount":null,"discount_type":"sale_price","tiered_pricing_type":"fixed","percentage_rules":[],"fixed_rules":{"2":"11.19","30":"9.69","500":"8.39"},"minimum":null},"dropshippinger":{"product_id":41839,"role":"dropshippinger","pricing_type":"flat","regular_price":null,"sale_price":null,"discount":null,"discount_type":"sale_price","tiered_pricing_type":"fixed","percentage_rules":[],"fixed_rules":{"1":"13.49","5":"11.19","30":"9.69"},"minimum":null}},"tiered_pricing_percentage_rules":[],"tiered_pricing_maximum_quantity":null,"tiered_pricing_quantity_step":null,"_links":{"self":[{"href":"https:\/\/gretasexylingerie.com\/fi\/wp-json\/wp\/v2\/product\/41839","targetHints":{"allow":["GET"]}}],"collection":[{"href":"https:\/\/gretasexylingerie.com\/fi\/wp-json\/wp\/v2\/product"}],"about":[{"href":"https:\/\/gretasexylingerie.com\/fi\/wp-json\/wp\/v2\/types\/product"}],"wp:featuredmedia":[{"embeddable":true,"href":"https:\/\/gretasexylingerie.com\/fi\/wp-json\/wp\/v2\/media\/41883"}],"wp:attachment":[{"href":"https:\/\/gretasexylingerie.com\/fi\/wp-json\/wp\/v2\/media?parent=41839"}],"wp:term":[{"taxonomy":"product_brand","embeddable":true,"href":"https:\/\/gretasexylingerie.com\/fi\/wp-json\/wp\/v2\/product_brand?post=41839"},{"taxonomy":"product_cat","embeddable":true,"href":"https:\/\/gretasexylingerie.com\/fi\/wp-json\/wp\/v2\/product_cat?post=41839"},{"taxonomy":"product_tag","embeddable":true,"href":"https:\/\/gretasexylingerie.com\/fi\/wp-json\/wp\/v2\/product_tag?post=41839"}],"curies":[{"name":"wp","href":"https:\/\/api.w.org\/{rel}","templated":true}]}}