{"id":40791,"date":"2023-05-26T21:11:49","date_gmt":"2023-05-26T13:11:49","guid":{"rendered":"https:\/\/gretasexylingerie.com\/?post_type=product&#038;p=40791"},"modified":"2023-09-05T20:52:07","modified_gmt":"2023-09-05T12:52:07","slug":"intohimoinen-viettely-verkkoverkkosiamilainen-mekko","status":"publish","type":"product","link":"https:\/\/gretasexylingerie.com\/fi\/products\/passionate-seduction-fishnet-mesh-siamese-dress\/","title":{"rendered":"Passionate Seduction Fishnet Mesh siamilainen mekko"},"content":{"rendered":"<ul class=\"wp-block-list\">\n<li>Vastustamattoman seksik\u00e4s: L\u00e4pin\u00e4kyv\u00e4n kalaverkon ja houkuttelevan onton muotoilun yhdistelm\u00e4 luo viettelev\u00e4n ilmeen, joka j\u00e4tt\u00e4\u00e4 kumppanisi heng\u00e4stym\u00e4tt\u00e4.<\/li>\n\n\n\n<li>Sensuelli siamilainen tyyli: Siamilainen muotoilu korostaa vartaloasi, korostaa kaarevuuttasi ja korostaa naisellista vieh\u00e4tysvoimaasi.<\/li>\n\n\n\n<li>Hengitt\u00e4v\u00e4 verkkomateriaali: Valmistettu korkealaatuisesta verkosta, t\u00e4m\u00e4 mekko ei ole vain mukava k\u00e4ytt\u00e4\u00e4, vaan se my\u00f6s korostaa luonnollista kauneuttasi.<\/li>\n\n\n\n<li>Paranna pakaroitasi: T\u00e4m\u00e4n mekon suunnittelussa kiinnitet\u00e4\u00e4n erityist\u00e4 huomiota pakaraasi, korostetaan niiden muotoa ja luodaan houkutteleva visuaalinen vetovoima.<\/li>\n\n\n\n<li>P\u00e4\u00e4st\u00e4 intohimosi valloilleen: Intohimoisen ja rohkean muotoilunsa ansiosta t\u00e4m\u00e4 mekko on t\u00e4ydellinen sytytt\u00e4m\u00e4\u00e4n toiveesi ja luomaan ikimuistoisia hetki\u00e4 intiimist\u00e4 yhteydenpidosta.<\/li>\n<\/ul>","protected":false},"excerpt":{"rendered":"<p>Koe \u00e4\u00e4rimm\u00e4inen viettely Passionate Seduction Fishnet Mesh -siamilaisen mekon avulla. T\u00e4ss\u00e4 provosoivassa alusvaatekappaleessa yhdistyv\u00e4t l\u00e4pin\u00e4kyv\u00e4 verkko, houkuttelevat ontot yksityiskohdat ja aistillinen siamilainen muotoilu, mik\u00e4 parantaa muotojasi ja vangitsee kumppanisi huomion.<\/p>","protected":false},"featured_media":40794,"template":"","meta":[],"product_brand":[],"product_cat":[406,404],"product_tag":[452,448,541,518,446,504],"class_list":{"0":"post-40791","1":"product","2":"type-product","3":"status-publish","4":"has-post-thumbnail","6":"product_cat-wholesale-fishnet-dress","7":"product_cat-sexy-stocking","8":"product_tag-wholesale-boudoir-lingerie","9":"product_tag-wholesale-elegant-sexy-lingerie","10":"product_tag-fishnet-lingerie","11":"product_tag-mesh-lingerie","12":"product_tag-wholesale-sexy-see-through-lingerie","13":"product_tag-ultra-sexy","14":"pa_color-black","15":"pa_size-free","17":"first","18":"instock","19":"taxable","20":"shipping-taxable","21":"purchasable","22":"product-type-variable"},"tiered_pricing_type":"fixed","tiered_pricing_fixed_rules":[],"tiered_pricing_product_settings":{"layout":"default","base_unit_name":{"singular":null,"plural":null},"default_variation":null},"tiered_pricing_minimum_quantity":null,"tiered_pricing_roles_data":{"default_wholesaler":{"product_id":40791,"role":"default_wholesaler","pricing_type":"flat","regular_price":3.59,"sale_price":null,"discount":null,"discount_type":"sale_price","tiered_pricing_type":"fixed","percentage_rules":[],"fixed_rules":{"2":"2.69","30":"2.19","500":"1.69"},"minimum":null},"dropshippinger":{"product_id":40791,"role":"dropshippinger","pricing_type":"flat","regular_price":2.69,"sale_price":null,"discount":null,"discount_type":"sale_price","tiered_pricing_type":"fixed","percentage_rules":[],"fixed_rules":{"1":"3.29","5":"2.69","30":"1.89"},"minimum":null}},"tiered_pricing_percentage_rules":[],"tiered_pricing_maximum_quantity":null,"tiered_pricing_quantity_step":null,"_links":{"self":[{"href":"https:\/\/gretasexylingerie.com\/fi\/wp-json\/wp\/v2\/product\/40791","targetHints":{"allow":["GET"]}}],"collection":[{"href":"https:\/\/gretasexylingerie.com\/fi\/wp-json\/wp\/v2\/product"}],"about":[{"href":"https:\/\/gretasexylingerie.com\/fi\/wp-json\/wp\/v2\/types\/product"}],"wp:featuredmedia":[{"embeddable":true,"href":"https:\/\/gretasexylingerie.com\/fi\/wp-json\/wp\/v2\/media\/40794"}],"wp:attachment":[{"href":"https:\/\/gretasexylingerie.com\/fi\/wp-json\/wp\/v2\/media?parent=40791"}],"wp:term":[{"taxonomy":"product_brand","embeddable":true,"href":"https:\/\/gretasexylingerie.com\/fi\/wp-json\/wp\/v2\/product_brand?post=40791"},{"taxonomy":"product_cat","embeddable":true,"href":"https:\/\/gretasexylingerie.com\/fi\/wp-json\/wp\/v2\/product_cat?post=40791"},{"taxonomy":"product_tag","embeddable":true,"href":"https:\/\/gretasexylingerie.com\/fi\/wp-json\/wp\/v2\/product_tag?post=40791"}],"curies":[{"name":"wp","href":"https:\/\/api.w.org\/{rel}","templated":true}]}}