{"id":40774,"date":"2023-05-25T21:38:09","date_gmt":"2023-05-25T13:38:09","guid":{"rendered":"https:\/\/gretasexylingerie.com\/?post_type=product&#038;p=40774"},"modified":"2023-09-05T20:52:06","modified_gmt":"2023-09-05T12:52:06","slug":"lapinakyva-vietteleva-verkkoverkkopitsimekko","status":"publish","type":"product","link":"https:\/\/gretasexylingerie.com\/fi\/products\/sheer-seduction-fishnet-lace-dress\/","title":{"rendered":"L\u00e4pin\u00e4kyv\u00e4 Seduction-verkkopitsimekko"},"content":{"rendered":"<ul class=\"wp-block-list\">\n<li>Vastustamaton l\u00e4pin\u00e4kyv\u00e4 kalaverkko: Verkkokangas lis\u00e4\u00e4 ripauksen houkuttelevuutta ja leikkisyytt\u00e4, jolloin silm\u00e4t ihoasi luovat houkuttelevan ja kiehtovan vaikutuksen.<\/li>\n\n\n\n<li>Hienot pitsikoristeet: Monimutkaiset pitsiyksityiskohdat korostavat t\u00e4m\u00e4n mekon eleganssia ja lis\u00e4\u00e4v\u00e4t ripaus naisellisuutta ja hienostuneisuutta viettelev\u00e4\u00e4n kokonaisuuteen.<\/li>\n\n\n\n<li>Sensual Hollow Design: Strategisesti sijoitetut ontot osat paljastavat juuri sen verran, ett\u00e4 ne her\u00e4tt\u00e4v\u00e4t halun, kiusoittelevat ja houkuttelevat jokaisella liikkeell\u00e4.<\/li>\n\n\n\n<li>Mukava ja joustava verkko: Hengitt\u00e4v\u00e4 ja joustava verkkomateriaali varmistaa mukavan istuvuuden ja parantaa k\u00e4yri\u00e4si, mik\u00e4 mahdollistaa vaivattoman liikkeen ja joustavuuden.<\/li>\n\n\n\n<li>Herk\u00e4t kukkakoristeet: Mekon hienovaraiset kukka-aiheet korostavat sen naisellista vieh\u00e4tysvoimaa ja lis\u00e4\u00e4v\u00e4t romanttisen silauksen viettelev\u00e4\u00e4n vieh\u00e4tykseen.<\/li>\n<\/ul>","protected":false},"excerpt":{"rendered":"<p>Syleile aistillisuutesi Sheer Seduction -verkkopitsimekollamme. T\u00e4ss\u00e4 houkuttelevassa alusvaatekappaleessa on yhdistelm\u00e4 l\u00e4pin\u00e4kyv\u00e4\u00e4 verkkoa, monimutkaisia pitsiyksityiskohtia ja herkki\u00e4 kukkakoristeita, jotka luovat provosoivan ja houkuttelevan ilmeen.<\/p>","protected":false},"featured_media":40782,"template":"","meta":[],"product_brand":[],"product_cat":[370,406,373,404],"product_tag":[452,448,541,518,446],"class_list":{"0":"post-40774","1":"product","2":"type-product","3":"status-publish","4":"has-post-thumbnail","6":"product_cat-bodysuit","7":"product_cat-wholesale-fishnet-dress","8":"product_cat-wholesale-sexy-mesh-bodysuit","9":"product_cat-sexy-stocking","10":"product_tag-wholesale-boudoir-lingerie","11":"product_tag-wholesale-elegant-sexy-lingerie","12":"product_tag-fishnet-lingerie","13":"product_tag-mesh-lingerie","14":"product_tag-wholesale-sexy-see-through-lingerie","15":"pa_color-black","16":"pa_size-free","18":"first","19":"instock","20":"taxable","21":"shipping-taxable","22":"purchasable","23":"product-type-variable"},"tiered_pricing_type":"fixed","tiered_pricing_fixed_rules":[],"tiered_pricing_product_settings":{"layout":"default","base_unit_name":{"singular":null,"plural":null},"default_variation":null},"tiered_pricing_minimum_quantity":null,"tiered_pricing_roles_data":{"default_wholesaler":{"product_id":40774,"role":"default_wholesaler","pricing_type":"flat","regular_price":3.59,"sale_price":null,"discount":null,"discount_type":"sale_price","tiered_pricing_type":"fixed","percentage_rules":[],"fixed_rules":{"2":"2.19","30":"1.79","500":"1.39"},"minimum":null},"dropshippinger":{"product_id":40774,"role":"dropshippinger","pricing_type":"flat","regular_price":2.69,"sale_price":null,"discount":null,"discount_type":"sale_price","tiered_pricing_type":"fixed","percentage_rules":[],"fixed_rules":{"1":"2.69","5":"2.19","30":"1.59"},"minimum":null}},"tiered_pricing_percentage_rules":[],"tiered_pricing_maximum_quantity":null,"tiered_pricing_quantity_step":null,"_links":{"self":[{"href":"https:\/\/gretasexylingerie.com\/fi\/wp-json\/wp\/v2\/product\/40774","targetHints":{"allow":["GET"]}}],"collection":[{"href":"https:\/\/gretasexylingerie.com\/fi\/wp-json\/wp\/v2\/product"}],"about":[{"href":"https:\/\/gretasexylingerie.com\/fi\/wp-json\/wp\/v2\/types\/product"}],"wp:featuredmedia":[{"embeddable":true,"href":"https:\/\/gretasexylingerie.com\/fi\/wp-json\/wp\/v2\/media\/40782"}],"wp:attachment":[{"href":"https:\/\/gretasexylingerie.com\/fi\/wp-json\/wp\/v2\/media?parent=40774"}],"wp:term":[{"taxonomy":"product_brand","embeddable":true,"href":"https:\/\/gretasexylingerie.com\/fi\/wp-json\/wp\/v2\/product_brand?post=40774"},{"taxonomy":"product_cat","embeddable":true,"href":"https:\/\/gretasexylingerie.com\/fi\/wp-json\/wp\/v2\/product_cat?post=40774"},{"taxonomy":"product_tag","embeddable":true,"href":"https:\/\/gretasexylingerie.com\/fi\/wp-json\/wp\/v2\/product_tag?post=40774"}],"curies":[{"name":"wp","href":"https:\/\/api.w.org\/{rel}","templated":true}]}}