{"id":40367,"date":"2023-05-11T21:36:29","date_gmt":"2023-05-11T13:36:29","guid":{"rendered":"https:\/\/gretasexylingerie.com\/?post_type=product&#038;p=40367"},"modified":"2023-09-05T20:52:01","modified_gmt":"2023-09-05T12:52:01","slug":"tekojalokivi-halterneck-verkkobody-body","status":"publish","type":"product","link":"https:\/\/gretasexylingerie.com\/fi\/products\/rhinestone-halterneck-fishnet-bodysuit\/","title":{"rendered":"Sparkling tekojalokivi Halterneck Fishnet Bodysuit Bodystocking"},"content":{"rendered":"<ol>\n<li>Hienoja tekojalokiviyksityiskohtia: Parantaa tuotevalikoimasi houkuttelevuutta ylellisell\u00e4 ulkon\u00e4\u00f6ll\u00e4\u00e4n.<\/li>\n<li>Viettelev\u00e4 verkkomateriaali: Suosittu valinta asiakkaiden keskuudessa, jotka haluavat korostaa k\u00e4yri\u00e4\u00e4n.<\/li>\n<li>S\u00e4\u00e4dett\u00e4v\u00e4 halterneck-muotoilu: Tarjoaa mukavuutta monenlaisille vartalotyypeille ja lis\u00e4\u00e4 sen houkuttelevuutta markkinoille.<\/li>\n<li>Monipuolinen Bodysuit: T\u00e4ydellinen erilaisiin tilaisuuksiin, intiimeist\u00e4 iltaista pukujuhliin, laajentaen sen myyntipotentiaalia.<\/li>\n<li>Korkean kysynn\u00e4n tuote: Alusvaatemarkkinoiden trendik\u00e4s tuote, joka houkuttelee varmasti laajan asiakaskunnan.<\/li>\n<\/ol>","protected":false},"excerpt":{"rendered":"<p>P\u00e4\u00e4st\u00e4 asiakkaidesi glamouriin valloilleen tekojalokivikoristeellisella halterneck-verkkobodypuvullamme. T\u00e4m\u00e4 bodystocking yhdist\u00e4\u00e4 kimaltelevien strassikivien vieh\u00e4tyksen verkkosuunnittelun uskaliaisuuteen ja luo vastustamattoman tuotteen alusvaatemallistollesi.<\/p>","protected":false},"featured_media":40373,"template":"","meta":[],"product_brand":[],"product_cat":[405,406,408,404],"product_tag":[861,448,541,504],"class_list":{"0":"post-40367","1":"product","2":"type-product","3":"status-publish","4":"has-post-thumbnail","6":"product_cat-wholesale-bodystocking","7":"product_cat-wholesale-fishnet-dress","8":"product_cat-wholesale-rhinestone-bodystocking","9":"product_cat-sexy-stocking","10":"product_tag-brunette-lingerie","11":"product_tag-wholesale-elegant-sexy-lingerie","12":"product_tag-fishnet-lingerie","13":"product_tag-ultra-sexy","14":"pa_color-black","15":"pa_size-free","17":"first","18":"instock","19":"taxable","20":"shipping-taxable","21":"purchasable","22":"product-type-variable"},"tiered_pricing_type":"fixed","tiered_pricing_fixed_rules":[],"tiered_pricing_product_settings":{"layout":"default","base_unit_name":{"singular":null,"plural":null},"default_variation":null},"tiered_pricing_minimum_quantity":null,"tiered_pricing_roles_data":{"default_wholesaler":{"product_id":40367,"role":"default_wholesaler","pricing_type":"flat","regular_price":null,"sale_price":null,"discount":null,"discount_type":"sale_price","tiered_pricing_type":"fixed","percentage_rules":[],"fixed_rules":{"2":"3.69","30":"3.09","500":"2.39"},"minimum":null},"dropshippinger":{"product_id":40367,"role":"dropshippinger","pricing_type":"flat","regular_price":null,"sale_price":null,"discount":null,"discount_type":"sale_price","tiered_pricing_type":"fixed","percentage_rules":[],"fixed_rules":{"1":"4.69","5":"3.69","30":"2.69"},"minimum":null}},"tiered_pricing_percentage_rules":[],"tiered_pricing_maximum_quantity":null,"tiered_pricing_quantity_step":null,"_links":{"self":[{"href":"https:\/\/gretasexylingerie.com\/fi\/wp-json\/wp\/v2\/product\/40367","targetHints":{"allow":["GET"]}}],"collection":[{"href":"https:\/\/gretasexylingerie.com\/fi\/wp-json\/wp\/v2\/product"}],"about":[{"href":"https:\/\/gretasexylingerie.com\/fi\/wp-json\/wp\/v2\/types\/product"}],"wp:featuredmedia":[{"embeddable":true,"href":"https:\/\/gretasexylingerie.com\/fi\/wp-json\/wp\/v2\/media\/40373"}],"wp:attachment":[{"href":"https:\/\/gretasexylingerie.com\/fi\/wp-json\/wp\/v2\/media?parent=40367"}],"wp:term":[{"taxonomy":"product_brand","embeddable":true,"href":"https:\/\/gretasexylingerie.com\/fi\/wp-json\/wp\/v2\/product_brand?post=40367"},{"taxonomy":"product_cat","embeddable":true,"href":"https:\/\/gretasexylingerie.com\/fi\/wp-json\/wp\/v2\/product_cat?post=40367"},{"taxonomy":"product_tag","embeddable":true,"href":"https:\/\/gretasexylingerie.com\/fi\/wp-json\/wp\/v2\/product_tag?post=40367"}],"curies":[{"name":"wp","href":"https:\/\/api.w.org\/{rel}","templated":true}]}}