{"id":39943,"date":"2023-04-27T22:34:19","date_gmt":"2023-04-27T14:34:19","guid":{"rendered":"https:\/\/gretasexylingerie.com\/?post_type=product&#038;p=39943"},"modified":"2023-09-05T20:51:46","modified_gmt":"2023-09-05T12:51:46","slug":"vietteleva-riimukaula-sukkasetti","status":"publish","type":"product","link":"https:\/\/gretasexylingerie.com\/fi\/products\/seductive-halter-neck-bodystocking-set\/","title":{"rendered":"Viettelev\u00e4 halter Neck Bodystocking setti"},"content":{"rendered":"<ul class=\"wp-block-list\">\n<li>Houkutteleva muotoilu: Riimukaula, henkselit ja perspektiiviset ontot elementit luovat kiehtovan ja kiihke\u00e4n kappaleen, joka vetoaa laajaan asiakaskuntaan ja t\u00e4ydent\u00e4\u00e4 alusvaatteitasi.<\/li>\n\n\n\n<li>Ajaton tyyli: Py\u00f6re\u00e4 p\u00e4\u00e4ntie lis\u00e4\u00e4 klassista tunnelmaa t\u00e4h\u00e4n seksikk\u00e4\u00e4seen bodystocking-settiin, mik\u00e4 varmistaa sen vetovoiman erilaisiin asiakkaiden mieltymyksiin ja maksimoi myyntipotentiaalin.<\/li>\n\n\n\n<li>Ainutlaatuisia yksityiskohtia: Perspektiivi ja ontto aksentit lis\u00e4\u00e4v\u00e4t t\u00e4m\u00e4n vartalosarjan viettelev\u00e4\u00e4 luonnetta osoittaen sitoutumistasi korkealaatuisten, houkuttelevien alusvaatteiden tarjoamiseen asiakkaillesi.<\/li>\n\n\n\n<li>One-size-Fits-Most: Viettelev\u00e4 riimukaula-vartalosukkasarjamme on suunniteltu yhden koon mukaan, mik\u00e4 varmistaa mukavan ja imartelevan istuvuuden useille eri vartalon muodoille, mik\u00e4 tekee varastonhallinnasta tehokkaampaa yrityksellesi.<\/li>\n\n\n\n<li>T\u00e4ydellinen erikoistilaisuuksiin: Houkutteleva muotoilu ja huomiota yksityiskohtiin tekev\u00e4t t\u00e4st\u00e4 bodystocking setist\u00e4 ihanteellisen valinnan romanttisiin tai intiimeihin tilaisuuksiin, mik\u00e4 laajentaa asiakkaidesi vaihtoehtoja.<\/li>\n<\/ul>\n\n\n\n<p><\/p>","protected":false},"excerpt":{"rendered":"<p>Esittelyss\u00e4 Seductive Halter Neck Bodystocking Set, jossa on py\u00f6re\u00e4 p\u00e4\u00e4ntie, henkselit ja perspektiivi, ontto muotoilu. T\u00e4m\u00e4 seksik\u00e4s kappale vangitsee varmasti asiakkaasi ja lis\u00e4\u00e4 myynti\u00e4si.<\/p>","protected":false},"featured_media":39950,"template":"","meta":[],"product_brand":[],"product_cat":[405,924,404],"product_tag":[448,528,446,453,864,867],"class_list":{"0":"post-39943","1":"product","2":"type-product","3":"status-publish","4":"has-post-thumbnail","6":"product_cat-wholesale-bodystocking","7":"product_cat-wholesale-bodystocking-sets","8":"product_cat-sexy-stocking","9":"product_tag-wholesale-elegant-sexy-lingerie","10":"product_tag-halter-lingerie","11":"product_tag-wholesale-sexy-see-through-lingerie","12":"product_tag-wholesale-sexy-naughty-lingerie","13":"product_tag-sexy-petite-lingerie","14":"product_tag-sexy-push-up-lingerie","15":"pa_color-black","16":"pa_color-blue-women-sexy-lingerie","17":"pa_color-purple-women-sexy-lingerie","18":"pa_color-red-women-sexy-lingerie","19":"pa_color-yellow","20":"pa_cup-full-cup","21":"pa_size-free","23":"first","24":"instock","25":"taxable","26":"shipping-taxable","27":"purchasable","28":"product-type-variable"},"tiered_pricing_type":"fixed","tiered_pricing_fixed_rules":[],"tiered_pricing_product_settings":{"layout":"default","base_unit_name":{"singular":null,"plural":null},"default_variation":null},"tiered_pricing_minimum_quantity":null,"tiered_pricing_roles_data":{"default_wholesaler":{"product_id":39943,"role":"default_wholesaler","pricing_type":"flat","regular_price":null,"sale_price":null,"discount":null,"discount_type":"sale_price","tiered_pricing_type":"fixed","percentage_rules":[],"fixed_rules":{"2":"2.39","30":"1.99","500":"1.49"},"minimum":null},"dropshippinger":{"product_id":39943,"role":"dropshippinger","pricing_type":"flat","regular_price":null,"sale_price":null,"discount":null,"discount_type":"sale_price","tiered_pricing_type":"fixed","percentage_rules":[],"fixed_rules":{"1":"2.89","5":"2.39","30":"1.69"},"minimum":null}},"tiered_pricing_percentage_rules":[],"tiered_pricing_maximum_quantity":null,"tiered_pricing_quantity_step":null,"_links":{"self":[{"href":"https:\/\/gretasexylingerie.com\/fi\/wp-json\/wp\/v2\/product\/39943","targetHints":{"allow":["GET"]}}],"collection":[{"href":"https:\/\/gretasexylingerie.com\/fi\/wp-json\/wp\/v2\/product"}],"about":[{"href":"https:\/\/gretasexylingerie.com\/fi\/wp-json\/wp\/v2\/types\/product"}],"wp:featuredmedia":[{"embeddable":true,"href":"https:\/\/gretasexylingerie.com\/fi\/wp-json\/wp\/v2\/media\/39950"}],"wp:attachment":[{"href":"https:\/\/gretasexylingerie.com\/fi\/wp-json\/wp\/v2\/media?parent=39943"}],"wp:term":[{"taxonomy":"product_brand","embeddable":true,"href":"https:\/\/gretasexylingerie.com\/fi\/wp-json\/wp\/v2\/product_brand?post=39943"},{"taxonomy":"product_cat","embeddable":true,"href":"https:\/\/gretasexylingerie.com\/fi\/wp-json\/wp\/v2\/product_cat?post=39943"},{"taxonomy":"product_tag","embeddable":true,"href":"https:\/\/gretasexylingerie.com\/fi\/wp-json\/wp\/v2\/product_tag?post=39943"}],"curies":[{"name":"wp","href":"https:\/\/api.w.org\/{rel}","templated":true}]}}