{"id":39915,"date":"2023-04-27T20:59:37","date_gmt":"2023-04-27T12:59:37","guid":{"rendered":"https:\/\/gretasexylingerie.com\/?post_type=product&#038;p=39915"},"modified":"2023-11-14T20:47:11","modified_gmt":"2023-11-14T12:47:11","slug":"riimu-kaula-syva-v-avoin-verkkomekko","status":"publish","type":"product","link":"https:\/\/gretasexylingerie.com\/fi\/products\/halter-neck-deep-v-open-back-fishnet-dress\/","title":{"rendered":"Halter Neck Deep V, avoin selk\u00e4verkkomekko"},"content":{"rendered":"<ul class=\"wp-block-list\">\n<li>Vangitseva tyyli: Halter Neck Fishnet Bodysuitin syv\u00e4 V, avoin selk\u00e4 ja ontto muotoilu luovat eritt\u00e4in halutun alusvaatteen, joka on t\u00e4ydellinen houkuttelemaan laajaa asiakaskuntaa kohdemarkkinoillasi.<\/li>\n\n\n\n<li>Silmiinpist\u00e4v\u00e4t v\u00e4rivalinnat: Saatavilla sek\u00e4 kiihke\u00e4n\u00e4 mustana ett\u00e4 tulipunaisena tyylin\u00e4, mik\u00e4 tarjoaa yrityksille mahdollisuuden vastata asiakkaiden erilaisiin mieltymyksiin ja maksimoida myyntipotentiaalin.<\/li>\n\n\n\n<li>Imarteleva ja mukautuva: Valmistettu ensiluokkaisesta verkkomateriaalista, t\u00e4m\u00e4 yksiosainen verkkopuku mukautuu saumattomasti eri vartalon muotoihin ja kokoihin varmistaen, ett\u00e4 se sopii t\u00e4ydellisesti monipuoliselle asiakaskunnallesi.<\/li>\n\n\n\n<li>Sensuellit yksityiskohdat: Monimutkainen verkkokuvio ja riimukaulus tekev\u00e4t t\u00e4st\u00e4 bodysta erottuvan lis\u00e4yksen mihin tahansa B2B-alusvaatemallistoon, mik\u00e4 korostaa sitoutumistasi ainutlaatuisten ja houkuttelevien tuotteiden tarjoamiseen.<\/li>\n\n\n\n<li>T\u00e4ydellinen erikoistilaisuuksiin: Avoimen selk\u00e4osan ja syv\u00e4n V-muotoilunsa ansiosta Halter Neck Fishnet Bodysuit on ihanteellinen valinta asiakkaille, jotka haluavat tehd\u00e4 ikimuistoisen vaikutelman romanttisten hetkien tai erityisten tapahtumien aikana.<\/li>\n<\/ul>\n\n\n\n<p><\/p>","protected":false},"excerpt":{"rendered":"<p>Esittelyss\u00e4 Halter Neck Fishnet Bodysuit, provosoiva yksiosainen alusvaate, joka on v\u00e4ltt\u00e4m\u00e4t\u00f6n B2B-asiakkaille. Siin\u00e4 on syv\u00e4 V, avoin selk\u00e4 ja houkutteleva ontto muotoilu, ja se on saatavana upean mustana ja punaisena.<br \/>\n<iframe width=\"840\" height=\"473\" src=\"https:\/\/www.youtube.com\/embed\/x-biRT5MMiU\" title=\"Halter Neck Deep V, avoin selk\u00e4verkkomekko\" frameborder=\"0\" allow=\"accelerometer; autoplay; clipboard-write; encrypted-media; gyroscope; picture-in-picture; web-share\" allowfullscreen><\/iframe><\/p>","protected":false},"featured_media":39922,"template":"","meta":[],"product_brand":[],"product_cat":[405,406,404],"product_tag":[452,448,541,446,865,504],"class_list":{"0":"post-39915","1":"product","2":"type-product","3":"status-publish","4":"has-post-thumbnail","6":"product_cat-wholesale-bodystocking","7":"product_cat-wholesale-fishnet-dress","8":"product_cat-sexy-stocking","9":"product_tag-wholesale-boudoir-lingerie","10":"product_tag-wholesale-elegant-sexy-lingerie","11":"product_tag-fishnet-lingerie","12":"product_tag-wholesale-sexy-see-through-lingerie","13":"product_tag-sexy-skimpy-lingerie","14":"product_tag-ultra-sexy","15":"pa_color-black","16":"pa_color-red-women-sexy-lingerie","17":"pa_size-free","19":"first","20":"instock","21":"taxable","22":"shipping-taxable","23":"purchasable","24":"product-type-variable"},"tiered_pricing_type":"fixed","tiered_pricing_fixed_rules":[],"tiered_pricing_product_settings":{"layout":"default","base_unit_name":{"singular":null,"plural":null},"default_variation":{}},"tiered_pricing_minimum_quantity":null,"tiered_pricing_roles_data":{"default_wholesaler":{"product_id":39915,"role":"default_wholesaler","pricing_type":"flat","regular_price":null,"sale_price":null,"discount":null,"discount_type":"sale_price","tiered_pricing_type":"fixed","percentage_rules":[],"fixed_rules":{"2":"2.79","30":"2.39","500":"1.79"},"minimum":null},"dropshippinger":{"product_id":39915,"role":"dropshippinger","pricing_type":"flat","regular_price":null,"sale_price":null,"discount":null,"discount_type":"sale_price","tiered_pricing_type":"fixed","percentage_rules":[],"fixed_rules":{"1":"3.49","5":"2.79","30":"1.98"},"minimum":null}},"tiered_pricing_percentage_rules":[],"tiered_pricing_maximum_quantity":null,"tiered_pricing_quantity_step":null,"_links":{"self":[{"href":"https:\/\/gretasexylingerie.com\/fi\/wp-json\/wp\/v2\/product\/39915","targetHints":{"allow":["GET"]}}],"collection":[{"href":"https:\/\/gretasexylingerie.com\/fi\/wp-json\/wp\/v2\/product"}],"about":[{"href":"https:\/\/gretasexylingerie.com\/fi\/wp-json\/wp\/v2\/types\/product"}],"wp:featuredmedia":[{"embeddable":true,"href":"https:\/\/gretasexylingerie.com\/fi\/wp-json\/wp\/v2\/media\/39922"}],"wp:attachment":[{"href":"https:\/\/gretasexylingerie.com\/fi\/wp-json\/wp\/v2\/media?parent=39915"}],"wp:term":[{"taxonomy":"product_brand","embeddable":true,"href":"https:\/\/gretasexylingerie.com\/fi\/wp-json\/wp\/v2\/product_brand?post=39915"},{"taxonomy":"product_cat","embeddable":true,"href":"https:\/\/gretasexylingerie.com\/fi\/wp-json\/wp\/v2\/product_cat?post=39915"},{"taxonomy":"product_tag","embeddable":true,"href":"https:\/\/gretasexylingerie.com\/fi\/wp-json\/wp\/v2\/product_tag?post=39915"}],"curies":[{"name":"wp","href":"https:\/\/api.w.org\/{rel}","templated":true}]}}