{"id":39878,"date":"2023-04-25T22:13:59","date_gmt":"2023-04-25T14:13:59","guid":{"rendered":"https:\/\/gretasexylingerie.com\/?post_type=product&#038;p=39878"},"modified":"2023-09-05T20:51:41","modified_gmt":"2023-09-05T12:51:41","slug":"rainbow-sarjan-korkea-joustava-verkkohaalari","status":"publish","type":"product","link":"https:\/\/gretasexylingerie.com\/fi\/products\/rainbow-series-high-elastic-fishnet-jumpsuit\/","title":{"rendered":"Rainbow-sarjan eritt\u00e4in joustava verkkohaalari"},"content":{"rendered":"<ul class=\"wp-block-list\">\n<li>Houkutteleva ja viettelev\u00e4: T\u00e4m\u00e4n haalarin eritt\u00e4in joustava verkkomateriaali ja ontto muotoilu luovat viettelev\u00e4n ja houkuttelevan ilmeen, joka saa jokaisen naisen tuntemaan olonsa itsevarmaksi ja vastustamattomaksi.<\/li>\n\n\n\n<li>Mukava ja tyylik\u00e4s: Valmistettu korkealaatuisista materiaaleista, t\u00e4m\u00e4 haalari on mukava ja hengitt\u00e4v\u00e4, mik\u00e4 varmistaa, ett\u00e4 asiakkaasi voivat k\u00e4ytt\u00e4\u00e4 sit\u00e4 pitki\u00e4 aikoja ilman \u00e4rsytyst\u00e4 tai ep\u00e4mukavuutta. Rainbow-sarjan muotoilu ja verkkomateriaali tekev\u00e4t siit\u00e4 monipuolisen ja tyylikk\u00e4\u00e4n kappaleen, joka sopii kaikkiin tilaisuuksiin.<\/li>\n\n\n\n<li>Monipuolinen ja kannattava: Rainbow Series High-Eastic Fishnet Jumpsuit on kannattava lis\u00e4 alusvaatekokoelmaasi. Sekalaisen tukkukaupan tuella ja ilman v\u00e4himm\u00e4istilausm\u00e4\u00e4r\u00e4vaatimuksia voit tilata juuri sen, mit\u00e4 tarvitset asiakkaidesi tarpeiden t\u00e4ytt\u00e4miseksi.<\/li>\n\n\n\n<li>T\u00e4ydellinen istuvuus: Eritt\u00e4in joustavan ja muotoon istuvan muotoilunsa ansiosta t\u00e4m\u00e4 haalari on suunniteltu istumaan t\u00e4ydellisesti asiakkaidesi vartaloon korostaen heid\u00e4n muotoaan ja parantaen heid\u00e4n luonnollista kauneuttaan.<\/li>\n\n\n\n<li>Edullinen ja laadukas: Rainbow Series High-Eastic Fishnet Jumpsuit on edullinen ja laadukas kappale, joka on rakennettu kest\u00e4m\u00e4\u00e4n. T\u00e4m\u00e4 kest\u00e4vist\u00e4 materiaaleista valmistettu ja huolellisesti muotoiltu haalari on loistava sijoitus alusvaatevalikoimaasi, joka maksaa itsens\u00e4 takaisin pitk\u00e4ll\u00e4 aikav\u00e4lill\u00e4. Ota yhteytt\u00e4 jo t\u00e4n\u00e4\u00e4n saadaksesi lis\u00e4tietoja kumppanuusmahdollisuuksistamme.<\/li>\n<\/ul>\n\n\n\n<p><\/p>","protected":false},"excerpt":{"rendered":"<p>Rainbow Series High-Eastic Fishnet Jumpsuit on t\u00e4ydellinen lis\u00e4 alusvaatevalikoimaasi. T\u00e4m\u00e4 haalari on valmistettu korkealaatuisista materiaaleista ja houkuttelevasta eritt\u00e4in joustavasta verkkokuviosta, joten se on mukava, tyylik\u00e4s ja tekee varmasti vaikutuksen asiakkaisiisi.<\/p>","protected":false},"featured_media":39883,"template":"","meta":[],"product_brand":[],"product_cat":[405,406,404],"product_tag":[448,446,453,504],"class_list":{"0":"post-39878","1":"product","2":"type-product","3":"status-publish","4":"has-post-thumbnail","6":"product_cat-wholesale-bodystocking","7":"product_cat-wholesale-fishnet-dress","8":"product_cat-sexy-stocking","9":"product_tag-wholesale-elegant-sexy-lingerie","10":"product_tag-wholesale-sexy-see-through-lingerie","11":"product_tag-wholesale-sexy-naughty-lingerie","12":"product_tag-ultra-sexy","13":"pa_color-rainbow","14":"pa_size-free","16":"first","17":"instock","18":"taxable","19":"shipping-taxable","20":"purchasable","21":"product-type-variable"},"tiered_pricing_type":"fixed","tiered_pricing_fixed_rules":[],"tiered_pricing_product_settings":{"layout":"default","base_unit_name":{"singular":null,"plural":null},"default_variation":null},"tiered_pricing_minimum_quantity":null,"tiered_pricing_roles_data":{"default_wholesaler":{"product_id":39878,"role":"default_wholesaler","pricing_type":"flat","regular_price":null,"sale_price":null,"discount":null,"discount_type":"sale_price","tiered_pricing_type":"fixed","percentage_rules":[],"fixed_rules":{"2":"3.39","30":"2.89","500":"2.19"},"minimum":null},"dropshippinger":{"product_id":39878,"role":"dropshippinger","pricing_type":"flat","regular_price":null,"sale_price":null,"discount":null,"discount_type":"sale_price","tiered_pricing_type":"fixed","percentage_rules":[],"fixed_rules":{"1":"4.29","5":"3.39","30":"2.49"},"minimum":null}},"tiered_pricing_percentage_rules":[],"tiered_pricing_maximum_quantity":null,"tiered_pricing_quantity_step":null,"_links":{"self":[{"href":"https:\/\/gretasexylingerie.com\/fi\/wp-json\/wp\/v2\/product\/39878","targetHints":{"allow":["GET"]}}],"collection":[{"href":"https:\/\/gretasexylingerie.com\/fi\/wp-json\/wp\/v2\/product"}],"about":[{"href":"https:\/\/gretasexylingerie.com\/fi\/wp-json\/wp\/v2\/types\/product"}],"wp:featuredmedia":[{"embeddable":true,"href":"https:\/\/gretasexylingerie.com\/fi\/wp-json\/wp\/v2\/media\/39883"}],"wp:attachment":[{"href":"https:\/\/gretasexylingerie.com\/fi\/wp-json\/wp\/v2\/media?parent=39878"}],"wp:term":[{"taxonomy":"product_brand","embeddable":true,"href":"https:\/\/gretasexylingerie.com\/fi\/wp-json\/wp\/v2\/product_brand?post=39878"},{"taxonomy":"product_cat","embeddable":true,"href":"https:\/\/gretasexylingerie.com\/fi\/wp-json\/wp\/v2\/product_cat?post=39878"},{"taxonomy":"product_tag","embeddable":true,"href":"https:\/\/gretasexylingerie.com\/fi\/wp-json\/wp\/v2\/product_tag?post=39878"}],"curies":[{"name":"wp","href":"https:\/\/api.w.org\/{rel}","templated":true}]}}