{"id":39872,"date":"2023-04-25T22:04:47","date_gmt":"2023-04-25T14:04:47","guid":{"rendered":"https:\/\/gretasexylingerie.com\/?post_type=product&#038;p=39872"},"modified":"2023-12-09T00:48:35","modified_gmt":"2023-12-08T16:48:35","slug":"provosoiva-verkkopassion-haalari","status":"publish","type":"product","link":"https:\/\/gretasexylingerie.com\/fi\/products\/provocative-fishnet-passion-jumpsuit\/","title":{"rendered":"Provokatiivinen Fishnet Passion -haalari"},"content":{"rendered":"<ul class=\"wp-block-list\">\n<li>Houkutteleva ja viettelev\u00e4: Provocative Fishnet Passion -haalari on t\u00e4ydellinen lis\u00e4 alusvaatevalikoimaasi. Verkkomateriaali ja ontto muotoilu luovat provosoivan ja houkuttelevan ilmeen, joka saa jokaisen naisen tuntemaan olonsa itsevarmaksi ja vastustamattomaksi.<\/li>\n\n\n\n<li>Mukava ja tyylik\u00e4s: Valmistettu korkealaatuisista materiaaleista, t\u00e4m\u00e4 haalari on mukava ja hengitt\u00e4v\u00e4, mik\u00e4 varmistaa, ett\u00e4 asiakkaasi voivat k\u00e4ytt\u00e4\u00e4 sit\u00e4 pitki\u00e4 aikoja ilman \u00e4rsytyst\u00e4 tai ep\u00e4mukavuutta.<\/li>\n\n\n\n<li>Monipuolinen ja kannattava: Provocative Fishnet Passion Jumpsuit on monipuolinen asu, joka voidaan muotoilla monella eri tavalla, mik\u00e4 tekee siit\u00e4 kannattavan lis\u00e4yksen alusvaatekokoelmaasi. Sekalaisen tukkukaupan tuella ja ilman v\u00e4himm\u00e4istilausm\u00e4\u00e4r\u00e4vaatimuksia voit tilata juuri sen, mit\u00e4 tarvitset asiakkaidesi tarpeiden t\u00e4ytt\u00e4miseksi.<\/li>\n\n\n\n<li>T\u00e4ydellinen istuvuus: T\u00e4m\u00e4 haalari on joustavan ja muotoon istuvan muotoilunsa ansiosta suunniteltu sopimaan asiakkaidesi vartaloon t\u00e4ydellisesti korostaen heid\u00e4n muotoaan ja parantaen heid\u00e4n luonnollista kauneuttaan. Saatavana eri kokoisina, voit l\u00f6yt\u00e4\u00e4 t\u00e4ydellisen istuvuuden mille tahansa vartalotyypille.<\/li>\n\n\n\n<li>Edullinen ja laadukas: Provocative Fishnet Passion -haalari on edullinen ja laadukas kappale, joka on rakennettu kest\u00e4m\u00e4\u00e4n. T\u00e4m\u00e4 kest\u00e4vist\u00e4 materiaaleista valmistettu ja huolellisesti muotoiltu haalari on loistava sijoitus alusvaatevalikoimaasi, joka maksaa itsens\u00e4 takaisin pitk\u00e4ll\u00e4 aikav\u00e4lill\u00e4. Ota yhteytt\u00e4 jo t\u00e4n\u00e4\u00e4n saadaksesi lis\u00e4tietoja kumppanuusmahdollisuuksistamme.<\/li>\n<\/ul>\n\n\n\n<p><\/p>","protected":false},"excerpt":{"rendered":"<p>Tunne olosi varmaksi ja houkuttelevaksi Provocative Fishnet Passion -haalaripukussamme. T\u00e4ss\u00e4 seksikk\u00e4\u00e4ss\u00e4 ja provosoivassa haalaripukussa on ontto muotoilu verkkomateriaalilla, joka varmasti houkuttelee ja kiusoittelee.<\/p>","protected":false},"featured_media":39875,"template":"","meta":[],"product_brand":[],"product_cat":[405,404],"product_tag":[861,541,973,446,453,865,504],"class_list":{"0":"post-39872","1":"product","2":"type-product","3":"status-publish","4":"has-post-thumbnail","6":"product_cat-wholesale-bodystocking","7":"product_cat-sexy-stocking","8":"product_tag-brunette-lingerie","9":"product_tag-fishnet-lingerie","10":"product_tag-oem","11":"product_tag-wholesale-sexy-see-through-lingerie","12":"product_tag-wholesale-sexy-naughty-lingerie","13":"product_tag-sexy-skimpy-lingerie","14":"product_tag-ultra-sexy","15":"pa_color-black","16":"pa_size-free","18":"first","19":"outofstock","20":"taxable","21":"shipping-taxable","22":"purchasable","23":"product-type-variable"},"tiered_pricing_type":"fixed","tiered_pricing_fixed_rules":[],"tiered_pricing_product_settings":{"layout":"default","base_unit_name":{"singular":null,"plural":null},"default_variation":{}},"tiered_pricing_minimum_quantity":null,"tiered_pricing_roles_data":{"default_wholesaler":{"product_id":39872,"role":"default_wholesaler","pricing_type":"flat","regular_price":null,"sale_price":null,"discount":null,"discount_type":"sale_price","tiered_pricing_type":"fixed","percentage_rules":[],"fixed_rules":{"2":"2.49","30":"2.09","500":"1.59"},"minimum":null},"dropshippinger":{"product_id":39872,"role":"dropshippinger","pricing_type":"flat","regular_price":null,"sale_price":null,"discount":null,"discount_type":"sale_price","tiered_pricing_type":"fixed","percentage_rules":[],"fixed_rules":{"1":"3.09","5":"2.49","30":"1.79"},"minimum":null}},"tiered_pricing_percentage_rules":[],"tiered_pricing_maximum_quantity":null,"tiered_pricing_quantity_step":null,"_links":{"self":[{"href":"https:\/\/gretasexylingerie.com\/fi\/wp-json\/wp\/v2\/product\/39872","targetHints":{"allow":["GET"]}}],"collection":[{"href":"https:\/\/gretasexylingerie.com\/fi\/wp-json\/wp\/v2\/product"}],"about":[{"href":"https:\/\/gretasexylingerie.com\/fi\/wp-json\/wp\/v2\/types\/product"}],"wp:featuredmedia":[{"embeddable":true,"href":"https:\/\/gretasexylingerie.com\/fi\/wp-json\/wp\/v2\/media\/39875"}],"wp:attachment":[{"href":"https:\/\/gretasexylingerie.com\/fi\/wp-json\/wp\/v2\/media?parent=39872"}],"wp:term":[{"taxonomy":"product_brand","embeddable":true,"href":"https:\/\/gretasexylingerie.com\/fi\/wp-json\/wp\/v2\/product_brand?post=39872"},{"taxonomy":"product_cat","embeddable":true,"href":"https:\/\/gretasexylingerie.com\/fi\/wp-json\/wp\/v2\/product_cat?post=39872"},{"taxonomy":"product_tag","embeddable":true,"href":"https:\/\/gretasexylingerie.com\/fi\/wp-json\/wp\/v2\/product_tag?post=39872"}],"curies":[{"name":"wp","href":"https:\/\/api.w.org\/{rel}","templated":true}]}}