{"id":39814,"date":"2023-04-22T23:15:12","date_gmt":"2023-04-22T15:15:12","guid":{"rendered":"https:\/\/gretasexylingerie.com\/?post_type=product&#038;p=39814"},"modified":"2023-12-09T19:57:16","modified_gmt":"2023-12-09T11:57:16","slug":"ommeltu-kirjonta-perspektiivirintaliivit-pikkuhoususarja","status":"publish","type":"product","link":"https:\/\/gretasexylingerie.com\/fi\/products\/stitching-embroidery-perspective-bra-panty-set\/","title":{"rendered":"Tukkuompelukirjonta Perspective-rintaliivit ja -housut"},"content":{"rendered":"<p>1. Ainutlaatuinen ja tyylik\u00e4s muotoilu: Mesh Stitching Embroidery Perspective -rintaliivit ja pikkuhousut -setiss\u00e4 on kaunis ja monimutkainen muotoilu, jossa yhdistyv\u00e4t herkk\u00e4 kirjonta, l\u00e4pin\u00e4kyv\u00e4 verkko ja seksikk\u00e4\u00e4t olkaimet. Tuloksena on upea ja hienostunut alusasusetti, joka sopii t\u00e4ydellisesti jokaiselle naiselle, joka haluaa tuntea olonsa seksikk\u00e4\u00e4ksi ja elegantiksi.<\/p>\n\n\n\n<p>2. Mukava istuvuus: Valmistettu korkealaatuisista materiaaleista ja suunniteltu mukavuuttasi ajatellen, t\u00e4m\u00e4 setti tarjoaa mukavan ja tukevan istuvuuden. Rintaliiviss\u00e4 on s\u00e4\u00e4dett\u00e4v\u00e4t olkaimet ja tukeva aluslanka, kun taas pikkuhousuissa on mukava ja imarteleva leikkaus, joka halaa kaaret oikeisiin paikkoihin.<\/p>\n\n\n\n<p>3. Monipuolinen: Mesh Stitching Embroidery Perspective -rintaliivit ja pikkuhousut -setti on riitt\u00e4v\u00e4n monipuolinen k\u00e4ytett\u00e4v\u00e4ksi kaikkiin tilaisuuksiin, olitpa sitten pukeutumassa erityiseen tilaisuuteen tai haluat vain tuntea olosi seksikk\u00e4\u00e4ksi ja itsevarmaksi jokap\u00e4iv\u00e4isess\u00e4 el\u00e4m\u00e4ss\u00e4si. Ajattoman muotoilun ansiosta se tulee olemaan perusosa alusvaatemallistossasi vuosia.<\/p>\n\n\n\n<p>4. Voimaava: Mesh Stitching Embroidery Perspective -rintaliivit ja pikkuhousut -setti lis\u00e4\u00e4 seksikk\u00e4\u00e4n ja voimaannuttavan silauksen mihin tahansa intiimiin tilaisuuteen. Monimutkainen kirjonta ja l\u00e4pin\u00e4kyv\u00e4 verkko luovat provosoivan mutta hienostuneen ilmeen, joka saa sinut varmasti tuntemaan olosi itsevarmaksi ja voimaantuneeksi.<\/p>\n\n\n\n<figure class=\"wp-block-table is-style-stripes\"><table><tbody><tr><td colspan=\"4\">Sivustokaavio (CM)<\/td><td><\/td><td><\/td><td><\/td><\/tr><tr><td>Koko<\/td><td>Kupin korkeus<\/td><td>Olkap\u00e4\u00e4<\/td><td>Rinnan alla<\/td><td>Vy\u00f6t\u00e4r\u00f6linja<\/td><td>Alushousut vy\u00f6t\u00e4r\u00f6ll\u00e4<\/td><td>Alushousujen pituus<\/td><\/tr><tr><td>S<\/td><td>16<\/td><td>36<\/td><td>68-86<\/td><td>64-82<\/td><td>68-94<\/td><td>24<\/td><\/tr><tr><td>M<\/td><td>16.6<\/td><td>36<\/td><td>72-90<\/td><td>68-86<\/td><td>72-98<\/td><td>25<\/td><\/tr><tr><td>L<\/td><td>17.2<\/td><td>36<\/td><td>76-94<\/td><td>72-90<\/td><td>76-102<\/td><td>26<\/td><\/tr><tr><td colspan=\"4\">Sivustokaavio (TUUMA)<\/td><td><\/td><td><\/td><td><\/td><\/tr><tr><td>Koko<\/td><td>Kupin korkeus<\/td><td>Olkap\u00e4\u00e4<\/td><td>Rinnan alla<\/td><td>Vy\u00f6t\u00e4r\u00f6linja<\/td><td>Alushousut vy\u00f6t\u00e4r\u00f6ll\u00e4<\/td><td>Alushousujen pituus<\/td><\/tr><tr><td>S<\/td><td>6.29&nbsp;<\/td><td>14.17<\/td><td>26.77-33.85<\/td><td>25.19-32.28<\/td><td>26.77-37<\/td><td>9.44&nbsp;<\/td><\/tr><tr><td>M<\/td><td>6.53&nbsp;<\/td><td>14.17<\/td><td>28.34-35.43<\/td><td>26.77-33.85<\/td><td>28.34-38.58<\/td><td>9.84<\/td><\/tr><tr><td>L<\/td><td>6.77&nbsp;<\/td><td>14.17<\/td><td>29.92-37<\/td><td>28.34-35.43<\/td><td>29.92-40.15<\/td><td>10.23&nbsp;<\/td><\/tr><tr><td colspan=\"7\">Huomautus:<br>1. Eri kokoisissa, paikoissa ja kankaissa voi olla 1-2 cm poikkeamaa. Kokotaulukko on vain viitteellinen, sill\u00e4 voi olla pieni\u00e4 eroja saamasi kanssa.<br>2. On olemassa 3 erilaista joustavuutta: korkea elastisuus (kaksipuolisesti venytetty), keskijoustavuus (yksipuolinen venytetty) ja ei-elastinen (ei voi venytt\u00e4\u00e4).<br>3.V\u00e4ri voi olla vaaleampi tai tummempi eri PC-n\u00e4yt\u00f6n vuoksi.<br>4.Pese k\u00e4sin 30-asteisessa vedess\u00e4, ripusta kuivumaan varjossa, est\u00e4 valkaisu.<br>5. Yksityiskohdissa ja kuvioissa saattaa olla hieman eroja.<\/td><\/tr><\/tbody><\/table><\/figure>","protected":false},"excerpt":{"rendered":"<p>T\u00e4ss\u00e4 setiss\u00e4 on ainutlaatuinen ja tyylik\u00e4s muotoilu, ja siin\u00e4 yhdistyv\u00e4t herkk\u00e4 kirjonta, l\u00e4pin\u00e4kyv\u00e4 verkko ja seksikk\u00e4\u00e4t olkaimet, jotka varmasti antavat sinulle voimaa. Tukeva aluslanka ja s\u00e4\u00e4dett\u00e4v\u00e4t olkaimet rintaliiveiss\u00e4 varmistavat mukavan istuvuuden, joka halaa kaaret kaikissa oikeissa paikoissa.<\/p>","protected":false},"featured_media":39827,"template":"","meta":[],"product_brand":[],"product_cat":[368,374,367,375],"product_tag":[505,452,448,454,875,973,453,864],"class_list":{"0":"post-39814","1":"product","2":"type-product","3":"status-publish","4":"has-post-thumbnail","6":"product_cat-bra-panty-set","7":"product_cat-wholesale-garter-belt-set","8":"product_cat-sexy-lingerie","9":"product_cat-whoelsale-sheer-bra-and-panty-sets","10":"product_tag-5-piece-lingerie-set","11":"product_tag-wholesale-boudoir-lingerie","12":"product_tag-wholesale-elegant-sexy-lingerie","13":"product_tag-wholesale-sexy-embroidered-lingerie","14":"product_tag-lace-sexy-lingerie","15":"product_tag-oem","16":"product_tag-wholesale-sexy-naughty-lingerie","17":"product_tag-sexy-petite-lingerie","18":"pa_color-black","19":"pa_color-red-women-sexy-lingerie","20":"pa_cup-full-cup","21":"pa_size-wholesale-large-size-women-sexy-lingerie","22":"pa_size-wholesale-medium-size-women-sexy-lingerie","23":"pa_size-wholesale-small-size-sexy-lingerie","25":"first","26":"outofstock","27":"taxable","28":"shipping-taxable","29":"purchasable","30":"product-type-variable"},"tiered_pricing_type":"fixed","tiered_pricing_fixed_rules":[],"tiered_pricing_product_settings":{"layout":"default","base_unit_name":{"singular":null,"plural":null},"default_variation":null},"tiered_pricing_minimum_quantity":null,"tiered_pricing_roles_data":{"default_wholesaler":{"product_id":39814,"role":"default_wholesaler","pricing_type":"flat","regular_price":null,"sale_price":null,"discount":null,"discount_type":"sale_price","tiered_pricing_type":"fixed","percentage_rules":[],"fixed_rules":{"2":"8.89","30":"7.59","500":"6.69"},"minimum":200},"dropshippinger":{"product_id":39814,"role":"dropshippinger","pricing_type":"flat","regular_price":null,"sale_price":null,"discount":null,"discount_type":"sale_price","tiered_pricing_type":"fixed","percentage_rules":[],"fixed_rules":{"1":"10.69","5":"8.89","30":"7.59"},"minimum":200}},"tiered_pricing_percentage_rules":[],"tiered_pricing_maximum_quantity":null,"tiered_pricing_quantity_step":null,"_links":{"self":[{"href":"https:\/\/gretasexylingerie.com\/fi\/wp-json\/wp\/v2\/product\/39814","targetHints":{"allow":["GET"]}}],"collection":[{"href":"https:\/\/gretasexylingerie.com\/fi\/wp-json\/wp\/v2\/product"}],"about":[{"href":"https:\/\/gretasexylingerie.com\/fi\/wp-json\/wp\/v2\/types\/product"}],"wp:featuredmedia":[{"embeddable":true,"href":"https:\/\/gretasexylingerie.com\/fi\/wp-json\/wp\/v2\/media\/39827"}],"wp:attachment":[{"href":"https:\/\/gretasexylingerie.com\/fi\/wp-json\/wp\/v2\/media?parent=39814"}],"wp:term":[{"taxonomy":"product_brand","embeddable":true,"href":"https:\/\/gretasexylingerie.com\/fi\/wp-json\/wp\/v2\/product_brand?post=39814"},{"taxonomy":"product_cat","embeddable":true,"href":"https:\/\/gretasexylingerie.com\/fi\/wp-json\/wp\/v2\/product_cat?post=39814"},{"taxonomy":"product_tag","embeddable":true,"href":"https:\/\/gretasexylingerie.com\/fi\/wp-json\/wp\/v2\/product_tag?post=39814"}],"curies":[{"name":"wp","href":"https:\/\/api.w.org\/{rel}","templated":true}]}}