{"id":39799,"date":"2023-04-22T22:58:48","date_gmt":"2023-04-22T14:58:48","guid":{"rendered":"https:\/\/gretasexylingerie.com\/?post_type=product&#038;p=39799"},"modified":"2023-10-22T23:15:54","modified_gmt":"2023-10-22T15:15:54","slug":"perspektiivikorsetti-yksiosainen-setti","status":"publish","type":"product","link":"https:\/\/gretasexylingerie.com\/fi\/products\/perspective-corset-one-piece-set\/","title":{"rendered":"Perspective korsetti yksiosainen setti"},"content":{"rendered":"<p>1. Rohkea ja provosoiva muotoilu: Perspective Corset One-Piece Setiss\u00e4 on rohkea ja provosoiva muotoilu, jossa yhdistyv\u00e4t l\u00e4pin\u00e4kyv\u00e4 verkko ja seksikk\u00e4\u00e4t olkaimet sek\u00e4 vartaloa mairitteleva korsetti. T\u00e4m\u00e4 ainutlaatuinen ja rohkea muotoilu k\u00e4\u00e4nt\u00e4\u00e4 varmasti p\u00e4\u00e4t ja antaa lausunnon.<\/p>\n\n\n\n<p>2. Figuuria imarteleva korsetti: Korsetti tarjoaa t\u00e4ydellisen tuen ja muotoilun antaen sinulle imartelevan siluetin ja parantaen k\u00e4yri\u00e4si kaikissa oikeissa paikoissa.<\/p>\n\n\n\n<p>3. Mukava ja tukeva istuvuus: Valmistettu korkealaatuisista materiaaleista ja suunniteltu mukavuuttasi ajatellen, t\u00e4m\u00e4 setti tarjoaa mukavan ja tukevan istuvuuden.<\/p>\n\n\n\n<p>4. Monipuolinen: Perspective-korsetin yksiosainen setti on tarpeeksi monipuolinen k\u00e4ytett\u00e4v\u00e4ksi kaikkiin tilaisuuksiin, olitpa sitten pukeutumassa erityiseen tilaisuuteen tai haluat vain tuntea olosi seksikk\u00e4\u00e4ksi ja itsevarmaksi jokap\u00e4iv\u00e4isess\u00e4 el\u00e4m\u00e4ss\u00e4si. Ainutlaatuinen ja rohkea muotoilu tarkoittaa sit\u00e4, ett\u00e4 se sopii t\u00e4ydellisesti naisille, jotka haluavat tehd\u00e4 julkilausuman ja erottua joukosta.<\/p>\n\n\n\n<figure class=\"wp-block-table is-style-stripes\"><table><tbody><tr><td colspan=\"3\">Sivustokaavio (CM)<\/td><td><\/td><td><\/td><\/tr><tr><td>Koko<\/td><td>Pituus<\/td><td>Rinnan alla<\/td><td>Vy\u00f6n pituus<\/td><td>Vy\u00f6t\u00e4r\u00f6<\/td><\/tr><tr><td>S<\/td><td>54<\/td><td>66-88<\/td><td>62<\/td><td>62-86<\/td><\/tr><tr><td>M<\/td><td>56<\/td><td>70-92<\/td><td>62<\/td><td>66-90<\/td><\/tr><tr><td>L<\/td><td>58<\/td><td>74-96<\/td><td>62<\/td><td>70-94<\/td><\/tr><tr><td colspan=\"3\">Sivustokaavio (TUUMA)<\/td><td><\/td><td><\/td><\/tr><tr><td>Koko<\/td><td>Pituus<\/td><td>Rinnan alla<\/td><td>Vy\u00f6n pituus<\/td><td>Vy\u00f6t\u00e4r\u00f6<\/td><\/tr><tr><td>S<\/td><td>21.25&nbsp;<\/td><td>25.98-34.64<\/td><td>24.40&nbsp;<\/td><td>24.40-33.85<\/td><\/tr><tr><td>M<\/td><td>22.04&nbsp;<\/td><td>27.55-36.22<\/td><td>24.40&nbsp;<\/td><td>25.98-35.43<\/td><\/tr><tr><td>L<\/td><td>22.83&nbsp;<\/td><td>29.13-37.79<\/td><td>24.40&nbsp;<\/td><td>27.55-37<\/td><\/tr><tr><td colspan=\"5\">Huomautus:<br>1. Eri kokoisissa, paikoissa ja kankaissa voi olla 1-2 cm poikkeamaa. Kokotaulukko on vain viitteellinen, sill\u00e4 voi olla pieni\u00e4 eroja saamasi kanssa.<br>2. On olemassa 3 erilaista joustavuutta: korkea elastisuus (kaksipuolisesti venytetty), keskijoustavuus (yksipuolinen venytetty) ja ei-elastinen (ei voi venytt\u00e4\u00e4).<br>3.V\u00e4ri voi olla vaaleampi tai tummempi eri PC-n\u00e4yt\u00f6n vuoksi.<br>4.Pese k\u00e4sin 30-asteisessa vedess\u00e4, ripusta kuivumaan varjossa, est\u00e4 valkaisu.<br>5. Yksityiskohdissa ja kuvioissa saattaa olla hieman eroja.<\/td><\/tr><\/tbody><\/table><\/figure>\n\n\n\n<p><\/p>","protected":false},"excerpt":{"rendered":"<p>T\u00e4ss\u00e4 rohkeassa ja provosoivassa body-asussa yhdistyv\u00e4t l\u00e4pin\u00e4kyv\u00e4 verkko ja seksikk\u00e4\u00e4t olkaimet sek\u00e4 istuva liivi, joka antaa t\u00e4ydellisen tuen ja muodon, sek\u00e4 verkko- ja pitsiyksityiskohtia, jotka lis\u00e4\u00e4v\u00e4t tyylikkyytt\u00e4. T\u00e4m\u00e4 setti saa sinut varmasti tuntemaan olosi kuningattareksi.<\/p>\n<p>https:\/\/youtu.be\/bJwrt8iMsAQ<\/p>","protected":false},"featured_media":39807,"template":"","meta":[],"product_brand":[],"product_cat":[370,367,373],"product_tag":[861,448,522,446,864],"class_list":{"0":"post-39799","1":"product","2":"type-product","3":"status-publish","4":"has-post-thumbnail","6":"product_cat-bodysuit","7":"product_cat-sexy-lingerie","8":"product_cat-wholesale-sexy-mesh-bodysuit","9":"product_tag-brunette-lingerie","10":"product_tag-wholesale-elegant-sexy-lingerie","11":"product_tag-eyelash-lingerie","12":"product_tag-wholesale-sexy-see-through-lingerie","13":"product_tag-sexy-petite-lingerie","14":"pa_color-black","15":"pa_cup-full-cup","16":"pa_size-wholesale-large-size-women-sexy-lingerie","17":"pa_size-wholesale-medium-size-women-sexy-lingerie","18":"pa_size-wholesale-small-size-sexy-lingerie","20":"first","21":"instock","22":"taxable","23":"shipping-taxable","24":"purchasable","25":"product-type-variable"},"tiered_pricing_type":"fixed","tiered_pricing_fixed_rules":[],"tiered_pricing_product_settings":{"layout":"default","base_unit_name":{"singular":null,"plural":null},"default_variation":{}},"tiered_pricing_minimum_quantity":null,"tiered_pricing_roles_data":{"default_wholesaler":{"product_id":39799,"role":"default_wholesaler","pricing_type":"flat","regular_price":null,"sale_price":null,"discount":null,"discount_type":"sale_price","tiered_pricing_type":"fixed","percentage_rules":[],"fixed_rules":{"2":"8.09","30":"6.99","500":"6.09"},"minimum":null},"dropshippinger":{"product_id":39799,"role":"dropshippinger","pricing_type":"flat","regular_price":null,"sale_price":null,"discount":null,"discount_type":"sale_price","tiered_pricing_type":"fixed","percentage_rules":[],"fixed_rules":{"1":"9.69","5":"8.09","30":"6.99"},"minimum":null}},"tiered_pricing_percentage_rules":[],"tiered_pricing_maximum_quantity":null,"tiered_pricing_quantity_step":null,"_links":{"self":[{"href":"https:\/\/gretasexylingerie.com\/fi\/wp-json\/wp\/v2\/product\/39799","targetHints":{"allow":["GET"]}}],"collection":[{"href":"https:\/\/gretasexylingerie.com\/fi\/wp-json\/wp\/v2\/product"}],"about":[{"href":"https:\/\/gretasexylingerie.com\/fi\/wp-json\/wp\/v2\/types\/product"}],"wp:featuredmedia":[{"embeddable":true,"href":"https:\/\/gretasexylingerie.com\/fi\/wp-json\/wp\/v2\/media\/39807"}],"wp:attachment":[{"href":"https:\/\/gretasexylingerie.com\/fi\/wp-json\/wp\/v2\/media?parent=39799"}],"wp:term":[{"taxonomy":"product_brand","embeddable":true,"href":"https:\/\/gretasexylingerie.com\/fi\/wp-json\/wp\/v2\/product_brand?post=39799"},{"taxonomy":"product_cat","embeddable":true,"href":"https:\/\/gretasexylingerie.com\/fi\/wp-json\/wp\/v2\/product_cat?post=39799"},{"taxonomy":"product_tag","embeddable":true,"href":"https:\/\/gretasexylingerie.com\/fi\/wp-json\/wp\/v2\/product_tag?post=39799"}],"curies":[{"name":"wp","href":"https:\/\/api.w.org\/{rel}","templated":true}]}}