{"id":39781,"date":"2023-04-22T22:42:01","date_gmt":"2023-04-22T14:42:01","guid":{"rendered":"https:\/\/gretasexylingerie.com\/?post_type=product&#038;p=39781"},"modified":"2024-04-04T14:32:45","modified_gmt":"2024-04-04T06:32:45","slug":"leopardikuvioinen-perspektiivi-seksikkaat-yksiosaiset-setit","status":"publish","type":"product","link":"https:\/\/gretasexylingerie.com\/fi\/products\/leopard-print-perspective-sexy-one-piece-sets\/","title":{"rendered":"Tukkumyynti Leopard Print Perspective Sexy Bra Setit"},"content":{"rendered":"<p>1. Rohkea ja seksik\u00e4s muotoilu: Leopard Print Perspective Sexy One-Piece Setiss\u00e4 on rohkea ja seksik\u00e4s muotoilu, joka varmasti k\u00e4\u00e4nt\u00e4\u00e4 p\u00e4\u00e4t. Leopardikuvio ja l\u00e4pin\u00e4kyv\u00e4 verkko muodostavat yhdess\u00e4 rohkean ja provosoivan lookin, joka huokuu luottamusta ja seksikkyytt\u00e4.<\/p>\n\n\n\n<p>2. Mukava ja tukeva istuvuus: Valmistettu korkealaatuisista materiaaleista ja suunniteltu mukavuuttasi ajatellen, t\u00e4m\u00e4 setti tarjoaa mukavan ja tukevan istuvuuden. Aluslangat ja s\u00e4\u00e4dett\u00e4v\u00e4t olkaimet rintaliiveiss\u00e4 tarjoavat t\u00e4ydellisen tuen, kun taas pikkuhousujen leikkaus on imarteleva ja mukava.<\/p>\n\n\n\n<p>3. Monipuolinen: Leopard Print Perspective Sexy One-piece -setti on riitt\u00e4v\u00e4n monipuolinen k\u00e4ytett\u00e4v\u00e4ksi kaikkiin tilaisuuksiin, olitpa sitten pukeutumassa erityiseen tilaisuuteen tai haluat vain tuntea olosi seksikk\u00e4\u00e4ksi ja itsevarmaksi jokap\u00e4iv\u00e4isess\u00e4 el\u00e4m\u00e4ss\u00e4si. Ajattoman muotoilun ansiosta se tulee olemaan perusosa alusvaatemallistossasi vuosia.<\/p>\n\n\n\n<p>4. T\u00e4ydellinen lahja: T\u00e4m\u00e4 setti on t\u00e4ydellinen lahja kumppanillesi, olipa kyseess\u00e4 erityistilaisuus tai vain osoittaaksesi, kuinka paljon v\u00e4lit\u00e4t. Rohkeaa ja seksik\u00e4st\u00e4 muotoilua arvostetaan varmasti, ja mukava istuvuus tarkoittaa, ett\u00e4 he rakastavat sit\u00e4 yh\u00e4 uudelleen ja uudelleen.<\/p>\n\n\n\n<figure class=\"wp-block-table is-style-stripes\"><table><tbody><tr><td colspan=\"4\">Sivustokaavio (CM)<\/td><td><\/td><td><\/td><\/tr><tr><td>Koko<\/td><td>Pituus<\/td><td>Rinnan alla<\/td><td>Alushousut vy\u00f6t\u00e4r\u00f6ll\u00e4<\/td><td>Alushousujen pituus<\/td><td>Vy\u00f6t\u00e4r\u00f6<\/td><\/tr><tr><td>S<\/td><td>18<\/td><td>68-86<\/td><td>64-98<\/td><td>20<\/td><td>64-84<\/td><\/tr><tr><td>M<\/td><td>19<\/td><td>72-90<\/td><td>68-102<\/td><td>21<\/td><td>68-88<\/td><\/tr><tr><td>L<\/td><td>20<\/td><td>76-94<\/td><td>72-106<\/td><td>22<\/td><td>72-92<\/td><\/tr><tr><td colspan=\"4\">Sivustokaavio (TUUMA)<\/td><td><\/td><td><\/td><\/tr><tr><td>Koko<\/td><td>Pituus<\/td><td>Rinnan alla<\/td><td>Alushousut vy\u00f6t\u00e4r\u00f6ll\u00e4<\/td><td>Alushousujen pituus<\/td><td>Vy\u00f6t\u00e4r\u00f6<\/td><\/tr><tr><td>S<\/td><td>7.08&nbsp;<\/td><td>26.77-33.85<\/td><td>25.19-38.58<\/td><td>7.87<\/td><td>25.19-33.07<\/td><\/tr><tr><td>M<\/td><td>7.48&nbsp;<\/td><td>28.34-35.43<\/td><td>26.77-40.15<\/td><td>8.26<\/td><td>26.77-34.64<\/td><\/tr><tr><td>L<\/td><td>7.87&nbsp;<\/td><td>29.92-37<\/td><td>28.34-41.73<\/td><td>8.66<\/td><td>28.34-36.22<\/td><\/tr><tr><td colspan=\"6\">Huomautus:<br>1. Eri kokoisissa, paikoissa ja kankaissa voi olla 1-2 cm poikkeamaa. Kokotaulukko on vain viitteellinen, sill\u00e4 voi olla pieni\u00e4 eroja saamasi kanssa.<br>2. On olemassa 3 erilaista joustavuutta: korkea elastisuus (kaksipuolisesti venytetty), keskijoustavuus (yksipuolinen venytetty) ja ei-elastinen (ei voi venytt\u00e4\u00e4).<br>3.V\u00e4ri voi olla vaaleampi tai tummempi eri PC-n\u00e4yt\u00f6n vuoksi.<br>4.Pese k\u00e4sin 30-asteisessa vedess\u00e4, ripusta kuivumaan varjossa, est\u00e4 valkaisu.<br>5. Yksityiskohdissa ja kuvioissa saattaa olla hieman eroja.<\/td><\/tr><\/tbody><\/table><\/figure>\n\n\n\n<p><\/p>","protected":false},"excerpt":{"rendered":"<p>T\u00e4m\u00e4 setti, jossa on yhdistelm\u00e4 leopardikuviota ja l\u00e4pin\u00e4kyv\u00e4\u00e4 verkkoa, on t\u00e4ydellinen naisille, jotka haluavat huokua itsevarmuutta ja aistillisuutta. Rintaliivien kaari ja s\u00e4\u00e4dett\u00e4v\u00e4t olkaimet tarjoavat t\u00e4ydellisen tuen, kun taas housujen leikkaus on mairitteleva ja mukava.<\/p>","protected":false},"featured_media":39791,"template":"","meta":[],"product_brand":[],"product_cat":[368,374,367],"product_tag":[868,452,448,453],"class_list":{"0":"post-39781","1":"product","2":"type-product","3":"status-publish","4":"has-post-thumbnail","6":"product_cat-bra-panty-set","7":"product_cat-wholesale-garter-belt-set","8":"product_cat-sexy-lingerie","9":"product_tag-4-piece-lingerie-set","10":"product_tag-wholesale-boudoir-lingerie","11":"product_tag-wholesale-elegant-sexy-lingerie","12":"product_tag-wholesale-sexy-naughty-lingerie","13":"pa_color-leopard","14":"pa_cup-full-cup","15":"pa_size-wholesale-large-size-women-sexy-lingerie","16":"pa_size-wholesale-medium-size-women-sexy-lingerie","17":"pa_size-wholesale-small-size-sexy-lingerie","19":"first","20":"instock","21":"taxable","22":"shipping-taxable","23":"purchasable","24":"product-type-variable"},"tiered_pricing_type":"fixed","tiered_pricing_fixed_rules":[],"tiered_pricing_product_settings":{"layout":"table","base_unit_name":{"singular":null,"plural":null},"default_variation":null},"tiered_pricing_minimum_quantity":null,"tiered_pricing_roles_data":{"default_wholesaler":{"product_id":39781,"role":"default_wholesaler","pricing_type":"flat","regular_price":null,"sale_price":null,"discount":null,"discount_type":"sale_price","tiered_pricing_type":"fixed","percentage_rules":[],"fixed_rules":{"2":"9.69","30":"8.29","500":"7.29"},"minimum":null},"dropshippinger":{"product_id":39781,"role":"dropshippinger","pricing_type":"flat","regular_price":null,"sale_price":null,"discount":null,"discount_type":"sale_price","tiered_pricing_type":"fixed","percentage_rules":[],"fixed_rules":{"1":"11.59","5":"9.69","30":"7.29"},"minimum":null}},"tiered_pricing_percentage_rules":[],"tiered_pricing_maximum_quantity":null,"tiered_pricing_quantity_step":null,"_links":{"self":[{"href":"https:\/\/gretasexylingerie.com\/fi\/wp-json\/wp\/v2\/product\/39781","targetHints":{"allow":["GET"]}}],"collection":[{"href":"https:\/\/gretasexylingerie.com\/fi\/wp-json\/wp\/v2\/product"}],"about":[{"href":"https:\/\/gretasexylingerie.com\/fi\/wp-json\/wp\/v2\/types\/product"}],"wp:featuredmedia":[{"embeddable":true,"href":"https:\/\/gretasexylingerie.com\/fi\/wp-json\/wp\/v2\/media\/39791"}],"wp:attachment":[{"href":"https:\/\/gretasexylingerie.com\/fi\/wp-json\/wp\/v2\/media?parent=39781"}],"wp:term":[{"taxonomy":"product_brand","embeddable":true,"href":"https:\/\/gretasexylingerie.com\/fi\/wp-json\/wp\/v2\/product_brand?post=39781"},{"taxonomy":"product_cat","embeddable":true,"href":"https:\/\/gretasexylingerie.com\/fi\/wp-json\/wp\/v2\/product_cat?post=39781"},{"taxonomy":"product_tag","embeddable":true,"href":"https:\/\/gretasexylingerie.com\/fi\/wp-json\/wp\/v2\/product_tag?post=39781"}],"curies":[{"name":"wp","href":"https:\/\/api.w.org\/{rel}","templated":true}]}}