{"id":39737,"date":"2023-04-20T22:28:20","date_gmt":"2023-04-20T14:28:20","guid":{"rendered":"https:\/\/gretasexylingerie.com\/?post_type=product&#038;p=39737"},"modified":"2023-12-09T19:51:56","modified_gmt":"2023-12-09T11:51:56","slug":"yhtenainen-makea-cool-tyyli-rintaliivit-pikkuhoususetti","status":"publish","type":"product","link":"https:\/\/gretasexylingerie.com\/fi\/products\/uniform-sweet-cool-style-bra-panty-set\/","title":{"rendered":"Uniform Sweet Cool Style -rintaliivit ja -housut"},"content":{"rendered":"<p>1. Ainutlaatuinen muotoilu: Uniform Style Sweet Cool Style -rintaliivit &amp; pikkuhousut -setiss\u00e4 on ainutlaatuinen muotoilu, jossa yhdistyy s\u00f6p\u00f6 ja leikkis\u00e4 yhten\u00e4inen tyyli viile\u00e4\u00e4n ja \u00e4rtyis\u00e4\u00e4n tunnelmaan.<\/p>\n\n\n\n<p>2. Comfortable Fit: T\u00e4m\u00e4 sarja on suunniteltu sek\u00e4 mukavuutta ett\u00e4 tyyli\u00e4 ajatellen. Rintaliivit ja pikkuhousut on valmistettu pehmeist\u00e4, hengitt\u00e4vist\u00e4 materiaaleista, jotka tuntuvat hyv\u00e4lt\u00e4 ihoa vasten, kun taas s\u00e4\u00e4dett\u00e4v\u00e4t olkaimet ja selk\u00e4kiinnitys takaavat t\u00e4ydellisen ja mukavan istuvuuden.<\/p>\n\n\n\n<p>3. Mairitteleva ja tukeva: Rintaliiviss\u00e4 on kaarilanka ja muotoillut kupit, jotka antavat tukea ja muotoa, kun taas korkeavy\u00f6t\u00e4r\u00f6iset pikkuhousut imartelevat k\u00e4yri\u00e4si ja peitt\u00e4v\u00e4t sit\u00e4 miss\u00e4 sit\u00e4 eniten tarvitset.<\/p>\n\n\n\n<p>4. Monipuolinen: K\u00e4yt\u00e4tk\u00f6 sit\u00e4 alusvaatteina tai asustesi ilmeen\u00e4, t\u00e4m\u00e4 setti on monipuolinen ja t\u00e4ydellinen kaikkiin tilaisuuksiin. Pue se sukkahousuilla ja korkokengill\u00e4 saadaksesi seksikk\u00e4\u00e4n ja hienostuneen ilmeen, tai pid\u00e4 se rentona ja s\u00f6p\u00f6n\u00e4 tennareilla ja denimtakilla.<\/p>\n\n\n\n<figure class=\"wp-block-table is-style-stripes\"><table><tbody><tr><td colspan=\"4\">Sivustokaavio (CM)<\/td><td><\/td><td><\/td><td><\/td><td><\/td><\/tr><tr><td>Koko<\/td><td>Etupituus<\/td><td>Olkap\u00e4\u00e4<\/td><td>Rinnan alla<\/td><td>Vy\u00f6t\u00e4r\u00f6<\/td><td>Jalan ymp\u00e4rysmitta<\/td><td>Alushousut vy\u00f6t\u00e4r\u00f6ll\u00e4<\/td><td>Alushousujen pituus<\/td><\/tr><tr><td>S<\/td><td>16<\/td><td>35<\/td><td>68-86<\/td><td>64-84<\/td><td>50<\/td><td>64-98<\/td><td>21.5<\/td><\/tr><tr><td>M<\/td><td>17<\/td><td>35<\/td><td>72-90<\/td><td>68-88<\/td><td>52<\/td><td>68-102<\/td><td>22.5<\/td><\/tr><tr><td>L<\/td><td>18<\/td><td>35<\/td><td>77-95<\/td><td>72-92<\/td><td>54<\/td><td>72-106<\/td><td>23.5<\/td><\/tr><tr><td colspan=\"4\">Sivustokaavio (TUUMA)<\/td><td><\/td><td><\/td><td><\/td><td><\/td><\/tr><tr><td>Koko<\/td><td>Etupituus<\/td><td>Olkap\u00e4\u00e4<\/td><td>Rinnan alla<\/td><td>Vy\u00f6t\u00e4r\u00f6<\/td><td>Jalan ymp\u00e4rysmitta<\/td><td>Alushousut vy\u00f6t\u00e4r\u00f6ll\u00e4<\/td><td>Alushousujen pituus<\/td><\/tr><tr><td>S<\/td><td>6.29&nbsp;<\/td><td>13.77<\/td><td>26.77-33.85<\/td><td>25.19-33.07<\/td><td>19.68&nbsp;<\/td><td>25.19-38.58<\/td><td>8.46&nbsp;<\/td><\/tr><tr><td>M<\/td><td>6.69&nbsp;<\/td><td>13.77<\/td><td>28.34-35.43<\/td><td>26.77-34.64<\/td><td>20.47&nbsp;<\/td><td>26.77-40.15<\/td><td>8.85<\/td><\/tr><tr><td>L<\/td><td>7.08&nbsp;<\/td><td>13.77<\/td><td>30.31-37.40<\/td><td>28.34-36.22<\/td><td>21.25&nbsp;<\/td><td>28.34-41.73<\/td><td>9.25&nbsp;<\/td><\/tr><tr><td colspan=\"8\">Huomautus:<br>1. Eri kokoisissa, paikoissa ja kankaissa voi olla 1-2 cm poikkeamaa. Kokotaulukko on vain viitteellinen, sill\u00e4 voi olla pieni\u00e4 eroja saamasi kanssa.<br>2. On olemassa 3 erilaista joustavuutta: korkea elastisuus (kaksipuolisesti venytetty), keskijoustavuus (yksipuolinen venytetty) ja ei-elastinen (ei voi venytt\u00e4\u00e4).<br>3.V\u00e4ri voi olla vaaleampi tai tummempi eri PC-n\u00e4yt\u00f6n vuoksi.<br>4.Pese k\u00e4sin 30-asteisessa vedess\u00e4, ripusta kuivumaan varjossa, est\u00e4 valkaisu.<br>5. Yksityiskohdissa ja kuvioissa saattaa olla hieman eroja.<\/td><\/tr><\/tbody><\/table><\/figure>\n\n\n\n<p><\/p>","protected":false},"excerpt":{"rendered":"<p>Rintaliivit ja pikkuhousut on valmistettu pehme\u00e4st\u00e4 ja hengitt\u00e4v\u00e4st\u00e4 materiaalista, joka sopii t\u00e4ydellisesti muotoihisi. Aluslangalla ja muotoilluilla kupeilla on rintaliivit, jotka sopivat kaikkiin tilaisuuksiin, olitpa sitten p\u00e4\u00e4ll\u00e4si alusvaatteena tai esittelyss\u00e4si kumppanillesi.<\/p>","protected":false},"featured_media":39746,"template":"","meta":[],"product_brand":[],"product_cat":[380,377,367],"product_tag":[448,524,973,510,880,453,504],"class_list":{"0":"post-39737","1":"product","2":"type-product","3":"status-publish","4":"has-post-thumbnail","6":"product_cat-wholesale-harness-bra-and-panty-set","7":"product_cat-harness-lingerie","8":"product_cat-sexy-lingerie","9":"product_tag-wholesale-elegant-sexy-lingerie","10":"product_tag-metal-lingerie","11":"product_tag-oem","12":"product_tag-ruffles-lingerie","13":"product_tag-sexy-2-piece-lingerie","14":"product_tag-wholesale-sexy-naughty-lingerie","15":"product_tag-ultra-sexy","16":"pa_color-pink-women-sexy-lingerie","17":"pa_cup-wholesale-cupness-women-sexy-lingerie","18":"pa_size-wholesale-large-size-women-sexy-lingerie","19":"pa_size-wholesale-medium-size-women-sexy-lingerie","20":"pa_size-wholesale-small-size-sexy-lingerie","22":"first","23":"outofstock","24":"taxable","25":"shipping-taxable","26":"purchasable","27":"product-type-variable"},"tiered_pricing_type":"fixed","tiered_pricing_fixed_rules":[],"tiered_pricing_product_settings":{"layout":"default","base_unit_name":{"singular":null,"plural":null},"default_variation":null},"tiered_pricing_minimum_quantity":null,"tiered_pricing_roles_data":{"default_wholesaler":{"product_id":39737,"role":"default_wholesaler","pricing_type":"flat","regular_price":null,"sale_price":null,"discount":null,"discount_type":"sale_price","tiered_pricing_type":"fixed","percentage_rules":[],"fixed_rules":{"2":"11.99","30":"10.29","500":"8.99"},"minimum":null},"dropshippinger":{"product_id":39737,"role":"dropshippinger","pricing_type":"flat","regular_price":null,"sale_price":null,"discount":null,"discount_type":"sale_price","tiered_pricing_type":"fixed","percentage_rules":[],"fixed_rules":{"1":"12.49","5":"10.49","30":"7.89"},"minimum":null}},"tiered_pricing_percentage_rules":[],"tiered_pricing_maximum_quantity":null,"tiered_pricing_quantity_step":null,"_links":{"self":[{"href":"https:\/\/gretasexylingerie.com\/fi\/wp-json\/wp\/v2\/product\/39737","targetHints":{"allow":["GET"]}}],"collection":[{"href":"https:\/\/gretasexylingerie.com\/fi\/wp-json\/wp\/v2\/product"}],"about":[{"href":"https:\/\/gretasexylingerie.com\/fi\/wp-json\/wp\/v2\/types\/product"}],"wp:featuredmedia":[{"embeddable":true,"href":"https:\/\/gretasexylingerie.com\/fi\/wp-json\/wp\/v2\/media\/39746"}],"wp:attachment":[{"href":"https:\/\/gretasexylingerie.com\/fi\/wp-json\/wp\/v2\/media?parent=39737"}],"wp:term":[{"taxonomy":"product_brand","embeddable":true,"href":"https:\/\/gretasexylingerie.com\/fi\/wp-json\/wp\/v2\/product_brand?post=39737"},{"taxonomy":"product_cat","embeddable":true,"href":"https:\/\/gretasexylingerie.com\/fi\/wp-json\/wp\/v2\/product_cat?post=39737"},{"taxonomy":"product_tag","embeddable":true,"href":"https:\/\/gretasexylingerie.com\/fi\/wp-json\/wp\/v2\/product_tag?post=39737"}],"curies":[{"name":"wp","href":"https:\/\/api.w.org\/{rel}","templated":true}]}}