{"id":39713,"date":"2023-04-20T21:58:41","date_gmt":"2023-04-20T13:58:41","guid":{"rendered":"https:\/\/gretasexylingerie.com\/?post_type=product&#038;p=39713"},"modified":"2023-10-22T22:38:09","modified_gmt":"2023-10-22T14:38:09","slug":"hihna-perspektiivi-kolmiosainen-sukkanauhasetti","status":"publish","type":"product","link":"https:\/\/gretasexylingerie.com\/fi\/products\/strap-perspective-three-piece-garter-belt-set\/","title":{"rendered":"Strap Perspective Kolmiosainen sukkanauhavy\u00f6sarja"},"content":{"rendered":"<p>1. Rohkea ja rohkea muotoilu: Strap Perspective -kolmiosainen sukkanauhavy\u00f6setti on rohkea ja rohkea muotoilu, joka sopii t\u00e4ydellisesti niille, jotka haluavat tehd\u00e4 julkilausuman.<\/p>\n\n\n\n<p>2. Monipuolinen: Setti sis\u00e4lt\u00e4\u00e4 rintaliivit, pikkuhousut ja sukkanauhavy\u00f6n, joten se sopii t\u00e4ydellisesti erikoistilaisuuksiin tai jokap\u00e4iv\u00e4iseen k\u00e4ytt\u00f6\u00f6n.<\/p>\n\n\n\n<p>3. Mukava istuvuus: Rintaliivit ja pikkuhousut on suunniteltu mukavaan ja imartelevaan istuvuuteen, s\u00e4\u00e4dett\u00e4v\u00e4t olkaimet ja korkeavy\u00f6t\u00e4r\u00f6iset pikkuhousut, jotka halaavat k\u00e4yr\u00e4si kaikissa oikeissa paikoissa.<\/p>\n\n\n\n<p>4. Korkealaatuiset materiaalit: Setti on valmistettu korkealaatuisista materiaaleista, jotka ovat pehmeit\u00e4 ja hengitt\u00e4vi\u00e4, mik\u00e4 takaa maksimaalisen mukavuuden ja kest\u00e4vyyden.<\/p>\n\n\n\n<figure class=\"wp-block-table is-style-stripes\"><table><tbody><tr><td colspan=\"8\">Sivustokaavio (CM)<\/td><\/tr><tr><td>Koko<\/td><td>Kupin korkeus<\/td><td>Olkap\u00e4\u00e4<\/td><td>Rinnan alla<\/td><td>Vy\u00f6t\u00e4r\u00f6<\/td><td>Jalan ymp\u00e4rysmitta<\/td><td>Alushousut vy\u00f6t\u00e4r\u00f6ll\u00e4<\/td><td>Alushousujen pituus<\/td><\/tr><tr><td>S<\/td><td>13<\/td><td>30<\/td><td>60-86<\/td><td>64-98<\/td><td>45<\/td><td>60-98<\/td><td>20<\/td><\/tr><tr><td>M<\/td><td>14<\/td><td>30<\/td><td>64-90<\/td><td>68-102<\/td><td>47<\/td><td>64-102<\/td><td>21<\/td><\/tr><tr><td>L<\/td><td>15<\/td><td>30<\/td><td>68-94<\/td><td>72-106<\/td><td>49<\/td><td>68-106<\/td><td>22<\/td><\/tr><tr><td colspan=\"8\">Sivustokaavio (TUUMA)<\/td><\/tr><tr><td>Koko<\/td><td>Kupin korkeus<\/td><td>Olkap\u00e4\u00e4<\/td><td>Rinnan alla<\/td><td>Vy\u00f6t\u00e4r\u00f6<\/td><td>Jalan ymp\u00e4rysmitta<\/td><td>Alushousut vy\u00f6t\u00e4r\u00f6ll\u00e4<\/td><td>Alushousujen pituus<\/td><\/tr><tr><td>S<\/td><td>5.11&nbsp;<\/td><td>11.81<\/td><td>23.62-33.85<\/td><td>25.19-38.58<\/td><td>17.71&nbsp;<\/td><td>23.62-38.58<\/td><td>7.87&nbsp;<\/td><\/tr><tr><td>M<\/td><td>5.51&nbsp;<\/td><td>11.81<\/td><td>25.19-35.43<\/td><td>26.77-40.15<\/td><td>18.50&nbsp;<\/td><td>25.19-40.15<\/td><td>8.26<\/td><\/tr><tr><td>L<\/td><td>5.90&nbsp;<\/td><td>11.81<\/td><td>26.77-37<\/td><td>28.34-41.73<\/td><td>19.29&nbsp;<\/td><td>26.77-41.73<\/td><td>8.66&nbsp;<\/td><\/tr><tr><td colspan=\"8\">Huomautus:<br>1. Eri kokoisissa, paikoissa ja kankaissa voi olla 1-2 cm poikkeamaa. Kokotaulukko on vain viitteellinen, sill\u00e4 voi olla pieni\u00e4 eroja saamasi kanssa.<br>2. On olemassa 3 erilaista joustavuutta: korkea elastisuus (kaksipuolisesti venytetty), keskijoustavuus (yksipuolinen venytetty) ja ei-elastinen (ei voi venytt\u00e4\u00e4).<br>3.V\u00e4ri voi olla vaaleampi tai tummempi eri PC-n\u00e4yt\u00f6n vuoksi.<br>4.Pese k\u00e4sin 30-asteisessa vedess\u00e4, ripusta kuivumaan varjossa, est\u00e4 valkaisu.<br>5. Yksityiskohdissa ja kuvioissa saattaa olla hieman eroja.<\/td><\/tr><\/tbody><\/table><\/figure>","protected":false},"excerpt":{"rendered":"<p>Esittelyss\u00e4 Strap Perspective 3-osainen sukkanauhasetti, t\u00e4ydellinen alusasusetti rohkeille ja rohkeille. Tunne olosi itsevarmaksi ja voimakkaaksi t\u00e4ss\u00e4 seksikk\u00e4\u00e4ss\u00e4 yhdistelm\u00e4ss\u00e4, jossa on ainutlaatuiset hihnan yksityiskohdat ja l\u00e4pin\u00e4kyv\u00e4 kangas.<\/p>\n<p>https:\/\/youtu.be\/Z2lm_pzlGPA<\/p>","protected":false},"featured_media":39719,"template":"","meta":[],"product_brand":[],"product_cat":[368,374,375],"product_tag":[868,861,448,518,453,864,865],"class_list":{"0":"post-39713","1":"product","2":"type-product","3":"status-publish","4":"has-post-thumbnail","6":"product_cat-bra-panty-set","7":"product_cat-wholesale-garter-belt-set","8":"product_cat-whoelsale-sheer-bra-and-panty-sets","9":"product_tag-4-piece-lingerie-set","10":"product_tag-brunette-lingerie","11":"product_tag-wholesale-elegant-sexy-lingerie","12":"product_tag-mesh-lingerie","13":"product_tag-wholesale-sexy-naughty-lingerie","14":"product_tag-sexy-petite-lingerie","15":"product_tag-sexy-skimpy-lingerie","16":"pa_color-bisque-women-sexy-lingerie","17":"pa_cup-wholesale-half-cup-women-sexy-lingerie","18":"pa_size-wholesale-large-size-women-sexy-lingerie","19":"pa_size-wholesale-medium-size-women-sexy-lingerie","20":"pa_size-wholesale-small-size-sexy-lingerie","22":"first","23":"instock","24":"taxable","25":"shipping-taxable","26":"purchasable","27":"product-type-variable"},"tiered_pricing_type":"fixed","tiered_pricing_fixed_rules":[],"tiered_pricing_product_settings":{"layout":"default","base_unit_name":{"singular":null,"plural":null},"default_variation":{}},"tiered_pricing_minimum_quantity":null,"tiered_pricing_roles_data":{"default_wholesaler":{"product_id":39713,"role":"default_wholesaler","pricing_type":"flat","regular_price":null,"sale_price":null,"discount":null,"discount_type":"sale_price","tiered_pricing_type":"fixed","percentage_rules":[],"fixed_rules":{"2":"10.49","30":"8.99","500":"7.89"},"minimum":null},"dropshippinger":{"product_id":39713,"role":"dropshippinger","pricing_type":"flat","regular_price":null,"sale_price":null,"discount":null,"discount_type":"sale_price","tiered_pricing_type":"fixed","percentage_rules":[],"fixed_rules":{"1":"12.59","5":"10.49","30":"7.89"},"minimum":null}},"tiered_pricing_percentage_rules":[],"tiered_pricing_maximum_quantity":null,"tiered_pricing_quantity_step":null,"_links":{"self":[{"href":"https:\/\/gretasexylingerie.com\/fi\/wp-json\/wp\/v2\/product\/39713","targetHints":{"allow":["GET"]}}],"collection":[{"href":"https:\/\/gretasexylingerie.com\/fi\/wp-json\/wp\/v2\/product"}],"about":[{"href":"https:\/\/gretasexylingerie.com\/fi\/wp-json\/wp\/v2\/types\/product"}],"wp:featuredmedia":[{"embeddable":true,"href":"https:\/\/gretasexylingerie.com\/fi\/wp-json\/wp\/v2\/media\/39719"}],"wp:attachment":[{"href":"https:\/\/gretasexylingerie.com\/fi\/wp-json\/wp\/v2\/media?parent=39713"}],"wp:term":[{"taxonomy":"product_brand","embeddable":true,"href":"https:\/\/gretasexylingerie.com\/fi\/wp-json\/wp\/v2\/product_brand?post=39713"},{"taxonomy":"product_cat","embeddable":true,"href":"https:\/\/gretasexylingerie.com\/fi\/wp-json\/wp\/v2\/product_cat?post=39713"},{"taxonomy":"product_tag","embeddable":true,"href":"https:\/\/gretasexylingerie.com\/fi\/wp-json\/wp\/v2\/product_tag?post=39713"}],"curies":[{"name":"wp","href":"https:\/\/api.w.org\/{rel}","templated":true}]}}