{"id":39659,"date":"2023-04-20T20:54:06","date_gmt":"2023-04-20T12:54:06","guid":{"rendered":"https:\/\/gretasexylingerie.com\/?post_type=product&#038;p=39659"},"modified":"2024-04-04T15:57:58","modified_gmt":"2024-04-04T07:57:58","slug":"perspektiivi-yksiosainen-lapinakyva-body","status":"publish","type":"product","link":"https:\/\/gretasexylingerie.com\/fi\/products\/perspective-one-piece-sheer-bodysuit\/","title":{"rendered":"tukku Perspective One-Piece Sheer Bodysuit"},"content":{"rendered":"<p>1. Houkutteleva muotoilu: Perspective One-Piece Sheer -rintaliivit ja -housut -setiss\u00e4 on upea ja monimutkainen l\u00e4pin\u00e4kyv\u00e4 muotoilu, joka on sek\u00e4 aistillinen ett\u00e4 hienostunut ja saa sinut tuntemaan olosi itsevarmaksi ja rohkeaksi.<\/p>\n\n\n\n<p>2.Mukava k\u00e4ytt\u00e4\u00e4: Valmistettu korkealaatuisista materiaaleista, t\u00e4m\u00e4 alusvaatesarja on pehme\u00e4, joustava ja mukava k\u00e4ytt\u00e4\u00e4 koko p\u00e4iv\u00e4n, joten voit liikkua vapaasti ilman, ett\u00e4 tunnet itsesi kurottuneeksi.<\/p>\n\n\n\n<p>3. Monipuolinen: T\u00e4t\u00e4 yksiosaista setti\u00e4 voidaan k\u00e4ytt\u00e4\u00e4 osana alusvaatemallistoasi tai rohkeana ja rohkeana asuna erityiseen tilaisuuteen, mik\u00e4 tekee siit\u00e4 monipuolisen lis\u00e4yksen vaatekaappiisi.<\/p>\n\n\n\n<p>4. Kest\u00e4v\u00e4: Korkealaatuisen rakenteensa ja materiaalien ansiosta t\u00e4m\u00e4 sarja on rakennettu kest\u00e4m\u00e4\u00e4n, mik\u00e4 varmistaa, ett\u00e4 voit nauttia sen ylellisest\u00e4 tuntumasta ja upeasta muotoilusta pitk\u00e4\u00e4n.<\/p>\n\n\n\n<figure class=\"wp-block-table is-style-stripes\"><table><tbody><tr><td colspan=\"4\">Sivustokaavio (CM)<\/td><td><\/td><\/tr><tr><td>Koko<\/td><td>Pituus<\/td><td>Rinnan alla<\/td><td>Vy\u00f6t\u00e4r\u00f6<\/td><td>Hip<\/td><\/tr><tr><td>S<\/td><td>58.5<\/td><td>66-86<\/td><td>64-94<\/td><td>70<\/td><\/tr><tr><td>M<\/td><td>60.5<\/td><td>70-90<\/td><td>68-98<\/td><td>74<\/td><\/tr><tr><td>L<\/td><td>62.5<\/td><td>74-94<\/td><td>72-102<\/td><td>78<\/td><\/tr><tr><td colspan=\"4\">Sivustokaavio (TUUMA)<\/td><td><\/td><\/tr><tr><td>Koko<\/td><td>Pituus<\/td><td>Rinnan alla<\/td><td>Vy\u00f6t\u00e4r\u00f6<\/td><td>Hip<\/td><\/tr><tr><td>S<\/td><td>23.03&nbsp;<\/td><td>25.98-33.85<\/td><td>25.19-37<\/td><td>27.55<\/td><\/tr><tr><td>M<\/td><td>23.81&nbsp;<\/td><td>27.55-35.43<\/td><td>26.77-38.58<\/td><td>29.13<\/td><\/tr><tr><td>L<\/td><td>24.60&nbsp;<\/td><td>29.13-37<\/td><td>28.34-40.15<\/td><td>30.70&nbsp;<\/td><\/tr><tr><td colspan=\"5\">Huomautus:<br>1. Eri kokoisissa, paikoissa ja kankaissa voi olla 1-2 cm poikkeamaa. Kokotaulukko on vain viitteellinen, sill\u00e4 voi olla pieni\u00e4 eroja saamasi kanssa.<br>2. On olemassa 3 erilaista joustavuutta: korkea elastisuus (kaksipuolisesti venytetty), keskijoustavuus (yksipuolinen venytetty) ja ei-elastinen (ei voi venytt\u00e4\u00e4).<br>3.V\u00e4ri voi olla vaaleampi tai tummempi eri PC-n\u00e4yt\u00f6n vuoksi.<br>4.Pese k\u00e4sin 30-asteisessa vedess\u00e4, ripusta kuivumaan varjossa, est\u00e4 valkaisu.<br>5. Yksityiskohdissa ja kuvioissa saattaa olla hieman eroja.<\/td><\/tr><\/tbody><\/table><\/figure>\n\n\n\n<p><\/p>","protected":false},"excerpt":{"rendered":"<p>T\u00e4m\u00e4 body on imarteleva ja hienostunut upealla l\u00e4pin\u00e4kyv\u00e4ll\u00e4 muotoilulla, joka korostaa k\u00e4yri\u00e4si kaikissa oikeissa paikoissa. Valmistettu korkealaatuisista materiaaleista, t\u00e4m\u00e4 setti ei ole vain mukava k\u00e4ytt\u00e4\u00e4, vaan se on my\u00f6s riitt\u00e4v\u00e4n kest\u00e4v\u00e4 kest\u00e4m\u00e4\u00e4n jatkuvaa k\u00e4ytt\u00f6\u00e4 ja pesua.<\/p>","protected":false},"featured_media":39676,"template":"","meta":[],"product_brand":[],"product_cat":[370,367,373],"product_tag":[452,861,448,504],"class_list":{"0":"post-39659","1":"product","2":"type-product","3":"status-publish","4":"has-post-thumbnail","6":"product_cat-bodysuit","7":"product_cat-sexy-lingerie","8":"product_cat-wholesale-sexy-mesh-bodysuit","9":"product_tag-wholesale-boudoir-lingerie","10":"product_tag-brunette-lingerie","11":"product_tag-wholesale-elegant-sexy-lingerie","12":"product_tag-ultra-sexy","13":"pa_color-black","14":"pa_color-red-women-sexy-lingerie","15":"pa_cup-full-cup","16":"pa_size-wholesale-large-size-women-sexy-lingerie","17":"pa_size-wholesale-medium-size-women-sexy-lingerie","18":"pa_size-wholesale-small-size-sexy-lingerie","20":"first","21":"instock","22":"taxable","23":"shipping-taxable","24":"purchasable","25":"product-type-variable"},"tiered_pricing_type":"fixed","tiered_pricing_fixed_rules":[],"tiered_pricing_product_settings":{"layout":"table","base_unit_name":{"singular":null,"plural":null},"default_variation":{}},"tiered_pricing_minimum_quantity":null,"tiered_pricing_roles_data":{"default_wholesaler":{"product_id":39659,"role":"default_wholesaler","pricing_type":"flat","regular_price":null,"sale_price":null,"discount":null,"discount_type":"sale_price","tiered_pricing_type":"fixed","percentage_rules":[],"fixed_rules":{"2":"8.39","30":"7.19","500":"6.29"},"minimum":null},"dropshippinger":{"product_id":39659,"role":"dropshippinger","pricing_type":"flat","regular_price":null,"sale_price":null,"discount":null,"discount_type":"sale_price","tiered_pricing_type":"fixed","percentage_rules":[],"fixed_rules":{"1":"9.99","5":"8.39","30":"6.29"},"minimum":null}},"tiered_pricing_percentage_rules":[],"tiered_pricing_maximum_quantity":null,"tiered_pricing_quantity_step":null,"_links":{"self":[{"href":"https:\/\/gretasexylingerie.com\/fi\/wp-json\/wp\/v2\/product\/39659","targetHints":{"allow":["GET"]}}],"collection":[{"href":"https:\/\/gretasexylingerie.com\/fi\/wp-json\/wp\/v2\/product"}],"about":[{"href":"https:\/\/gretasexylingerie.com\/fi\/wp-json\/wp\/v2\/types\/product"}],"wp:featuredmedia":[{"embeddable":true,"href":"https:\/\/gretasexylingerie.com\/fi\/wp-json\/wp\/v2\/media\/39676"}],"wp:attachment":[{"href":"https:\/\/gretasexylingerie.com\/fi\/wp-json\/wp\/v2\/media?parent=39659"}],"wp:term":[{"taxonomy":"product_brand","embeddable":true,"href":"https:\/\/gretasexylingerie.com\/fi\/wp-json\/wp\/v2\/product_brand?post=39659"},{"taxonomy":"product_cat","embeddable":true,"href":"https:\/\/gretasexylingerie.com\/fi\/wp-json\/wp\/v2\/product_cat?post=39659"},{"taxonomy":"product_tag","embeddable":true,"href":"https:\/\/gretasexylingerie.com\/fi\/wp-json\/wp\/v2\/product_tag?post=39659"}],"curies":[{"name":"wp","href":"https:\/\/api.w.org\/{rel}","templated":true}]}}