{"id":39643,"date":"2023-04-19T22:56:54","date_gmt":"2023-04-19T14:56:54","guid":{"rendered":"https:\/\/gretasexylingerie.com\/?post_type=product&#038;p=39643"},"modified":"2023-12-09T19:48:38","modified_gmt":"2023-12-09T11:48:38","slug":"nahkaiset-moottoripyoran-rintaliivit-pikkuhousut","status":"publish","type":"product","link":"https:\/\/gretasexylingerie.com\/fi\/products\/leather-motorcycle-bra-panty-set\/","title":{"rendered":"Moottoripy\u00f6r\u00e4n rintaliivit ja pikkuhousut, tukkumyynti"},"content":{"rendered":"<p>1. S\u00e4rm\u00e4inen ja rohkea muotoilu: Nahkaisissa moottoripy\u00f6r\u00e4liivit ja pikkuhousut -setiss\u00e4 on rohkea ja rohkea muotoilu, joka sopii t\u00e4ydellisesti niille, jotka haluavat tehd\u00e4 vaikutelman alusvaatteillaan.<\/p>\n\n\n\n<p>2. Laadukkaat materiaalit: Valmistettu aidosta nahasta, t\u00e4m\u00e4 sarja on kest\u00e4v\u00e4, pehme\u00e4 ja mukava k\u00e4ytt\u00e4\u00e4. Se tarjoaa ylellisen tunteen, joka saa sinut tuntemaan olosi itsevarmaksi ja tehokkaaksi.<\/p>\n\n\n\n<p>3.Monipuolinen: T\u00e4t\u00e4 setti\u00e4 voidaan k\u00e4ytt\u00e4\u00e4 osana alusvaatemallistoasi tai \u00e4rtyis\u00e4n\u00e4 ja ainutlaatuisena asuna erityiseen tilaisuuteen, mik\u00e4 tekee siit\u00e4 monipuolisen lis\u00e4yksen vaatekaappiisi.<\/p>\n\n\n\n<p>4. Mairitteleva istuvuus: Rintaliivit ja pikkuhousut on suunniteltu tasoittamaan muotojasi, parantamaan vartaloasi ja saamaan sinut tuntemaan olosi itsevarmaksi ja seksikk\u00e4\u00e4ksi. S\u00e4\u00e4dett\u00e4v\u00e4t olkaimet varmistavat t\u00e4ydellisen istuvuuden, joten voit mukauttaa sen vartalotyyppisi mukaan.<\/p>\n\n\n\n<figure class=\"wp-block-table is-style-stripes\"><table><tbody><tr><td colspan=\"4\">Sivustokaavio (CM)<\/td><td><\/td><td><\/td><\/tr><tr><td>Koko<\/td><td>Kupin korkeus<\/td><td>Kaula<\/td><td>Rinnan alla<\/td><td>Alushousut vy\u00f6t\u00e4r\u00f6ll\u00e4<\/td><td>Alushousujen pituus<\/td><\/tr><tr><td>S<\/td><td>13<\/td><td>36<\/td><td>70-86<\/td><td>72-96<\/td><td>22.5<\/td><\/tr><tr><td>M<\/td><td>14<\/td><td>37.5<\/td><td>74-90<\/td><td>76-100<\/td><td>23.5<\/td><\/tr><tr><td>L<\/td><td>15<\/td><td>39<\/td><td>78-94<\/td><td>80-104<\/td><td>24.5<\/td><\/tr><tr><td colspan=\"4\">Sivustokaavio (TUUMA)<\/td><td><\/td><td><\/td><\/tr><tr><td>Koko<\/td><td>Kupin korkeus<\/td><td>Kaula<\/td><td>Rinnan alla<\/td><td>Alushousut vy\u00f6t\u00e4r\u00f6ll\u00e4<\/td><td>Alushousujen pituus<\/td><\/tr><tr><td>S<\/td><td>5.11&nbsp;<\/td><td>14.17<\/td><td>27.55-33.85<\/td><td>28.34-37.79<\/td><td>8.85<\/td><\/tr><tr><td>M<\/td><td>5.51&nbsp;<\/td><td>14.76<\/td><td>29.13-35.43<\/td><td>29.92-39.37<\/td><td>9.25<\/td><\/tr><tr><td>L<\/td><td>5.90&nbsp;<\/td><td>15.35<\/td><td>30.70-37<\/td><td>31.49-40.94<\/td><td>9.64&nbsp;<\/td><\/tr><tr><td colspan=\"6\">Huomautus:<br>1. Eri kokoisissa, paikoissa ja kankaissa voi olla 1-2 cm poikkeamaa. Kokotaulukko on vain viitteellinen, sill\u00e4 voi olla pieni\u00e4 eroja saamasi kanssa.<br>2. On olemassa 3 erilaista joustavuutta: korkea elastisuus (kaksipuolisesti venytetty), keskijoustavuus (yksipuolinen venytetty) ja ei-elastinen (ei voi venytt\u00e4\u00e4).<br>3.V\u00e4ri voi olla vaaleampi tai tummempi eri PC-n\u00e4yt\u00f6n vuoksi.<br>4.Pese k\u00e4sin 30-asteisessa vedess\u00e4, ripusta kuivumaan varjossa, est\u00e4 valkaisu.<br>5. Yksityiskohdissa ja kuvioissa saattaa olla hieman eroja.<\/td><\/tr><\/tbody><\/table><\/figure>","protected":false},"excerpt":{"rendered":"<p>Esittelyss\u00e4 nahkaiset moottoripy\u00f6r\u00e4n rintaliivit ja pikkuhousut -setti, \u00e4\u00e4rimm\u00e4inen sekoitus j\u00e4nnitt\u00e4v\u00e4\u00e4 ja seksik\u00e4st\u00e4! T\u00e4m\u00e4 nahkamateriaali huokuu luottamusta ja asennetta, t\u00e4m\u00e4 alusvaatteet on erilainen kuin mik\u00e4\u00e4n muu mallistossa, t\u00e4m\u00e4 sarja on valmistettu korkealaatuisesta aidosta nahasta kest\u00e4vyyden ja mukavuuden takaamiseksi.<\/p>","protected":false},"featured_media":39654,"template":"","meta":[],"product_brand":[],"product_cat":[368,367,376],"product_tag":[507,861,973,453,864,504],"class_list":{"0":"post-39643","1":"product","2":"type-product","3":"status-publish","4":"has-post-thumbnail","6":"product_cat-bra-panty-set","7":"product_cat-sexy-lingerie","8":"product_cat-wholesale-ultra-sexy-bra-panty-set","9":"product_tag-three-pcs-set","10":"product_tag-brunette-lingerie","11":"product_tag-oem","12":"product_tag-wholesale-sexy-naughty-lingerie","13":"product_tag-sexy-petite-lingerie","14":"product_tag-ultra-sexy","15":"pa_color-black","16":"pa_cup-wholesale-half-cup-women-sexy-lingerie","17":"pa_size-wholesale-large-size-women-sexy-lingerie","18":"pa_size-wholesale-medium-size-women-sexy-lingerie","19":"pa_size-wholesale-small-size-sexy-lingerie","21":"first","22":"outofstock","23":"taxable","24":"shipping-taxable","25":"purchasable","26":"product-type-variable"},"tiered_pricing_type":"fixed","tiered_pricing_fixed_rules":[],"tiered_pricing_product_settings":{"layout":"default","base_unit_name":{"singular":null,"plural":null},"default_variation":null},"tiered_pricing_minimum_quantity":null,"tiered_pricing_roles_data":{"default_wholesaler":{"product_id":39643,"role":"default_wholesaler","pricing_type":"flat","regular_price":null,"sale_price":null,"discount":null,"discount_type":"sale_price","tiered_pricing_type":"fixed","percentage_rules":[],"fixed_rules":{"2":"7.89","30":"6.79","500":"5.89"},"minimum":null},"dropshippinger":{"product_id":39643,"role":"dropshippinger","pricing_type":"flat","regular_price":null,"sale_price":null,"discount":null,"discount_type":"sale_price","tiered_pricing_type":"fixed","percentage_rules":[],"fixed_rules":{"1":"9.39","5":"7.89","30":"5.89"},"minimum":null}},"tiered_pricing_percentage_rules":[],"tiered_pricing_maximum_quantity":null,"tiered_pricing_quantity_step":null,"_links":{"self":[{"href":"https:\/\/gretasexylingerie.com\/fi\/wp-json\/wp\/v2\/product\/39643","targetHints":{"allow":["GET"]}}],"collection":[{"href":"https:\/\/gretasexylingerie.com\/fi\/wp-json\/wp\/v2\/product"}],"about":[{"href":"https:\/\/gretasexylingerie.com\/fi\/wp-json\/wp\/v2\/types\/product"}],"wp:featuredmedia":[{"embeddable":true,"href":"https:\/\/gretasexylingerie.com\/fi\/wp-json\/wp\/v2\/media\/39654"}],"wp:attachment":[{"href":"https:\/\/gretasexylingerie.com\/fi\/wp-json\/wp\/v2\/media?parent=39643"}],"wp:term":[{"taxonomy":"product_brand","embeddable":true,"href":"https:\/\/gretasexylingerie.com\/fi\/wp-json\/wp\/v2\/product_brand?post=39643"},{"taxonomy":"product_cat","embeddable":true,"href":"https:\/\/gretasexylingerie.com\/fi\/wp-json\/wp\/v2\/product_cat?post=39643"},{"taxonomy":"product_tag","embeddable":true,"href":"https:\/\/gretasexylingerie.com\/fi\/wp-json\/wp\/v2\/product_tag?post=39643"}],"curies":[{"name":"wp","href":"https:\/\/api.w.org\/{rel}","templated":true}]}}